{"id":1605,"date":"2022-09-15T11:18:11","date_gmt":"2022-09-15T11:18:11","guid":{"rendered":"https:\/\/ecocorner.eu\/?post_type=product&#038;p=1605"},"modified":"2025-05-21T21:26:15","modified_gmt":"2025-05-21T21:26:15","slug":"1605","status":"publish","type":"product","link":"https:\/\/ecocorner.eu\/en\/product\/1605\/","title":{"rendered":"Narum Vagine  Probiotyk dla kobiet na problemy intymne   30 kaps.  150 mg"},"content":{"rendered":"<p><b>Ingredients<\/b>:<\/p>\n<ul>\n<li>Lactobacillus acidophilus<b>\u00a0Er-2 szczep 317\/402 Narine<\/b><b>,<\/b><\/li>\n<li>Metabiotyk Lactobacillus acidophilus Er-2 szczep 317\/402, Narine- F,<\/li>\n<li>Lactobacillus salivarius,<\/li>\n<li>\u017celatyna (otoczka kapsu\u0142ki).<\/li>\n<\/ul>\n<p><b>Recommended daily intake<\/b>:<\/p>\n<p>&#8211; 1-2 kapsu\u0142ki dziennie<\/p>\n<p>* CFU-Colony Forming Unit \u2013 colony forming unit of bacteria<\/p>\n<p>W jednej kapsu\u0142ce znajduje si\u0119 \u0142\u0105cznie\u00a0<b>22 x 10^<\/b><b>7\u00a0<\/b><b>CFU*<\/b>\u00a0 bakterii.<\/p>\n<p>Nie przekracza\u0107 zalecanej porcji do spo\u017cycia w ci\u0105gu dnia. Suplement diety nie mo\u017ce by\u0107 stosowany jako substytut (zamiennik) zr\u00f3\u017cnicowanej diety. Produkt nie jest przeznaczony dla dzieci i m\u0142odzie\u017cy poni\u017cej 15 roku \u017cycia, kobiet w ci\u0105\u017cy ani karmi\u0105cych. Nie stosowa\u0107 w przypadku nadwra\u017cliwo\u015bci na sk\u0142adniki preparatu.<\/p>\n<p><b>Method of application<\/b>:<\/p>\n<p>1 \u2013 2\u00a0 kapsu\u0142ki 1 raz dziennie, najlepiej na noc \u2013 mo\u017cna rozpu\u015bci\u0107 w ma\u0142ej ilo\u015bci wody<\/p>\n<p><b>It is best to consume until the end:<\/b>\u00a0data na boku opakowania. Nie nale\u017cy stosowa\u0107 po up\u0142ywie terminu wa\u017cno\u015bci podanego na opakowaniu.<\/p>\n<p><b>Nr partii\u00a0<\/b>\u2013 patrz na spodzie opakowania<\/p>\n<p>Przechowywa\u0107 w ch\u0142odnym miejscu w temperaturze nie wy\u017cszej ni\u017c +10\u00b0 C w spos\u00f3b niedost\u0119pny dla ma\u0142ych dzieci. Tylko na czas transportu mo\u017ce by\u0107 przechowywany w temperaturze otoczenia.<\/p>","protected":false},"excerpt":{"rendered":"<h1>Narum Vagine 150 mg, 30 kapsu\u0142ek<\/h1>\n<p><b>Suplement diety dla kobiet<\/b><\/p>\n<p>Stosowany w celu przywr\u00f3cenia r\u00f3wnowagi mikroflory dr\u00f3g rodnych.<\/p>\n<p>Food Supplement\u00a0<b>Narum Vagine<\/b>\u00a0specjalnie dla kobiet ma na celu uzupe\u0142nienie diety o cenne bakterie.<\/p>","protected":false},"featured_media":1607,"template":"","meta":{"ocean_post_layout":"","ocean_both_sidebars_style":"","ocean_both_sidebars_content_width":0,"ocean_both_sidebars_sidebars_width":0,"ocean_sidebar":"0","ocean_second_sidebar":"0","ocean_disable_margins":"enable","ocean_add_body_class":"","ocean_shortcode_before_top_bar":"","ocean_shortcode_after_top_bar":"","ocean_shortcode_before_header":"","ocean_shortcode_after_header":"","ocean_has_shortcode":"","ocean_shortcode_after_title":"","ocean_shortcode_before_footer_widgets":"","ocean_shortcode_after_footer_widgets":"","ocean_shortcode_before_footer_bottom":"","ocean_shortcode_after_footer_bottom":"","ocean_display_top_bar":"default","ocean_display_header":"default","ocean_header_style":"","ocean_center_header_left_menu":"0","ocean_custom_header_template":"0","ocean_custom_logo":0,"ocean_custom_retina_logo":0,"ocean_custom_logo_max_width":0,"ocean_custom_logo_tablet_max_width":0,"ocean_custom_logo_mobile_max_width":0,"ocean_custom_logo_max_height":0,"ocean_custom_logo_tablet_max_height":0,"ocean_custom_logo_mobile_max_height":0,"ocean_header_custom_menu":"0","ocean_menu_typo_font_family":"0","ocean_menu_typo_font_subset":"","ocean_menu_typo_font_size":0,"ocean_menu_typo_font_size_tablet":0,"ocean_menu_typo_font_size_mobile":0,"ocean_menu_typo_font_size_unit":"px","ocean_menu_typo_font_weight":"","ocean_menu_typo_font_weight_tablet":"","ocean_menu_typo_font_weight_mobile":"","ocean_menu_typo_transform":"","ocean_menu_typo_transform_tablet":"","ocean_menu_typo_transform_mobile":"","ocean_menu_typo_line_height":0,"ocean_menu_typo_line_height_tablet":0,"ocean_menu_typo_line_height_mobile":0,"ocean_menu_typo_line_height_unit":"","ocean_menu_typo_spacing":0,"ocean_menu_typo_spacing_tablet":0,"ocean_menu_typo_spacing_mobile":0,"ocean_menu_typo_spacing_unit":"","ocean_menu_link_color":"","ocean_menu_link_color_hover":"","ocean_menu_link_color_active":"","ocean_menu_link_background":"","ocean_menu_link_hover_background":"","ocean_menu_link_active_background":"","ocean_menu_social_links_bg":"","ocean_menu_social_hover_links_bg":"","ocean_menu_social_links_color":"","ocean_menu_social_hover_links_color":"","ocean_disable_title":"default","ocean_disable_heading":"default","ocean_post_title":"","ocean_post_subheading":"","ocean_post_title_style":"","ocean_post_title_background_color":"","ocean_post_title_background":0,"ocean_post_title_bg_image_position":"","ocean_post_title_bg_image_attachment":"","ocean_post_title_bg_image_repeat":"","ocean_post_title_bg_image_size":"","ocean_post_title_height":0,"ocean_post_title_bg_overlay":0.5,"ocean_post_title_bg_overlay_color":"","ocean_disable_breadcrumbs":"default","ocean_breadcrumbs_color":"","ocean_breadcrumbs_separator_color":"","ocean_breadcrumbs_links_color":"","ocean_breadcrumbs_links_hover_color":"","ocean_display_footer_widgets":"default","ocean_display_footer_bottom":"default","ocean_custom_footer_template":"0"},"product_brand":[],"product_cat":[70,62,22,21],"product_tag":[],"class_list":{"0":"post-1605","1":"product","2":"type-product","3":"status-publish","4":"has-post-thumbnail","6":"product_cat-probiotyki","7":"product_cat-odpornosc","8":"product_cat-suplementy-i-witaminy","9":"product_cat-zdrowie","11":"entry","12":"has-media","14":"first","15":"outofstock","16":"shipping-taxable","17":"purchasable","18":"product-type-simple","19":"has-product-nav","20":"col","21":"span_1_of_3","22":"owp-content-left","23":"owp-thumbs-layout-horizontal","24":"owp-btn-normal","25":"owp-tabs-layout-horizontal","26":"has-no-thumbnails"},"_links":{"self":[{"href":"https:\/\/ecocorner.eu\/en\/wp-json\/wp\/v2\/product\/1605","targetHints":{"allow":["GET"]}}],"collection":[{"href":"https:\/\/ecocorner.eu\/en\/wp-json\/wp\/v2\/product"}],"about":[{"href":"https:\/\/ecocorner.eu\/en\/wp-json\/wp\/v2\/types\/product"}],"version-history":[{"count":2,"href":"https:\/\/ecocorner.eu\/en\/wp-json\/wp\/v2\/product\/1605\/revisions"}],"predecessor-version":[{"id":4429,"href":"https:\/\/ecocorner.eu\/en\/wp-json\/wp\/v2\/product\/1605\/revisions\/4429"}],"wp:featuredmedia":[{"embeddable":true,"href":"https:\/\/ecocorner.eu\/en\/wp-json\/wp\/v2\/media\/1607"}],"wp:attachment":[{"href":"https:\/\/ecocorner.eu\/en\/wp-json\/wp\/v2\/media?parent=1605"}],"wp:term":[{"taxonomy":"product_brand","embeddable":true,"href":"https:\/\/ecocorner.eu\/en\/wp-json\/wp\/v2\/product_brand?post=1605"},{"taxonomy":"product_cat","embeddable":true,"href":"https:\/\/ecocorner.eu\/en\/wp-json\/wp\/v2\/product_cat?post=1605"},{"taxonomy":"product_tag","embeddable":true,"href":"https:\/\/ecocorner.eu\/en\/wp-json\/wp\/v2\/product_tag?post=1605"}],"curies":[{"name":"wp","href":"https:\/\/api.w.org\/{rel}","templated":true}]}}