{"id":1949,"date":"2022-11-21T21:42:04","date_gmt":"2022-11-21T21:42:04","guid":{"rendered":"https:\/\/ecocorner.eu\/?post_type=product&#038;p=1949"},"modified":"2025-06-28T19:02:55","modified_gmt":"2025-06-28T19:02:55","slug":"melaleuca-proftin-zel-do-stop-i-paznokci-10g","status":"publish","type":"product","link":"https:\/\/ecocorner.eu\/en\/product\/melaleuca-proftin-zel-do-stop-i-paznokci-10g\/","title":{"rendered":"MELALEUCA  Proftin \u017bel do st\u00f3p i paznokci 10g"},"content":{"rendered":"<p><strong>METHOD OF APPLICATION<\/strong><br \/>\nW przypadku grzybic zainfekowan\u0105 powierzchni\u0119 oczy\u015bci\u0107 i osuszy\u0107. Z u\u017cyciem p\u0119dzelka na\u0142o\u017cy\u0107 \u017cel na chorobowo zmienione miejsca 3 razy dziennie. Po na\u0142o\u017ceniu zaczeka\u0107 do wyschni\u0119cia preparatu. Pami\u0119ta\u0107 o stosowaniu otwartego obuwia oraz regularnej zmianie skarpetek bawe\u0142nianych. Po ust\u0105pieniu objaw\u00f3w kuracj\u0119 kontynuowa\u0107 przez 2-3 tygodnie.<\/p>","protected":false},"excerpt":{"rendered":"<p>\u017bel do st\u00f3p i paznokci Proftin przeznaczony jest do piel\u0119gnacji sk\u00f3ry st\u00f3p oraz paznokci. Dzi\u0119ki zawarto\u015bci dobroczynnego olejku z drzewa herbacianego (Tea Tree Oil) \u2013 50mg\/g o w\u0142a\u015bciwo\u015bciach antybakteryjnych, antyseptycznych i przeciwzapalnych dzia\u0142a tak skutecznie.<\/p>\n<p>-usuwa objawy infekcji grzybiczych st\u00f3p i paznokci<br \/>\n-\u0142agodzi podra\u017cnienia zwi\u0105zane z infekcjami grzybiczymi<br \/>\n-wzmacnia rozdwajaj\u0105ce si\u0119 i \u0142amliwe paznokcie<br \/>\n-przyspiesza wzrost silnej p\u0142ytki paznokciowej<br \/>\n-od\u017cywia p\u0142ytk\u0119 paznokciow\u0105<\/p>\n<p><strong>purpose<br \/>\n<\/strong>Profilaktycznie i wspomagaj\u0105co przy grzybach st\u00f3p. Do piel\u0119gnacji paznokci \u0142amliwych, rozdwajaj\u0105cych si\u0119, mi\u0119kkich, wysuszonych, na przyk\u0142ad przez malowanie lakierami i stosowanie zmywaczy.<\/p>","protected":false},"featured_media":1950,"template":"","meta":{"ocean_post_layout":"","ocean_both_sidebars_style":"","ocean_both_sidebars_content_width":0,"ocean_both_sidebars_sidebars_width":0,"ocean_sidebar":"0","ocean_second_sidebar":"0","ocean_disable_margins":"enable","ocean_add_body_class":"","ocean_shortcode_before_top_bar":"","ocean_shortcode_after_top_bar":"","ocean_shortcode_before_header":"","ocean_shortcode_after_header":"","ocean_has_shortcode":"","ocean_shortcode_after_title":"","ocean_shortcode_before_footer_widgets":"","ocean_shortcode_after_footer_widgets":"","ocean_shortcode_before_footer_bottom":"","ocean_shortcode_after_footer_bottom":"","ocean_display_top_bar":"default","ocean_display_header":"default","ocean_header_style":"","ocean_center_header_left_menu":"0","ocean_custom_header_template":"0","ocean_custom_logo":0,"ocean_custom_retina_logo":0,"ocean_custom_logo_max_width":0,"ocean_custom_logo_tablet_max_width":0,"ocean_custom_logo_mobile_max_width":0,"ocean_custom_logo_max_height":0,"ocean_custom_logo_tablet_max_height":0,"ocean_custom_logo_mobile_max_height":0,"ocean_header_custom_menu":"0","ocean_menu_typo_font_family":"0","ocean_menu_typo_font_subset":"","ocean_menu_typo_font_size":0,"ocean_menu_typo_font_size_tablet":0,"ocean_menu_typo_font_size_mobile":0,"ocean_menu_typo_font_size_unit":"px","ocean_menu_typo_font_weight":"","ocean_menu_typo_font_weight_tablet":"","ocean_menu_typo_font_weight_mobile":"","ocean_menu_typo_transform":"","ocean_menu_typo_transform_tablet":"","ocean_menu_typo_transform_mobile":"","ocean_menu_typo_line_height":0,"ocean_menu_typo_line_height_tablet":0,"ocean_menu_typo_line_height_mobile":0,"ocean_menu_typo_line_height_unit":"","ocean_menu_typo_spacing":0,"ocean_menu_typo_spacing_tablet":0,"ocean_menu_typo_spacing_mobile":0,"ocean_menu_typo_spacing_unit":"","ocean_menu_link_color":"","ocean_menu_link_color_hover":"","ocean_menu_link_color_active":"","ocean_menu_link_background":"","ocean_menu_link_hover_background":"","ocean_menu_link_active_background":"","ocean_menu_social_links_bg":"","ocean_menu_social_hover_links_bg":"","ocean_menu_social_links_color":"","ocean_menu_social_hover_links_color":"","ocean_disable_title":"default","ocean_disable_heading":"default","ocean_post_title":"","ocean_post_subheading":"","ocean_post_title_style":"","ocean_post_title_background_color":"","ocean_post_title_background":0,"ocean_post_title_bg_image_position":"","ocean_post_title_bg_image_attachment":"","ocean_post_title_bg_image_repeat":"","ocean_post_title_bg_image_size":"","ocean_post_title_height":0,"ocean_post_title_bg_overlay":0.5,"ocean_post_title_bg_overlay_color":"","ocean_disable_breadcrumbs":"default","ocean_breadcrumbs_color":"","ocean_breadcrumbs_separator_color":"","ocean_breadcrumbs_links_color":"","ocean_breadcrumbs_links_hover_color":"","ocean_display_footer_widgets":"default","ocean_display_footer_bottom":"default","ocean_custom_footer_template":"0"},"product_brand":[],"product_cat":[32],"product_tag":[],"class_list":{"0":"post-1949","1":"product","2":"type-product","3":"status-publish","4":"has-post-thumbnail","6":"product_cat-dlonie-i-stopy","8":"entry","9":"has-media","11":"first","12":"outofstock","13":"shipping-taxable","14":"purchasable","15":"product-type-simple","16":"has-product-nav","17":"col","18":"span_1_of_3","19":"owp-content-left","20":"owp-thumbs-layout-horizontal","21":"owp-btn-normal","22":"owp-tabs-layout-horizontal","23":"has-no-thumbnails"},"_links":{"self":[{"href":"https:\/\/ecocorner.eu\/en\/wp-json\/wp\/v2\/product\/1949","targetHints":{"allow":["GET"]}}],"collection":[{"href":"https:\/\/ecocorner.eu\/en\/wp-json\/wp\/v2\/product"}],"about":[{"href":"https:\/\/ecocorner.eu\/en\/wp-json\/wp\/v2\/types\/product"}],"version-history":[{"count":1,"href":"https:\/\/ecocorner.eu\/en\/wp-json\/wp\/v2\/product\/1949\/revisions"}],"predecessor-version":[{"id":1951,"href":"https:\/\/ecocorner.eu\/en\/wp-json\/wp\/v2\/product\/1949\/revisions\/1951"}],"wp:featuredmedia":[{"embeddable":true,"href":"https:\/\/ecocorner.eu\/en\/wp-json\/wp\/v2\/media\/1950"}],"wp:attachment":[{"href":"https:\/\/ecocorner.eu\/en\/wp-json\/wp\/v2\/media?parent=1949"}],"wp:term":[{"taxonomy":"product_brand","embeddable":true,"href":"https:\/\/ecocorner.eu\/en\/wp-json\/wp\/v2\/product_brand?post=1949"},{"taxonomy":"product_cat","embeddable":true,"href":"https:\/\/ecocorner.eu\/en\/wp-json\/wp\/v2\/product_cat?post=1949"},{"taxonomy":"product_tag","embeddable":true,"href":"https:\/\/ecocorner.eu\/en\/wp-json\/wp\/v2\/product_tag?post=1949"}],"curies":[{"name":"wp","href":"https:\/\/api.w.org\/{rel}","templated":true}]}}