{"id":2584,"date":"2022-12-10T22:39:15","date_gmt":"2022-12-10T22:39:15","guid":{"rendered":"https:\/\/ecocorner.eu\/?post_type=product&#038;p=2584"},"modified":"2025-12-02T12:06:38","modified_gmt":"2025-12-02T12:06:38","slug":"hemp-king-good-sleep-kapsulki-na-sen-5mg-cbd-3mg-cbn-w-kapsulce-15-kaps","status":"publish","type":"product","link":"https:\/\/ecocorner.eu\/en\/product\/hemp-king-good-sleep-kapsulki-na-sen-5mg-cbd-3mg-cbn-w-kapsulce-15-kaps\/","title":{"rendered":"Hemp King Good Sleep Kapsu\u0142ki na sen \u2013 5mg CBD, 3mg CBN w kapsu\u0142ce 15 kaps."},"content":{"rendered":"<h2><strong>Czy CBD pomaga na sen? Poznaj kapsu\u0142ki na sen z konopiami<\/strong><\/h2>\n<p>W naszych kapsu\u0142kach na sen Good Sleep znajdziesz 100 mg konopi siewnych, w tym tak\u017ce CBD (kannabidiol) i CBN (kannabinol)! To konopne komponenty, kt\u00f3rych nie mog\u0142o zabrakn\u0105\u0107 w tym produkcie. Konopie mo\u017cna spo\u017cywa\u0107 w r\u00f3\u017cnych formach, nie tylko pod postaci\u0105 olejku wkraplanego pod j\u0119zyk czy wykorzystywanego w inny spos\u00f3b. To r\u00f3wnie\u017c konopne kapsu\u0142ki na sen! Good Sleep to co\u015b wi\u0119cej ni\u017c zio\u0142owe tabletki na sen. To unikatowa formu\u0142a, kt\u00f3ra \u0142\u0105czy wysokiej jako\u015bci sk\u0142adniki naturalne w jednej wega\u0144skiej kapsu\u0142ce. Nie zawieraj\u0105 glutenu czy laktozy, ani \u017cadnych zb\u0119dnych sk\u0142adnik\u00f3w. To 100% natury! Je\u015bli chodzi o CBD na sen, badania wci\u0105\u017c trwaj\u0105, jednak wyniki brzmi\u0105 obiecuj\u0105co!<\/p>\n<h2><strong>Good Sleep \u2013 sk\u0142adniki<\/strong><\/h2>\n<p>Sk\u0142adniki kapsu\u0142ek na sen Good Sleep: ekstrakt z zielonej herbaty standaryzowany na 99% l-teaniny [DER 60:1] 100 mg, konopie siewne (Cannabis Sativa L) 100 mg, ekstrakt z li\u015bci melisy standaryzowany na 5% kwasu rozmarynowego [DER 45:1] 100 mg, ekstrakt z m\u0119czennicy cielistej [DER 20:1] 100 mg, GABA 100 mg, ekstrakt z korzenia koz\u0142ka lekarskiego standaryzowany na 0.8% kwasu walerianowego [DER 20:1] 50 mg, ekstrakt z kwiat\u00f3w lawendy [DER 20:1] 50 mg, melatonina 3mg, ekstrakt z pieprzu czarnego standaryzowany na 95% piperyny [DER 50:1] 1 mg, otoczka kapsu\u0142ki: hydroksypropylometyloceluloza.<\/p>\n<p>W ka\u017cdej kapsu\u0142ce znajdziesz moc substancji wprost z natury, z kt\u00f3rych wszystkie maj\u0105 dzia\u0142anie wspieraj\u0105ce uspokojenie, ukojenie oraz zdrowy sen i szybsze zasypianie! I to wszystko udowadniaj\u0105 badania! Co nauka m\u00f3wi o najwa\u017cniejszych sk\u0142adnikach naszych kapsu\u0142ek?<\/p>\n<h3>Melatonina<\/h3>\n<p>Melatonina to znana substancja, kt\u00f3ra ma za zadanie u\u0142atwia\u0107 zasypianie. To tzw. neurohormon, kt\u00f3ry nasz organizm sam wytwarza naturalnie, zw\u0142aszcza w okolicach godzin, gdy powinni\u015bmy uda\u0107 si\u0119 na spoczynek. Z wielu powod\u00f3w wydzielanie tej substancji mo\u017ce by\u0107 zak\u0142\u00f3cone w naszym organizmie (np. poprzez styl \u017cycia i prac\u0119 zmianow\u0105 czy nadmiern\u0105 ekspozycj\u0119 na \u015bwiat\u0142o niebieskie!). Wtedy suplementacja melatonin\u0105 tu\u017c przed snem zmniejsza problemy z zasypianiem.<\/p>\n<h3>Lawenda<\/h3>\n<p>Lawenda to cz\u0119sty sk\u0142adnik napar\u00f3w zio\u0142owych na sen czy tabletek zio\u0142owych na sen. Tabletki na sen bez recepty cz\u0119sto j\u0105 zawieraj\u0105 dlatego, \u017ce pomaga w lepszym \u015bnie oraz wspiera zdrowy, pe\u0142ny wypoczynek. Nasze kapsu\u0142ki na sen Good Sleep to co\u015b wi\u0119cej ni\u017c zio\u0142owe tabletki na sen, zatem lawendy nie mog\u0142o w nich zabrakn\u0105\u0107! Znajdziesz w nich a\u017c 50 mg ekstraktu 20:1 z kwiat\u00f3w lawendy! Tak wysoka standaryzacja sprawia, \u017ce produkt dzia\u0142a skutecznie.<\/p>\n<h3>Melisa<\/h3>\n<p>Parzenie i picie melisy jako praktyka maj\u0105ca na celu uspokojenie i ukojenie zszarganych nerw\u00f3w na sta\u0142e wpisa\u0142a si\u0119 do naszych domowych remedi\u00f3w na sen i nie tylko. Nie bez powodu! Melisa ma udowodnione dzia\u0142anie odpr\u0119\u017caj\u0105ce i pomagaj\u0105ce w zasypianiu. Dzia\u0142a r\u00f3wnie\u017c korzystnie na nasze zdrowie psychiczne, procesy poznawcze oraz pomaga w zasypianiu. 100 mg ekstraktu z li\u015bci melisy w Good Sleep jest standaryzowane na 5% kwasu rozmarynowego!<\/p>\n<h3>Koz\u0142ek lekarski<\/h3>\n<p>Kolejnym ro\u015blinnym komponentem naszych kapsu\u0142ek na spokojny sen jest koz\u0142ek lekarski. Jest on znany ze swoich w\u0142a\u015bciwo\u015bci oddzia\u0142ywania na receptory m\u00f3zgowe odpowiedzialne za sen i uspokojenie uk\u0142adu nerwowego. Udowodnione dzia\u0142anie koz\u0142ka lekarskiego sprawia, \u017ce dzia\u0142a skutecznie. Ekstrakt z koz\u0142ka lekarskiego 20:1 dodatkowo jest standaryzowany na 0.8% kwasu walerianowego.<\/p>\n<h3>Ekstrakt z zielonej herbaty<\/h3>\n<p>Picie herbaty jako rytua\u0142 odpr\u0119\u017caj\u0105cy to co\u015b, co robi w\u0142a\u015bciwie ka\u017cdy z nas. A co, je\u015bli powiemy Ci, \u017ce ma to g\u0142\u0119bszy sens ni\u017c po prostu rozkoszowanie si\u0119 gor\u0105cym kubkiem zaparzonej smacznej herbaty? W kapsu\u0142kach na sen Good Sleep znajdziesz ekstrakt z zielonej herbaty standaryzowany na 99% l-teaniny! Teanina z herbaty stymuluje fale m\u00f3zgowe alfa, kt\u00f3re s\u0105 \u0142\u0105czone z relaksem, ale i uwa\u017cno\u015bci\u0105. Pomagaj\u0105 uspokoi\u0107 i oczy\u015bci\u0107 umys\u0142! A to przed snem co\u015b, co jest bardzo wa\u017cne!<\/p>\n<h3>M\u0119czennica<\/h3>\n<p>M\u0119czennica ma kilka udowodnionych sposob\u00f3w oddzia\u0142ywania na nasz organizm, kt\u00f3re mog\u0105 okaza\u0107 si\u0119 niezwykle pomocne w wyciszeniu i zdrowym \u015bnie. Po pierwsze wywo\u0142uje stan spokoju i zwi\u0119ksza odporno\u015b\u0107 organizmu na stres. Jest stosowana jako sk\u0142adnik zio\u0142owej tabletki na sen, poniewa\u017c dzia\u0142a jak zio\u0142owy lek uspokajaj\u0105cy! Sprzyja zasypianiu, jest polecana osobom, kt\u00f3re s\u0105 przem\u0119czone i wyczerpane!<\/p>\n<h2><strong>Good Sleep \u2013 kapsu\u0142ki na spokojny sen<\/strong><\/h2>\n<p>Je\u015bli interesuj\u0105 Ci\u0119 zio\u0142owe tabletki na sen, ale szukasz czego\u015b skoncentrowanego, z wieloma standaryzacjami i udowodnionymi badaniami w\u0142a\u015bciwo\u015bciami, to z pewno\u015bci\u0105 kapsu\u0142ki na sen Good Sleep to produkt dla Ciebie! To wi\u0119cej ni\u017c tabletki na sen zio\u0142owe! Co je wyr\u00f3\u017cnia?<\/p>\n<ul>\n<li aria-level=\"1\">Unikatowa formu\u0142a \u0142\u0105cz\u0105ca w sobie wysokiej jako\u015bci naturalne sk\u0142adniki!<\/li>\n<li aria-level=\"1\">Dodatek konopi siewnych!<\/li>\n<li aria-level=\"1\">Wysokie standaryzacj\u0119 oraz wska\u017anik DER!<\/li>\n<\/ul>\n<h2><strong>Good Sleep \u2013 wi\u0119cej ni\u017c zio\u0142owe tabletki na sen<\/strong><\/h2>\n<p>Good Sleep to nie kolejne tabletki na sen bez recepty. To kapsu\u0142ki, kt\u00f3re wyr\u00f3\u017cnia przede wszystkim ich przeznaczenie. To produkt, kt\u00f3ry ma pom\u00f3c Ci upora\u0107 si\u0119 z problemami ze snem zanim rozwin\u0105 si\u0119 do wi\u0119kszych problem\u00f3w z zasypianiem, a nawet do bezsenno\u015bci! Je\u015bli nie dzia\u0142aj\u0105 na Ciebie inne metody jak ograniczenie \u015bwiat\u0142a niebieskiego, odpowiednia ilo\u015b\u0107 aktywno\u015bci fizycznej czy zwyk\u0142e tabletki na sen zio\u0142owe, si\u0119gnij po Good Sleep! Maj\u0105 one na celu pom\u00f3c Ci z wprowadzeniem lepszej higieny snu w Twoim \u017cyciu! A dzi\u0119ki temu maj\u0105 doprowadzi\u0107 Ci\u0119 do lepszej jako\u015bci wypoczynku, kt\u00f3ry jest niezb\u0119dny dla prawid\u0142owego funkcjonowania ka\u017cdego organizmu. Czy to tabletki na uspokojenie, kt\u00f3re nie otumaniaj\u0105? To przede wszystkim kapsu\u0142ki, kt\u00f3re stosuje si\u0119 wy\u0142\u0105cznie tu\u017c przed snem, zatem nie powinny wp\u0142ywa\u0107 na to jak funkcjonujesz w ci\u0105gu dnia. Czy nasze kapsu\u0142ki to tabletki na uspokojenie, kt\u00f3re nie otumaniaj\u0105?\u00a0 Kapsu\u0142ki Good Sleep stosowane wieczorem sprawiaj\u0105, \u017ce \u0142atwiej za\u015bniesz, a sen b\u0119dzie zdrowy i g\u0142\u0119boki. Dlatego je\u015bli b\u0119dziesz stosowa\u0107 je w ci\u0105gu dnia, r\u00f3wnie\u017c sprawi\u0105, \u017ce mo\u017cesz odczuwa\u0107 senno\u015b\u0107. W tym przypadku lepiej nie prowadzi\u0107 samochodu tu\u017c po spo\u017cyciu kapsu\u0142ki na sen.<\/p>\n<h2><strong>Good Sleep \u2013 stosowanie<\/strong><\/h2>\n<p>Tabletki na spokojny sen mog\u0105 mie\u0107 r\u00f3\u017cne zastosowanie. Niekt\u00f3re tabletki na spokojny sen nale\u017cy spo\u017cywa\u0107 ju\u017c w ci\u0105gu dnia, inne dopiero przed snem. Kapsu\u0142ki Good Sleep z CBD na sen stosujemy tu\u017c przed snem w ilo\u015bci jednej kapsu\u0142ki.<\/p>\n<p>Tabletki na sen a alkohol? Je\u015bli mamy problemy ze snem, alkohol nie jest w og\u00f3le wskazany, poniewa\u017c mo\u017ce on prowadzi\u0107 do pogorszenia si\u0119 naszego snu. \u0141\u0105czenie alkoholu z jakimikolwiek lekami czy suplementami diety powinno by\u0107 skonsultowane z lekarzem b\u0105d\u017a farmaceut\u0105.<\/p>\n","protected":false},"excerpt":{"rendered":"<h2><strong>Good Sleep \u2013 kompleks ekstrakt\u00f3w ro\u015blinnych na sen<\/strong><\/h2>\n<p>Liczysz bezskutecznie barany w nocy? A mo\u017ce przewracasz si\u0119 z boku na bok, szukaj\u0105c wygodnej do za\u015bni\u0119cia pozycji? Czy wybudza Ci\u0119 ka\u017cdy najmniejszy d\u017awi\u0119k? Problemy ze snem dotykaj\u0105 coraz wi\u0119kszej liczby os\u00f3b, ale mamy co\u015b, co pomo\u017ce Ci si\u0119 z nimi upora\u0107!<\/p>\n<p>Kapsu\u0142ki Good Sleep to wega\u0144ska otoczka, w kt\u00f3rej zamkn\u0119li\u015bmy moc naturalnych ro\u015blinnych ekstrakt\u00f3w w unikatowej formule. Nasze kapsu\u0142ki na sen s\u0105 wyj\u0105tkowym po\u0142\u0105czeniem ro\u015blin i naturalnych substancji, kt\u00f3re maj\u0105 za zadanie u\u0142atwi\u0107 Ci za\u015bni\u0119cie oraz sprawi\u0107, \u017ce \u0142atwiej Ci b\u0119dzie wdro\u017cy\u0107 zdrowe nawyki i trzyma\u0107 si\u0119 higieny snu!<\/p>\n<p>Pami\u0119taj jednak o tym, \u017ce sama kapsu\u0142ka to nie lek na ca\u0142e z\u0142o nocy. Je\u015bli cierpisz na problemy z zasypianiem, dodatkowo pomog\u0105 Ci zasady, kt\u00f3re warto wdro\u017cy\u0107. Co to za zasady? Unikanie wieczorem \u015bwiat\u0142a niebieskiego emitowanego przez ekrany, odpowiednia dieta i aktywno\u015b\u0107 fizyczna w ci\u0105gu dnia czy techniki relaksacyjne oraz medytacja. Kapsu\u0142ki Good Sleep pomog\u0105 Ci w problemach ze snem, je\u015bli wdro\u017cysz je jako jeden z element\u00f3w holistycznego podej\u015bcia do zdrowia.<\/p>","protected":false},"featured_media":2585,"template":"","meta":{"ocean_post_layout":"","ocean_both_sidebars_style":"","ocean_both_sidebars_content_width":0,"ocean_both_sidebars_sidebars_width":0,"ocean_sidebar":"0","ocean_second_sidebar":"0","ocean_disable_margins":"enable","ocean_add_body_class":"","ocean_shortcode_before_top_bar":"","ocean_shortcode_after_top_bar":"","ocean_shortcode_before_header":"","ocean_shortcode_after_header":"","ocean_has_shortcode":"","ocean_shortcode_after_title":"","ocean_shortcode_before_footer_widgets":"","ocean_shortcode_after_footer_widgets":"","ocean_shortcode_before_footer_bottom":"","ocean_shortcode_after_footer_bottom":"","ocean_display_top_bar":"default","ocean_display_header":"default","ocean_header_style":"","ocean_center_header_left_menu":"0","ocean_custom_header_template":"0","ocean_custom_logo":0,"ocean_custom_retina_logo":0,"ocean_custom_logo_max_width":0,"ocean_custom_logo_tablet_max_width":0,"ocean_custom_logo_mobile_max_width":0,"ocean_custom_logo_max_height":0,"ocean_custom_logo_tablet_max_height":0,"ocean_custom_logo_mobile_max_height":0,"ocean_header_custom_menu":"0","ocean_menu_typo_font_family":"0","ocean_menu_typo_font_subset":"","ocean_menu_typo_font_size":0,"ocean_menu_typo_font_size_tablet":0,"ocean_menu_typo_font_size_mobile":0,"ocean_menu_typo_font_size_unit":"px","ocean_menu_typo_font_weight":"","ocean_menu_typo_font_weight_tablet":"","ocean_menu_typo_font_weight_mobile":"","ocean_menu_typo_transform":"","ocean_menu_typo_transform_tablet":"","ocean_menu_typo_transform_mobile":"","ocean_menu_typo_line_height":0,"ocean_menu_typo_line_height_tablet":0,"ocean_menu_typo_line_height_mobile":0,"ocean_menu_typo_line_height_unit":"","ocean_menu_typo_spacing":0,"ocean_menu_typo_spacing_tablet":0,"ocean_menu_typo_spacing_mobile":0,"ocean_menu_typo_spacing_unit":"","ocean_menu_link_color":"","ocean_menu_link_color_hover":"","ocean_menu_link_color_active":"","ocean_menu_link_background":"","ocean_menu_link_hover_background":"","ocean_menu_link_active_background":"","ocean_menu_social_links_bg":"","ocean_menu_social_hover_links_bg":"","ocean_menu_social_links_color":"","ocean_menu_social_hover_links_color":"","ocean_disable_title":"default","ocean_disable_heading":"default","ocean_post_title":"","ocean_post_subheading":"","ocean_post_title_style":"","ocean_post_title_background_color":"","ocean_post_title_background":0,"ocean_post_title_bg_image_position":"","ocean_post_title_bg_image_attachment":"","ocean_post_title_bg_image_repeat":"","ocean_post_title_bg_image_size":"","ocean_post_title_height":0,"ocean_post_title_bg_overlay":0.5,"ocean_post_title_bg_overlay_color":"","ocean_disable_breadcrumbs":"default","ocean_breadcrumbs_color":"","ocean_breadcrumbs_separator_color":"","ocean_breadcrumbs_links_color":"","ocean_breadcrumbs_links_hover_color":"","ocean_display_footer_widgets":"default","ocean_display_footer_bottom":"default","ocean_custom_footer_template":"0"},"product_brand":[],"product_cat":[60,22,21],"product_tag":[],"class_list":{"0":"post-2584","1":"product","2":"type-product","3":"status-publish","4":"has-post-thumbnail","6":"product_cat-olejki-i-produkty-cbd","7":"product_cat-suplementy-i-witaminy","8":"product_cat-zdrowie","10":"entry","11":"has-media","13":"first","14":"outofstock","15":"shipping-taxable","16":"purchasable","17":"product-type-simple","18":"has-product-nav","19":"col","20":"span_1_of_3","21":"owp-content-left","22":"owp-thumbs-layout-horizontal","23":"owp-btn-normal","24":"owp-tabs-layout-horizontal","25":"has-no-thumbnails"},"_links":{"self":[{"href":"https:\/\/ecocorner.eu\/en\/wp-json\/wp\/v2\/product\/2584","targetHints":{"allow":["GET"]}}],"collection":[{"href":"https:\/\/ecocorner.eu\/en\/wp-json\/wp\/v2\/product"}],"about":[{"href":"https:\/\/ecocorner.eu\/en\/wp-json\/wp\/v2\/types\/product"}],"version-history":[{"count":1,"href":"https:\/\/ecocorner.eu\/en\/wp-json\/wp\/v2\/product\/2584\/revisions"}],"predecessor-version":[{"id":2586,"href":"https:\/\/ecocorner.eu\/en\/wp-json\/wp\/v2\/product\/2584\/revisions\/2586"}],"wp:featuredmedia":[{"embeddable":true,"href":"https:\/\/ecocorner.eu\/en\/wp-json\/wp\/v2\/media\/2585"}],"wp:attachment":[{"href":"https:\/\/ecocorner.eu\/en\/wp-json\/wp\/v2\/media?parent=2584"}],"wp:term":[{"taxonomy":"product_brand","embeddable":true,"href":"https:\/\/ecocorner.eu\/en\/wp-json\/wp\/v2\/product_brand?post=2584"},{"taxonomy":"product_cat","embeddable":true,"href":"https:\/\/ecocorner.eu\/en\/wp-json\/wp\/v2\/product_cat?post=2584"},{"taxonomy":"product_tag","embeddable":true,"href":"https:\/\/ecocorner.eu\/en\/wp-json\/wp\/v2\/product_tag?post=2584"}],"curies":[{"name":"wp","href":"https:\/\/api.w.org\/{rel}","templated":true}]}}