{"id":2856,"date":"2023-01-21T20:41:34","date_gmt":"2023-01-21T20:41:34","guid":{"rendered":"https:\/\/ecocorner.eu\/?post_type=product&#038;p=2856"},"modified":"2025-10-03T18:22:08","modified_gmt":"2025-10-03T18:22:08","slug":"manufaktura-naturalis-koktajl-witaminowy-pod-oczy-i-do-twarzy-z-retinolem-30-ml","status":"publish","type":"product","link":"https:\/\/ecocorner.eu\/en\/product\/manufaktura-naturalis-koktajl-witaminowy-pod-oczy-i-do-twarzy-z-retinolem-30-ml\/","title":{"rendered":"Manufaktura Naturalis   Koktajl witaminowy pod oczy i do twarzy z retinolem  30 ml"},"content":{"rendered":"<p>Witamina A w postaci proretinolu. W sk\u00f3rze ulega przekszta\u0142ceniom z wydzieleniem retinolu \u2013 podstawowej formy witaminy A. Odm\u0142adza sk\u00f3r\u0119, uj\u0119drnia, rozja\u015bnia i regeneruje nask\u00f3rek. Przy d\u0142u\u017cszym stosowaniu uj\u0119drnia sk\u00f3r\u0119 w\u0142a\u015bciw\u0105, wzmacnia w\u0142\u00f3kna kolagenowe, dzi\u0119ki czemu przywracana jest jej spr\u0119\u017cysto\u015b\u0107.Znajduj\u0105cy si\u0119 w olejku olej morelowy jest \u0142atwo wch\u0142aniany przez sk\u00f3r\u0119. Ma w\u0142a\u015bciwo\u015bci nawil\u017caj\u0105ce i wyg\u0142adzaj\u0105ce nask\u00f3rek. Polecany jest do wszystkich rodzaj\u00f3w sk\u00f3ry. Stosowany na sk\u00f3rze dojrza\u0142ej ogranicza powstawanie zmarszczek. Mo\u017ce by\u0107 stosowany do sk\u00f3ry wra\u017cliwej, podra\u017cnionej, z zapaleniami i suchej. Klientki stosuj\u0105 go r\u00f3wnie\u017c na ca\u0142\u0105 twarz i twierdz\u0105 ,\u017ce sk\u00f3ra jest delikatna i g\u0142adziutka jak sk\u00f3ra dziecka.<\/p>\n<p>Olej z pestek moreli jest doskona\u0142ym produktem do stosowania w codziennej, naturalnej piel\u0119gnacji cia\u0142a. Pozyskuje si\u0119 go z pestek owoc\u00f3w moreli (Prunus Armeniaca). Swoje doskona\u0142e w\u0142a\u015bciwo\u015bci zawdzi\u0119cza kwasom oleinowym i linolowym , za\u015b w\u0142a\u015bciwo\u015bci odbudowuj\u0105ce zawdzi\u0119cza witaminom tj.:<\/p>\n<ul>\n<li><strong>Vitamin A<\/strong>\u00a0\u2013 jest niezb\u0119dna w procesie regeneracji nask\u00f3rka oraz pomaga zahamowa\u0107 proces przeznask\u00f3rkowej utraty wody, zapewni sk\u00f3rze j\u0119drno\u015b\u0107 i odpowiednie nawodnienie.<\/li>\n<li><strong>Vitamin E<\/strong>\u00a0\u2013 zwana \u201cWitamin\u0105 M\u0142odo\u015bci\u201d wspomaga sk\u00f3r\u0119 w walce z wolnymi rodnikami, kt\u00f3re s\u0105 przyczyn\u0105 jej starzenia si\u0119.<\/li>\n<li><strong>Vitamin D<\/strong>\u00a0\u2013 ma pozytywny wp\u0142yw na zdrowy wygl\u0105d sk\u00f3ry.\u00a0 \u00a0 \u00a0 \u00a0 \u00a0 \u00a0 \u00a0 \u00a0 \u00a0 \u00a0 \u00a0 \u00a0 \u00a0 \u00a0 \u00a0 \u00a0 \u00a0 \u00a0 \u00a0 \u00a0 \u00a0 \u00a0 \u00a0 \u00a0 \u00a0 \u00a0 \u00a0 \u00a0 \u00a0 \u00a0 \u00a0 \u00a0 \u00a0 \u00a0 \u00a0 \u00a0 \u00a0 \u00a0 \u00a0 \u00a0 \u00a0 \u00a0 \u00a0 \u00a0 \u00a0 \u00a0 \u00a0 \u00a0 \u00a0 \u00a0 \u00a0 \u00a0 \u00a0 \u00a0 \u00a0 \u00a0 \u00a0 \u00a0 \u00a0 \u00a0 \u00a0 \u00a0 \u00a0 \u00a0 \u00a0 \u00a0 \u00a0 \u00a0 \u00a0 \u00a0 \u00a0 \u00a0 \u00a0 \u00a0 \u00a0 \u00a0 \u00a0 \u00a0 \u00a0 \u00a0 \u00a0 \u00a0 \u00a0 \u00a0 \u00a0 \u00a0 \u00a0 \u00a0 \u00a0 \u00a0 \u00a0 \u00a0 \u00a0 \u00a0 \u00a0 \u00a0 \u00a0 \u00a0 \u00a0 \u00a0 \u00a0 \u00a0 \u00a0 \u00a0 \u00a0 \u00a0 \u00a0 \u00a0 \u00a0 \u00a0 \u00a0 \u00a0 \u00a0 \u00a0 \u00a0 \u00a0 \u00a0 \u00a0 \u00a0 \u00a0 \u00a0 Jego wyj\u0105tkowy sk\u0142ad i konsystencja sprawiaj\u0105, \u017ce jest on przeznaczony do wszystkich typ\u00f3w sk\u00f3ry, a w szczeg\u00f3lno\u015bci do sk\u00f3ry bardzo suchej, wra\u017cliwej oraz delikatnej sk\u00f3ry.\n<p class=\"text\" align=\"justify\">Olej z awokado jest olejem bardzo od\u017cywczym i regeneruj\u0105cym. Zawiera on komplet witamin z grupy B (B1, B2, B3, B5, B6, B9 \u2013 kwas foliowy), witamin\u0119 A w postaci karoten\u00f3w, witamin\u0119 E, C, D i K. Dodatkowo zawiera r\u00f3wnie\u017c komplet minera\u0142\u00f3w (magnez, mangan, \u017celazo, fosfor, potas, s\u00f3d, cynk). Jest to olej bogaty w kwasy t\u0142uszczowe Omega-9 i Omega-6, kt\u00f3re wzmacniaj\u0105 naturaln\u0105 barier\u0119 ochronn\u0105 sk\u00f3ry, dzi\u0119ki czemu sk\u00f3ra sucha i zniszczona ulega regeneracji i nie traci wilgoci.<\/p>\n<p class=\"text\" align=\"justify\">Zielony kolor, olej z awokado zawdzi\u0119cza wysokiej zawarto\u015bci chlorofilu, zielonemu barwnikowi. W piel\u0119gnacji sk\u00f3ry, chlorofil dzia\u0142a antyoksydacyjnie, czyli pomaga zwalcza\u0107 wolne rodniki, jak r\u00f3wnie\u017c wykazuje on dzia\u0142anie antybakteryjne i goj\u0105ce, dzi\u0119ki temu olej z awokado dzia\u0142a przeciwzapalnie i goj\u0105co na sk\u00f3r\u0119.<\/p>\n<\/li>\n<\/ul>","protected":false},"excerpt":{"rendered":"<p>Przeznaczony jest dla cery suchej, dojrza\u0142ej, matowej i poszarza\u0142ej z widocznymi oznakami starzenia. Pomaga op\u00f3\u017ani\u0107 procesy starzenia i stanowi ochron\u0119 przeciwstarzeniow\u0105. Retinol (witamina m\u0142odo\u015bci)ma dzia\u0142anie antyoksydacyjne, rozja\u015bniaj\u0105ce przebarwienia. Wspiera produkcj\u0119 elastyny i kalogenu oraz stymuluje kom\u00f3rki do odnowy. Przy d\u0142u\u017cszym stosowaniu witamina A zaczyna dzia\u0142a\u0107 tak\u017ce w sk\u00f3rze w\u0142a\u015bciwej. Uj\u0119drnia \u017cyw\u0105 warstw\u0119 sk\u00f3ry i wzmacnia w\u0142\u00f3kna kolagenowe, dzi\u0119ki czemu przywracana jest jej spr\u0119\u017cysto\u015b\u0107.Dzi\u0119ki wyselekcjonowanym lekkim olejom sk\u00f3ra staje si\u0119 mi\u0119kka i g\u0142adka .<\/p>\n<p>Wklepujemy opuszkami palc\u00f3w pod oczy i zostawiamy na noc.<\/p>","protected":false},"featured_media":2857,"template":"","meta":{"ocean_post_layout":"","ocean_both_sidebars_style":"","ocean_both_sidebars_content_width":0,"ocean_both_sidebars_sidebars_width":0,"ocean_sidebar":"0","ocean_second_sidebar":"0","ocean_disable_margins":"enable","ocean_add_body_class":"","ocean_shortcode_before_top_bar":"","ocean_shortcode_after_top_bar":"","ocean_shortcode_before_header":"","ocean_shortcode_after_header":"","ocean_has_shortcode":"","ocean_shortcode_after_title":"","ocean_shortcode_before_footer_widgets":"","ocean_shortcode_after_footer_widgets":"","ocean_shortcode_before_footer_bottom":"","ocean_shortcode_after_footer_bottom":"","ocean_display_top_bar":"default","ocean_display_header":"default","ocean_header_style":"","ocean_center_header_left_menu":"0","ocean_custom_header_template":"0","ocean_custom_logo":0,"ocean_custom_retina_logo":0,"ocean_custom_logo_max_width":0,"ocean_custom_logo_tablet_max_width":0,"ocean_custom_logo_mobile_max_width":0,"ocean_custom_logo_max_height":0,"ocean_custom_logo_tablet_max_height":0,"ocean_custom_logo_mobile_max_height":0,"ocean_header_custom_menu":"0","ocean_menu_typo_font_family":"0","ocean_menu_typo_font_subset":"","ocean_menu_typo_font_size":0,"ocean_menu_typo_font_size_tablet":0,"ocean_menu_typo_font_size_mobile":0,"ocean_menu_typo_font_size_unit":"px","ocean_menu_typo_font_weight":"","ocean_menu_typo_font_weight_tablet":"","ocean_menu_typo_font_weight_mobile":"","ocean_menu_typo_transform":"","ocean_menu_typo_transform_tablet":"","ocean_menu_typo_transform_mobile":"","ocean_menu_typo_line_height":0,"ocean_menu_typo_line_height_tablet":0,"ocean_menu_typo_line_height_mobile":0,"ocean_menu_typo_line_height_unit":"","ocean_menu_typo_spacing":0,"ocean_menu_typo_spacing_tablet":0,"ocean_menu_typo_spacing_mobile":0,"ocean_menu_typo_spacing_unit":"","ocean_menu_link_color":"","ocean_menu_link_color_hover":"","ocean_menu_link_color_active":"","ocean_menu_link_background":"","ocean_menu_link_hover_background":"","ocean_menu_link_active_background":"","ocean_menu_social_links_bg":"","ocean_menu_social_hover_links_bg":"","ocean_menu_social_links_color":"","ocean_menu_social_hover_links_color":"","ocean_disable_title":"default","ocean_disable_heading":"default","ocean_post_title":"","ocean_post_subheading":"","ocean_post_title_style":"","ocean_post_title_background_color":"","ocean_post_title_background":0,"ocean_post_title_bg_image_position":"","ocean_post_title_bg_image_attachment":"","ocean_post_title_bg_image_repeat":"","ocean_post_title_bg_image_size":"","ocean_post_title_height":0,"ocean_post_title_bg_overlay":0.5,"ocean_post_title_bg_overlay_color":"","ocean_disable_breadcrumbs":"default","ocean_breadcrumbs_color":"","ocean_breadcrumbs_separator_color":"","ocean_breadcrumbs_links_color":"","ocean_breadcrumbs_links_hover_color":"","ocean_display_footer_widgets":"default","ocean_display_footer_bottom":"default","ocean_custom_footer_template":"0"},"product_brand":[],"product_cat":[29,51],"product_tag":[],"class_list":{"0":"post-2856","1":"product","2":"type-product","3":"status-publish","4":"has-post-thumbnail","6":"product_cat-oczy","7":"product_cat-serum-mgielki-hydrolaty","9":"entry","10":"has-media","12":"first","13":"outofstock","14":"shipping-taxable","15":"purchasable","16":"product-type-simple","17":"has-product-nav","18":"col","19":"span_1_of_3","20":"owp-content-left","21":"owp-thumbs-layout-horizontal","22":"owp-btn-normal","23":"owp-tabs-layout-horizontal","24":"has-no-thumbnails"},"_links":{"self":[{"href":"https:\/\/ecocorner.eu\/en\/wp-json\/wp\/v2\/product\/2856","targetHints":{"allow":["GET"]}}],"collection":[{"href":"https:\/\/ecocorner.eu\/en\/wp-json\/wp\/v2\/product"}],"about":[{"href":"https:\/\/ecocorner.eu\/en\/wp-json\/wp\/v2\/types\/product"}],"version-history":[{"count":1,"href":"https:\/\/ecocorner.eu\/en\/wp-json\/wp\/v2\/product\/2856\/revisions"}],"predecessor-version":[{"id":2858,"href":"https:\/\/ecocorner.eu\/en\/wp-json\/wp\/v2\/product\/2856\/revisions\/2858"}],"wp:featuredmedia":[{"embeddable":true,"href":"https:\/\/ecocorner.eu\/en\/wp-json\/wp\/v2\/media\/2857"}],"wp:attachment":[{"href":"https:\/\/ecocorner.eu\/en\/wp-json\/wp\/v2\/media?parent=2856"}],"wp:term":[{"taxonomy":"product_brand","embeddable":true,"href":"https:\/\/ecocorner.eu\/en\/wp-json\/wp\/v2\/product_brand?post=2856"},{"taxonomy":"product_cat","embeddable":true,"href":"https:\/\/ecocorner.eu\/en\/wp-json\/wp\/v2\/product_cat?post=2856"},{"taxonomy":"product_tag","embeddable":true,"href":"https:\/\/ecocorner.eu\/en\/wp-json\/wp\/v2\/product_tag?post=2856"}],"curies":[{"name":"wp","href":"https:\/\/api.w.org\/{rel}","templated":true}]}}