{"id":2918,"date":"2023-01-23T16:17:37","date_gmt":"2023-01-23T16:17:37","guid":{"rendered":"https:\/\/ecocorner.eu\/?post_type=product&#038;p=2918"},"modified":"2026-03-09T11:03:34","modified_gmt":"2026-03-09T11:03:34","slug":"colway-international-kolagen-natywny-naturalny-dna-50-ml","status":"publish","type":"product","link":"https:\/\/ecocorner.eu\/en\/product\/colway-international-kolagen-natywny-naturalny-dna-50-ml\/","title":{"rendered":"Colway International  Kolagen Natywny naturalny DNA  50 ml"},"content":{"rendered":"<p><b>Kwasy nukleinowe DNA+RNA (natywne) \/ekstrakt z mleczu \u0142ososia <\/b><\/p>\n<p>Uruchamiaj\u0105 replikacj\u0119 struktury sk\u00f3ry, aktywuj\u0105 kom\u00f3rki, dzia\u0142aj\u0105 silnie antyoksydacyjnie chroni\u0105c je przed reaktywnymi formami tlenu. Kwasy DNA i RNA stanowi\u0105 filtr dla toksyn, chroni\u0105c ustr\u00f3j kom\u00f3rkowy. Udro\u017cniaj\u0105 kr\u0105\u017cenie, a tym samym dotleniaj\u0105 kom\u00f3rki i poprawiaj\u0105 metabolizm lipid\u00f3w.<\/p>\n<p><b>Kinetyna<\/b><\/p>\n<p>wyst\u0119puje w ludzkim kodzie genetycznym. Stymuluje procesy naprawcze DNA, chroni przed promieniami UV i wolnymi rodnikami oraz zmniejsza nadmiern\u0105 pigmentacj\u0119. Aktywuje fibroblasty i stymuluje produkcj\u0119 kolagenu.<\/p>\n<p><b>SOD (dysmutaza ponadtlenkowa)<\/b><\/p>\n<p>to elitarny komponent kosmetyczny. Chroni organizm przed stresem oksydacyjnym i przedwczesnym starzeniem si\u0119 tkanek. Naturalnie \u0142agodzi skutki up\u0142ywu czasu i spowalnia procesy tworzenia si\u0119 zmarszczek.<\/p>\n<p><b>Copper Peptide GHK-Cu <\/b><\/p>\n<p>naturalnie wyst\u0119puj\u0105cy peptyd stymuluj\u0105cy funkcjonowanie kom\u00f3rek macierzystych. Zwi\u0119ksza produkcj\u0119 kolagenu w sk\u00f3rze, zapobiega fotostarzeniu, poprawia elastyczno\u015b\u0107 i ujednolica koloryt sk\u00f3ry. Wspomaga redukcj\u0119 zmarszczek, zwi\u0119ksza zag\u0119szczenie sk\u00f3ry i jej grubo\u015b\u0107. Jest nietoksyczny i nie podra\u017cnienia sk\u00f3ry.<\/p>\n<p><b>Ekstrakt z placenty r\u00f3\u017cy <\/b><\/p>\n<p>poprawia metabolizm tkankowy, regeneruje sk\u00f3r\u0119 zm\u0119czon\u0105, starzej\u0105c\u0105 si\u0119. Wykazuje silne dzia\u0142anie nawil\u017caj\u0105ce i przeciwzapalne. Pomaga ograniczy\u0107 ilo\u015b\u0107 melaniny wytwarzanej przez sk\u00f3r\u0119, dzi\u0119ki czemu sk\u00f3ra staje si\u0119 ja\u015bniejsza i odzyskuje bardziej r\u00f3wnomierny koloryt.<\/p>\n<p>&nbsp;<\/p>\n<p><i><b>INC:I<\/b>Aqua, Fish Collagen, (Salmon) Milt Extract, Rosa Damascena Phytoplacenta Culture Extract, Kinetin, Caprylyl Glycol, Copper Tripeptide-1, Superoxide Dismutase<br \/>\n<\/i><\/p>\n<p><b>Method of application:<\/b> Apply to cleansed and still moist skin. The best absorbency of biologically active collagen peptides is obtained by gently stroking the gel. We recommend applying collagen on the face, neck and decollete preferably 2 times a day, daily. The effect of skin tension is felt in just a few minutes.<\/p>\n<p><b>Recommendations:<\/b> The skin will absorb the amount of collagen it needs. If a dried layer of gel remains on the skin, it means that it was applied too much.<\/p>\n<p><b>Notes:<\/b> Do not use if allergic to fish protein (0.02% of the population). Designed for outdoor use.<\/p>\n<p><b>Keeping:<\/b> Store in a non-sunburned place. Negative temperatures can cause the substance to expand and tear the packaging.<\/p>","protected":false},"excerpt":{"rendered":"<p>Collagen is the &#034;youth protein&#034;, which makes up more than 30% of the mass of human protein and up to 70% of skin proteins. Together with other components of the Matrix, it forms an elastic network in the dermis, which gives it elasticity and elasticity, binds water and represents the state of connective tissue, that is, in fact, the state of the entire body. Its deficiency (reduced synthesis)it is the main cause of the formation of wrinkles, which occurs from the age of 25.<\/p>\n<p>Native collagens are anti-aging products that, unlike thousands of creams, do not fight the consequences, but address the cause of wrinkles. Their effectiveness is confirmed by research.<\/p>\n<p>&nbsp;<\/p>\n<p><b>KOLAGEN NATYWNY DNA \u2013 SUPERKOSMETYK\u00a0<\/b><\/p>\n<p>To preparat o silnym dzia\u0142aniu przeciwstarzeniowym. Odsuwa w czasie procesy powstawania nowych zmarszczek. Zalecany do piel\u0119gnacji twarzy, szyi i dekoltu. Doskonale sprawdza si\u0119 tak\u017ce w piel\u0119gnacji ca\u0142ego cia\u0142a. To kolagen wzbogacony o substancje aktywne wspomagaj\u0105ce i aktywizuj\u0105ce naturalne procesy odnowy sk\u00f3ry. Pobudza kom\u00f3rki do prawid\u0142owego dzia\u0142ania.<\/p>\n<p><b>Kolagen Natywny DNA:<\/b><\/p>\n<p>\u2022 Zmniejsza widoczno\u015b\u0107 zmarszczek i wyg\u0142adza sk\u00f3r\u0119<\/p>\n<p>\u2022 Uelastycznia i napina sk\u00f3r\u0119<\/p>\n<p>\u2022 \u0141agodzi objawy stan\u00f3w zapalnych sk\u00f3ry<\/p>\n<p>\u2022 Od\u017cywia i regeneruje<\/p>\n<p>\u2022 Zmniejsza widoczno\u015b\u0107 przebarwie\u0144<\/p>\n<p>\u2022 Roz\u015bwietla sk\u00f3r\u0119 i nadaje jej blasku<\/p>\n<p>&nbsp;<\/p>\n<p>Natychmiast po aplikacji wyg\u0142adza i napina sk\u00f3r\u0119. Na trwa\u0142y efekt rewitalizuj\u0105cy trzeba poczeka\u0107 do ok. 110 dnia systematycznego stosowania. Taki czas jest potrzebny organizmowi do fizjologicznej wymiany struktury kolagenowej w sk\u00f3rze. Procesu tego nie mo\u017cna przy\u015bpieszy\u0107 przez cz\u0119stsze aplikacje ani nak\u0142adanie wi\u0119kszych ilo\u015bci \u017celu. Kolagen Natywny DNA suplementuje sk\u00f3r\u0119 &#8222;bia\u0142kiem m\u0142odo\u015bci&#8221; stopniowo i nieinwazyjnie bez potrzeby iniekcji.<\/p>","protected":false},"featured_media":2926,"template":"","meta":{"ocean_post_layout":"","ocean_both_sidebars_style":"","ocean_both_sidebars_content_width":0,"ocean_both_sidebars_sidebars_width":0,"ocean_sidebar":"0","ocean_second_sidebar":"0","ocean_disable_margins":"enable","ocean_add_body_class":"","ocean_shortcode_before_top_bar":"","ocean_shortcode_after_top_bar":"","ocean_shortcode_before_header":"","ocean_shortcode_after_header":"","ocean_has_shortcode":"","ocean_shortcode_after_title":"","ocean_shortcode_before_footer_widgets":"","ocean_shortcode_after_footer_widgets":"","ocean_shortcode_before_footer_bottom":"","ocean_shortcode_after_footer_bottom":"","ocean_display_top_bar":"default","ocean_display_header":"default","ocean_header_style":"","ocean_center_header_left_menu":"0","ocean_custom_header_template":"0","ocean_custom_logo":0,"ocean_custom_retina_logo":0,"ocean_custom_logo_max_width":0,"ocean_custom_logo_tablet_max_width":0,"ocean_custom_logo_mobile_max_width":0,"ocean_custom_logo_max_height":0,"ocean_custom_logo_tablet_max_height":0,"ocean_custom_logo_mobile_max_height":0,"ocean_header_custom_menu":"0","ocean_menu_typo_font_family":"0","ocean_menu_typo_font_subset":"","ocean_menu_typo_font_size":0,"ocean_menu_typo_font_size_tablet":0,"ocean_menu_typo_font_size_mobile":0,"ocean_menu_typo_font_size_unit":"px","ocean_menu_typo_font_weight":"","ocean_menu_typo_font_weight_tablet":"","ocean_menu_typo_font_weight_mobile":"","ocean_menu_typo_transform":"","ocean_menu_typo_transform_tablet":"","ocean_menu_typo_transform_mobile":"","ocean_menu_typo_line_height":0,"ocean_menu_typo_line_height_tablet":0,"ocean_menu_typo_line_height_mobile":0,"ocean_menu_typo_line_height_unit":"","ocean_menu_typo_spacing":0,"ocean_menu_typo_spacing_tablet":0,"ocean_menu_typo_spacing_mobile":0,"ocean_menu_typo_spacing_unit":"","ocean_menu_link_color":"","ocean_menu_link_color_hover":"","ocean_menu_link_color_active":"","ocean_menu_link_background":"","ocean_menu_link_hover_background":"","ocean_menu_link_active_background":"","ocean_menu_social_links_bg":"","ocean_menu_social_hover_links_bg":"","ocean_menu_social_links_color":"","ocean_menu_social_hover_links_color":"","ocean_disable_title":"default","ocean_disable_heading":"default","ocean_post_title":"","ocean_post_subheading":"","ocean_post_title_style":"","ocean_post_title_background_color":"","ocean_post_title_background":0,"ocean_post_title_bg_image_position":"","ocean_post_title_bg_image_attachment":"","ocean_post_title_bg_image_repeat":"","ocean_post_title_bg_image_size":"","ocean_post_title_height":0,"ocean_post_title_bg_overlay":0.5,"ocean_post_title_bg_overlay_color":"","ocean_disable_breadcrumbs":"default","ocean_breadcrumbs_color":"","ocean_breadcrumbs_separator_color":"","ocean_breadcrumbs_links_color":"","ocean_breadcrumbs_links_hover_color":"","ocean_display_footer_widgets":"default","ocean_display_footer_bottom":"default","ocean_custom_footer_template":"0"},"product_brand":[],"product_cat":[29,51],"product_tag":[],"class_list":{"0":"post-2918","1":"product","2":"type-product","3":"status-publish","4":"has-post-thumbnail","6":"product_cat-oczy","7":"product_cat-serum-mgielki-hydrolaty","9":"entry","10":"has-media","12":"first","13":"outofstock","14":"shipping-taxable","15":"purchasable","16":"product-type-simple","17":"has-product-nav","18":"col","19":"span_1_of_3","20":"owp-content-left","21":"owp-thumbs-layout-horizontal","22":"owp-btn-normal","23":"owp-tabs-layout-horizontal","24":"has-no-thumbnails"},"_links":{"self":[{"href":"https:\/\/ecocorner.eu\/en\/wp-json\/wp\/v2\/product\/2918","targetHints":{"allow":["GET"]}}],"collection":[{"href":"https:\/\/ecocorner.eu\/en\/wp-json\/wp\/v2\/product"}],"about":[{"href":"https:\/\/ecocorner.eu\/en\/wp-json\/wp\/v2\/types\/product"}],"version-history":[{"count":3,"href":"https:\/\/ecocorner.eu\/en\/wp-json\/wp\/v2\/product\/2918\/revisions"}],"predecessor-version":[{"id":8566,"href":"https:\/\/ecocorner.eu\/en\/wp-json\/wp\/v2\/product\/2918\/revisions\/8566"}],"wp:featuredmedia":[{"embeddable":true,"href":"https:\/\/ecocorner.eu\/en\/wp-json\/wp\/v2\/media\/2926"}],"wp:attachment":[{"href":"https:\/\/ecocorner.eu\/en\/wp-json\/wp\/v2\/media?parent=2918"}],"wp:term":[{"taxonomy":"product_brand","embeddable":true,"href":"https:\/\/ecocorner.eu\/en\/wp-json\/wp\/v2\/product_brand?post=2918"},{"taxonomy":"product_cat","embeddable":true,"href":"https:\/\/ecocorner.eu\/en\/wp-json\/wp\/v2\/product_cat?post=2918"},{"taxonomy":"product_tag","embeddable":true,"href":"https:\/\/ecocorner.eu\/en\/wp-json\/wp\/v2\/product_tag?post=2918"}],"curies":[{"name":"wp","href":"https:\/\/api.w.org\/{rel}","templated":true}]}}