{"id":3161,"date":"2023-04-18T22:30:23","date_gmt":"2023-04-18T22:30:23","guid":{"rendered":"https:\/\/ecocorner.eu\/?post_type=product&#038;p=3161"},"modified":"2026-02-19T22:09:38","modified_gmt":"2026-02-19T22:09:38","slug":"ludowe-receptury-wyproznianie-tranzyt-tresci-w-jelitach-bilans-gazow-30-saszetek-mir-lek","status":"publish","type":"product","link":"https:\/\/ecocorner.eu\/en\/product\/ludowe-receptury-wyproznianie-tranzyt-tresci-w-jelitach-bilans-gazow-30-saszetek-mir-lek\/","title":{"rendered":"LUDOWE RECEPTURY wypr\u00f3\u017cnianie, tranzyt tre\u015bci w jelitach, bilans gaz\u00f3w 30 saszetek MIR-LEK"},"content":{"rendered":"<p><strong>Ingredients<\/strong><br \/>\nprawo\u015blaz korze\u0144 (20%),\u00a0 kolendra siewna (20%), lukrecja korze\u0144 (14%), babka lancetowata( 14%), koper w\u0142oski(14%), mniszek lekarski (12%),\u00a0 \u0142uska gryki (4%), morszczyn p\u0119cherzykowaty (3%)<\/p>\n<p>Przeci\u0119tna zawarto\u015b\u0107 sk\u0142adnik\u00f3w wykazuj\u0105cych efekt fizjologiczny w dziennej porcji produktu: trzy szklanki\u00a0 naparu (750 ml) z trzech saszetek (7,5 g). Jedna porcja: jedna szklanka naparu (250 ml) z jednej saszetki (2,5 g).<\/p>\n<p>Masa netto: 30 saszetek x 2,5g= 75g<\/p>\n<p><strong>cooking method<\/strong><br \/>\nSaszetk\u0119 produktu umie\u015bci\u0107 w szklance lub w kubku ceramicznym 250ml i zala\u0107 wrz\u0105c\u0105 wod\u0105. Przykry\u0107 i odstawi\u0107\u00a0 na 10-15 min. Pi\u0107 po wystudzeniu.<\/p>\n<p><strong>RECOMMENDED CONSUMPTION<br \/>\n<\/strong>3 razy dziennie po 1 szklance naparu z 1 saszetki. Nie przekracza\u0107 zalecanej porcji do spo\u017cycia w ci\u0105gu dnia.<\/p>\n<p><strong>keeping<\/strong><br \/>\nStore in a dry place out of reach of small children<\/p>\n<p><strong>note<\/strong><br \/>\nProdukt przeznaczony dla doros\u0142ych. Spo\u017cywanie produktu jest niewskazane w okresie ci\u0105\u017cy i karmienia. Suplement diety nie mo\u017ce by\u0107 stosowany jako substytut zr\u00f3\u017cnicowanej i zbilansowanej diety oraz nie zast\u0105pi zdrowego trybu \u017cycia. Przechowywa\u0107 w suchym miejscu w spos\u00f3b niedost\u0119pny dla ma\u0142ych dzieci. Chroni\u0107 od \u015bwiat\u0142a. Nie stosowa\u0107 w przypadku nadwra\u017cliwo\u015bci na kt\u00f3rykolwiek sk\u0142adnik preparatu.<\/p>","protected":false},"excerpt":{"rendered":"<p>Prawo\u015blaz wspiera prawid\u0142owe funkcjonowanie i prac\u0119 jelit, pomaga w tranzycie tre\u015bci w obr\u0119bie jelit.\u00a0 Kolendra pomaga utrzyma\u0107 prawid\u0142owy bilans gaz\u00f3w<\/p>\n<p>Mieszanka zi\u00f3\u0142 z\u0142o\u017cona z wysuszonych i rozdrobnionych cz\u0119\u015bci ro\u015bli takich jak: prawo\u015blaz, morszczyn p\u0119cherzykowaty, kolendra siewna, lukrecja, babka lancetowata, koper w\u0142oski, mniszek lekarski,\u00a0 gryka. Prawo\u015blaz wspiera prawid\u0142owe funkcjonowanie i prac\u0119 jelit, pomaga w tranzycie tre\u015bci w obr\u0119bie jeli. , morszczyn\u00a0 wspiera prawid\u0142owy pasa\u017c jelit, kolendra pomaga utrzyma\u0107 prawid\u0142owy bilans gaz\u00f3w w przewodzie trawiennym, wpiera trawienie toksyn,\u00a0 aktywne substancje zawarte w korzeniu lukrecji pomagaj\u0105 utrzyma\u0107 prawid\u0142owe funkcjonowanie b\u0142on \u015bluzowych \u017co\u0142\u0105dka i jelita cienkiego, babka lancetowata mo\u017ce pobudza\u0107 wzrost korzystnej mikroflory jelitowej, koper w\u0142oski mo\u017ce wywiera\u0107 korzystny wp\u0142yw na apetyt, trawienie i wydalanie, mniszek lekarski mo\u017ce pozytywnie oddzia\u0142ywa\u0107 na obszary \u017co\u0142\u0105dkowo-jelitowe dzi\u0119ki pro biotycznym w\u0142a\u015bciwo\u015bciom.<\/p>","protected":false},"featured_media":3162,"template":"","meta":{"ocean_post_layout":"","ocean_both_sidebars_style":"","ocean_both_sidebars_content_width":0,"ocean_both_sidebars_sidebars_width":0,"ocean_sidebar":"0","ocean_second_sidebar":"0","ocean_disable_margins":"enable","ocean_add_body_class":"","ocean_shortcode_before_top_bar":"","ocean_shortcode_after_top_bar":"","ocean_shortcode_before_header":"","ocean_shortcode_after_header":"","ocean_has_shortcode":"","ocean_shortcode_after_title":"","ocean_shortcode_before_footer_widgets":"","ocean_shortcode_after_footer_widgets":"","ocean_shortcode_before_footer_bottom":"","ocean_shortcode_after_footer_bottom":"","ocean_display_top_bar":"default","ocean_display_header":"default","ocean_header_style":"","ocean_center_header_left_menu":"0","ocean_custom_header_template":"0","ocean_custom_logo":0,"ocean_custom_retina_logo":0,"ocean_custom_logo_max_width":0,"ocean_custom_logo_tablet_max_width":0,"ocean_custom_logo_mobile_max_width":0,"ocean_custom_logo_max_height":0,"ocean_custom_logo_tablet_max_height":0,"ocean_custom_logo_mobile_max_height":0,"ocean_header_custom_menu":"0","ocean_menu_typo_font_family":"0","ocean_menu_typo_font_subset":"","ocean_menu_typo_font_size":0,"ocean_menu_typo_font_size_tablet":0,"ocean_menu_typo_font_size_mobile":0,"ocean_menu_typo_font_size_unit":"px","ocean_menu_typo_font_weight":"","ocean_menu_typo_font_weight_tablet":"","ocean_menu_typo_font_weight_mobile":"","ocean_menu_typo_transform":"","ocean_menu_typo_transform_tablet":"","ocean_menu_typo_transform_mobile":"","ocean_menu_typo_line_height":0,"ocean_menu_typo_line_height_tablet":0,"ocean_menu_typo_line_height_mobile":0,"ocean_menu_typo_line_height_unit":"","ocean_menu_typo_spacing":0,"ocean_menu_typo_spacing_tablet":0,"ocean_menu_typo_spacing_mobile":0,"ocean_menu_typo_spacing_unit":"","ocean_menu_link_color":"","ocean_menu_link_color_hover":"","ocean_menu_link_color_active":"","ocean_menu_link_background":"","ocean_menu_link_hover_background":"","ocean_menu_link_active_background":"","ocean_menu_social_links_bg":"","ocean_menu_social_hover_links_bg":"","ocean_menu_social_links_color":"","ocean_menu_social_hover_links_color":"","ocean_disable_title":"default","ocean_disable_heading":"default","ocean_post_title":"","ocean_post_subheading":"","ocean_post_title_style":"","ocean_post_title_background_color":"","ocean_post_title_background":0,"ocean_post_title_bg_image_position":"","ocean_post_title_bg_image_attachment":"","ocean_post_title_bg_image_repeat":"","ocean_post_title_bg_image_size":"","ocean_post_title_height":0,"ocean_post_title_bg_overlay":0.5,"ocean_post_title_bg_overlay_color":"","ocean_disable_breadcrumbs":"default","ocean_breadcrumbs_color":"","ocean_breadcrumbs_separator_color":"","ocean_breadcrumbs_links_color":"","ocean_breadcrumbs_links_hover_color":"","ocean_display_footer_widgets":"default","ocean_display_footer_bottom":"default","ocean_custom_footer_template":"0"},"product_brand":[],"product_cat":[56],"product_tag":[],"class_list":{"0":"post-3161","1":"product","2":"type-product","3":"status-publish","4":"has-post-thumbnail","6":"product_cat-herbaty-ziolowe","8":"entry","9":"has-media","11":"first","12":"outofstock","13":"shipping-taxable","14":"purchasable","15":"product-type-simple","16":"has-product-nav","17":"col","18":"span_1_of_3","19":"owp-content-left","20":"owp-thumbs-layout-horizontal","21":"owp-btn-normal","22":"owp-tabs-layout-horizontal","23":"has-no-thumbnails"},"_links":{"self":[{"href":"https:\/\/ecocorner.eu\/en\/wp-json\/wp\/v2\/product\/3161","targetHints":{"allow":["GET"]}}],"collection":[{"href":"https:\/\/ecocorner.eu\/en\/wp-json\/wp\/v2\/product"}],"about":[{"href":"https:\/\/ecocorner.eu\/en\/wp-json\/wp\/v2\/types\/product"}],"version-history":[{"count":3,"href":"https:\/\/ecocorner.eu\/en\/wp-json\/wp\/v2\/product\/3161\/revisions"}],"predecessor-version":[{"id":8545,"href":"https:\/\/ecocorner.eu\/en\/wp-json\/wp\/v2\/product\/3161\/revisions\/8545"}],"wp:featuredmedia":[{"embeddable":true,"href":"https:\/\/ecocorner.eu\/en\/wp-json\/wp\/v2\/media\/3162"}],"wp:attachment":[{"href":"https:\/\/ecocorner.eu\/en\/wp-json\/wp\/v2\/media?parent=3161"}],"wp:term":[{"taxonomy":"product_brand","embeddable":true,"href":"https:\/\/ecocorner.eu\/en\/wp-json\/wp\/v2\/product_brand?post=3161"},{"taxonomy":"product_cat","embeddable":true,"href":"https:\/\/ecocorner.eu\/en\/wp-json\/wp\/v2\/product_cat?post=3161"},{"taxonomy":"product_tag","embeddable":true,"href":"https:\/\/ecocorner.eu\/en\/wp-json\/wp\/v2\/product_tag?post=3161"}],"curies":[{"name":"wp","href":"https:\/\/api.w.org\/{rel}","templated":true}]}}