{"id":3242,"date":"2023-04-21T11:15:33","date_gmt":"2023-04-21T11:15:33","guid":{"rendered":"https:\/\/ecocorner.eu\/?post_type=product&#038;p=3242"},"modified":"2025-11-06T10:54:46","modified_gmt":"2025-11-06T10:54:46","slug":"narum-zelazo-acidofilne-witamina-c-600-mg-30kaps","status":"publish","type":"product","link":"https:\/\/ecocorner.eu\/en\/product\/narum-zelazo-acidofilne-witamina-c-600-mg-30kaps\/","title":{"rendered":"Narum \u017belazo Acidofilne + witamina C 600 mg \u2013 30kaps."},"content":{"rendered":"<p><b>Ingredients:<\/b><\/p>\n<p><b>kwas L-askorbinowy (witamina C),<\/b><\/p>\n<p><b>&#8211; <\/b>difosforan \u017celaza (III) \/pirofosforan \u017celaza(III)\/ (\u017celazo),<\/p>\n<p>\u2013 Lactobacillus helveticus,<\/p>\n<p>\u2013 Lactobacillus delbrueckii,<\/p>\n<p>\u2013 Lactobacillus rhamnosus,<\/p>\n<p>\u2013 Lactococcus lactis ssp. Lactis,<\/p>\n<p>\u2013 Streptococcus salivarius ssp. Thermophilus,<\/p>\n<p>\u2013 Lactobacillus salivarius,<\/p>\n<p>\u2013 Lactococcus lactis,<\/p>\n<p>\u2013 Lactococcus lactis subsp. Cremoris,<\/p>\n<p>\u2013 Lactobacillus reuteri,<\/p>\n<p>\u2013 Streptococcus salivarius,<\/p>\n<p>\u2013 Lactobacillus bulgaricus,<\/p>\n<p>\u2013 Streptococcus thermophiles,<\/p>\n<p>\u2013 Lactobacillus acidophilus,<\/p>\n<p>\u2013 Lactobacillus plantarum,<\/p>\n<p>\u2013 Lactobacillus delbrueckii ssp. Lactis,<\/p>\n<p>\u2013 Lactobacillus delbrueckii ssp. Bulgaricus,<\/p>\n<p>\u2013 Lactobacillus casei,<\/p>\n<p>\u2013 Bifidobacterium bifidum,<\/p>\n<p>\u2013 Bifidobacterium longum,<\/p>\n<p><b>\u2013 kapsu\u0142ka: substancja \u017celuj\u0105ca: <\/b>gellan rubber,<\/p>\n<p><b>\u2013 substancja glazuruj\u0105ca: <\/b>hydroksypropylometyloceluloza.<\/p>\n<p>Zalecana dzienna porcja:<\/p>\n<p>1 kapsu\u0142ka<\/p>\n<p><b>Recommended daily intake\/<\/b><\/p>\n<p><b>1 kapsu\u0142ka<\/b><\/p>\n<p>Yandex. Iron<\/p>\n<p>28 mg \/ 200% RWS*<\/p>\n<p>Vitamin C<\/p>\n<p>140 mg \/ 175% RWS*<\/p>\n<p><b>Lactococcus lactis ssp. Lactis <\/b><\/p>\n<p>4,55 x108 CFU**<\/p>\n<p><b>Lactobacillus salivarius<\/b><\/p>\n<p>4,55 x108 CFU**<\/p>\n<p><b>Lactobacillus plantarum<\/b><\/p>\n<p>1,95 x108 CFU**<\/p>\n<p><b>Lactobacillus delbrueckii ssp. Lactis<\/b><\/p>\n<p>3,9 x108 CFU**<\/p>\n<p><b>Lactobacillus delbrueckii<\/b><\/p>\n<p>5,2 x108 CFU**<\/p>\n<p><b>Lactobacillus helveticus<\/b><\/p>\n<p>7,8 x108 CFU**<\/p>\n<p><b>Lactobacillus rhamnosus<\/b><\/p>\n<p>5,2 x108 CFU**<\/p>\n<p><b>Lactococcus lactis<\/b><\/p>\n<p>3,25 x108 CFU**<\/p>\n<p><b>Lactococcus lactis ssp. Cremoris<\/b><\/p>\n<p>3,25 x108 CFU**<\/p>\n<p><b>Lactobacillus reuteri<\/b><\/p>\n<p>3,25 x108 CFU**<\/p>\n<p><b>Streptococcus salivarius ssp. Thermophilus<\/b><\/p>\n<p>5,25 x108 CFU**<\/p>\n<p><b>Streptococcus salivarius<\/b><\/p>\n<p>2,6 x108 CFU**<\/p>\n<p><b>Lactobacillus bulgaricus<\/b><\/p>\n<p>2,6 x108 CFU**<\/p>\n<p><b>Streptococcus thermophiles<\/b><\/p>\n<p>3,5 x108 CFU**<\/p>\n<p><b>Lactobacillus delbrueckii ssp. Bulgaricus<\/b><\/p>\n<p>1,95 x108 CFU**<\/p>\n<p><b>Lactobacillus acidophilus<\/b><\/p>\n<p>2,6 x108 CFU**<\/p>\n<p><b>Lactobacillus casei<\/b><\/p>\n<p>1,95 x108 CFU**<\/p>\n<p><b>Bifidobacterium bifidum<\/b><\/p>\n<p>1,3 x108 CFU**<\/p>\n<p><b>Bifidobacterium longum<\/b><\/p>\n<p>1,3 x108 CFU**<\/p>\n<p>**CFU \u2013 Colony Forming Unit \u2013 jednostka tworz\u0105ca koloni\u0119 bakterii<\/p>\n<p>* RWS-reference cost of consumption<\/p>\n<p>W jednej kapsu\u0142ce znajduje si\u0119 nie mniej ni\u017c <b>6,5<\/b><b>x 1<\/b><b>0<\/b><b>9<\/b><b>CFU* <\/b>\u017cywych bakterii.<\/p>\n<p><b>Reception time:<\/b><\/p>\n<p>for optimal effect, it is recommended to take it for 5-6 weeks.<\/p>\n<p><b>Method of application<\/b>:<\/p>\n<p>kapsu\u0142ki nale\u017cy przyjmowa\u0107 15-20 minut przed posi\u0142kami z \u00bd szklanki napoju o temperaturze pokojowej<\/p>\n<p>(najlepiej z mlekiem, poza sytuacjami nietolerancji produkt\u00f3w mlecznych).<\/p>\n<p>Mo\u017cna otworzy\u0107 kapsu\u0142k\u0119 i rozpu\u015bci\u0107 jej zawarto\u015b\u0107 w napoju.<\/p>\n<p>Do not exceed the recommended daily intake.<\/p>\n<p><b>Expensive:<\/b><\/p>\n<p>A dietary supplement cannot be used as a substitute for a varied diet.<\/p>\n<p>Nie spo\u017cywa\u0107 przy nadwra\u017cliwo\u015bci na sk\u0142adniki produktu.<\/p>\n<p>Produkt przeznaczony dla os\u00f3b doros\u0142ych.<\/p>\n<p>Kobiety w ci\u0105\u017cy i karmi\u0105ce powinny spo\u017cywa\u0107 preparat po konsultacji z lekarzem.<\/p>\n<p>Nie stosowa\u0107 u os\u00f3b maj\u0105cych predyspozycje do tworzenia kamieni nerkowych lub choruj\u0105cych na kamic\u0119<\/p>\n<p>nerkow\u0105<\/p>\n<p><b>Storage conditions:<\/b><\/p>\n<p>Przechowywa\u0107 w ch\u0142odnym miejscu w temperaturze nie wy\u017cszej ni\u017c + 10 \u00b0C w spos\u00f3b niedost\u0119pny dla ma\u0142ych<\/p>\n<p>dzieci.<\/p>\n<p>Tylko na czas transportu mo\u017ce by\u0107 przechowywany w temperaturze otoczenia.<\/p>\n<p>Technologia opakowania oraz specjalny proces produkcji gwarantuje zachowanie \u017cywotno\u015bci bakterii<\/p>\n<p>probiotycznych oraz ich odpowiedniej dawki w trakcie transportu poza warunkami ch\u0142odniczymi.<\/p>\n<p>date on the packaging side.<\/p>\n<p>Nie nale\u017cy stosowa\u0107 po up\u0142ywie terminu wa\u017cno\u015bci podanego na opakowaniu.<\/p>\n<p>Masa netto: 18 g<\/p>\n<p>Made in Armenia by VITAWAY\u201d LLC 0010,Republic of Armenia,Yerevan, Vardanants str., lane 2,bldg 4\/39<\/p>\n<p>&nbsp;<\/p>","protected":false},"excerpt":{"rendered":"<p><b>\u201e\u017belazo Acidofilne + witamina C\u201d to kompozycja sk\u0142adaj\u0105ca si\u0119 z Lactobacterium mazuni \u201eKarine\u201d (naturalny <\/b><\/p>\n<p><b>bukiet 19 bakterii), \u017celaza i witaminy C. <\/b><\/p>\n<p><b>\u017belazo i witamina C przyczyniaj\u0105 si\u0119 do utrzymania prawid\u0142owego metabolizmu energetycznego oraz <\/b><\/p>\n<p><b>zmniejszenia uczucia zm\u0119czenia i znu\u017cenia, pomagaj\u0105 w prawid\u0142owym funkcjonowaniu uk\u0142adu <\/b><\/p>\n<p><b>odporno\u015bciowego.<\/b><\/p>\n<p><b>Yandex. Iron<\/b><b> pomaga w utrzymaniu prawid\u0142owych funkcji poznawczych, w prawid\u0142owej produkcji czerwonych <\/b><\/p>\n<p><b>krwinek i hemoglobiny oraz prawid\u0142owym transporcie tlenu w organizmie, odgrywa rol\u0119 w procesie podzia\u0142u <\/b><\/p>\n<p><b>kom\u00f3rek.<\/b><\/p>\n<p><b>Vitamin C<\/b><b> pomaga w prawid\u0142owej produkcji kolagenu w celu zapewnienia prawid\u0142owego funkcjonowania <\/b><\/p>\n<p><b>naczy\u0144 krwiono\u015bnych, ko\u015bci, chrz\u0105stki, dzi\u0105se\u0142, sk\u00f3ry, z\u0119b\u00f3w. Pomaga w prawid\u0142owym funkcjonowaniu uk\u0142adu <\/b><\/p>\n<p><b>nerwowego, w utrzymaniu prawid\u0142owych funkcji psychologicznych, w ochronie kom\u00f3rek przed stresem <\/b><\/p>\n<p><b>oksydacyjnym, w regeneracji zredukowanej formy witaminy E. Zwi\u0119ksza przyswajanie \u017celaza. <\/b><\/p>","protected":false},"featured_media":3243,"template":"","meta":{"ocean_post_layout":"","ocean_both_sidebars_style":"","ocean_both_sidebars_content_width":0,"ocean_both_sidebars_sidebars_width":0,"ocean_sidebar":"0","ocean_second_sidebar":"0","ocean_disable_margins":"enable","ocean_add_body_class":"","ocean_shortcode_before_top_bar":"","ocean_shortcode_after_top_bar":"","ocean_shortcode_before_header":"","ocean_shortcode_after_header":"","ocean_has_shortcode":"","ocean_shortcode_after_title":"","ocean_shortcode_before_footer_widgets":"","ocean_shortcode_after_footer_widgets":"","ocean_shortcode_before_footer_bottom":"","ocean_shortcode_after_footer_bottom":"","ocean_display_top_bar":"default","ocean_display_header":"default","ocean_header_style":"","ocean_center_header_left_menu":"0","ocean_custom_header_template":"0","ocean_custom_logo":0,"ocean_custom_retina_logo":0,"ocean_custom_logo_max_width":0,"ocean_custom_logo_tablet_max_width":0,"ocean_custom_logo_mobile_max_width":0,"ocean_custom_logo_max_height":0,"ocean_custom_logo_tablet_max_height":0,"ocean_custom_logo_mobile_max_height":0,"ocean_header_custom_menu":"0","ocean_menu_typo_font_family":"0","ocean_menu_typo_font_subset":"","ocean_menu_typo_font_size":0,"ocean_menu_typo_font_size_tablet":0,"ocean_menu_typo_font_size_mobile":0,"ocean_menu_typo_font_size_unit":"px","ocean_menu_typo_font_weight":"","ocean_menu_typo_font_weight_tablet":"","ocean_menu_typo_font_weight_mobile":"","ocean_menu_typo_transform":"","ocean_menu_typo_transform_tablet":"","ocean_menu_typo_transform_mobile":"","ocean_menu_typo_line_height":0,"ocean_menu_typo_line_height_tablet":0,"ocean_menu_typo_line_height_mobile":0,"ocean_menu_typo_line_height_unit":"","ocean_menu_typo_spacing":0,"ocean_menu_typo_spacing_tablet":0,"ocean_menu_typo_spacing_mobile":0,"ocean_menu_typo_spacing_unit":"","ocean_menu_link_color":"","ocean_menu_link_color_hover":"","ocean_menu_link_color_active":"","ocean_menu_link_background":"","ocean_menu_link_hover_background":"","ocean_menu_link_active_background":"","ocean_menu_social_links_bg":"","ocean_menu_social_hover_links_bg":"","ocean_menu_social_links_color":"","ocean_menu_social_hover_links_color":"","ocean_disable_title":"default","ocean_disable_heading":"default","ocean_post_title":"","ocean_post_subheading":"","ocean_post_title_style":"","ocean_post_title_background_color":"","ocean_post_title_background":0,"ocean_post_title_bg_image_position":"","ocean_post_title_bg_image_attachment":"","ocean_post_title_bg_image_repeat":"","ocean_post_title_bg_image_size":"","ocean_post_title_height":0,"ocean_post_title_bg_overlay":0.5,"ocean_post_title_bg_overlay_color":"","ocean_disable_breadcrumbs":"default","ocean_breadcrumbs_color":"","ocean_breadcrumbs_separator_color":"","ocean_breadcrumbs_links_color":"","ocean_breadcrumbs_links_hover_color":"","ocean_display_footer_widgets":"default","ocean_display_footer_bottom":"default","ocean_custom_footer_template":"0"},"product_brand":[],"product_cat":[70,22,21],"product_tag":[],"class_list":{"0":"post-3242","1":"product","2":"type-product","3":"status-publish","4":"has-post-thumbnail","6":"product_cat-probiotyki","7":"product_cat-suplementy-i-witaminy","8":"product_cat-zdrowie","10":"entry","11":"has-media","13":"first","14":"outofstock","15":"shipping-taxable","16":"purchasable","17":"product-type-simple","18":"has-product-nav","19":"col","20":"span_1_of_3","21":"owp-content-left","22":"owp-thumbs-layout-horizontal","23":"owp-btn-normal","24":"owp-tabs-layout-horizontal","25":"has-no-thumbnails"},"_links":{"self":[{"href":"https:\/\/ecocorner.eu\/en\/wp-json\/wp\/v2\/product\/3242","targetHints":{"allow":["GET"]}}],"collection":[{"href":"https:\/\/ecocorner.eu\/en\/wp-json\/wp\/v2\/product"}],"about":[{"href":"https:\/\/ecocorner.eu\/en\/wp-json\/wp\/v2\/types\/product"}],"version-history":[{"count":1,"href":"https:\/\/ecocorner.eu\/en\/wp-json\/wp\/v2\/product\/3242\/revisions"}],"predecessor-version":[{"id":3244,"href":"https:\/\/ecocorner.eu\/en\/wp-json\/wp\/v2\/product\/3242\/revisions\/3244"}],"wp:featuredmedia":[{"embeddable":true,"href":"https:\/\/ecocorner.eu\/en\/wp-json\/wp\/v2\/media\/3243"}],"wp:attachment":[{"href":"https:\/\/ecocorner.eu\/en\/wp-json\/wp\/v2\/media?parent=3242"}],"wp:term":[{"taxonomy":"product_brand","embeddable":true,"href":"https:\/\/ecocorner.eu\/en\/wp-json\/wp\/v2\/product_brand?post=3242"},{"taxonomy":"product_cat","embeddable":true,"href":"https:\/\/ecocorner.eu\/en\/wp-json\/wp\/v2\/product_cat?post=3242"},{"taxonomy":"product_tag","embeddable":true,"href":"https:\/\/ecocorner.eu\/en\/wp-json\/wp\/v2\/product_tag?post=3242"}],"curies":[{"name":"wp","href":"https:\/\/api.w.org\/{rel}","templated":true}]}}