{"id":3256,"date":"2023-04-24T19:32:28","date_gmt":"2023-04-24T19:32:28","guid":{"rendered":"https:\/\/ecocorner.eu\/?post_type=product&#038;p=3256"},"modified":"2026-04-10T21:53:24","modified_gmt":"2026-04-10T21:53:24","slug":"lody-wodne-do-zamrozenia-bio-10-x-40-ml-400-ml-polaretti-fruit","status":"publish","type":"product","link":"https:\/\/ecocorner.eu\/en\/product\/lody-wodne-do-zamrozenia-bio-10-x-40-ml-400-ml-polaretti-fruit\/","title":{"rendered":"Bio-frozen water ice cream (10 x 40 ml) 400 ml-POLARETTI FRUIT"},"content":{"rendered":"<p><span data-containter=\"modal\"><span class=\"wartosc\">Ingredients<br \/>\nSmak pomara\u0144czowy. Sk\u0142adniki: woda, cukier trzcinowy*, sok pomara\u0144czowy z koncentratu* (6%), substancja zag\u0119szczaj\u0105ca: m\u0105czka chleba \u015bwi\u0119toja\u0144skiego*, regulator kwasowo\u015bci: kwas cytrynowy, naturalny aromat (*sk\u0142adniki ekologiczne)<br \/>\nSmak cytrynowy. Sk\u0142adniki: woda, cukier trzcinowy*, sok cytrynowy z koncentratu* (3%), substancja zag\u0119szczaj\u0105ca: m\u0105czka chleba \u015bwi\u0119toja\u0144skiego*, regulator kwasowo\u015bci: kwas cytrynowy, naturalny aromat (*sk\u0142adniki ekologiczne)<br \/>\nSmak truskawkowy. Sk\u0142adniki: woda, cukier trzcinowy*, sok truskawkowy z koncentratu* (6%), substancja zag\u0119szczaj\u0105ca: m\u0105czka chleba \u015bwi\u0119toja\u0144skiego*, regulator kwasowo\u015bci: kwas cytrynowy, naturalny aromat (*sk\u0142adniki ekologiczne)<br \/>\nSmak wi\u015bniowy. Sk\u0142adniki: woda, cukier trzcinowy*, sok wi\u015bniowy z koncentratu* (6%), substancja zag\u0119szczaj\u0105ca: m\u0105czka chleba \u015bwi\u0119toja\u0144skiego*, regulator kwasowo\u015bci: kwas cytrynowy, naturalny aromat (*sk\u0142adniki ekologiczne)<br \/>\n<\/span><\/span><\/p>","protected":false},"excerpt":{"rendered":"<p><span data-containter=\"modal\"><span class=\"wartosc\">Lody wodne 4 r\u00f3\u017cne smaki. Opakowanie zawiera 10 porcji po 40 ml.<\/p>\n<p>cooking method<br \/>\nWstrz\u0105\u015bnij i umie\u015b\u0107 lody w zamra\u017carce na w temperaturze -18\u00b0C do momentu zamro\u017cenia.<\/p>\n<p>WARTO\u015a\u0106 OD\u017bYWCZA W 100 ml<br \/>\nWaro\u015b\u0107 energetyczna: 338 kJ \/ 81 kcal<br \/>\nFat: 0 g<br \/>\nincluding saturated fatty acids: 0 g<br \/>\nW\u0119glowodany: 20 g<br \/>\nw tym cukry: 16 g<br \/>\nBia\u0142ko: 0,2 g<br \/>\nSalt: 0 g<\/p>\n<p>Notes<br \/>\nNa dnie opakowania,mo\u017ce pojawi\u0107 si\u0119 naturalny osad z soku z owoc\u00f3w.<br \/>\n<\/span><\/span><\/p>","protected":false},"featured_media":3257,"template":"","meta":{"ocean_post_layout":"","ocean_both_sidebars_style":"","ocean_both_sidebars_content_width":0,"ocean_both_sidebars_sidebars_width":0,"ocean_sidebar":"0","ocean_second_sidebar":"0","ocean_disable_margins":"enable","ocean_add_body_class":"","ocean_shortcode_before_top_bar":"","ocean_shortcode_after_top_bar":"","ocean_shortcode_before_header":"","ocean_shortcode_after_header":"","ocean_has_shortcode":"","ocean_shortcode_after_title":"","ocean_shortcode_before_footer_widgets":"","ocean_shortcode_after_footer_widgets":"","ocean_shortcode_before_footer_bottom":"","ocean_shortcode_after_footer_bottom":"","ocean_display_top_bar":"default","ocean_display_header":"default","ocean_header_style":"","ocean_center_header_left_menu":"0","ocean_custom_header_template":"0","ocean_custom_logo":0,"ocean_custom_retina_logo":0,"ocean_custom_logo_max_width":0,"ocean_custom_logo_tablet_max_width":0,"ocean_custom_logo_mobile_max_width":0,"ocean_custom_logo_max_height":0,"ocean_custom_logo_tablet_max_height":0,"ocean_custom_logo_mobile_max_height":0,"ocean_header_custom_menu":"0","ocean_menu_typo_font_family":"0","ocean_menu_typo_font_subset":"","ocean_menu_typo_font_size":0,"ocean_menu_typo_font_size_tablet":0,"ocean_menu_typo_font_size_mobile":0,"ocean_menu_typo_font_size_unit":"px","ocean_menu_typo_font_weight":"","ocean_menu_typo_font_weight_tablet":"","ocean_menu_typo_font_weight_mobile":"","ocean_menu_typo_transform":"","ocean_menu_typo_transform_tablet":"","ocean_menu_typo_transform_mobile":"","ocean_menu_typo_line_height":0,"ocean_menu_typo_line_height_tablet":0,"ocean_menu_typo_line_height_mobile":0,"ocean_menu_typo_line_height_unit":"","ocean_menu_typo_spacing":0,"ocean_menu_typo_spacing_tablet":0,"ocean_menu_typo_spacing_mobile":0,"ocean_menu_typo_spacing_unit":"","ocean_menu_link_color":"","ocean_menu_link_color_hover":"","ocean_menu_link_color_active":"","ocean_menu_link_background":"","ocean_menu_link_hover_background":"","ocean_menu_link_active_background":"","ocean_menu_social_links_bg":"","ocean_menu_social_hover_links_bg":"","ocean_menu_social_links_color":"","ocean_menu_social_hover_links_color":"","ocean_disable_title":"default","ocean_disable_heading":"default","ocean_post_title":"","ocean_post_subheading":"","ocean_post_title_style":"","ocean_post_title_background_color":"","ocean_post_title_background":0,"ocean_post_title_bg_image_position":"","ocean_post_title_bg_image_attachment":"","ocean_post_title_bg_image_repeat":"","ocean_post_title_bg_image_size":"","ocean_post_title_height":0,"ocean_post_title_bg_overlay":0.5,"ocean_post_title_bg_overlay_color":"","ocean_disable_breadcrumbs":"default","ocean_breadcrumbs_color":"","ocean_breadcrumbs_separator_color":"","ocean_breadcrumbs_links_color":"","ocean_breadcrumbs_links_hover_color":"","ocean_display_footer_widgets":"default","ocean_display_footer_bottom":"default","ocean_custom_footer_template":"0"},"product_brand":[],"product_cat":[23],"product_tag":[],"class_list":{"0":"post-3256","1":"product","2":"type-product","3":"status-publish","4":"has-post-thumbnail","6":"product_cat-zdrowe-przekaski","8":"entry","9":"has-media","11":"first","12":"instock","13":"shipping-taxable","14":"purchasable","15":"product-type-simple","16":"has-product-nav","17":"col","18":"span_1_of_3","19":"owp-content-left","20":"owp-thumbs-layout-horizontal","21":"owp-btn-normal","22":"owp-tabs-layout-horizontal","23":"has-no-thumbnails"},"_links":{"self":[{"href":"https:\/\/ecocorner.eu\/en\/wp-json\/wp\/v2\/product\/3256","targetHints":{"allow":["GET"]}}],"collection":[{"href":"https:\/\/ecocorner.eu\/en\/wp-json\/wp\/v2\/product"}],"about":[{"href":"https:\/\/ecocorner.eu\/en\/wp-json\/wp\/v2\/types\/product"}],"version-history":[{"count":1,"href":"https:\/\/ecocorner.eu\/en\/wp-json\/wp\/v2\/product\/3256\/revisions"}],"predecessor-version":[{"id":3258,"href":"https:\/\/ecocorner.eu\/en\/wp-json\/wp\/v2\/product\/3256\/revisions\/3258"}],"wp:featuredmedia":[{"embeddable":true,"href":"https:\/\/ecocorner.eu\/en\/wp-json\/wp\/v2\/media\/3257"}],"wp:attachment":[{"href":"https:\/\/ecocorner.eu\/en\/wp-json\/wp\/v2\/media?parent=3256"}],"wp:term":[{"taxonomy":"product_brand","embeddable":true,"href":"https:\/\/ecocorner.eu\/en\/wp-json\/wp\/v2\/product_brand?post=3256"},{"taxonomy":"product_cat","embeddable":true,"href":"https:\/\/ecocorner.eu\/en\/wp-json\/wp\/v2\/product_cat?post=3256"},{"taxonomy":"product_tag","embeddable":true,"href":"https:\/\/ecocorner.eu\/en\/wp-json\/wp\/v2\/product_tag?post=3256"}],"curies":[{"name":"wp","href":"https:\/\/api.w.org\/{rel}","templated":true}]}}