{"id":3338,"date":"2023-05-09T15:58:51","date_gmt":"2023-05-09T15:58:51","guid":{"rendered":"https:\/\/ecocorner.eu\/?post_type=product&#038;p=3338"},"modified":"2026-03-31T21:08:16","modified_gmt":"2026-03-31T21:08:16","slug":"biowen-witamina-b-complex-90-kaps","status":"publish","type":"product","link":"https:\/\/ecocorner.eu\/en\/product\/biowen-witamina-b-complex-90-kaps\/","title":{"rendered":"Biowen Vitamin B complex 90 caps."},"content":{"rendered":"<h2><strong>Kompleks witamin B 50 \u2013 czy warto go wybra\u0107?\u00a0<\/strong><\/h2>\n<p>Poza du\u017cymi ilo\u015bciami witamin z grupy B, dzi\u0119ki czemu dzienne zapotrzebowanie zaspokaja ju\u017c jedna kapsu\u0142ka suplementu, zastosowali\u015bmy r\u00f3wnie\u017c formy tych witamin, kt\u00f3re dobrze si\u0119 wch\u0142aniaj\u0105. Przyk\u0142adem mo\u017ce by\u0107 witamina B12 w formie metylokobalaminy fermentowanej, kt\u00f3ra jest lepsz\u0105 form\u0105 witaminy B12 od np. cyjanokobalaminy \u2013 syntetycznego odpowiednika. Pozostaje w naszym organizmie na d\u0142u\u017cej i \u015bwietnie si\u0119 wch\u0142ania \u2013 dlatego osoby z zaburzeniami wch\u0142aniania powinny zwraca\u0107 szczeg\u00f3ln\u0105 uwag\u0119 na form\u0119 tej witaminy.<\/p>\n<p>Innym wyr\u00f3\u017cnikiem, na kt\u00f3ry warto zwr\u00f3ci\u0107 uwag\u0119, jest zawarto\u015b\u0107 nukleotyd\u00f3w w 5 formach: uridine monophosphate, cytidine monophosphate, inosine monophosphate, adenosine monophosphate, guanoside monophosphate.<\/p>\n<p>Warto tak\u017ce zaznaczy\u0107, \u017ce w tym suplemencie zosta\u0142a zawarta aktywna forma B6 (P-5-P) oraz aktywny kwas foliowy. Dodatkowo zawiera TMG \u2013 sk\u0142adnik stanowi\u0105cy wsparcie procesu metylacji.<\/p>\n<p>Wybieraj\u0105c ca\u0142y kompleks witamin B nie musisz spo\u017cywa\u0107 ka\u017cdej z nich osobno. To wygoda i du\u017ca oszcz\u0119dno\u015b\u0107 czasu!<\/p>\n<h2><strong>Witamina B complex \u2013 lek czy suplement?<\/strong><\/h2>\n<p>Nasza Witamina B Complex+ to wyj\u0105tkowy suplement, kt\u00f3ry zawiera du\u017ce ilo\u015bci witamin z grupy B, jak i inne sk\u0142adniki, kt\u00f3re stanowi\u0105 wsparcie dla Twojego organizmu. Ten suplement ma czysty sk\u0142ad, wolny od kontrowersyjnych sk\u0142adnik\u00f3w. Specjalnie stworzona formu\u0142a, by da\u0107 Ci jak najwi\u0119cej z suplementacji, zosta\u0142a zamkni\u0119ta w wega\u0144skiej kapsu\u0142ce.<\/p>\n<div id=\"tab-action_tab\" class=\"tab-content resp-tab-content resp-tab-content-active\" aria-labelledby=\"tab_item-2\">\n<h2><strong>Biowen B Complex + \u2013 dzia\u0142anie suplementu:<\/strong><\/h2>\n<p>Kompleks witamin B najcz\u0119\u015bciej stosuje si\u0119 dla wsparcia samopoczucia psychicznego, uk\u0142adu nerwowego, dla zdrowego wygl\u0105du sk\u00f3ry, w\u0142os\u00f3w czy paznokci, a tak\u017ce wtedy, gdy chcemy wsparcia w kontroli wagi. To r\u00f3wnie\u017c \u015bwietny suplement dla wsparcia naszej naturalnej odporno\u015bci!<\/p>\n<h3><strong>Dzia\u0142anie kompleksu B50<\/strong><\/h3>\n<p>Je\u015bli interesuje Ci\u0119 witamina B, na co dzia\u0142a, jak dzia\u0142a i jak\u0105 wybra\u0107, to jeste\u015b w odpowiednim miejscu. Poni\u017cej znajdziesz list\u0119 sk\u0142adnik\u00f3w o udowodnionym badaniami dzia\u0142aniu, korzystnie wp\u0142ywaj\u0105cym na Tw\u00f3j organizm. Swoje dzia\u0142anie nasz kompleks witamin B zawdzi\u0119cza wysokiej jako\u015bci sk\u0142adnikom, du\u017cym porcjom i opatentowanym formu\u0142om, kt\u00f3re wspieraj\u0105 ca\u0142y produkt pod wzgl\u0119dem jego w\u0142a\u015bciwo\u015bci!<\/p>\n<h3><strong>Dzia\u0142anie sk\u0142adnik\u00f3w suplementu<\/strong><\/h3>\n<p>Poznaj sk\u0142adniki, kt\u00f3re wp\u0142ywaj\u0105 na dzia\u0142anie naszego suplementu Witamina B Complex+! Ka\u017cdy z nich jest pewnego pochodzenia, a jego ilo\u015b\u0107 w suplemencie jest optymalna.<\/p>\n<ul>\n<li aria-level=\"1\"><strong>Betaina bezwodna (Trimetyloglicyna TMG)<\/strong><\/li>\n<\/ul>\n<p>Betaina w odpowiednich ilo\u015bciach wp\u0142ywa korzystnie na metabolizm homocysteiny. Za zbyt wysoki poziom homocysteiny odpowiadaj\u0105 g\u0142\u00f3wnie niedobory witamin z grupy B! Uwaga, spo\u017cywanie zbyt du\u017cych ilo\u015bci betainy dziennie (powy\u017cej 4 g) mo\u017ce prowadzi\u0107 do zwi\u0119kszenia poziomu cholesterolu we krwi.<\/p>\n<ul>\n<li aria-level=\"1\"><strong>Cholina (VitaCholine\u00ae\ufe0f)<\/strong><\/li>\n<\/ul>\n<p>Cholina w opatentowanej formule wp\u0142ywa na metabolizm homocysteiny, ale tak\u017ce na pomaga w\u0105trobie w utrzymaniu prawid\u0142owego funkcjonowania. Bierze te\u017c udzia\u0142 w metabolizowaniu t\u0142uszcz\u00f3w w organizmie.<\/p>\n<ul>\n<li aria-level=\"1\"><strong>Witamina B1 (Tiamina)<\/strong><\/li>\n<\/ul>\n<p>Tiamina odpowiada za czynno\u015bci serca, dzia\u0142anie uk\u0142adu nerwowego, metabolizm energetyczny, prawid\u0142owy przebieg funkcji psychologicznych, metabolizm w\u0119glowodan\u00f3w i poziom energii u dzieci oraz pomaga uk\u0142adowi nerwowemu poprawnie si\u0119 rozwija\u0107 i funkcjonowa\u0107.<\/p>\n<ul>\n<li aria-level=\"1\"><strong>Witamina B2 (Ryboflawina)<\/strong><\/li>\n<\/ul>\n<p>Pomaga prawid\u0142owo pozyskiwa\u0107 energi\u0119, metabolizowa\u0107 \u017celazo, dba\u0107 o b\u0142ony \u015bluzowe i sk\u00f3r\u0119, wzrok, budow\u0119 czerwonych krwinek. Odgrywa r\u00f3wnie\u017c wa\u017cn\u0105 rol\u0119 w zmniejszaniu uczucia zm\u0119czenia, dzia\u0142aniu uk\u0142adu nerwowego czy metabolizmie energetycznym.<\/p>\n<ul>\n<li aria-level=\"1\"><strong>Witamina B3 (Niacyna)<\/strong><\/li>\n<\/ul>\n<p>Ma podobne dzia\u0142anie do Ryboflawiny. R\u00f3wnie\u017c dba o uk\u0142ad nerwowy, metabolizm energetyczny, funkcje psychiczne czy sk\u00f3r\u0119 i b\u0142ony \u015bluzowe. Przyczynia si\u0119 do zmniejszenia zm\u0119czenia.<\/p>\n<ul>\n<li aria-level=\"1\"><strong>Witamina B5 \u2013 kwas pantotenowy<\/strong><\/li>\n<\/ul>\n<p>Z kolei witamina B5 wp\u0142ywa na zdolno\u015bci umys\u0142owe i metabolizm energetyczny. Co ciekawe jest wa\u017cna do syntezy i metabolizowania witaminy D, hormon\u00f3w steroidowych oraz wybranych neurotransmiter\u00f3w!<\/p>\n<ul>\n<li aria-level=\"1\"><strong>Witamina B6 (P5P, pirydoksalo\u20115-fosforan)<\/strong><\/li>\n<\/ul>\n<p>Wa\u017cna witamina dla uk\u0142adu nerwowego, odporno\u015bciowego, hormonalnego. Bierze udzia\u0142 w tworzeniu erytrocyt\u00f3w, metabolizmie bia\u0142ek, glikogenu czy homocysteiny. Zmniejsza uczucie zm\u0119czenia, korzystnie wp\u0142ywa na funkcje psychologiczne oraz bierze udzia\u0142 w syntezie cysteiny.<\/p>\n<ul>\n<li aria-level=\"1\"><strong>Witamina B12 (metylokobalamina fermentowana)<\/strong><\/li>\n<\/ul>\n<p>Ta witamina r\u00f3wnie\u017c zmniejsza zm\u0119czenie, a przy tym: pomaga tworzy\u0107 erytrocyty, bierze udzia\u0142 w podzia\u0142ach kom\u00f3rek, w metabolizmie homocysteiny, metabolizmie energetycznym. Wspiera uk\u0142ad odporno\u015bciowy, funkcje neurologiczne i psychologiczne.<\/p>\n<ul>\n<li aria-level=\"1\"><strong>Kwas p-aminobenzoesowy (PABA)<\/strong><\/li>\n<\/ul>\n<p>Dawniej nazywany witamin\u0105 B10.<\/p>\n<ul>\n<li aria-level=\"1\"><strong>Inozytol (Mio-inozytol)<\/strong><\/li>\n<\/ul>\n<p>Inaczej witamina B8. To witaminoid, czyli substancja podobna do witamin. Sk\u0142adnik p\u0142yn\u00f3w obecnych w naszym ustroju.<\/p>\n<ul>\n<li aria-level=\"1\"><strong>Quatrefolic\u00ae\ufe0f<\/strong><\/li>\n<\/ul>\n<p>Kwas foliowy w opatentowanej formule. Odpowiada za tworzenie czerwonych krwinek, zmniejszanie zm\u0119czenia, metabolizm homocysteiny, prawid\u0142owy przebieg funkcji psychologicznych czy tworzenie si\u0119 aminokwas\u00f3w.<\/p>\n<ul>\n<li aria-level=\"1\"><strong>Biotyna (D-Biotyna)<\/strong><\/li>\n<\/ul>\n<p>Dba o sk\u00f3r\u0119 i w\u0142osy. Wspiera nie tylko metabolizm makrosk\u0142adnik\u00f3w, ale tak\u017ce metabolizm energetyczny. Dodatkowo wspiera funkcje psychologiczne.<\/p>\n<ul>\n<li aria-level=\"1\"><strong>Nukleotydy<\/strong><\/li>\n<\/ul>\n<p>To g\u0142\u00f3wny budulec kwas\u00f3w nukleinowych DNA i RNA. S\u0105 niezwykle wa\u017cne w naszym organizmie.<\/p>\n<ul>\n<li aria-level=\"1\"><strong>Piperyna 95% (Bioperine\u00ae)<\/strong><\/li>\n<\/ul>\n<p>Ekstrakt z pieprzu czarnego w opatentowanej formule zwi\u0119ksza biodost\u0119pno\u015b\u0107 sk\u0142adnik\u00f3w od\u017cywczych zawartych w tym suplemencie \u2013 zwi\u0119ksza ich wch\u0142anianie.<\/p>\n<\/div>\n<h2><strong>Zalecane dzienne spo\u017cycie<\/strong><\/h2>\n<p>Zaleca si\u0119 jedn\u0105 kapsu\u0142k\u0119 dziennie. Nie nale\u017cy przekracza\u0107 zalecanej porcji.<\/p>\n<h2><strong>Przeciwwskazania<\/strong><\/h2>\n<p>Suplement nie mo\u017ce by\u0107 stosowany, je\u015bli wyst\u0119puje uczulenie na kt\u00f3rykolwiek ze sk\u0142adnik\u00f3w. Nie nale\u017cy przekracza\u0107 dziennej porcji.<\/p>\n<p class=\"font-weight-bold mb-1\">Sk\u0142adniki<\/p>\n<h2>Biowen B Complex + \u2013 sk\u0142adniki<\/h2>\n<p>Witamina B complex sk\u0142ad:<\/p>\n<p>Betaina bezwodna (Trimetyloglicyna TMG), Cholina (VitaCholine\u00ae), witamina B1 (Tiamina), witamina B2 (Ryboflawina), witamina B3 (Niacyna) \u2013 kwas nikotynowy, amid kwasu nikotynowego, witamina B5 \u2013 kwas pantotenowy, witamina B6 (P-5-P pirydoksalo\u20115-fosforan), witamina B12 (metylokobalamina fermentowana), kwas p-aminobenzoesowy (PABA), inozytol (Mio-inozytol), B9 \u2013 Metylofolian (Quatrefolic\u00ae), biotyna (D-Biotyna), nukleotydy, ekstrakt z pieprzu czarnego standaryzowany na 95% piperyny (Bioperine\u00ae) DER [50:1], otoczka kapsu\u0142ki: hydroksypropylometyloceluloza.<\/p>\n<p>&nbsp;<\/p>\n<p>&nbsp;<\/p>\n","protected":false},"excerpt":{"rendered":"<h2><strong>Vitamin B Complex-Vegan B Vitamin Complex from Biowen<\/strong><\/h2>\n<p>A B vitamin complex with proprietary formulas and high portions of individual ingredients is the perfect product for you if you are looking for a high-quality supplement. Vitamin B-When to take it? When:<\/p>\n<ul>\n<li aria-level=\"1\">do you want to support your nervous system,<\/li>\n<li aria-level=\"1\">do you want to support your mental well-being,<\/li>\n<li aria-level=\"1\">do you want to take care of your hair, skin and nails,<\/li>\n<li aria-level=\"1\">you need to strengthen your immune system,<\/li>\n<li aria-level=\"1\">and you are looking for support in weight control!<\/li>\n<\/ul>\n<p>Vitamin B Complex provides you with essential B vitamins: B1 (Thiamine), B2 (Riboflavin), B3 (Niacin) \u2013 Nicotinic Acid, Nicotinic Acid Amide, B5 (Pantothenic acid), B6 (P-5-P Pyridoxalo\u20115-Phosphate), B9 \u2013 Methylfolate (Quatrefolic\u00ae), B12 (fermented methylcobalamin). Ingredients that additionally support the action of the supplement that were used: betaine anhydrous (Trimethylglycine TMG), choline, p-aminobenzoic acid (PABA), inositol (Myo-inositol), biotin (D-biotin), nucleotides, black pepper extract standardized for 95% piperine (Bioperine\u00ae).<\/p>\n<p>A rich blend of high-quality ingredients that work together to ensure you feel good, take care of your natural immunity, and keep you healthy.<\/p>","protected":false},"featured_media":3339,"template":"","meta":{"ocean_post_layout":"","ocean_both_sidebars_style":"","ocean_both_sidebars_content_width":0,"ocean_both_sidebars_sidebars_width":0,"ocean_sidebar":"0","ocean_second_sidebar":"0","ocean_disable_margins":"enable","ocean_add_body_class":"","ocean_shortcode_before_top_bar":"","ocean_shortcode_after_top_bar":"","ocean_shortcode_before_header":"","ocean_shortcode_after_header":"","ocean_has_shortcode":"","ocean_shortcode_after_title":"","ocean_shortcode_before_footer_widgets":"","ocean_shortcode_after_footer_widgets":"","ocean_shortcode_before_footer_bottom":"","ocean_shortcode_after_footer_bottom":"","ocean_display_top_bar":"default","ocean_display_header":"default","ocean_header_style":"","ocean_center_header_left_menu":"0","ocean_custom_header_template":"0","ocean_custom_logo":0,"ocean_custom_retina_logo":0,"ocean_custom_logo_max_width":0,"ocean_custom_logo_tablet_max_width":0,"ocean_custom_logo_mobile_max_width":0,"ocean_custom_logo_max_height":0,"ocean_custom_logo_tablet_max_height":0,"ocean_custom_logo_mobile_max_height":0,"ocean_header_custom_menu":"0","ocean_menu_typo_font_family":"0","ocean_menu_typo_font_subset":"","ocean_menu_typo_font_size":0,"ocean_menu_typo_font_size_tablet":0,"ocean_menu_typo_font_size_mobile":0,"ocean_menu_typo_font_size_unit":"px","ocean_menu_typo_font_weight":"","ocean_menu_typo_font_weight_tablet":"","ocean_menu_typo_font_weight_mobile":"","ocean_menu_typo_transform":"","ocean_menu_typo_transform_tablet":"","ocean_menu_typo_transform_mobile":"","ocean_menu_typo_line_height":0,"ocean_menu_typo_line_height_tablet":0,"ocean_menu_typo_line_height_mobile":0,"ocean_menu_typo_line_height_unit":"","ocean_menu_typo_spacing":0,"ocean_menu_typo_spacing_tablet":0,"ocean_menu_typo_spacing_mobile":0,"ocean_menu_typo_spacing_unit":"","ocean_menu_link_color":"","ocean_menu_link_color_hover":"","ocean_menu_link_color_active":"","ocean_menu_link_background":"","ocean_menu_link_hover_background":"","ocean_menu_link_active_background":"","ocean_menu_social_links_bg":"","ocean_menu_social_hover_links_bg":"","ocean_menu_social_links_color":"","ocean_menu_social_hover_links_color":"","ocean_disable_title":"default","ocean_disable_heading":"default","ocean_post_title":"","ocean_post_subheading":"","ocean_post_title_style":"","ocean_post_title_background_color":"","ocean_post_title_background":0,"ocean_post_title_bg_image_position":"","ocean_post_title_bg_image_attachment":"","ocean_post_title_bg_image_repeat":"","ocean_post_title_bg_image_size":"","ocean_post_title_height":0,"ocean_post_title_bg_overlay":0.5,"ocean_post_title_bg_overlay_color":"","ocean_disable_breadcrumbs":"default","ocean_breadcrumbs_color":"","ocean_breadcrumbs_separator_color":"","ocean_breadcrumbs_links_color":"","ocean_breadcrumbs_links_hover_color":"","ocean_display_footer_widgets":"default","ocean_display_footer_bottom":"default","ocean_custom_footer_template":"0"},"product_brand":[],"product_cat":[79,22],"product_tag":[],"class_list":{"0":"post-3338","1":"product","2":"type-product","3":"status-publish","4":"has-post-thumbnail","6":"product_cat-biowen","7":"product_cat-suplementy-i-witaminy","9":"entry","10":"has-media","12":"first","13":"instock","14":"shipping-taxable","15":"purchasable","16":"product-type-simple","17":"has-product-nav","18":"col","19":"span_1_of_3","20":"owp-content-left","21":"owp-thumbs-layout-horizontal","22":"owp-btn-normal","23":"owp-tabs-layout-horizontal","24":"has-no-thumbnails"},"_links":{"self":[{"href":"https:\/\/ecocorner.eu\/en\/wp-json\/wp\/v2\/product\/3338","targetHints":{"allow":["GET"]}}],"collection":[{"href":"https:\/\/ecocorner.eu\/en\/wp-json\/wp\/v2\/product"}],"about":[{"href":"https:\/\/ecocorner.eu\/en\/wp-json\/wp\/v2\/types\/product"}],"version-history":[{"count":1,"href":"https:\/\/ecocorner.eu\/en\/wp-json\/wp\/v2\/product\/3338\/revisions"}],"predecessor-version":[{"id":3340,"href":"https:\/\/ecocorner.eu\/en\/wp-json\/wp\/v2\/product\/3338\/revisions\/3340"}],"wp:featuredmedia":[{"embeddable":true,"href":"https:\/\/ecocorner.eu\/en\/wp-json\/wp\/v2\/media\/3339"}],"wp:attachment":[{"href":"https:\/\/ecocorner.eu\/en\/wp-json\/wp\/v2\/media?parent=3338"}],"wp:term":[{"taxonomy":"product_brand","embeddable":true,"href":"https:\/\/ecocorner.eu\/en\/wp-json\/wp\/v2\/product_brand?post=3338"},{"taxonomy":"product_cat","embeddable":true,"href":"https:\/\/ecocorner.eu\/en\/wp-json\/wp\/v2\/product_cat?post=3338"},{"taxonomy":"product_tag","embeddable":true,"href":"https:\/\/ecocorner.eu\/en\/wp-json\/wp\/v2\/product_tag?post=3338"}],"curies":[{"name":"wp","href":"https:\/\/api.w.org\/{rel}","templated":true}]}}