{"id":3448,"date":"2023-06-08T17:32:47","date_gmt":"2023-06-08T17:32:47","guid":{"rendered":"https:\/\/ecocorner.eu\/?post_type=product&#038;p=3448"},"modified":"2026-01-15T22:12:31","modified_gmt":"2026-01-15T22:12:31","slug":"hair-in-balance-by-onlybio-maska-do-wlosow-srednioporowatych-400-ml","status":"publish","type":"product","link":"https:\/\/ecocorner.eu\/en\/product\/hair-in-balance-by-onlybio-maska-do-wlosow-srednioporowatych-400-ml\/","title":{"rendered":"Hair in Balance by ONLYBIO Maska do w\u0142os\u00f3w \u015brednioporowatych 400 ml"},"content":{"rendered":"","protected":false},"excerpt":{"rendered":"<div class=\"hb-maska-srednio-dzialanie\">\n<p>Maska do w\u0142os\u00f3w \u015brednioporowatych z linii Hair in Balance to nasze rozwi\u0105zanie dla<br \/>\nprzesuszaj\u0105cych si\u0119 w\u0142os\u00f3w z tendencj\u0105 do puszenia.<\/p>\n<\/div>\n<div class=\"hb-maska-srednio-zalety\">\n<div class=\"hb-maska-srednio-zalety-lewo\">\n<p><img decoding=\"async\" class=\"ls-is-cached lazyloaded\" src=\"https:\/\/onlybio.life\/img\/hair-balance-img\/hair-in-balance2\/onlybio_hib_maska-do-wlosow-srednioporowatych_400ml_p_5902811787802_1.webp\" alt=\"\" data-src=\"https:\/\/onlybio.life\/img\/hair-balance-img\/hair-in-balance2\/onlybio_hib_maska-do-wlosow-srednioporowatych_400ml_p_5902811787802_1.webp\" \/><\/p>\n<p class=\"hb-maska-srednio-tekst-zalety-lewo\"><img decoding=\"async\" class=\"ls-is-cached lazyloaded\" src=\"https:\/\/onlybio.life\/img\/hb\/203\/6m.png\" alt=\"\" data-src=\"https:\/\/onlybio.life\/img\/hb\/203\/6m.png\" \/> Capacity: 400ml<\/p>\n<\/div>\n<div class=\"hb-maska-srednio-zalety-prawo\">\n<div class=\"hb-maska-srednio-zalety-top\">\n<p>Product Advantages:<\/p>\n<\/div>\n<div class=\"hb-maska-srednio-zaleta\">\n<div class=\"hb-maska-srednio-zalety-prawo-ikona\"><img decoding=\"async\" class=\"ls-is-cached lazyloaded\" src=\"https:\/\/onlybio.life\/img\/hb\/203\/elipse_what_is_hairbalance_5.png\" alt=\"\" data-src=\"https:\/\/onlybio.life\/img\/hb\/203\/elipse_what_is_hairbalance_5.png\" \/><\/div>\n<div class=\"hb-maska-srednio-zalety-prawo-tekst\">\n<p>When should I apply the mask?<\/p>\n<p>Gdy w\u0142osy maj\u0105 tendencj\u0119 do przesuszania si\u0119<br \/>\ni puszenia.<\/p>\n<\/div>\n<\/div>\n<div class=\"hb-maska-srednio-zaleta\">\n<div class=\"hb-maska-srednio-zalety-prawo-ikona\"><img decoding=\"async\" class=\"ls-is-cached lazyloaded\" src=\"https:\/\/onlybio.life\/img\/hb\/203\/elipse_what_is_hairbalance_6.svg\" alt=\"\" data-src=\"https:\/\/onlybio.life\/img\/hb\/203\/elipse_what_is_hairbalance_6.svg\" \/><\/div>\n<div class=\"hb-maska-srednio-zalety-prawo-tekst\">\n<p>What is the effect?<\/p>\n<p>\u0141uska w\u0142osa domyka si\u0119, dzi\u0119ki czemu w\u0142osy<br \/>\ns\u0105 bardziej g\u0142adkie i l\u015bni\u0105ce.<\/p>\n<\/div>\n<\/div>\n<div class=\"hb-maska-srednio-zaleta\">\n<div class=\"hb-maska-srednio-zalety-prawo-ikona\"><img decoding=\"async\" class=\"ls-is-cached lazyloaded\" src=\"https:\/\/onlybio.life\/img\/hb\/203\/elipse_what_is_hairbalance_2.svg\" alt=\"\" data-src=\"https:\/\/onlybio.life\/img\/hb\/203\/elipse_what_is_hairbalance_2.svg\" \/><\/div>\n<div class=\"hb-maska-srednio-zalety-prawo-tekst\">\n<p>What does it smell like?<\/p>\n<p>Fascinating aroma of raspberries and pink pepper<br \/>\nit will take care of your great mood!<\/p>\n<\/div>\n<\/div>\n<div class=\"hb-maska-srednio-zalety-bottom\">\n<p>Method of application:<\/p>\n<p>Apply a small amount of the product to wet hair, which has been printed with<br \/>\nexcess water. Rinse after at least a few minutes.<\/p>\n<h2>Composition:<\/h2>\n<p>Aqua, Cetearyl Alcohol, Helianthus Annuus (Sunflower) Seed Oil, Coco-Caprylate\/Caprate, Behentrimonium Chloride, Glycerin, Ricinus Communis Seed Oil, Persea Gratissima (Avocado) Oil, Prunus Amygdalus Dulcis (Sweet Almond) Oil, Tocopherol, Guar Hydroxypropyltrimonium Chloride, Cetrimonium Chloride, Benzyl Alcohol, Benzoic Acid, Dehydroacetic Acid, Citric Acid, Parfum, Linalool.<\/p><\/div>\n<\/div>\n<\/div>","protected":false},"featured_media":3449,"template":"","meta":{"ocean_post_layout":"","ocean_both_sidebars_style":"","ocean_both_sidebars_content_width":0,"ocean_both_sidebars_sidebars_width":0,"ocean_sidebar":"0","ocean_second_sidebar":"0","ocean_disable_margins":"enable","ocean_add_body_class":"","ocean_shortcode_before_top_bar":"","ocean_shortcode_after_top_bar":"","ocean_shortcode_before_header":"","ocean_shortcode_after_header":"","ocean_has_shortcode":"","ocean_shortcode_after_title":"","ocean_shortcode_before_footer_widgets":"","ocean_shortcode_after_footer_widgets":"","ocean_shortcode_before_footer_bottom":"","ocean_shortcode_after_footer_bottom":"","ocean_display_top_bar":"default","ocean_display_header":"default","ocean_header_style":"","ocean_center_header_left_menu":"0","ocean_custom_header_template":"0","ocean_custom_logo":0,"ocean_custom_retina_logo":0,"ocean_custom_logo_max_width":0,"ocean_custom_logo_tablet_max_width":0,"ocean_custom_logo_mobile_max_width":0,"ocean_custom_logo_max_height":0,"ocean_custom_logo_tablet_max_height":0,"ocean_custom_logo_mobile_max_height":0,"ocean_header_custom_menu":"0","ocean_menu_typo_font_family":"0","ocean_menu_typo_font_subset":"","ocean_menu_typo_font_size":0,"ocean_menu_typo_font_size_tablet":0,"ocean_menu_typo_font_size_mobile":0,"ocean_menu_typo_font_size_unit":"px","ocean_menu_typo_font_weight":"","ocean_menu_typo_font_weight_tablet":"","ocean_menu_typo_font_weight_mobile":"","ocean_menu_typo_transform":"","ocean_menu_typo_transform_tablet":"","ocean_menu_typo_transform_mobile":"","ocean_menu_typo_line_height":0,"ocean_menu_typo_line_height_tablet":0,"ocean_menu_typo_line_height_mobile":0,"ocean_menu_typo_line_height_unit":"","ocean_menu_typo_spacing":0,"ocean_menu_typo_spacing_tablet":0,"ocean_menu_typo_spacing_mobile":0,"ocean_menu_typo_spacing_unit":"","ocean_menu_link_color":"","ocean_menu_link_color_hover":"","ocean_menu_link_color_active":"","ocean_menu_link_background":"","ocean_menu_link_hover_background":"","ocean_menu_link_active_background":"","ocean_menu_social_links_bg":"","ocean_menu_social_hover_links_bg":"","ocean_menu_social_links_color":"","ocean_menu_social_hover_links_color":"","ocean_disable_title":"default","ocean_disable_heading":"default","ocean_post_title":"","ocean_post_subheading":"","ocean_post_title_style":"","ocean_post_title_background_color":"","ocean_post_title_background":0,"ocean_post_title_bg_image_position":"","ocean_post_title_bg_image_attachment":"","ocean_post_title_bg_image_repeat":"","ocean_post_title_bg_image_size":"","ocean_post_title_height":0,"ocean_post_title_bg_overlay":0.5,"ocean_post_title_bg_overlay_color":"","ocean_disable_breadcrumbs":"default","ocean_breadcrumbs_color":"","ocean_breadcrumbs_separator_color":"","ocean_breadcrumbs_links_color":"","ocean_breadcrumbs_links_hover_color":"","ocean_display_footer_widgets":"default","ocean_display_footer_bottom":"default","ocean_custom_footer_template":"0"},"product_brand":[],"product_cat":[41,64,36],"product_tag":[],"class_list":{"0":"post-3448","1":"product","2":"type-product","3":"status-publish","4":"has-post-thumbnail","6":"product_cat-odzywki-i-maski-do-wlosow","7":"product_cat-oferta-tygodnia","8":"product_cat-promocje-wyprzedaze","10":"entry","11":"has-media","13":"first","14":"instock","15":"sale","16":"shipping-taxable","17":"purchasable","18":"product-type-simple","19":"has-product-nav","20":"col","21":"span_1_of_3","22":"owp-content-left","23":"owp-thumbs-layout-horizontal","24":"owp-btn-normal","25":"owp-tabs-layout-horizontal","26":"has-no-thumbnails"},"_links":{"self":[{"href":"https:\/\/ecocorner.eu\/en\/wp-json\/wp\/v2\/product\/3448","targetHints":{"allow":["GET"]}}],"collection":[{"href":"https:\/\/ecocorner.eu\/en\/wp-json\/wp\/v2\/product"}],"about":[{"href":"https:\/\/ecocorner.eu\/en\/wp-json\/wp\/v2\/types\/product"}],"version-history":[{"count":1,"href":"https:\/\/ecocorner.eu\/en\/wp-json\/wp\/v2\/product\/3448\/revisions"}],"predecessor-version":[{"id":3450,"href":"https:\/\/ecocorner.eu\/en\/wp-json\/wp\/v2\/product\/3448\/revisions\/3450"}],"wp:featuredmedia":[{"embeddable":true,"href":"https:\/\/ecocorner.eu\/en\/wp-json\/wp\/v2\/media\/3449"}],"wp:attachment":[{"href":"https:\/\/ecocorner.eu\/en\/wp-json\/wp\/v2\/media?parent=3448"}],"wp:term":[{"taxonomy":"product_brand","embeddable":true,"href":"https:\/\/ecocorner.eu\/en\/wp-json\/wp\/v2\/product_brand?post=3448"},{"taxonomy":"product_cat","embeddable":true,"href":"https:\/\/ecocorner.eu\/en\/wp-json\/wp\/v2\/product_cat?post=3448"},{"taxonomy":"product_tag","embeddable":true,"href":"https:\/\/ecocorner.eu\/en\/wp-json\/wp\/v2\/product_tag?post=3448"}],"curies":[{"name":"wp","href":"https:\/\/api.w.org\/{rel}","templated":true}]}}