{"id":3451,"date":"2023-06-08T17:34:50","date_gmt":"2023-06-08T17:34:50","guid":{"rendered":"https:\/\/ecocorner.eu\/?post_type=product&#038;p=3451"},"modified":"2026-04-11T19:15:32","modified_gmt":"2026-04-11T19:15:32","slug":"reverse-washing-by-onlybio-odzywka-wygladzajaco-nawilzajaca-w-mgielce-150-ml","status":"publish","type":"product","link":"https:\/\/ecocorner.eu\/en\/product\/reverse-washing-by-onlybio-odzywka-wygladzajaco-nawilzajaca-w-mgielce-150-ml\/","title":{"rendered":"Reverse Washing by ONLYBIO moisturizing and smoothing Mist conditioner 150 ml"},"content":{"rendered":"","protected":false},"excerpt":{"rendered":"<p><strong>Od\u017cywianie bez obci\u0105\u017cania<\/strong><\/p>\n<p>Twoje w\u0142osy s\u0105 matowe, szorstkie i \u0142atwo si\u0119 \u0142ami\u0105? Ich rozczesywanie nie nale\u017cy do przyjemno\u015bci? W takim razie wyg\u0142adzaj\u0105co-nawil\u017caj\u0105ca Od\u017cywka w mgie\u0142ce Reverse hair washing jest dla Ciebie! Jej aplikacja zajmie Ci dos\u0142ownie chwil\u0119, a efekty pozostan\u0105 na d\u0142ugo. Dzi\u0119ki niej rozwi\u0105\u017cesz problem pl\u0105cz\u0105cych si\u0119 kosmyk\u00f3w, a tak\u017ce poprawisz wygl\u0105d w\u0142os\u00f3w. Jej wega\u0144ska formu\u0142a zawiera proteiny kukurydzy oraz silikony.<\/p>\n<p>Wypr\u00f3buj metod\u0119 \u201eReverse Washing\u201d, je\u017celi chcesz mie\u0107 od\u017cywione w\u0142osy, a przy tym pragniesz unikn\u0105\u0107 obci\u0105\u017cenia pasma. Dzi\u0119ki niej nawet podczas stosowania bogatych w sk\u0142adniki od\u017cywcze produkt\u00f3w pasma pozostaj\u0105 mi\u0119kkie oraz pe\u0142ne obj\u0119to\u015bci. To rozwi\u0105zanie, kt\u00f3re mo\u017ce szczeg\u00f3lnie dobrze sprawdzi\u0107 si\u0119 w przypadku w\u0142os\u00f3w cienkich oraz z tendencj\u0105 do szybkiego przet\u0142uszczania.<\/p>\n<ul>\n<li><strong>When should I apply it?<\/strong> Po ka\u017cdym myciu, zw\u0142aszcza je\u015bli chcesz unikn\u0105\u0107 problemu z rozczesywaniem w\u0142os\u00f3w.<\/li>\n<li><strong>What is the effect?<\/strong> W\u0142osy nie tylko si\u0119 nie pl\u0105cz\u0105, ale i s\u0105 pe\u0142ne obj\u0119to\u015bci, emanuj\u0105 blaskiem, a przy tym s\u0105 widocznie od\u017cywione.<\/li>\n<li><strong>What does it smell like?<\/strong> Guarana i zielona herbata to energetyzuj\u0105ce, \u015bwie\u017ce po\u0142\u0105czenie, kt\u00f3re poprawia nastr\u00f3j!<\/li>\n<\/ul>\n<p><strong>Method of application: <\/strong>Od\u017cywk\u0119 w mgie\u0142ce Reverse hair washing rozpyl na czyste, zwil\u017cone w\u0142osy \u2013 zawsze jako ostatni krok piel\u0119gnacji.<\/p>\n<p><strong>\u00a0<\/strong><\/p>\n<p><strong>Ingredients:<\/strong> Aqua, Cyclopentasiloxane, Bis-(Isostearoyl\/ Oleoyl Isopropyl) Dimonium Methosulfate, Behentrimonium Chloride, Persea Gratissima (Avocado) Oil, Cocos Nucifera (Coconut) Oil, Hydrolyzed Corn Protein, Cetearyl Alcohol, Polyester-5, Cetrimonium Chloride, Glycerin, Polyglyceryl-4 Laurate\/Sebacate, Polyglyceryl-6 Caprylate\/Caprate, Benzyl Alcohol, Potassium Sorbate, Parfum, Linalool, Citronellol, Geraniol, Alpha-Isomethyl Ionone, Limonene, Citral.<\/p>","protected":false},"featured_media":3452,"template":"","meta":{"ocean_post_layout":"","ocean_both_sidebars_style":"","ocean_both_sidebars_content_width":0,"ocean_both_sidebars_sidebars_width":0,"ocean_sidebar":"0","ocean_second_sidebar":"0","ocean_disable_margins":"enable","ocean_add_body_class":"","ocean_shortcode_before_top_bar":"","ocean_shortcode_after_top_bar":"","ocean_shortcode_before_header":"","ocean_shortcode_after_header":"","ocean_has_shortcode":"","ocean_shortcode_after_title":"","ocean_shortcode_before_footer_widgets":"","ocean_shortcode_after_footer_widgets":"","ocean_shortcode_before_footer_bottom":"","ocean_shortcode_after_footer_bottom":"","ocean_display_top_bar":"default","ocean_display_header":"default","ocean_header_style":"","ocean_center_header_left_menu":"0","ocean_custom_header_template":"0","ocean_custom_logo":0,"ocean_custom_retina_logo":0,"ocean_custom_logo_max_width":0,"ocean_custom_logo_tablet_max_width":0,"ocean_custom_logo_mobile_max_width":0,"ocean_custom_logo_max_height":0,"ocean_custom_logo_tablet_max_height":0,"ocean_custom_logo_mobile_max_height":0,"ocean_header_custom_menu":"0","ocean_menu_typo_font_family":"0","ocean_menu_typo_font_subset":"","ocean_menu_typo_font_size":0,"ocean_menu_typo_font_size_tablet":0,"ocean_menu_typo_font_size_mobile":0,"ocean_menu_typo_font_size_unit":"px","ocean_menu_typo_font_weight":"","ocean_menu_typo_font_weight_tablet":"","ocean_menu_typo_font_weight_mobile":"","ocean_menu_typo_transform":"","ocean_menu_typo_transform_tablet":"","ocean_menu_typo_transform_mobile":"","ocean_menu_typo_line_height":0,"ocean_menu_typo_line_height_tablet":0,"ocean_menu_typo_line_height_mobile":0,"ocean_menu_typo_line_height_unit":"","ocean_menu_typo_spacing":0,"ocean_menu_typo_spacing_tablet":0,"ocean_menu_typo_spacing_mobile":0,"ocean_menu_typo_spacing_unit":"","ocean_menu_link_color":"","ocean_menu_link_color_hover":"","ocean_menu_link_color_active":"","ocean_menu_link_background":"","ocean_menu_link_hover_background":"","ocean_menu_link_active_background":"","ocean_menu_social_links_bg":"","ocean_menu_social_hover_links_bg":"","ocean_menu_social_links_color":"","ocean_menu_social_hover_links_color":"","ocean_disable_title":"default","ocean_disable_heading":"default","ocean_post_title":"","ocean_post_subheading":"","ocean_post_title_style":"","ocean_post_title_background_color":"","ocean_post_title_background":0,"ocean_post_title_bg_image_position":"","ocean_post_title_bg_image_attachment":"","ocean_post_title_bg_image_repeat":"","ocean_post_title_bg_image_size":"","ocean_post_title_height":0,"ocean_post_title_bg_overlay":0.5,"ocean_post_title_bg_overlay_color":"","ocean_disable_breadcrumbs":"default","ocean_breadcrumbs_color":"","ocean_breadcrumbs_separator_color":"","ocean_breadcrumbs_links_color":"","ocean_breadcrumbs_links_hover_color":"","ocean_display_footer_widgets":"default","ocean_display_footer_bottom":"default","ocean_custom_footer_template":"0"},"product_brand":[],"product_cat":[41,64,36],"product_tag":[],"class_list":{"0":"post-3451","1":"product","2":"type-product","3":"status-publish","4":"has-post-thumbnail","6":"product_cat-odzywki-i-maski-do-wlosow","7":"product_cat-oferta-tygodnia","8":"product_cat-promocje-wyprzedaze","10":"entry","11":"has-media","13":"first","14":"instock","15":"sale","16":"shipping-taxable","17":"purchasable","18":"product-type-simple","19":"has-product-nav","20":"col","21":"span_1_of_3","22":"owp-content-left","23":"owp-thumbs-layout-horizontal","24":"owp-btn-normal","25":"owp-tabs-layout-horizontal","26":"has-no-thumbnails"},"_links":{"self":[{"href":"https:\/\/ecocorner.eu\/en\/wp-json\/wp\/v2\/product\/3451","targetHints":{"allow":["GET"]}}],"collection":[{"href":"https:\/\/ecocorner.eu\/en\/wp-json\/wp\/v2\/product"}],"about":[{"href":"https:\/\/ecocorner.eu\/en\/wp-json\/wp\/v2\/types\/product"}],"version-history":[{"count":1,"href":"https:\/\/ecocorner.eu\/en\/wp-json\/wp\/v2\/product\/3451\/revisions"}],"predecessor-version":[{"id":3453,"href":"https:\/\/ecocorner.eu\/en\/wp-json\/wp\/v2\/product\/3451\/revisions\/3453"}],"wp:featuredmedia":[{"embeddable":true,"href":"https:\/\/ecocorner.eu\/en\/wp-json\/wp\/v2\/media\/3452"}],"wp:attachment":[{"href":"https:\/\/ecocorner.eu\/en\/wp-json\/wp\/v2\/media?parent=3451"}],"wp:term":[{"taxonomy":"product_brand","embeddable":true,"href":"https:\/\/ecocorner.eu\/en\/wp-json\/wp\/v2\/product_brand?post=3451"},{"taxonomy":"product_cat","embeddable":true,"href":"https:\/\/ecocorner.eu\/en\/wp-json\/wp\/v2\/product_cat?post=3451"},{"taxonomy":"product_tag","embeddable":true,"href":"https:\/\/ecocorner.eu\/en\/wp-json\/wp\/v2\/product_tag?post=3451"}],"curies":[{"name":"wp","href":"https:\/\/api.w.org\/{rel}","templated":true}]}}