{"id":3534,"date":"2023-06-13T17:30:14","date_gmt":"2023-06-13T17:30:14","guid":{"rendered":"https:\/\/ecocorner.eu\/?post_type=product&#038;p=3534"},"modified":"2026-04-10T21:58:54","modified_gmt":"2026-04-10T21:58:54","slug":"biowen-witamina-c-complex-w-proszku-150-g","status":"publish","type":"product","link":"https:\/\/ecocorner.eu\/en\/product\/biowen-witamina-c-complex-w-proszku-150-g\/","title":{"rendered":"BIOWEN  Witamina C Complex + w proszku &#8211; 150 g"},"content":{"rendered":"<div id=\"tab-work_tab\" class=\"tab-content resp-tab-content resp-tab-content-active\" aria-labelledby=\"tab_item-3\">\n<h2>Spos\u00f3b spo\u017cycia Witaminy C Biowen w proszku<\/h2>\n<p>Sugerowana dzienna porcja do spo\u017cycia wynosi 1g (1 miarka). Witamin\u0119 C w proszku nale\u017cy spo\u017cywa\u0107 w trakcie posi\u0142ku. Odmierzon\u0105 porcj\u0119 nale\u017cy rozpu\u015bci\u0107 w 150ml (szklanka) wody lub soku.<\/p>\n<\/div>","protected":false},"excerpt":{"rendered":"<h2>Witamina C Complex+ w proszku \u2013 moc naturalnych sk\u0142adnik\u00f3w<\/h2>\n<p>Witamina C w proszku Complex+ Biowen\u00a0 charakteryzuje si\u0119 tym, \u017ce ka\u017cdy z jej sk\u0142adnik\u00f3w ma wysok\u0105 zawarto\u015bci\u0105 Witaminy C. A poza tym wzbogaca produkt o dodatkowe w\u0142a\u015bciwo\u015bci. To produkt bez \u017cadnych sztucznych dodatk\u00f3w. Bez utrwalaczy smaku oraz wype\u0142niaczy. Odpowiedni dla wegetarian i wegan. Opakowanie zawiera miark\u0119, dzi\u0119ki kt\u00f3rej z \u0142atwo\u015bci\u0105 odmierzysz porcj\u0119.<\/p>\n<div id=\"tab-action_tab\" class=\"tab-content resp-tab-content resp-tab-content-active\" aria-labelledby=\"tab_item-2\">\n<h2>W\u0142a\u015bciwo\u015bci Witaminy C+ w proszku Biowen<\/h2>\n<p>Witamina C w proszku to naturalne po\u0142\u0105czenie kilku sk\u0142adnik\u00f3w. Dzi\u0119ki temu wykazuje szereg w\u0142a\u015bciwo\u015bci dla organizmu:<\/p>\n<ul>\n<li>wspomaga funkcjonowanie uk\u0142adu odporno\u015bciowego<\/li>\n<li>pomaga organizmowi przyswaja\u0107 \u017celazo,<\/li>\n<li>wspomaga uk\u0142ad nerwowy,<\/li>\n<li>to naturalne \u017ar\u00f3d\u0142o witaminy C,<\/li>\n<li>wykazuje pozytywne w\u0142a\u015bciwo\u015bci w zwi\u0105zku z ochron\u0105 przed stresem oksydacyjnym,<\/li>\n<li>wspomaga produkcj\u0119 kolagenu, potrzebnego do prawid\u0142owego funkcjonowania ko\u015bci, sk\u00f3ry, z\u0119b\u00f3w,<\/li>\n<li>wspiera metabolizm energetyczny,<\/li>\n<li>mo\u017ce zmniejsza\u0107 uczucie zm\u0119czenia i znu\u017cenia.<\/li>\n<\/ul>\n<\/div>","protected":false},"featured_media":3535,"template":"","meta":{"ocean_post_layout":"","ocean_both_sidebars_style":"","ocean_both_sidebars_content_width":0,"ocean_both_sidebars_sidebars_width":0,"ocean_sidebar":"0","ocean_second_sidebar":"0","ocean_disable_margins":"enable","ocean_add_body_class":"","ocean_shortcode_before_top_bar":"","ocean_shortcode_after_top_bar":"","ocean_shortcode_before_header":"","ocean_shortcode_after_header":"","ocean_has_shortcode":"","ocean_shortcode_after_title":"","ocean_shortcode_before_footer_widgets":"","ocean_shortcode_after_footer_widgets":"","ocean_shortcode_before_footer_bottom":"","ocean_shortcode_after_footer_bottom":"","ocean_display_top_bar":"default","ocean_display_header":"default","ocean_header_style":"","ocean_center_header_left_menu":"0","ocean_custom_header_template":"0","ocean_custom_logo":0,"ocean_custom_retina_logo":0,"ocean_custom_logo_max_width":0,"ocean_custom_logo_tablet_max_width":0,"ocean_custom_logo_mobile_max_width":0,"ocean_custom_logo_max_height":0,"ocean_custom_logo_tablet_max_height":0,"ocean_custom_logo_mobile_max_height":0,"ocean_header_custom_menu":"0","ocean_menu_typo_font_family":"0","ocean_menu_typo_font_subset":"","ocean_menu_typo_font_size":0,"ocean_menu_typo_font_size_tablet":0,"ocean_menu_typo_font_size_mobile":0,"ocean_menu_typo_font_size_unit":"px","ocean_menu_typo_font_weight":"","ocean_menu_typo_font_weight_tablet":"","ocean_menu_typo_font_weight_mobile":"","ocean_menu_typo_transform":"","ocean_menu_typo_transform_tablet":"","ocean_menu_typo_transform_mobile":"","ocean_menu_typo_line_height":0,"ocean_menu_typo_line_height_tablet":0,"ocean_menu_typo_line_height_mobile":0,"ocean_menu_typo_line_height_unit":"","ocean_menu_typo_spacing":0,"ocean_menu_typo_spacing_tablet":0,"ocean_menu_typo_spacing_mobile":0,"ocean_menu_typo_spacing_unit":"","ocean_menu_link_color":"","ocean_menu_link_color_hover":"","ocean_menu_link_color_active":"","ocean_menu_link_background":"","ocean_menu_link_hover_background":"","ocean_menu_link_active_background":"","ocean_menu_social_links_bg":"","ocean_menu_social_hover_links_bg":"","ocean_menu_social_links_color":"","ocean_menu_social_hover_links_color":"","ocean_disable_title":"default","ocean_disable_heading":"default","ocean_post_title":"","ocean_post_subheading":"","ocean_post_title_style":"","ocean_post_title_background_color":"","ocean_post_title_background":0,"ocean_post_title_bg_image_position":"","ocean_post_title_bg_image_attachment":"","ocean_post_title_bg_image_repeat":"","ocean_post_title_bg_image_size":"","ocean_post_title_height":0,"ocean_post_title_bg_overlay":0.5,"ocean_post_title_bg_overlay_color":"","ocean_disable_breadcrumbs":"default","ocean_breadcrumbs_color":"","ocean_breadcrumbs_separator_color":"","ocean_breadcrumbs_links_color":"","ocean_breadcrumbs_links_hover_color":"","ocean_display_footer_widgets":"default","ocean_display_footer_bottom":"default","ocean_custom_footer_template":"0"},"product_brand":[],"product_cat":[79,22],"product_tag":[],"class_list":{"0":"post-3534","1":"product","2":"type-product","3":"status-publish","4":"has-post-thumbnail","6":"product_cat-biowen","7":"product_cat-suplementy-i-witaminy","9":"entry","10":"has-media","12":"first","13":"instock","14":"shipping-taxable","15":"purchasable","16":"product-type-simple","17":"has-product-nav","18":"col","19":"span_1_of_3","20":"owp-content-left","21":"owp-thumbs-layout-horizontal","22":"owp-btn-normal","23":"owp-tabs-layout-horizontal"},"_links":{"self":[{"href":"https:\/\/ecocorner.eu\/en\/wp-json\/wp\/v2\/product\/3534","targetHints":{"allow":["GET"]}}],"collection":[{"href":"https:\/\/ecocorner.eu\/en\/wp-json\/wp\/v2\/product"}],"about":[{"href":"https:\/\/ecocorner.eu\/en\/wp-json\/wp\/v2\/types\/product"}],"version-history":[{"count":1,"href":"https:\/\/ecocorner.eu\/en\/wp-json\/wp\/v2\/product\/3534\/revisions"}],"predecessor-version":[{"id":3537,"href":"https:\/\/ecocorner.eu\/en\/wp-json\/wp\/v2\/product\/3534\/revisions\/3537"}],"wp:featuredmedia":[{"embeddable":true,"href":"https:\/\/ecocorner.eu\/en\/wp-json\/wp\/v2\/media\/3535"}],"wp:attachment":[{"href":"https:\/\/ecocorner.eu\/en\/wp-json\/wp\/v2\/media?parent=3534"}],"wp:term":[{"taxonomy":"product_brand","embeddable":true,"href":"https:\/\/ecocorner.eu\/en\/wp-json\/wp\/v2\/product_brand?post=3534"},{"taxonomy":"product_cat","embeddable":true,"href":"https:\/\/ecocorner.eu\/en\/wp-json\/wp\/v2\/product_cat?post=3534"},{"taxonomy":"product_tag","embeddable":true,"href":"https:\/\/ecocorner.eu\/en\/wp-json\/wp\/v2\/product_tag?post=3534"}],"curies":[{"name":"wp","href":"https:\/\/api.w.org\/{rel}","templated":true}]}}