{"id":3538,"date":"2023-06-13T17:33:49","date_gmt":"2023-06-13T17:33:49","guid":{"rendered":"https:\/\/ecocorner.eu\/?post_type=product&#038;p=3538"},"modified":"2026-02-17T20:43:38","modified_gmt":"2026-02-17T20:43:38","slug":"taurynian-magnezu-z-witamina-b6-p-5-p-biowen-100-kapsulek","status":"publish","type":"product","link":"https:\/\/ecocorner.eu\/en\/product\/taurynian-magnezu-z-witamina-b6-p-5-p-biowen-100-kapsulek\/","title":{"rendered":"Taurynian magnezu z witamin\u0105 B6 (P-5-P) &#8211; Biowen &#8211; 100 kapsu\u0142ek"},"content":{"rendered":"<h2><strong>Recommended daily intake<\/strong><\/h2>\n<p>Jedna kapsu\u0142ka, raz na dzie\u0144, wraz z posi\u0142kiem lub w trakcie. Nie przekraczaj zalecanej porcji.<\/p>\n<h2><strong>Contraindications<\/strong><\/h2>\n<p>Magnezu nie wolno stosowa\u0107, gdy wyst\u0119puje hipermagnezemia lub niewydolno\u015b\u0107 nerek lub jakiekolwiek przeciwwskazania lekarskie, a tak\u017ce uczulenie na kt\u00f3rykolwiek ze sk\u0142adnik\u00f3w suplementu.<\/p>\n<p class=\"font-weight-bold mb-1\">Ingredients<\/p>\n<h2><strong>Taurynian magnezu \u2013 sk\u0142adniki<\/strong><\/h2>\n<p>Ten taurynian magnezu wyr\u00f3\u017cnia niezwykle czysty sk\u0142ad, brak zb\u0119dnych dodatk\u00f3w i wysokie porcje sk\u0142adnik\u00f3w.<\/p>\n<p>Sk\u0142adniki: Taurynian magnezu, witamina B6 (P-5-P pirydoksalo-5-fosforan), otoczka kapsu\u0142ki: hydroksypropylometyloceluloza.<\/p>","protected":false},"excerpt":{"rendered":"<h2><strong>Taurynian magnezu \u2013 wega\u0144skie kapsu\u0142ki od Biowen<\/strong><\/h2>\n<p><b>Taurynian magnezu<\/b> Biowen to produkt, kt\u00f3ry nie zawiera glutenu ani laktozy, jest r\u00f3wnie\u017c suplementem, kt\u00f3ry mog\u0105 spo\u017cywa\u0107 te\u017c osoby na dietach ro\u015blinnych. Nie zawiera odzwierz\u0119cych sk\u0142adnik\u00f3w. Jedna wega\u0144ska kapsu\u0142ka to taurynian magnezu w ilo\u015bci 920 mg, w tym 82 mg jon\u00f3w magnezu. Dodatkowo w ka\u017cdej kapsu\u0142ce znajdziesz a\u017c 5 mg witaminy B6. To suplement, po kt\u00f3ry powinny si\u0119ga\u0107 osoby prowadz\u0105ce sportowy, bardzo aktywny tryb \u017cycia, chc\u0105ce suplementowa\u0107 magnez, kt\u00f3re chc\u0105 prowadzi\u0107 profilaktyk\u0119 zdrowia serca i wa\u017cne s\u0105 dla nich czyste sk\u0142ady suplement\u00f3w, kt\u00f3re przyjmuj\u0105.<\/p>\n<p>To produkt dla Ciebie, gdy szukasz wysokiej jako\u015bci taurynianiu magnezu w formie wega\u0144skich kapsu\u0142ek z witamin\u0105 B6!<\/p>\n<h2><strong>Czy warto wybra\u0107 magnez w formie taurynianu?<\/strong><\/h2>\n<p>Magnez w formie taurynianu magnezu to po\u0142\u0105czenie tauryny i magnezu. To niezwykle dobrze przyswajalna forma chelatu magnezu. Po magnez w formie taurynianu si\u0119gaj\u0105 najcz\u0119\u015bciej osoby, kt\u00f3re pragn\u0105 zadba\u0107 o zdrowie serca i jego dobr\u0105 prac\u0119. Czyli przede wszystkim sportowcy, osoby bardzo aktywne fizycznie czy ci\u0119\u017cko pracuj\u0105ce czy takie, kt\u00f3re chc\u0105 unikn\u0105\u0107 chor\u00f3b serca, w tym arytmii. To cz\u0119\u015b\u0107 profilaktyki. Gdy si\u0119gamy po magnez w formie suplementu, powinni\u015bmy zwr\u00f3ci\u0107 uwag\u0119 na jego przyswajalno\u015b\u0107, otoczk\u0119 kapsu\u0142ki, ewentualne dodatki i czysto\u015b\u0107 sk\u0142adu. Taurynian magnezu od Biowen to wysokiej jako\u015bci, dobrze przyswajalny suplementy diety, kt\u00f3ry mog\u0105 stosowa\u0107 zar\u00f3wno osoby na dietach ro\u015blinnych, jak weganizm czy wegetarianizm, jak i wszystkie te, kt\u00f3rym nie zale\u017cy na wega\u0144skiej otoczce kapsu\u0142ki. Ten produkt jest pozbawiony zb\u0119dnych czy szkodliwych dodatk\u00f3w, za to zawiera witamin\u0119 B6, kt\u00f3ra u\u0142atwia wch\u0142anianie i podnosi warto\u015b\u0107 suplementu o dodatkowe korzy\u015bci zdrowotne.<\/p>\n<div id=\"tab-action_tab\" class=\"tab-content resp-tab-content resp-tab-content-active\" aria-labelledby=\"tab_item-2\">\n<h2><strong>Biowen Taurynian magnezu \u2013 dzia\u0142anie suplementu<\/strong><\/h2>\n<p>Jakie dzia\u0142anie ma suplement z taurynianem magnezu i witamin\u0105 B6 od Biowen? Zar\u00f3wno magnez, jak i witaminy z grupy B s\u0105 niezwykle wa\u017cne dla prawid\u0142owego funkcjonowania organizmu, a ich niedobory mo\u017cna szybko odczu\u0107. Jakie korzy\u015bci niesie ze sob\u0105 suplementacja tych dw\u00f3ch substancji? Poznaj je!<\/p>\n<h3><strong>Dzia\u0142anie magnezu\u00a0<\/strong><\/h3>\n<p>Na jakie czynniki zdrowotne ma wp\u0142yw magnez? Magnez ma pozytywny wp\u0142yw na:<\/p>\n<ul>\n<li aria-level=\"1\">z\u0119by,<\/li>\n<li aria-level=\"1\">ko\u015bci,<\/li>\n<li aria-level=\"1\">serce,<\/li>\n<li aria-level=\"1\">mi\u0119\u015bnie,<\/li>\n<li aria-level=\"1\">uczucie zm\u0119czenia,<\/li>\n<li aria-level=\"1\">podzia\u0142y kom\u00f3rek,<\/li>\n<li aria-level=\"1\">r\u00f3wnowag\u0119 elektrolitow\u0105,<\/li>\n<li aria-level=\"1\">syntez\u0119 bia\u0142ek,<\/li>\n<li aria-level=\"1\">metabolizm energetyczny,<\/li>\n<li aria-level=\"1\">funkcje psychologiczne,<\/li>\n<li aria-level=\"1\">rozw\u00f3j ko\u015b\u0107ca i wzrost u dzieci.<\/li>\n<\/ul>\n<h3><strong>Dzia\u0142anie witaminy B6 (P-5-P)<\/strong><\/h3>\n<p>Witamina B6 bierze udzia\u0142 w takich procesach i uk\u0142adach jak:<\/p>\n<ul>\n<li aria-level=\"1\">metabolizm bia\u0142ek, homocysteiny i glikogenu,<\/li>\n<li aria-level=\"1\">synteza cysteiny,<\/li>\n<li aria-level=\"1\">funkcje psychiczne<\/li>\n<li aria-level=\"1\">uk\u0142ad nerwowy i odporno\u015bciowy,<\/li>\n<li aria-level=\"1\">pozyskiwanie energii w procesach metabolicznych,<\/li>\n<li aria-level=\"1\">krwiotw\u00f3rstwo (pomaga tworzy\u0107 erytrocyty),<\/li>\n<li aria-level=\"1\">uk\u0142ad hormonalny i jego aktywno\u015b\u0107.<\/li>\n<\/ul>\n<\/div>\n<p><strong>Opakowanie zawiera 100 kapsu\u0142ek, wystarczy na 100 dni stosowania suplementacji! <\/strong><\/p>","protected":false},"featured_media":3539,"template":"","meta":{"ocean_post_layout":"","ocean_both_sidebars_style":"","ocean_both_sidebars_content_width":0,"ocean_both_sidebars_sidebars_width":0,"ocean_sidebar":"0","ocean_second_sidebar":"0","ocean_disable_margins":"enable","ocean_add_body_class":"","ocean_shortcode_before_top_bar":"","ocean_shortcode_after_top_bar":"","ocean_shortcode_before_header":"","ocean_shortcode_after_header":"","ocean_has_shortcode":"","ocean_shortcode_after_title":"","ocean_shortcode_before_footer_widgets":"","ocean_shortcode_after_footer_widgets":"","ocean_shortcode_before_footer_bottom":"","ocean_shortcode_after_footer_bottom":"","ocean_display_top_bar":"default","ocean_display_header":"default","ocean_header_style":"","ocean_center_header_left_menu":"0","ocean_custom_header_template":"0","ocean_custom_logo":0,"ocean_custom_retina_logo":0,"ocean_custom_logo_max_width":0,"ocean_custom_logo_tablet_max_width":0,"ocean_custom_logo_mobile_max_width":0,"ocean_custom_logo_max_height":0,"ocean_custom_logo_tablet_max_height":0,"ocean_custom_logo_mobile_max_height":0,"ocean_header_custom_menu":"0","ocean_menu_typo_font_family":"0","ocean_menu_typo_font_subset":"","ocean_menu_typo_font_size":0,"ocean_menu_typo_font_size_tablet":0,"ocean_menu_typo_font_size_mobile":0,"ocean_menu_typo_font_size_unit":"px","ocean_menu_typo_font_weight":"","ocean_menu_typo_font_weight_tablet":"","ocean_menu_typo_font_weight_mobile":"","ocean_menu_typo_transform":"","ocean_menu_typo_transform_tablet":"","ocean_menu_typo_transform_mobile":"","ocean_menu_typo_line_height":0,"ocean_menu_typo_line_height_tablet":0,"ocean_menu_typo_line_height_mobile":0,"ocean_menu_typo_line_height_unit":"","ocean_menu_typo_spacing":0,"ocean_menu_typo_spacing_tablet":0,"ocean_menu_typo_spacing_mobile":0,"ocean_menu_typo_spacing_unit":"","ocean_menu_link_color":"","ocean_menu_link_color_hover":"","ocean_menu_link_color_active":"","ocean_menu_link_background":"","ocean_menu_link_hover_background":"","ocean_menu_link_active_background":"","ocean_menu_social_links_bg":"","ocean_menu_social_hover_links_bg":"","ocean_menu_social_links_color":"","ocean_menu_social_hover_links_color":"","ocean_disable_title":"default","ocean_disable_heading":"default","ocean_post_title":"","ocean_post_subheading":"","ocean_post_title_style":"","ocean_post_title_background_color":"","ocean_post_title_background":0,"ocean_post_title_bg_image_position":"","ocean_post_title_bg_image_attachment":"","ocean_post_title_bg_image_repeat":"","ocean_post_title_bg_image_size":"","ocean_post_title_height":0,"ocean_post_title_bg_overlay":0.5,"ocean_post_title_bg_overlay_color":"","ocean_disable_breadcrumbs":"default","ocean_breadcrumbs_color":"","ocean_breadcrumbs_separator_color":"","ocean_breadcrumbs_links_color":"","ocean_breadcrumbs_links_hover_color":"","ocean_display_footer_widgets":"default","ocean_display_footer_bottom":"default","ocean_custom_footer_template":"0"},"product_brand":[],"product_cat":[79,22],"product_tag":[],"class_list":{"0":"post-3538","1":"product","2":"type-product","3":"status-publish","4":"has-post-thumbnail","6":"product_cat-biowen","7":"product_cat-suplementy-i-witaminy","9":"entry","10":"has-media","12":"first","13":"instock","14":"shipping-taxable","15":"purchasable","16":"product-type-simple","17":"has-product-nav","18":"col","19":"span_1_of_3","20":"owp-content-left","21":"owp-thumbs-layout-horizontal","22":"owp-btn-normal","23":"owp-tabs-layout-horizontal"},"_links":{"self":[{"href":"https:\/\/ecocorner.eu\/en\/wp-json\/wp\/v2\/product\/3538","targetHints":{"allow":["GET"]}}],"collection":[{"href":"https:\/\/ecocorner.eu\/en\/wp-json\/wp\/v2\/product"}],"about":[{"href":"https:\/\/ecocorner.eu\/en\/wp-json\/wp\/v2\/types\/product"}],"version-history":[{"count":1,"href":"https:\/\/ecocorner.eu\/en\/wp-json\/wp\/v2\/product\/3538\/revisions"}],"predecessor-version":[{"id":3541,"href":"https:\/\/ecocorner.eu\/en\/wp-json\/wp\/v2\/product\/3538\/revisions\/3541"}],"wp:featuredmedia":[{"embeddable":true,"href":"https:\/\/ecocorner.eu\/en\/wp-json\/wp\/v2\/media\/3539"}],"wp:attachment":[{"href":"https:\/\/ecocorner.eu\/en\/wp-json\/wp\/v2\/media?parent=3538"}],"wp:term":[{"taxonomy":"product_brand","embeddable":true,"href":"https:\/\/ecocorner.eu\/en\/wp-json\/wp\/v2\/product_brand?post=3538"},{"taxonomy":"product_cat","embeddable":true,"href":"https:\/\/ecocorner.eu\/en\/wp-json\/wp\/v2\/product_cat?post=3538"},{"taxonomy":"product_tag","embeddable":true,"href":"https:\/\/ecocorner.eu\/en\/wp-json\/wp\/v2\/product_tag?post=3538"}],"curies":[{"name":"wp","href":"https:\/\/api.w.org\/{rel}","templated":true}]}}