{"id":3546,"date":"2023-06-13T19:26:24","date_gmt":"2023-06-13T19:26:24","guid":{"rendered":"https:\/\/ecocorner.eu\/?post_type=product&#038;p=3546"},"modified":"2026-02-24T17:52:42","modified_gmt":"2026-02-24T17:52:42","slug":"myvita-oliwa-magnezowa-150ml","status":"publish","type":"product","link":"https:\/\/ecocorner.eu\/en\/product\/myvita-oliwa-magnezowa-150ml\/","title":{"rendered":"MyVita Oliwa magnezowa 150ml"},"content":{"rendered":"<p><strong>METHOD OF APPLICATION<br \/>\n<\/strong>oliw\u0119 nanie\u015b\u0107 na sk\u00f3r\u0119, a nast\u0119pnie delikatnie wmasowa\u0107 a\u017c do momentu pojawienia si\u0119 uczucia ciep\u0142a. Produkt jest przeznaczony wy\u0142\u0105cznie do u\u017cycia zewn\u0119trznego.<\/p>\n<p><strong>note<\/strong><br \/>\nPreparat nie polecany do stosowania na podra\u017cnion\u0105 lub uszkodzon\u0105 sk\u00f3r\u0119. Po aplikacji mo\u017ce wyst\u0119powa\u0107 uczucie pieczenia, kt\u00f3re po chwili powinno min\u0105\u0107. Przed u\u017cyciem zaleca si\u0119 przeprowadzenie testu kontaktowego na niewielkiej powierzchni sk\u00f3ry. W razie wyst\u0105pienia reakcji alergicznej nale\u017cy przemy\u0107 sk\u00f3r\u0119 wod\u0105 i skontaktowa\u0107 si\u0119 z lekarzem.<\/p>\n<p><strong>keeping<\/strong><br \/>\nPrzechowywa\u0107 w temperaturze pokojowej, w suchym miejscu, w szczelnie zamkni\u0119tym opakowaniu.<\/p>","protected":false},"excerpt":{"rendered":"<p>Magnez to pierwiastek obecny w naszych organizmach i bardzo wa\u017cny dla jego prawid\u0142owego funkcjonowania. Chlorek magnezu sze\u015bciowodny jest jedn\u0105 z \u0142atwiej przyswajalnych form magnezu. Najcz\u0119\u015bciej stosuje si\u0119 go na sk\u00f3r\u0119, gdy\u017c w takiej formie najlepiej si\u0119 wch\u0142ania.<br \/>\nProdukt polecany jest przede wszystkim osobom, u kt\u00f3rych wyst\u0119puj\u0105 objawy niedoboru tego cennego pierwiastka, kt\u00f3rym towarzyszy uczucie zm\u0119czenia i znu\u017cenia, skurcze mi\u0119\u015bni oraz brak energii. Spowodowane jest to przede wszystkim zbyt ubog\u0105 w warzywa diet\u0105 oraz diet\u0105 opart\u0105 na przetworzonych termicznie potrawach. Zbyt cz\u0119ste spo\u017cywanie kawy r\u00f3wnie\u017c ma wp\u0142yw na zmniejszenie zasob\u00f3w magnezu w organizmie.<\/p>\n<p>Produkt przebadany dermatologicznie.<\/p>","protected":false},"featured_media":3547,"template":"","meta":{"ocean_post_layout":"","ocean_both_sidebars_style":"","ocean_both_sidebars_content_width":0,"ocean_both_sidebars_sidebars_width":0,"ocean_sidebar":"0","ocean_second_sidebar":"0","ocean_disable_margins":"enable","ocean_add_body_class":"","ocean_shortcode_before_top_bar":"","ocean_shortcode_after_top_bar":"","ocean_shortcode_before_header":"","ocean_shortcode_after_header":"","ocean_has_shortcode":"","ocean_shortcode_after_title":"","ocean_shortcode_before_footer_widgets":"","ocean_shortcode_after_footer_widgets":"","ocean_shortcode_before_footer_bottom":"","ocean_shortcode_after_footer_bottom":"","ocean_display_top_bar":"default","ocean_display_header":"default","ocean_header_style":"","ocean_center_header_left_menu":"0","ocean_custom_header_template":"0","ocean_custom_logo":0,"ocean_custom_retina_logo":0,"ocean_custom_logo_max_width":0,"ocean_custom_logo_tablet_max_width":0,"ocean_custom_logo_mobile_max_width":0,"ocean_custom_logo_max_height":0,"ocean_custom_logo_tablet_max_height":0,"ocean_custom_logo_mobile_max_height":0,"ocean_header_custom_menu":"0","ocean_menu_typo_font_family":"0","ocean_menu_typo_font_subset":"","ocean_menu_typo_font_size":0,"ocean_menu_typo_font_size_tablet":0,"ocean_menu_typo_font_size_mobile":0,"ocean_menu_typo_font_size_unit":"px","ocean_menu_typo_font_weight":"","ocean_menu_typo_font_weight_tablet":"","ocean_menu_typo_font_weight_mobile":"","ocean_menu_typo_transform":"","ocean_menu_typo_transform_tablet":"","ocean_menu_typo_transform_mobile":"","ocean_menu_typo_line_height":0,"ocean_menu_typo_line_height_tablet":0,"ocean_menu_typo_line_height_mobile":0,"ocean_menu_typo_line_height_unit":"","ocean_menu_typo_spacing":0,"ocean_menu_typo_spacing_tablet":0,"ocean_menu_typo_spacing_mobile":0,"ocean_menu_typo_spacing_unit":"","ocean_menu_link_color":"","ocean_menu_link_color_hover":"","ocean_menu_link_color_active":"","ocean_menu_link_background":"","ocean_menu_link_hover_background":"","ocean_menu_link_active_background":"","ocean_menu_social_links_bg":"","ocean_menu_social_hover_links_bg":"","ocean_menu_social_links_color":"","ocean_menu_social_hover_links_color":"","ocean_disable_title":"default","ocean_disable_heading":"default","ocean_post_title":"","ocean_post_subheading":"","ocean_post_title_style":"","ocean_post_title_background_color":"","ocean_post_title_background":0,"ocean_post_title_bg_image_position":"","ocean_post_title_bg_image_attachment":"","ocean_post_title_bg_image_repeat":"","ocean_post_title_bg_image_size":"","ocean_post_title_height":0,"ocean_post_title_bg_overlay":0.5,"ocean_post_title_bg_overlay_color":"","ocean_disable_breadcrumbs":"default","ocean_breadcrumbs_color":"","ocean_breadcrumbs_separator_color":"","ocean_breadcrumbs_links_color":"","ocean_breadcrumbs_links_hover_color":"","ocean_display_footer_widgets":"default","ocean_display_footer_bottom":"default","ocean_custom_footer_template":"0"},"product_brand":[],"product_cat":[17,32,39],"product_tag":[],"class_list":{"0":"post-3546","1":"product","2":"type-product","3":"status-publish","4":"has-post-thumbnail","6":"product_cat-cialo","7":"product_cat-dlonie-i-stopy","8":"product_cat-naturalne-dezodoranty","10":"entry","11":"has-media","13":"first","14":"instock","15":"shipping-taxable","16":"purchasable","17":"product-type-simple","18":"has-product-nav","19":"col","20":"span_1_of_3","21":"owp-content-left","22":"owp-thumbs-layout-horizontal","23":"owp-btn-normal","24":"owp-tabs-layout-horizontal","25":"has-no-thumbnails"},"_links":{"self":[{"href":"https:\/\/ecocorner.eu\/en\/wp-json\/wp\/v2\/product\/3546","targetHints":{"allow":["GET"]}}],"collection":[{"href":"https:\/\/ecocorner.eu\/en\/wp-json\/wp\/v2\/product"}],"about":[{"href":"https:\/\/ecocorner.eu\/en\/wp-json\/wp\/v2\/types\/product"}],"version-history":[{"count":1,"href":"https:\/\/ecocorner.eu\/en\/wp-json\/wp\/v2\/product\/3546\/revisions"}],"predecessor-version":[{"id":3548,"href":"https:\/\/ecocorner.eu\/en\/wp-json\/wp\/v2\/product\/3546\/revisions\/3548"}],"wp:featuredmedia":[{"embeddable":true,"href":"https:\/\/ecocorner.eu\/en\/wp-json\/wp\/v2\/media\/3547"}],"wp:attachment":[{"href":"https:\/\/ecocorner.eu\/en\/wp-json\/wp\/v2\/media?parent=3546"}],"wp:term":[{"taxonomy":"product_brand","embeddable":true,"href":"https:\/\/ecocorner.eu\/en\/wp-json\/wp\/v2\/product_brand?post=3546"},{"taxonomy":"product_cat","embeddable":true,"href":"https:\/\/ecocorner.eu\/en\/wp-json\/wp\/v2\/product_cat?post=3546"},{"taxonomy":"product_tag","embeddable":true,"href":"https:\/\/ecocorner.eu\/en\/wp-json\/wp\/v2\/product_tag?post=3546"}],"curies":[{"name":"wp","href":"https:\/\/api.w.org\/{rel}","templated":true}]}}