{"id":3603,"date":"2023-06-14T11:00:49","date_gmt":"2023-06-14T11:00:49","guid":{"rendered":"https:\/\/ecocorner.eu\/?post_type=product&#038;p=3603"},"modified":"2025-04-15T20:14:57","modified_gmt":"2025-04-15T20:14:57","slug":"ludowe-receptury-wsparcie-odpornosci-na-alergie-30-szaszetek","status":"publish","type":"product","link":"https:\/\/ecocorner.eu\/en\/product\/ludowe-receptury-wsparcie-odpornosci-na-alergie-30-szaszetek\/","title":{"rendered":"Ludowe Receptury  Wsparcie odporno\u015bci na alergie 30 szaszetek"},"content":{"rendered":"<p><strong>Ingredients<\/strong><br \/>\nKorze\u0144 kurkumy (15%), kwiat nagietka lekarskiego (15%), li\u015b\u0107 pokrzywy (15%), li\u015b\u0107 czarnej porzeczki (15%), owoc maliny (10%), owoc dzikiej r\u00f3\u017cy (10%), korze\u0144 mniszka lekarskiego (5%), ziele lawendy (5%), ziarno pieprzu czarnego (5%), \u0142uska gryki (5%).<\/p>\n<p>Masa netto: 20 x 2,5g = 50 g<\/p>\n<p>Ilo\u015b\u0107 saszetek: 20<\/p>\n<p>Przeci\u0119tna zawarto\u015b\u0107 sk\u0142adnik\u00f3w wykazuj\u0105cych efekt fizjologiczny w dziennej porcji produktu: trzy szklanki\u00a0 naparu (750 ml) z trzech saszetek ( 7,5 g). Jedna porcja: jedna szklanka naparu (250 ml) z jednej saszetki (2,5 g).<\/p>\n<p><strong>METHOD OF APPLICATION<\/strong><br \/>\nSpos\u00f3b przygotowania naparu: saszetk\u0119 produktu umie\u015bci\u0107 w szklance lub w kubku ceramicznym 250ml i zala\u0107 wrz\u0105c\u0105 wod\u0105. Przykry\u0107 i odstawi\u0107\u00a0 na 10-15 min. Pi\u0107 po wystudzeniu.<\/p>\n<p>Zalecane spo\u017cycie: 3 razy dziennie po 1 szklance naparu z 1 saszetki. Nie przekracza\u0107 zalecanej porcji do spo\u017cycia w ci\u0105gu dnia.<\/p>\n<p><strong>note<\/strong><br \/>\nProdukt przeznaczony dla doros\u0142ych. Spo\u017cywanie produktu jest niewskazane w okresie ci\u0105\u017cy i karmienia. Chroni\u0107 od \u015bwiat\u0142a. Nie stosowa\u0107 w przypadku nadwra\u017cliwo\u015bci na jakikolwiek sk\u0142adnik preparatu. Suplement diety nie mo\u017ce by\u0107 stosowany jako substytut zr\u00f3\u017cnicowanej i zbilansowanej diety oraz nie zast\u0105pi zdrowego trybu \u017cycia.<\/p>\n<p><strong>keeping<\/strong><br \/>\nPrzechowywa\u0107 w suchym miejscu w spos\u00f3b niedost\u0119pny dla ma\u0142ych dzieci.<\/p>","protected":false},"excerpt":{"rendered":"<p>Suplement diety &#8211; Mieszanka zi\u00f3\u0142 z kurkum\u0105.<\/p>\n<p>Kurkuma pomaga zachowa\u0107 odporno\u015b\u0107 na alergi\u0119.<\/p>\n<p>Mieszanka zi\u00f3\u0142 z\u0142o\u017cona z wysuszonych i rozdrobnionych cz\u0119\u015bci ro\u015blin takich jak: kurkuma, nagietek lekarski, pokrzywa, czarna porzeczka, malina, dzika r\u00f3\u017ca, mniszek lekarski, lawenda, pieprz, gryka.<\/p>\n<p>Kurkuma pomaga zachowa\u0107 odporno\u015b\u0107 na alergie, nagietek lekarski zawiera sk\u0142adniki o w\u0142a\u015bciwo\u015bciach redukuj\u0105cych alergie, przeciwzapalnych, pokrzywa i mniszek lekarski pomaga \u0142agodzi\u0107 b\u00f3le zapalne, czarna porzeczka pomaga w utrzymaniu dobrego samopoczucia, lawenda pomaga si\u0119 odpr\u0119\u017cy\u0107, pieprz czarny posiada w\u0142a\u015bciwo\u015bci przeciwutleniaj\u0105ce.<\/p>","protected":false},"featured_media":3605,"template":"","meta":{"ocean_post_layout":"","ocean_both_sidebars_style":"","ocean_both_sidebars_content_width":0,"ocean_both_sidebars_sidebars_width":0,"ocean_sidebar":"0","ocean_second_sidebar":"0","ocean_disable_margins":"enable","ocean_add_body_class":"","ocean_shortcode_before_top_bar":"","ocean_shortcode_after_top_bar":"","ocean_shortcode_before_header":"","ocean_shortcode_after_header":"","ocean_has_shortcode":"","ocean_shortcode_after_title":"","ocean_shortcode_before_footer_widgets":"","ocean_shortcode_after_footer_widgets":"","ocean_shortcode_before_footer_bottom":"","ocean_shortcode_after_footer_bottom":"","ocean_display_top_bar":"default","ocean_display_header":"default","ocean_header_style":"","ocean_center_header_left_menu":"0","ocean_custom_header_template":"0","ocean_custom_logo":0,"ocean_custom_retina_logo":0,"ocean_custom_logo_max_width":0,"ocean_custom_logo_tablet_max_width":0,"ocean_custom_logo_mobile_max_width":0,"ocean_custom_logo_max_height":0,"ocean_custom_logo_tablet_max_height":0,"ocean_custom_logo_mobile_max_height":0,"ocean_header_custom_menu":"0","ocean_menu_typo_font_family":"0","ocean_menu_typo_font_subset":"","ocean_menu_typo_font_size":0,"ocean_menu_typo_font_size_tablet":0,"ocean_menu_typo_font_size_mobile":0,"ocean_menu_typo_font_size_unit":"px","ocean_menu_typo_font_weight":"","ocean_menu_typo_font_weight_tablet":"","ocean_menu_typo_font_weight_mobile":"","ocean_menu_typo_transform":"","ocean_menu_typo_transform_tablet":"","ocean_menu_typo_transform_mobile":"","ocean_menu_typo_line_height":0,"ocean_menu_typo_line_height_tablet":0,"ocean_menu_typo_line_height_mobile":0,"ocean_menu_typo_line_height_unit":"","ocean_menu_typo_spacing":0,"ocean_menu_typo_spacing_tablet":0,"ocean_menu_typo_spacing_mobile":0,"ocean_menu_typo_spacing_unit":"","ocean_menu_link_color":"","ocean_menu_link_color_hover":"","ocean_menu_link_color_active":"","ocean_menu_link_background":"","ocean_menu_link_hover_background":"","ocean_menu_link_active_background":"","ocean_menu_social_links_bg":"","ocean_menu_social_hover_links_bg":"","ocean_menu_social_links_color":"","ocean_menu_social_hover_links_color":"","ocean_disable_title":"default","ocean_disable_heading":"default","ocean_post_title":"","ocean_post_subheading":"","ocean_post_title_style":"","ocean_post_title_background_color":"","ocean_post_title_background":0,"ocean_post_title_bg_image_position":"","ocean_post_title_bg_image_attachment":"","ocean_post_title_bg_image_repeat":"","ocean_post_title_bg_image_size":"","ocean_post_title_height":0,"ocean_post_title_bg_overlay":0.5,"ocean_post_title_bg_overlay_color":"","ocean_disable_breadcrumbs":"default","ocean_breadcrumbs_color":"","ocean_breadcrumbs_separator_color":"","ocean_breadcrumbs_links_color":"","ocean_breadcrumbs_links_hover_color":"","ocean_display_footer_widgets":"default","ocean_display_footer_bottom":"default","ocean_custom_footer_template":"0"},"product_brand":[],"product_cat":[56],"product_tag":[],"class_list":{"0":"post-3603","1":"product","2":"type-product","3":"status-publish","4":"has-post-thumbnail","6":"product_cat-herbaty-ziolowe","8":"entry","9":"has-media","11":"first","12":"outofstock","13":"shipping-taxable","14":"purchasable","15":"product-type-simple","16":"has-product-nav","17":"col","18":"span_1_of_3","19":"owp-content-left","20":"owp-thumbs-layout-horizontal","21":"owp-btn-normal","22":"owp-tabs-layout-horizontal","23":"has-no-thumbnails"},"_links":{"self":[{"href":"https:\/\/ecocorner.eu\/en\/wp-json\/wp\/v2\/product\/3603","targetHints":{"allow":["GET"]}}],"collection":[{"href":"https:\/\/ecocorner.eu\/en\/wp-json\/wp\/v2\/product"}],"about":[{"href":"https:\/\/ecocorner.eu\/en\/wp-json\/wp\/v2\/types\/product"}],"version-history":[{"count":1,"href":"https:\/\/ecocorner.eu\/en\/wp-json\/wp\/v2\/product\/3603\/revisions"}],"predecessor-version":[{"id":3606,"href":"https:\/\/ecocorner.eu\/en\/wp-json\/wp\/v2\/product\/3603\/revisions\/3606"}],"wp:featuredmedia":[{"embeddable":true,"href":"https:\/\/ecocorner.eu\/en\/wp-json\/wp\/v2\/media\/3605"}],"wp:attachment":[{"href":"https:\/\/ecocorner.eu\/en\/wp-json\/wp\/v2\/media?parent=3603"}],"wp:term":[{"taxonomy":"product_brand","embeddable":true,"href":"https:\/\/ecocorner.eu\/en\/wp-json\/wp\/v2\/product_brand?post=3603"},{"taxonomy":"product_cat","embeddable":true,"href":"https:\/\/ecocorner.eu\/en\/wp-json\/wp\/v2\/product_cat?post=3603"},{"taxonomy":"product_tag","embeddable":true,"href":"https:\/\/ecocorner.eu\/en\/wp-json\/wp\/v2\/product_tag?post=3603"}],"curies":[{"name":"wp","href":"https:\/\/api.w.org\/{rel}","templated":true}]}}