{"id":3644,"date":"2023-06-21T16:51:23","date_gmt":"2023-06-21T16:51:23","guid":{"rendered":"https:\/\/ecocorner.eu\/?post_type=product&#038;p=3644"},"modified":"2024-12-08T19:19:32","modified_gmt":"2024-12-08T19:19:32","slug":"estrobalans-lagodzi-objawy-menopauzy-30kaps","status":"publish","type":"product","link":"https:\/\/ecocorner.eu\/en\/product\/estrobalans-lagodzi-objawy-menopauzy-30kaps\/","title":{"rendered":"EstroBalans   \u0141agodzi objawy menopauzy  30kaps."},"content":{"rendered":"<div class=\"f-row\">\n<div class=\"f-grid-12\">\n<h3>Naturalny preparat EstroBalans \u2013 w\u0142a\u015bciwo\u015bci<\/h3>\n<p>EstroBalans to niehormonalny preparat z\u0142o\u017cony ze starannie wybranych i wyselekcjonowanych ekstrakt\u00f3w ro\u015blinnych. Zio\u0142a na menopauz\u0119, kt\u00f3re wchodz\u0105 w sk\u0142ad preparatu to ro\u015bliny stosowane w tradycyjnej fitoterapii, a ich dzia\u0142anie zosta\u0142o potwierdzone w efektywnym \u0142agodzeniu objaw\u00f3w. <strong>EstroBalans to niehormonalna, zaawansowana formu\u0142a o silnym dzia\u0142aniu. To w<\/strong><strong> pe\u0142ni naturalny preparat standaryzowany na zawarto\u015b\u0107 substancji czynnych, cechuj\u0105cy si\u0119 doskona\u0142\u0105 biodost\u0119pno\u015bci\u0105. <\/strong><\/p>\n<p>W recepturze EstroBalans znajduj\u0105 si\u0119 naturalne, wysokiej jako\u015bci standaryzowane ekstrakty, takie jak:<\/p>\n<ul>\n<li><strong>Ekstrakt z czerwonej koniczyny<\/strong>\u00a0(<em>Trifolium pratense<\/em>) \u2013 znany i ceniony surowiec ro\u015blinny, kt\u00f3ry dzi\u0119ki zawarto\u015bci izoflawon\u00f3w znalaz\u0142 zastosowanie w \u0142agodzeniu objaw\u00f3w menopauzy.\u00a0 Izoflawony to zwi\u0105zki, kt\u00f3re budow\u0105 strukturaln\u0105 s\u0105 zbli\u017cone do estrogen\u00f3w, dzi\u0119ki czemu przyczyniaj\u0105 si\u0119 do utrzymania r\u00f3wnowagi hormonalnej kobiet. Dzi\u0119ki swoim w\u0142a\u015bciwo\u015bciom zosta\u0142y\u00a0 nazwane FITOESTROGENAMI. \u0141agodz\u0105 zar\u00f3wno wczesne objawy menopauzy \u2013 uderzenia gor\u0105ca, rozdra\u017cnienie, dra\u017cliwo\u015b\u0107, jak i p\u00f3\u017ane objawy, kt\u00f3re mog\u0105 rozwin\u0105\u0107 si\u0119 w przebiegu postmenopauzy \u2013mia\u017cd\u017cyca, osteoporoza.<\/li>\n<\/ul>\n<ul>\n<li><strong>Ekstrakt z sza\u0142wii<\/strong>\u00a0(<em>Salvia officinalis L.<\/em>)\u00a0\u2013 dzi\u0119ki dzia\u0142aniu estrogennemu wspomaga funkcje hamowania nadmiernego pocenia, \u0142agodzi objawy menopauzy, uspokaja, a tak\u017ce chroni kom\u00f3rki przed przedwczesnym starzeniem. Ze wzgl\u0119du na obecno\u015b\u0107 flawonoid\u00f3w, wykazuje r\u00f3wnie\u017c dzia\u0142anie przeciwzapalne. Dodatkowo, sza\u0142wia stanowi doskona\u0142e \u017ar\u00f3d\u0142o kwas\u00f3w organicznych i witamin (m.in. A,C,B) oraz sk\u0142adnik\u00f3w mineralnych, takich jak: magnez, potas, wap\u0144, \u017celazo, s\u00f3d i cynk.<\/li>\n<\/ul>\n<ul>\n<li><strong>Ekstrakt z shatavari<\/strong>\u00a0(<em>Asparagus racemosus)<\/em>\u00a0\u2013 dzi\u0119ki wysokiej zawarto\u015bci sk\u0142adnik\u00f3w aktywnych \u2013 saponin, pomaga utrzyma\u0107 dobre samopoczucie na ka\u017cdym etapie cyklu miesi\u0105czkowego. \u0141agodzi objawy menopauzy, harmonizuje prac\u0119 uk\u0142adu hormonalnego i chroni uk\u0142ad rozrodczy. Wp\u0142ywa korzystnie na energi\u0119 i witalno\u015b\u0107 kobiet.<\/li>\n<\/ul>\n<ul>\n<li><strong>Ekstrakt z ashwagandhy<\/strong>\u00a0(<em>Withania somnifera)\u00a0<\/em>\u2013 wp\u0142ywa korzystnie na energi\u0119 organizmu dzia\u0142aj\u0105c odm\u0142adzaj\u0105co. Redukuje napi\u0119cia i poprawia samopoczucie. Zwi\u0119ksza sprawno\u015b\u0107 intelektualn\u0105 i stymuluje percepcje. Ze wzgl\u0119du na to, \u017ce zaliczana jest do adaptogen\u00f3w, pozwala na lepsze przystosowywanie si\u0119 organizmu do trudnych sytuacji i chroni go przed negatywnymi skutkami stresu.<\/li>\n<\/ul>\n<ul>\n<li><strong>Ekstrakt z kopru w\u0142oskiego<\/strong>\u00a0(<em>Foeniculum vulgare<\/em>) \u2013 wykazuje dzia\u0142anie estrogenne, dzi\u0119ki czemu pozytywnie wp\u0142ywa na uk\u0142ad hormonalny kobiet. Zmniejsza napi\u0119cie przedmiesi\u0105czkowe, dzia\u0142a rozkurczowo i pomaga w trawieniu.<\/li>\n<\/ul>\n<ul>\n<li><strong>Ekstrakt z cykorii podr\u00f3\u017cnik<\/strong>\u00a0(<em>Cichorium intybus<\/em>) \u2013 wspomaga w wydalaniu wody z organizmu, pomaga utrzyma\u0107 prawid\u0142ow\u0105 mas\u0119 cia\u0142a i zachowa\u0107 zdrowie ko\u015bci. Przyczynia si\u0119 do zdrowia w\u0105troby i jelit.<\/li>\n<\/ul>\n<ul>\n<li><strong>Ekstrakt z niepokalanka<\/strong>\u00a0(<em>Agnus-castus<\/em>) \u2013 pomaga \u0142agodzi\u0107 objawy menopauzy i napi\u0119cia przedmiesi\u0105czkowego. Przyczynia si\u0119 do utrzymania dobrego samopoczucia, wp\u0142ywa na prawid\u0142owe funkcje poznawcze i usprawnia pami\u0119\u0107.<\/li>\n<\/ul>\n<ul>\n<li><strong>B\u0142onnik akacjowy<\/strong>\u00a0(<em>Acacia seyal<\/em>) \u2013 stymuluje wzrost korzystnej mikrobioty jelitowej.<\/li>\n<\/ul>\n<\/div>\n<table>\n<tbody>\n<tr>\n<td>\u00a0<strong>Ingredient Name<\/strong><\/td>\n<td>\u00a0<strong>Content in 1 capsule<\/strong><\/td>\n<\/tr>\n<tr>\n<td>\u00a0Ekstrakt z czerwonej koniczyny<\/td>\n<td>\u00a0125 mg<\/td>\n<\/tr>\n<tr>\n<td>\u00a0Ekstrakt z sza\u0142wii<\/td>\n<td>\u00a0100 mg<\/td>\n<\/tr>\n<tr>\n<td>\u00a0Ekstrakt z shatavari<\/td>\n<td>\u00a080 mg<\/td>\n<\/tr>\n<tr>\n<td>\u00a0Ekstrakt z ashwaghandy<\/td>\n<td>\u00a075 mg<\/td>\n<\/tr>\n<tr>\n<td>\u00a0Ekstrakt z kopru w\u0142oskiego<\/td>\n<td>\u00a075 mg<\/td>\n<\/tr>\n<tr>\n<td>\u00a0Ekstrakt z cykorii podr\u00f3\u017cnik<\/td>\n<td>\u00a030 mg<\/td>\n<\/tr>\n<tr>\n<td>\u00a0Ekstrakt z niepokalanka<\/td>\n<td>\u00a010 mg<\/td>\n<\/tr>\n<tr>\n<td>\u00a0B\u0142onnik akacjowy<\/td>\n<td>\u00a010 mg<\/td>\n<\/tr>\n<\/tbody>\n<\/table>\n<p>EstroBalans to niehormonalna, zaawansowana formu\u0142a naturalnych sk\u0142adnik\u00f3w aktywnych o potwierdzonej efektywno\u015bci w \u0142agodzeniu uci\u0105\u017cliwych objaw\u00f3w menopauzy.<\/p>\n<div class=\"wce_resetcss-img\">\n<div class=\"wce_inner-img\"><\/div>\n<\/div>\n<\/div>\n<h2>EstroBalans \u2013 naturalne kapsu\u0142ki na menopauz\u0119<\/h2>\n<p>Kobiety przechodz\u0105ce menopauz\u0119, szukaj\u0105 r\u00f3\u017cnych sposob\u00f3w, na z\u0142agodzenie jej dokuczliwych objaw\u00f3w. Cz\u0119\u015b\u0107 pacjentek, pomimo mo\u017cliwo\u015bci wyst\u0105pienia szeregu niepo\u017c\u0105danych skutk\u00f3w ubocznych, decyduje si\u0119 na w\u0142\u0105czenie zast\u0119pczej terapii hormonalnej. Inne panie swoj\u0105 uwag\u0119 kieruj\u0105 w stron\u0119 naturalnych rozwi\u0105za\u0144, zadaj\u0105c sobie pytanie \u2013 jakie suplementy na menopauz\u0119 b\u0119d\u0105 najlepsze? <strong>Dost\u0119pne w naszej ofercie<\/strong><a href=\"https:\/\/herbeo.pl\/suplementy-diety.html\"> <strong>naturalne suplementy<\/strong><\/a><strong> diety stanowi\u0105 wyb\u00f3r dla os\u00f3b, kt\u00f3re szukaj\u0105 mniej inwazyjnych alternatyw i wierz\u0105 w holistyczne podej\u015bcie do zdrowia. <\/strong>To, co wyr\u00f3\u017cnia kapsu\u0142ki EstroBalans to fakt, \u017ce s\u0105 standaryzowane na zawarto\u015b\u0107 najwy\u017cszej jako\u015bci substancji czynnych.<\/p>\n<p>EstroBalans, to niehormonalny, w pe\u0142ni naturalny suplement diety, kt\u00f3ry z ca\u0142\u0105 pewno\u015bci\u0105 doceni\u0105 panie, wybieraj\u0105ce naturalne sposoby na menopauz\u0119. Doskonale uzupe\u0142nia codzienn\u0105 diet\u0119 w niezb\u0119dne do prawid\u0142owej pracy uk\u0142adu hormonalnego substancje. Nale\u017cy pami\u0119ta\u0107 o tym, aby poza suplementacj\u0105, dba\u0107 r\u00f3wnie\u017c o stosowanie zdrowej, pe\u0142nowarto\u015bciowej diety oraz codziennej dawki ruchu. Po\u0142\u0105czenie wszystkich tych element\u00f3w, pozwoli na uzyskanie wymiernych korzy\u015bci.<\/p>\n<div class=\"f-row\">\n<div class=\"f-row\">\n<div class=\"f-grid-4\">\n<p>Recommended consumption<\/p>\n<p>1 kapsu\u0142ka dziennie. Preparat stosowa\u0107 doustnie, popijaj\u0105c wod\u0105. Zaleca si\u0119 regularne stosowanie przez okres minimum 2 miesi\u0119cy. Nie nale\u017cy przekracza\u0107 zalecanej do spo\u017cycia dziennej porcji.<\/p>\n<\/div>\n<div class=\"f-grid-4\">\n<p>Storage conditions<\/p>\n<p>Przechowywa\u0107 w oryginalnym opakowaniu, w temperaturze pokojowej, w spos\u00f3b niedost\u0119pny dla ma\u0142ych dzieci. Chroni\u0107 przed \u015bwiat\u0142em i wilgoci\u0105.<\/p>\n<\/div>\n<div class=\"f-grid-4\">\n<p>Notes<\/p>\n<p>Ostrze\u017cenia i wa\u017cne informacje: Nie stosowa\u0107 w przypadku uczulenia na jakikolwiek ze sk\u0142adnik\u00f3w, lub w przypadku stosowania lek\u00f3w o dzia\u0142aniu uspakajaj\u0105cym, nasennym, przeciwpadaczkowym. Nie stosowa\u0107 u dzieci, kobiet w ci\u0105\u017cy i karmi\u0105cych piersi\u0105. Wa\u017cne jest stosowanie zbilansowanej i zr\u00f3\u017cnicowanej diety oraz prowadzenie zdrowego trybu \u017cycia. Preparat nie mo\u017ce by\u0107 stosowany jako substytut zr\u00f3\u017cnicowanej diety. Przekroczenie zalecanej do spo\u017cycia dziennej porcji mo\u017ce mie\u0107 wp\u0142yw na zdolno\u015b\u0107 prowadzenia pojazd\u00f3w mechanicznych i obs\u0142ug\u0119 maszyn.<\/p>\n<\/div>\n<\/div>\n<\/div>","protected":false},"excerpt":{"rendered":"<p>Menopauza to czas, kiedy funkcja hormonalna jajnik\u00f3w stopniowo ulega zmniejszeniu, aby w konsekwencji ca\u0142kowicie wygasn\u0105\u0107. <strong>To naturalny proces zwi\u0105zany z zaburzeniami gospodarki hormonalnej, kt\u00f3remu towarzysz\u0105 liczne, nierzadko bardzo dokuczliwe dolegliwo\u015bci, w tym charakterystyczne uderzenia gor\u0105ca, a tak\u017ce zmiany nastroju.<\/strong> Okre\u015blenie menopauza odnosi si\u0119 do ostatniej miesi\u0105czki, kt\u00f3rej do\u015bwiadcza kobieta. W tym okresie owulacja przestaje wyst\u0119powa\u0107, a produkcja takich hormon\u00f3w jak estrogen i progesteron znacznie spada.<\/p>\n<p>Ze wzgl\u0119du na to, \u017ce menopauza manifestuje si\u0119 przykrymi symptomami, wielu lekarzy sugeruje w\u0142\u0105czenie hormonalnej terapii zast\u0119pczej, kt\u00f3rej celem jest z\u0142agodzenie tych objaw\u00f3w. <strong>Jej zadanie to zwi\u0119kszenie poziomu hormon\u00f3w i w konsekwencji z\u0142agodzenie niekt\u00f3rych dolegliwo\u015bci.<\/strong> Pe\u0142ni ona tak\u017ce funkcj\u0119 \u015brodka zapobiegawczego osteoporozie. Pomimo zalet, zast\u0119pcza terapia hormonalna niesie ze sob\u0105 r\u00f3wnie\u017c ryzyka, do kt\u00f3rych nale\u017c\u0105 m.in. zakrzepy krwi, udar m\u00f3zgu czy rak endometrium. Ze wzgl\u0119du na to, wiele kobiet obawia si\u0119 jej stosowania i w konsekwencji rezygnuj\u0105 z przyjmowania hormon\u00f3w.<\/p>\n<p><strong>Istniej\u0105 jednak inne sposoby na to, aby z\u0142agodzi\u0107 przykre objawy klimakterium, a nale\u017c\u0105 do nich naturalne \u015brodki przy menopauzie, takie jak oferowany przez nas preparat EstroBalans.<\/strong><\/p>\n<h2>Suplementy w kapsu\u0142kach przy menopauzie \u2013 EstroBalans<\/h2>\n<p><strong>EstroBalans to starannie dobrana formu\u0142a 8 sk\u0142adnik\u00f3w aktywnych, kt\u00f3re wspomagaj\u0105 w zachowaniu balansu na ka\u017cdym etapie klimakterium: premenopauzy, menopauzy i postmenopauzy.\u00a0<\/strong><strong>Dzi\u0119ki wykorzystaniu odpowiednich standaryzowanych ekstrakt\u00f3w, EstroBalans kompleksowo \u0142agodzi objawy menopauzy, takie jak uderzenia gor\u0105ca, nadmierne pocenie si\u0119, dra\u017cliwo\u015b\u0107. Wspomaga w utrzymaniu prawid\u0142owej masy cia\u0142a i zachowaniu zdrowych ko\u015bci.<\/strong><\/p>\n<p>Wiele kobiet przechodzi okres menopauzy w szczycie swojej kariery, co znacznie wp\u0142ywa na ich jako\u015b\u0107 \u017cycia. Jedn\u0105 ze skutecznych metod \u0142agodzenia uci\u0105\u017cliwych objaw\u00f3w menopauzy jest suplementacja naturalnymi preparatami zio\u0142owymi. EstroBalans to niehormonalny preparat zawieraj\u0105cy w 100%\u00a0 naturalny sk\u0142ad. Nie zawiera soi, dzi\u0119ki czemu jest odpowiedni dla os\u00f3b, kt\u00f3re nie mog\u0105 stosowa\u0107 preparat\u00f3w z jej dodatkiem, nie zawiera zb\u0119dnych i sztucznych substancji: wype\u0142niaczy, konserwant\u00f3w, barwnik\u00f3w.<\/p>\n<p>&nbsp;<\/p>\n<p>EstroBalans to niehormonalna, zaawansowana formu\u0142a naturalnych sk\u0142adnik\u00f3w aktywnych o potwierdzonej efektywno\u015bci w \u0142agodzeniu uci\u0105\u017cliwych objaw\u00f3w menopauzy. Nie zawiera soi, dzi\u0119ki czemu jest odpowiedni dla os\u00f3b, kt\u00f3re nie mog\u0105 stosowa\u0107 preparat\u00f3w z jej dodatkiem, nie zawiera zb\u0119dnych i sztucznych substancji: wype\u0142niaczy, konserwant\u00f3w, barwnik\u00f3w. W swoim sk\u0142adzie zawiera 8 sk\u0142adnik\u00f3w aktywnych najwy\u017cszej jako\u015bci, w tym standaryzowane ekstrakty z czerwonej koniczyny, shatavari, ashwaghandy i niepokalanka.<\/p>\n<ul>\n<li>\u0141AGODZI OBJAWY MENOPAUZY, TAKIE JAK UDERZENIA GOR\u0104CA, POCENIE SI\u0118, NIEPOK\u00d3J, DRA\u017bLIWO\u015a\u0106, ZMNIEJSZA NAPI\u0118CIE PRZEDMIESI\u0104CZKOWE (koniczyna, sza\u0142wia, shatavari, koper, niepokalanek)<\/li>\n<li>POMAGA UTRZYMA\u0106 PRAWID\u0141OW\u0104 MAS\u0118 CIA\u0141A I STYMULUJE WZROST KORZYSTNEJ MIKROBIOTY JELITOWEJ (cykoria i b\u0142onnik akacjowy)<\/li>\n<li>WSPIERA UTRZYMANIE ZDROWYCH KO\u015aCI (koniczyna, cykoria)<\/li>\n<li>WP\u0141YWA KORZYTSNIE NA GOSPODARK\u0118 ENERGETYCZN\u0104 DZIA\u0141AJ\u0104C ODM\u0141ADZAJ\u0104CO, WSPOMAGA KOCENTRACJ\u0118 I DOBRE SAMOPOCZUCIE (ashwagandha, shatavari)<\/li>\n<li>CHRONI KOM\u00d3RKI PRZED PRZEDWCZESNYM STARZENIEM (sza\u0142wia)<\/li>\n<\/ul>","protected":false},"featured_media":3645,"template":"","meta":{"ocean_post_layout":"","ocean_both_sidebars_style":"","ocean_both_sidebars_content_width":0,"ocean_both_sidebars_sidebars_width":0,"ocean_sidebar":"0","ocean_second_sidebar":"0","ocean_disable_margins":"enable","ocean_add_body_class":"","ocean_shortcode_before_top_bar":"","ocean_shortcode_after_top_bar":"","ocean_shortcode_before_header":"","ocean_shortcode_after_header":"","ocean_has_shortcode":"","ocean_shortcode_after_title":"","ocean_shortcode_before_footer_widgets":"","ocean_shortcode_after_footer_widgets":"","ocean_shortcode_before_footer_bottom":"","ocean_shortcode_after_footer_bottom":"","ocean_display_top_bar":"default","ocean_display_header":"default","ocean_header_style":"","ocean_center_header_left_menu":"0","ocean_custom_header_template":"0","ocean_custom_logo":0,"ocean_custom_retina_logo":0,"ocean_custom_logo_max_width":0,"ocean_custom_logo_tablet_max_width":0,"ocean_custom_logo_mobile_max_width":0,"ocean_custom_logo_max_height":0,"ocean_custom_logo_tablet_max_height":0,"ocean_custom_logo_mobile_max_height":0,"ocean_header_custom_menu":"0","ocean_menu_typo_font_family":"0","ocean_menu_typo_font_subset":"","ocean_menu_typo_font_size":0,"ocean_menu_typo_font_size_tablet":0,"ocean_menu_typo_font_size_mobile":0,"ocean_menu_typo_font_size_unit":"px","ocean_menu_typo_font_weight":"","ocean_menu_typo_font_weight_tablet":"","ocean_menu_typo_font_weight_mobile":"","ocean_menu_typo_transform":"","ocean_menu_typo_transform_tablet":"","ocean_menu_typo_transform_mobile":"","ocean_menu_typo_line_height":0,"ocean_menu_typo_line_height_tablet":0,"ocean_menu_typo_line_height_mobile":0,"ocean_menu_typo_line_height_unit":"","ocean_menu_typo_spacing":0,"ocean_menu_typo_spacing_tablet":0,"ocean_menu_typo_spacing_mobile":0,"ocean_menu_typo_spacing_unit":"","ocean_menu_link_color":"","ocean_menu_link_color_hover":"","ocean_menu_link_color_active":"","ocean_menu_link_background":"","ocean_menu_link_hover_background":"","ocean_menu_link_active_background":"","ocean_menu_social_links_bg":"","ocean_menu_social_hover_links_bg":"","ocean_menu_social_links_color":"","ocean_menu_social_hover_links_color":"","ocean_disable_title":"default","ocean_disable_heading":"default","ocean_post_title":"","ocean_post_subheading":"","ocean_post_title_style":"","ocean_post_title_background_color":"","ocean_post_title_background":0,"ocean_post_title_bg_image_position":"","ocean_post_title_bg_image_attachment":"","ocean_post_title_bg_image_repeat":"","ocean_post_title_bg_image_size":"","ocean_post_title_height":0,"ocean_post_title_bg_overlay":0.5,"ocean_post_title_bg_overlay_color":"","ocean_disable_breadcrumbs":"default","ocean_breadcrumbs_color":"","ocean_breadcrumbs_separator_color":"","ocean_breadcrumbs_links_color":"","ocean_breadcrumbs_links_hover_color":"","ocean_display_footer_widgets":"default","ocean_display_footer_bottom":"default","ocean_custom_footer_template":"0"},"product_brand":[],"product_cat":[22],"product_tag":[],"class_list":{"0":"post-3644","1":"product","2":"type-product","3":"status-publish","4":"has-post-thumbnail","6":"product_cat-suplementy-i-witaminy","8":"entry","9":"has-media","11":"first","12":"outofstock","13":"shipping-taxable","14":"purchasable","15":"product-type-simple","16":"has-product-nav","17":"col","18":"span_1_of_3","19":"owp-content-left","20":"owp-thumbs-layout-horizontal","21":"owp-btn-normal","22":"owp-tabs-layout-horizontal","23":"has-no-thumbnails"},"_links":{"self":[{"href":"https:\/\/ecocorner.eu\/en\/wp-json\/wp\/v2\/product\/3644","targetHints":{"allow":["GET"]}}],"collection":[{"href":"https:\/\/ecocorner.eu\/en\/wp-json\/wp\/v2\/product"}],"about":[{"href":"https:\/\/ecocorner.eu\/en\/wp-json\/wp\/v2\/types\/product"}],"version-history":[{"count":1,"href":"https:\/\/ecocorner.eu\/en\/wp-json\/wp\/v2\/product\/3644\/revisions"}],"predecessor-version":[{"id":3646,"href":"https:\/\/ecocorner.eu\/en\/wp-json\/wp\/v2\/product\/3644\/revisions\/3646"}],"wp:featuredmedia":[{"embeddable":true,"href":"https:\/\/ecocorner.eu\/en\/wp-json\/wp\/v2\/media\/3645"}],"wp:attachment":[{"href":"https:\/\/ecocorner.eu\/en\/wp-json\/wp\/v2\/media?parent=3644"}],"wp:term":[{"taxonomy":"product_brand","embeddable":true,"href":"https:\/\/ecocorner.eu\/en\/wp-json\/wp\/v2\/product_brand?post=3644"},{"taxonomy":"product_cat","embeddable":true,"href":"https:\/\/ecocorner.eu\/en\/wp-json\/wp\/v2\/product_cat?post=3644"},{"taxonomy":"product_tag","embeddable":true,"href":"https:\/\/ecocorner.eu\/en\/wp-json\/wp\/v2\/product_tag?post=3644"}],"curies":[{"name":"wp","href":"https:\/\/api.w.org\/{rel}","templated":true}]}}