{"id":3660,"date":"2023-06-24T20:32:49","date_gmt":"2023-06-24T20:32:49","guid":{"rendered":"https:\/\/ecocorner.eu\/?post_type=product&#038;p=3660"},"modified":"2026-02-19T22:18:16","modified_gmt":"2026-02-19T22:18:16","slug":"skoczylas-potas-wapn-fosfor-60-kaps","status":"publish","type":"product","link":"https:\/\/ecocorner.eu\/en\/product\/skoczylas-potas-wapn-fosfor-60-kaps\/","title":{"rendered":"Skoczylas  Potas + Wap\u0144 + Fosfor  60 kaps.     12.\/25"},"content":{"rendered":"<p><strong>Potas, wap\u0144 + fosfor marki Skoczylas<\/strong><\/p>\n<p>purpose:<\/p>\n<p>Wap\u0144 i fosfor pomagaj\u0105 w utrzymaniu zdrowych ko\u015bci i z\u0119b\u00f3w, przyczyniaj\u0105 si\u0119 do prawid\u0142owego metabolizmu energetycznego. Wap\u0144 i potas pomagaj\u0105 w prawid\u0142owym funkcjonowaniu mi\u0119\u015bni. Wap\u0144: bierze udzia\u0142 w procesie podzia\u0142u i specjalizacji kom\u00f3rek, pomaga w utrzymaniu prawid\u0142owego przeka\u017anictwa nerwowego. Potas: pomaga w prawid\u0142owym funkcjonowaniu uk\u0142adu nerwowego. Ponadto pomaga w utrzymaniu prawid\u0142owego ci\u015bnienia krwi.<\/p>\n<p><strong>Potas:<\/strong><br \/>\n- helps in the proper functioning of the nervous system,<br \/>\n- helps in proper muscle function,<br \/>\n&#8211; pomaga w prawid\u0142owym utrzymaniu ci\u015bnienia krwi.<\/p>\n<p><strong>Calcium:<\/strong><br \/>\n&#8211;\u00a0jest potrzebny do utrzymania zdrowych ko\u015bci,<br \/>\n&#8211;\u00a0jest potrzebny do utrzymania zdrowych z\u0119b\u00f3w.<\/p>\n<p><strong>Fosfor:<\/strong><br \/>\n- helps maintain normal energy metabolism,<br \/>\n&#8211;\u00a0pomaga w prawid\u0142owym funkcjonowaniu b\u0142on kom\u00f3rkowych,<br \/>\n&#8211;\u00a0pomaga w utrzymaniu zdrowych ko\u015bci,<br \/>\n&#8211;\u00a0pomaga w utrzymaniu zdrowych z\u0119b\u00f3w.<\/p>\n<p>PERFECTION:<\/p>\n<p>- carefully selected source of raw materials,<br \/>\n- without preservatives,<br \/>\n- without tracking,<br \/>\n- free of artificial colors (transparent capsule),<br \/>\n- black bottle protects the contents from unwanted UV rays,<br \/>\n- colorless capsule of vegetable origin,<br \/>\n- directly from the Polish manufacturer.<\/p>\n<p>Ingredients:<\/p>\n<p>Glicerofosforan wapnia, chlorek potasu, kapsu\u0142ka (substancja glazuruj\u0105ca: hydroksypropylometyloceluloza), z nasion amarantusa, szar\u0142atu wiechowatego (Amaranthus cruentus L).<\/p>\n<table class=\"table\" border=\"1\">\n<tbody>\n<tr>\n<td><strong>Ingredients<\/strong><\/td>\n<td><strong>Ilo\u015b\u0107 w 3 kapsu\u0142kach<\/strong><\/p>\n<p>Recommended daily intake\/<\/td>\n<\/tr>\n<tr>\n<td>Potas<\/td>\n<td>300 mg (15%)*<\/td>\n<\/tr>\n<tr>\n<td>Calcium<\/td>\n<td>291,84 mg (36,5%)*<\/td>\n<\/tr>\n<tr>\n<td>Fosfor<\/td>\n<td>231,3 mg (33,04%)*<\/td>\n<\/tr>\n<tr>\n<td>Amaranth Extract<\/td>\n<td>300 mg<\/td>\n<\/tr>\n<\/tbody>\n<\/table>\n<p>* % RWS (reference consumption value)<\/p>\n<p>RECOMMENDED DAILY SERVING:<\/p>\n<p>Spo\u017cywa\u0107 1 kapsu\u0142k\u0119 trzy razy dziennie, najlepiej po posi\u0142ku, popijaj\u0105c wod\u0105.<br \/>\nJe\u015bli chorujesz na niedoczynno\u015b\u0107 tarczycy i przyjmujesz rano leki, spo\u017cyj preparat w drugiej po\u0142owie dnia.<br \/>\nDo not exceed the recommended daily intake.<\/p>\n<p>STORAGE METHOD:<\/p>\n<p>Keep out of reach of small children in a cool, dry place.<\/p>\n<p>IMPORTANT NOTES:<\/p>\n<p>A dietary supplement cannot be used as a substitute for a varied diet. Maintaining a healthy lifestyle and following a balanced diet is essential for maintaining good health.<br \/>\nNie stosowa\u0107 w przypadku nadwra\u017cliwo\u015bci na kt\u00f3rykolwiek ze sk\u0142adnik\u00f3w. W przypadku wyst\u0119powania chor\u00f3b lub stosowania produkt\u00f3w leczniczych skonsultuj przyjmowanie suplementu diety z lekarzem. Kobiety w ci\u0105\u017cy i w trakcie laktacji przed zastosowaniem preparatu powinny skonsultowa\u0107 si\u0119 z lekarzem.<\/p>\n<p>quantity:<\/p>\n<p>60 vegetarian capsules.<\/p>","protected":false},"excerpt":{"rendered":"<p>Wap\u0144 i fosfor pomagaj\u0105 w utrzymaniu zdrowych ko\u015bci i z\u0119b\u00f3w, przyczyniaj\u0105 si\u0119 do prawid\u0142owego metabolizmu energetycznego. Wap\u0144 i potas pomagaj\u0105 w prawid\u0142owym funkcjonowaniu mi\u0119\u015bni. Wap\u0144: bierze udzia\u0142 w procesie podzia\u0142u i specjalizacji kom\u00f3rek, pomaga w utrzymaniu prawid\u0142owego przeka\u017anictwa nerwowego. Potas: pomaga w prawid\u0142owym funkcjonowaniu uk\u0142adu nerwowego. Ponadto pomaga w utrzymaniu prawid\u0142owego ci\u015bnienia krwi.<\/p>","protected":false},"featured_media":3661,"template":"","meta":{"ocean_post_layout":"","ocean_both_sidebars_style":"","ocean_both_sidebars_content_width":0,"ocean_both_sidebars_sidebars_width":0,"ocean_sidebar":"0","ocean_second_sidebar":"0","ocean_disable_margins":"enable","ocean_add_body_class":"","ocean_shortcode_before_top_bar":"","ocean_shortcode_after_top_bar":"","ocean_shortcode_before_header":"","ocean_shortcode_after_header":"","ocean_has_shortcode":"","ocean_shortcode_after_title":"","ocean_shortcode_before_footer_widgets":"","ocean_shortcode_after_footer_widgets":"","ocean_shortcode_before_footer_bottom":"","ocean_shortcode_after_footer_bottom":"","ocean_display_top_bar":"default","ocean_display_header":"default","ocean_header_style":"","ocean_center_header_left_menu":"0","ocean_custom_header_template":"0","ocean_custom_logo":0,"ocean_custom_retina_logo":0,"ocean_custom_logo_max_width":0,"ocean_custom_logo_tablet_max_width":0,"ocean_custom_logo_mobile_max_width":0,"ocean_custom_logo_max_height":0,"ocean_custom_logo_tablet_max_height":0,"ocean_custom_logo_mobile_max_height":0,"ocean_header_custom_menu":"0","ocean_menu_typo_font_family":"0","ocean_menu_typo_font_subset":"","ocean_menu_typo_font_size":0,"ocean_menu_typo_font_size_tablet":0,"ocean_menu_typo_font_size_mobile":0,"ocean_menu_typo_font_size_unit":"px","ocean_menu_typo_font_weight":"","ocean_menu_typo_font_weight_tablet":"","ocean_menu_typo_font_weight_mobile":"","ocean_menu_typo_transform":"","ocean_menu_typo_transform_tablet":"","ocean_menu_typo_transform_mobile":"","ocean_menu_typo_line_height":0,"ocean_menu_typo_line_height_tablet":0,"ocean_menu_typo_line_height_mobile":0,"ocean_menu_typo_line_height_unit":"","ocean_menu_typo_spacing":0,"ocean_menu_typo_spacing_tablet":0,"ocean_menu_typo_spacing_mobile":0,"ocean_menu_typo_spacing_unit":"","ocean_menu_link_color":"","ocean_menu_link_color_hover":"","ocean_menu_link_color_active":"","ocean_menu_link_background":"","ocean_menu_link_hover_background":"","ocean_menu_link_active_background":"","ocean_menu_social_links_bg":"","ocean_menu_social_hover_links_bg":"","ocean_menu_social_links_color":"","ocean_menu_social_hover_links_color":"","ocean_disable_title":"default","ocean_disable_heading":"default","ocean_post_title":"","ocean_post_subheading":"","ocean_post_title_style":"","ocean_post_title_background_color":"","ocean_post_title_background":0,"ocean_post_title_bg_image_position":"","ocean_post_title_bg_image_attachment":"","ocean_post_title_bg_image_repeat":"","ocean_post_title_bg_image_size":"","ocean_post_title_height":0,"ocean_post_title_bg_overlay":0.5,"ocean_post_title_bg_overlay_color":"","ocean_disable_breadcrumbs":"default","ocean_breadcrumbs_color":"","ocean_breadcrumbs_separator_color":"","ocean_breadcrumbs_links_color":"","ocean_breadcrumbs_links_hover_color":"","ocean_display_footer_widgets":"default","ocean_display_footer_bottom":"default","ocean_custom_footer_template":"0"},"product_brand":[],"product_cat":[72,22],"product_tag":[],"class_list":{"0":"post-3660","1":"product","2":"type-product","3":"status-publish","4":"has-post-thumbnail","6":"product_cat-skoczylas","7":"product_cat-suplementy-i-witaminy","9":"entry","10":"has-media","12":"first","13":"outofstock","14":"shipping-taxable","15":"purchasable","16":"product-type-simple","17":"has-product-nav","18":"col","19":"span_1_of_3","20":"owp-content-left","21":"owp-thumbs-layout-horizontal","22":"owp-btn-normal","23":"owp-tabs-layout-horizontal"},"_links":{"self":[{"href":"https:\/\/ecocorner.eu\/en\/wp-json\/wp\/v2\/product\/3660","targetHints":{"allow":["GET"]}}],"collection":[{"href":"https:\/\/ecocorner.eu\/en\/wp-json\/wp\/v2\/product"}],"about":[{"href":"https:\/\/ecocorner.eu\/en\/wp-json\/wp\/v2\/types\/product"}],"version-history":[{"count":2,"href":"https:\/\/ecocorner.eu\/en\/wp-json\/wp\/v2\/product\/3660\/revisions"}],"predecessor-version":[{"id":7865,"href":"https:\/\/ecocorner.eu\/en\/wp-json\/wp\/v2\/product\/3660\/revisions\/7865"}],"wp:featuredmedia":[{"embeddable":true,"href":"https:\/\/ecocorner.eu\/en\/wp-json\/wp\/v2\/media\/3661"}],"wp:attachment":[{"href":"https:\/\/ecocorner.eu\/en\/wp-json\/wp\/v2\/media?parent=3660"}],"wp:term":[{"taxonomy":"product_brand","embeddable":true,"href":"https:\/\/ecocorner.eu\/en\/wp-json\/wp\/v2\/product_brand?post=3660"},{"taxonomy":"product_cat","embeddable":true,"href":"https:\/\/ecocorner.eu\/en\/wp-json\/wp\/v2\/product_cat?post=3660"},{"taxonomy":"product_tag","embeddable":true,"href":"https:\/\/ecocorner.eu\/en\/wp-json\/wp\/v2\/product_tag?post=3660"}],"curies":[{"name":"wp","href":"https:\/\/api.w.org\/{rel}","templated":true}]}}