{"id":3664,"date":"2023-06-24T20:35:16","date_gmt":"2023-06-24T20:35:16","guid":{"rendered":"https:\/\/ecocorner.eu\/?post_type=product&#038;p=3664"},"modified":"2025-08-28T11:01:15","modified_gmt":"2025-08-28T11:01:15","slug":"skoczylas-niacyna-z-granatem-60-kaps","status":"publish","type":"product","link":"https:\/\/ecocorner.eu\/en\/product\/skoczylas-niacyna-z-granatem-60-kaps\/","title":{"rendered":"Skoczylas  Niacyna z granatem  60 kaps."},"content":{"rendered":"<p><strong>Niacyna granat marki Skoczylas<\/strong><\/p>\n<p>purpose:<\/p>\n<p>Niacyna, witamina B2, B1, B6 i B12 wspieraj\u0105 prawid\u0142owe funkcjonowanie uk\u0142adu nerwowego.<\/p>\n<p><strong>Vitamin B3 (Niacin):<\/strong><br \/>\n- helps maintain normal energy metabolism,<br \/>\n- helps in the proper functioning of the nervous system,<br \/>\n- helps maintain proper psychological functions,<br \/>\n- helps maintain the normal condition of the mucous membranes,<br \/>\n- helps keep your skin healthy,<br \/>\n- helps reduce feelings of tiredness and tiredness.<\/p>\n<p>PERFECTION:<\/p>\n<p>- carefully selected source of raw materials,<br \/>\n- without preservatives,<br \/>\n- without tracking,<br \/>\n- free of artificial colors (transparent capsule),<br \/>\n- black bottle protects the contents from unwanted UV rays,<br \/>\n- colorless capsule of vegetable origin,<br \/>\n- directly from the Polish manufacturer.<\/p>\n<p>Ingredients:<\/p>\n<p>ekstrakt z owoc\u00f3w granatu w\u0142a\u015bciwego (Punica granatum L.), substancja wype\u0142niaj\u0105ca (celuloza mikrokrystaliczna), kapsu\u0142ka (substancja glazuruj\u0105ca &#8211; hydroksypropylometyloceluloza),\u00a0Niacyna (amid kwasu nikotynowego).<\/p>\n<table class=\"table\" border=\"1\">\n<tbody>\n<tr>\n<td><strong>Ingredients<\/strong><\/td>\n<td><strong>Quantity in 1 capsule <\/strong><\/p>\n<p>Recommended daily intake\/<\/td>\n<\/tr>\n<tr>\n<td>Ekstrakt z granatu w\u0142a\u015bciwego<\/td>\n<td>200 mg<\/td>\n<\/tr>\n<tr>\n<td>Niacin<\/td>\n<td>80 mg (500%)*<\/td>\n<\/tr>\n<\/tbody>\n<\/table>\n<p>* % RWS (reference consumption value)<\/p>\n<p>RECOMMENDED DAILY SERVING:<\/p>\n<p>Doro\u015bli, 1 kapsu\u0142k\u0119 dziennie, najlepiej po posi\u0142ku, popijaj\u0105c wod\u0105.<br \/>\nDo not exceed the recommended daily intake.<\/p>\n<p>STORAGE METHOD:<\/p>\n<p>Keep out of reach of small children in a cool, dry place.<\/p>\n<p>IMPORTANT NOTES:<\/p>\n<p>A dietary supplement cannot be used as a substitute for a varied diet. Maintaining a healthy lifestyle and following a balanced diet is essential for maintaining good health.<br \/>\nNiacyna mo\u017ce powodowa\u0107 chwilow\u0105 reakcj\u0119 zaczerwienienia. Nie stosowa\u0107 w przypadku nadwra\u017cliwo\u015bci na kt\u00f3rykolwiek ze sk\u0142adnik\u00f3w. Kobiety w ci\u0105\u017cy i w trakcie laktacji przed zastosowaniem preparatu powinny skonsultowa\u0107 si\u0119 z lekarzem. Przed u\u017cyciem nale\u017cy skonsultowa\u0107 si\u0119 z pracownikiem s\u0142u\u017cby zdrowia, je\u015bli stosowane s\u0105 antybiotyki, leki obni\u017caj\u0105ce poziom cholesterolu, leki obni\u017caj\u0105ce ci\u015bnienie krwi, inhibitory alfa lub inne farmaceutyki.<\/p>\n<p>quantity:<\/p>\n<p>60 vegetarian capsules is enough for 60 days.<\/p>","protected":false},"excerpt":{"rendered":"<p>Niacyna przyczynia si\u0119 do utrzymania prawid\u0142owego metabolizmu energetycznego, pomaga w prawid\u0142owym funkcjonowaniu uk\u0142adu nerwowego.<\/p>","protected":false},"featured_media":3665,"template":"","meta":{"ocean_post_layout":"","ocean_both_sidebars_style":"","ocean_both_sidebars_content_width":0,"ocean_both_sidebars_sidebars_width":0,"ocean_sidebar":"0","ocean_second_sidebar":"0","ocean_disable_margins":"enable","ocean_add_body_class":"","ocean_shortcode_before_top_bar":"","ocean_shortcode_after_top_bar":"","ocean_shortcode_before_header":"","ocean_shortcode_after_header":"","ocean_has_shortcode":"","ocean_shortcode_after_title":"","ocean_shortcode_before_footer_widgets":"","ocean_shortcode_after_footer_widgets":"","ocean_shortcode_before_footer_bottom":"","ocean_shortcode_after_footer_bottom":"","ocean_display_top_bar":"default","ocean_display_header":"default","ocean_header_style":"","ocean_center_header_left_menu":"0","ocean_custom_header_template":"0","ocean_custom_logo":0,"ocean_custom_retina_logo":0,"ocean_custom_logo_max_width":0,"ocean_custom_logo_tablet_max_width":0,"ocean_custom_logo_mobile_max_width":0,"ocean_custom_logo_max_height":0,"ocean_custom_logo_tablet_max_height":0,"ocean_custom_logo_mobile_max_height":0,"ocean_header_custom_menu":"0","ocean_menu_typo_font_family":"0","ocean_menu_typo_font_subset":"","ocean_menu_typo_font_size":0,"ocean_menu_typo_font_size_tablet":0,"ocean_menu_typo_font_size_mobile":0,"ocean_menu_typo_font_size_unit":"px","ocean_menu_typo_font_weight":"","ocean_menu_typo_font_weight_tablet":"","ocean_menu_typo_font_weight_mobile":"","ocean_menu_typo_transform":"","ocean_menu_typo_transform_tablet":"","ocean_menu_typo_transform_mobile":"","ocean_menu_typo_line_height":0,"ocean_menu_typo_line_height_tablet":0,"ocean_menu_typo_line_height_mobile":0,"ocean_menu_typo_line_height_unit":"","ocean_menu_typo_spacing":0,"ocean_menu_typo_spacing_tablet":0,"ocean_menu_typo_spacing_mobile":0,"ocean_menu_typo_spacing_unit":"","ocean_menu_link_color":"","ocean_menu_link_color_hover":"","ocean_menu_link_color_active":"","ocean_menu_link_background":"","ocean_menu_link_hover_background":"","ocean_menu_link_active_background":"","ocean_menu_social_links_bg":"","ocean_menu_social_hover_links_bg":"","ocean_menu_social_links_color":"","ocean_menu_social_hover_links_color":"","ocean_disable_title":"default","ocean_disable_heading":"default","ocean_post_title":"","ocean_post_subheading":"","ocean_post_title_style":"","ocean_post_title_background_color":"","ocean_post_title_background":0,"ocean_post_title_bg_image_position":"","ocean_post_title_bg_image_attachment":"","ocean_post_title_bg_image_repeat":"","ocean_post_title_bg_image_size":"","ocean_post_title_height":0,"ocean_post_title_bg_overlay":0.5,"ocean_post_title_bg_overlay_color":"","ocean_disable_breadcrumbs":"default","ocean_breadcrumbs_color":"","ocean_breadcrumbs_separator_color":"","ocean_breadcrumbs_links_color":"","ocean_breadcrumbs_links_hover_color":"","ocean_display_footer_widgets":"default","ocean_display_footer_bottom":"default","ocean_custom_footer_template":"0"},"product_brand":[],"product_cat":[72,22],"product_tag":[],"class_list":{"0":"post-3664","1":"product","2":"type-product","3":"status-publish","4":"has-post-thumbnail","6":"product_cat-skoczylas","7":"product_cat-suplementy-i-witaminy","9":"entry","10":"has-media","12":"first","13":"outofstock","14":"shipping-taxable","15":"purchasable","16":"product-type-simple","17":"has-product-nav","18":"col","19":"span_1_of_3","20":"owp-content-left","21":"owp-thumbs-layout-horizontal","22":"owp-btn-normal","23":"owp-tabs-layout-horizontal"},"_links":{"self":[{"href":"https:\/\/ecocorner.eu\/en\/wp-json\/wp\/v2\/product\/3664","targetHints":{"allow":["GET"]}}],"collection":[{"href":"https:\/\/ecocorner.eu\/en\/wp-json\/wp\/v2\/product"}],"about":[{"href":"https:\/\/ecocorner.eu\/en\/wp-json\/wp\/v2\/types\/product"}],"version-history":[{"count":1,"href":"https:\/\/ecocorner.eu\/en\/wp-json\/wp\/v2\/product\/3664\/revisions"}],"predecessor-version":[{"id":3667,"href":"https:\/\/ecocorner.eu\/en\/wp-json\/wp\/v2\/product\/3664\/revisions\/3667"}],"wp:featuredmedia":[{"embeddable":true,"href":"https:\/\/ecocorner.eu\/en\/wp-json\/wp\/v2\/media\/3665"}],"wp:attachment":[{"href":"https:\/\/ecocorner.eu\/en\/wp-json\/wp\/v2\/media?parent=3664"}],"wp:term":[{"taxonomy":"product_brand","embeddable":true,"href":"https:\/\/ecocorner.eu\/en\/wp-json\/wp\/v2\/product_brand?post=3664"},{"taxonomy":"product_cat","embeddable":true,"href":"https:\/\/ecocorner.eu\/en\/wp-json\/wp\/v2\/product_cat?post=3664"},{"taxonomy":"product_tag","embeddable":true,"href":"https:\/\/ecocorner.eu\/en\/wp-json\/wp\/v2\/product_tag?post=3664"}],"curies":[{"name":"wp","href":"https:\/\/api.w.org\/{rel}","templated":true}]}}