{"id":3891,"date":"2023-09-04T15:51:33","date_gmt":"2023-09-04T15:51:33","guid":{"rendered":"https:\/\/ecocorner.eu\/?post_type=product&#038;p=3891"},"modified":"2026-03-02T11:44:49","modified_gmt":"2026-03-02T11:44:49","slug":"hemp-king-olej-cbd-20-canna-harmony-15-cbd-2-cbda-3-cbg-natural-strong-2000-mg-10-ml","status":"publish","type":"product","link":"https:\/\/ecocorner.eu\/en\/product\/hemp-king-olej-cbd-20-canna-harmony-15-cbd-2-cbda-3-cbg-natural-strong-2000-mg-10-ml\/","title":{"rendered":"HEMP KING   Olej CBD 20% Canna Harmony &#8211; 15% CBD + 2% CBDA + 3% CBG Natural Strong 2000 mg &#8211; 10 ml"},"content":{"rendered":"<div id=\"tab-action_tab\" class=\"tab-content resp-tab-content resp-tab-content-active\" aria-labelledby=\"tab_item-2\">\n<h2><strong>W\u0142a\u015bciwo\u015bci oleju Canna Harmony 20% i zawartych w nim naturalnych konopnych komponent\u00f3w<\/strong><\/h2>\n<p>Witaj w niezwyk\u0142ym \u015bwiecie harmonii oferowanym przez natur\u0119! Olej konopny to kompleksowa gama korzy\u015bci dla Twojego organizmu. Nasz olej konopny Canna Harmony 20% jest wytwarzany z konopi siewnych i kryje w sobie cenne sk\u0142adniki, kt\u00f3re szybko stan\u0105 si\u0119 nieod\u0142\u0105czn\u0105 cz\u0119\u015bci\u0105 Twojej codzienno\u015bci. W szczeg\u00f3lno\u015bci warto podkre\u015bli\u0107 rol\u0119 nienasyconych kwas\u00f3w t\u0142uszczowych omega-3, omega-6 i omega-9, kt\u00f3re powinny znale\u017a\u0107 si\u0119 w Twojej codziennej diecie.<\/p>\n<p>By applying our Canna Harmony hemp oil, you can extract from nature what is most important to you! <strong>Oto niezwyk\u0142e w\u0142a\u015bciwo\u015bci tego sk\u0142adnika:<\/strong><\/p>\n<ol>\n<li aria-level=\"1\"><strong>Chroni i upi\u0119ksza Twoj\u0105 sk\u00f3r\u0119:<\/strong> olej konopny Canna Harmony mo\u017ce by\u0107 dodany do stosowanego kremu lub peelingu cukrowego, aby wspiera\u0107 zdrow\u0105 i promienn\u0105 sk\u00f3r\u0119. Odkryj pi\u0119kno, kt\u00f3re p\u0142ynie prosto z natury!<\/li>\n<li aria-level=\"1\"><strong>Wspiera zdrowie serca:<\/strong> optymalne proporcje omega-3 do omega-6 zawarte w naszym oleju konopnym maj\u0105 korzystny wp\u0142yw na uk\u0142ad sercowo-naczyniowy. Dzi\u0119ki temu, gdy wzbogacisz swoj\u0105 diet\u0119 o olej Canna Harmony 20%, mo\u017cesz utrzyma\u0107 odpowiednie poziomy cholesterolu i tr\u00f3jgliceryd\u00f3w we krwi, co zmniejsza ryzyko chor\u00f3b sercowo-naczyniowych, takich jak mia\u017cd\u017cyca, zawa\u0142 serca i udar.<\/li>\n<li aria-level=\"1\"><strong>Wzmacnia odporno\u015b\u0107:<\/strong> olej konopny to klucz do naturalnego wzmocnienia Twojej odporno\u015bci. Je\u015bli chcesz unikn\u0105\u0107 cz\u0119stych przezi\u0119bie\u0144 lub profilaktycznie wzmacnia\u0107 swoj\u0105 odporno\u015b\u0107, olej konopny b\u0119dzie Twoim niezawodnym sprzymierze\u0144cem.<\/li>\n<li aria-level=\"1\"><strong>Wspomaga regulacj\u0119 poziomu glukozy:<\/strong> olej konopny mo\u017ce by\u0107 przydatny w walce z cukrzyc\u0105. Badania wykaza\u0142y, \u017ce ma zdolno\u015b\u0107 wp\u0142ywania na procesy metaboliczne glukozy, nawet u os\u00f3b dotkni\u0119tych t\u0105 chorob\u0105.<\/li>\n<li aria-level=\"1\"><strong>Dzia\u0142a przeciwzapalnie:<\/strong> stany zapalne w organizmie mog\u0105 powodowa\u0107 b\u00f3l, obrz\u0119k i dyskomfort. Olej konopny ma udowodnione w\u0142a\u015bciwo\u015bci przeciwzapalne, kt\u00f3re mog\u0105 pom\u00f3c w \u0142agodzeniu tych objaw\u00f3w i przywr\u00f3ci\u0107 harmoni\u0119 w Twoim ciele.<\/li>\n<li aria-level=\"1\"><strong>Wspiera zdrowie mi\u0119\u015bni i staw\u00f3w:<\/strong> dbaj o zdrowie mi\u0119\u015bni i staw\u00f3w, niezale\u017cnie od wieku! Olej konopny Canna Harmony, dzi\u0119ki zawarto\u015bci przeciwzapalnych kwas\u00f3w omega, mo\u017ce wspomaga\u0107 kondycj\u0119 uk\u0142adu ruchu, umo\u017cliwiaj\u0105c Ci cieszenie si\u0119 aktywno\u015bci\u0105 fizyczn\u0105 bez dyskomfortu i b\u00f3lu.<\/li>\n<\/ol>\n<p>Odkryj niezwyk\u0142y potencja\u0142 oleju konopnego Canna Harmony i wprowad\u017a do swojego \u017cycia harmoni\u0119 oferowan\u0105 przez natur\u0119!<\/p>\n<h2><strong>Poznaj najlepsz\u0105 metod\u0119 stosowania oleju CBD Canna Harmony 20%!<\/strong><\/h2>\n<p>Naszym priorytetem jest zapewnienie Ci pe\u0142nej harmonii dzi\u0119ki <strong>olejkowi konopnemu Canna Harmony 20%<\/strong>, kt\u00f3ry przyniesie Ci liczne korzy\u015bci. Dzi\u0119ki naszemu wieloletniemu do\u015bwiadczeniu, zdobytej wiedzy i odkrytym tajemnicom suplementacji konopnej, mamy dla Ciebie przepis na maksymalne wykorzystanie tego olejku!<\/p>\n<p>Holding the bottle in your hand <strong>olejku konopnego Canna Harmony 20%<\/strong>, mo\u017cesz czerpa\u0107 z niej jak najwi\u0119cej dobra prosto z natury. Wystarczy, \u017ce skorzystasz z do\u0142\u0105czonej pipety, aby nabra\u0107 niezb\u0119dn\u0105 ilo\u015b\u0107 olejku, a nast\u0119pnie umie\u015bcisz kropl\u0119 pod j\u0119zykiem i poczekasz, a\u017c si\u0119 wch\u0142onie. Ten proces trwa zazwyczaj oko\u0142o 30 sekund. W tym czasie cenne sk\u0142adniki konopne przenikaj\u0105 przez \u015bluz\u00f3wk\u0119 pod j\u0119zykiem i bezpo\u015brednio dostaj\u0105 si\u0119 do krwiobiegu, trafaj\u0105c tam, gdzie s\u0105 najbardziej potrzebne! Olej stosuj 3 razy dziennie, w rozbitych porcjach dziennej ilo\u015bci, kt\u00f3r\u0105 chcesz spo\u017cywa\u0107.<\/p>\n<p>Czy ju\u017c czujesz harmoni\u0119, kt\u00f3ra p\u0142ynie z Canna Harmony? Pozw\u00f3l sobie na pe\u0142ne do\u015bwiadczenie harmonii natury dzi\u0119ki naszemu olejkowi konopnemu!<\/p>\n<div id=\"tab-composition_tab\" class=\"tab-content resp-tab-content resp-tab-content-active\" aria-labelledby=\"tab_item-1\">\n<h2>Ingredients<\/h2>\n<p><a href=\"https:\/\/hempking.eu\/pl\/skladniki\/olej-konopny\/\">Fibrous Hemp Oil<\/a> z naturalnie wyst\u0119puj\u0105cymi fitosk\u0142adnikami. Olej konopny natural 2000 mg zawiera pe\u0142ne spektrum fitosk\u0142adnik\u00f3w, terpeny, flawonoidy oraz fenole.<\/p>\n<p>&nbsp;<\/p>\n<p class=\"font-weight-bold mb-1\">Country of origin<\/p>\n<p>Poland<\/p>\n<\/div>\n<p>&nbsp;<\/p>\n<\/div>","protected":false},"excerpt":{"rendered":"<div class=\"description woocommerce-product-details__short-description\">\n<h2><strong>Canna Harmony 20%:\u00a0<\/strong><\/h2>\n<ul>\n<li>potr\u00f3jnie standaryzowany olej full spectrum: 15% CBD, 2% CBDA, 3% CBG + pozosta\u0142e fitosk\u0142adniki,<\/li>\n<li>olej konopny korzystnie wp\u0142ywa\u00a0 na stany zapalne, wygl\u0105d sk\u00f3ry, mi\u0119\u015bnie i stawy, uk\u0142ad sercowo-naczyniowy, cholesterol, odporno\u015b\u0107,<\/li>\n<li>bez zb\u0119dnych dodatk\u00f3w czy krystalicznego CBD,<\/li>\n<li>1 kropla to 10 mg fitosk\u0142adnik\u00f3w,<\/li>\n<li>butelka zawiera ok. 200 kropli produktu,<\/li>\n<li>co przek\u0142ada si\u0119 na 2 miesi\u0105ce stosowania wg. zalece\u0144 producenta.<\/li>\n<\/ul>\n<p><strong>Capacity: 10ml<\/strong><\/p>\n<\/div>\n<p>&nbsp;<\/p>","protected":false},"featured_media":3893,"template":"","meta":{"ocean_post_layout":"","ocean_both_sidebars_style":"","ocean_both_sidebars_content_width":0,"ocean_both_sidebars_sidebars_width":0,"ocean_sidebar":"0","ocean_second_sidebar":"0","ocean_disable_margins":"enable","ocean_add_body_class":"","ocean_shortcode_before_top_bar":"","ocean_shortcode_after_top_bar":"","ocean_shortcode_before_header":"","ocean_shortcode_after_header":"","ocean_has_shortcode":"","ocean_shortcode_after_title":"","ocean_shortcode_before_footer_widgets":"","ocean_shortcode_after_footer_widgets":"","ocean_shortcode_before_footer_bottom":"","ocean_shortcode_after_footer_bottom":"","ocean_display_top_bar":"default","ocean_display_header":"default","ocean_header_style":"","ocean_center_header_left_menu":"0","ocean_custom_header_template":"0","ocean_custom_logo":0,"ocean_custom_retina_logo":0,"ocean_custom_logo_max_width":0,"ocean_custom_logo_tablet_max_width":0,"ocean_custom_logo_mobile_max_width":0,"ocean_custom_logo_max_height":0,"ocean_custom_logo_tablet_max_height":0,"ocean_custom_logo_mobile_max_height":0,"ocean_header_custom_menu":"0","ocean_menu_typo_font_family":"0","ocean_menu_typo_font_subset":"","ocean_menu_typo_font_size":0,"ocean_menu_typo_font_size_tablet":0,"ocean_menu_typo_font_size_mobile":0,"ocean_menu_typo_font_size_unit":"px","ocean_menu_typo_font_weight":"","ocean_menu_typo_font_weight_tablet":"","ocean_menu_typo_font_weight_mobile":"","ocean_menu_typo_transform":"","ocean_menu_typo_transform_tablet":"","ocean_menu_typo_transform_mobile":"","ocean_menu_typo_line_height":0,"ocean_menu_typo_line_height_tablet":0,"ocean_menu_typo_line_height_mobile":0,"ocean_menu_typo_line_height_unit":"","ocean_menu_typo_spacing":0,"ocean_menu_typo_spacing_tablet":0,"ocean_menu_typo_spacing_mobile":0,"ocean_menu_typo_spacing_unit":"","ocean_menu_link_color":"","ocean_menu_link_color_hover":"","ocean_menu_link_color_active":"","ocean_menu_link_background":"","ocean_menu_link_hover_background":"","ocean_menu_link_active_background":"","ocean_menu_social_links_bg":"","ocean_menu_social_hover_links_bg":"","ocean_menu_social_links_color":"","ocean_menu_social_hover_links_color":"","ocean_disable_title":"default","ocean_disable_heading":"default","ocean_post_title":"","ocean_post_subheading":"","ocean_post_title_style":"","ocean_post_title_background_color":"","ocean_post_title_background":0,"ocean_post_title_bg_image_position":"","ocean_post_title_bg_image_attachment":"","ocean_post_title_bg_image_repeat":"","ocean_post_title_bg_image_size":"","ocean_post_title_height":0,"ocean_post_title_bg_overlay":0.5,"ocean_post_title_bg_overlay_color":"","ocean_disable_breadcrumbs":"default","ocean_breadcrumbs_color":"","ocean_breadcrumbs_separator_color":"","ocean_breadcrumbs_links_color":"","ocean_breadcrumbs_links_hover_color":"","ocean_display_footer_widgets":"default","ocean_display_footer_bottom":"default","ocean_custom_footer_template":"0"},"product_brand":[],"product_cat":[60],"product_tag":[],"class_list":{"0":"post-3891","1":"product","2":"type-product","3":"status-publish","4":"has-post-thumbnail","6":"product_cat-olejki-i-produkty-cbd","8":"entry","9":"has-media","11":"first","12":"outofstock","13":"shipping-taxable","14":"purchasable","15":"product-type-simple","16":"has-product-nav","17":"col","18":"span_1_of_3","19":"owp-content-left","20":"owp-thumbs-layout-horizontal","21":"owp-btn-normal","22":"owp-tabs-layout-horizontal"},"_links":{"self":[{"href":"https:\/\/ecocorner.eu\/en\/wp-json\/wp\/v2\/product\/3891","targetHints":{"allow":["GET"]}}],"collection":[{"href":"https:\/\/ecocorner.eu\/en\/wp-json\/wp\/v2\/product"}],"about":[{"href":"https:\/\/ecocorner.eu\/en\/wp-json\/wp\/v2\/types\/product"}],"version-history":[{"count":2,"href":"https:\/\/ecocorner.eu\/en\/wp-json\/wp\/v2\/product\/3891\/revisions"}],"predecessor-version":[{"id":3917,"href":"https:\/\/ecocorner.eu\/en\/wp-json\/wp\/v2\/product\/3891\/revisions\/3917"}],"wp:featuredmedia":[{"embeddable":true,"href":"https:\/\/ecocorner.eu\/en\/wp-json\/wp\/v2\/media\/3893"}],"wp:attachment":[{"href":"https:\/\/ecocorner.eu\/en\/wp-json\/wp\/v2\/media?parent=3891"}],"wp:term":[{"taxonomy":"product_brand","embeddable":true,"href":"https:\/\/ecocorner.eu\/en\/wp-json\/wp\/v2\/product_brand?post=3891"},{"taxonomy":"product_cat","embeddable":true,"href":"https:\/\/ecocorner.eu\/en\/wp-json\/wp\/v2\/product_cat?post=3891"},{"taxonomy":"product_tag","embeddable":true,"href":"https:\/\/ecocorner.eu\/en\/wp-json\/wp\/v2\/product_tag?post=3891"}],"curies":[{"name":"wp","href":"https:\/\/api.w.org\/{rel}","templated":true}]}}