{"id":3946,"date":"2023-09-13T10:51:21","date_gmt":"2023-09-13T10:51:21","guid":{"rendered":"https:\/\/ecocorner.eu\/?post_type=product&#038;p=3946"},"modified":"2026-04-10T21:59:14","modified_gmt":"2026-04-10T21:59:14","slug":"medi-flowery-ekstrakt-z-rdestu-ostrokonczystego-20ml-rdest-japonski-resveratrol","status":"publish","type":"product","link":"https:\/\/ecocorner.eu\/en\/product\/medi-flowery-ekstrakt-z-rdestu-ostrokonczystego-20ml-rdest-japonski-resveratrol\/","title":{"rendered":"MEDI-FLOWERY   Ekstrakt z rdestu ostroko\u0144czystego 20ml (rdest japo\u0144ski) Resveratrol       02.26"},"content":{"rendered":"<p><span class=\"wartosc\"><strong>Ingredients<\/strong><br \/>\nk\u0142\u0105cze rdestu ostroko\u0144czystego (Polygonum cuspidatum), spirytus rektyfikowany (zawarto\u015b\u0107 etanolu max. 50%), woda.<\/span><\/p>\n<p>W dziennej porcji, czyli w 12 kroplach Ekstraktu z rdesu ostroko\u0144czystego zawarto\u015b\u0107 Resveratrolu i Emodyny wynosi:<br \/>\nResveratrol \u2013 0,151 mg\/12 kropli<br \/>\nEmodyna \u2013 0,028 mg\/12 kropli<\/p>\n<p><strong>METHOD OF APPLICATION<br \/>\n<\/strong>jako uzupe\u0142nienie diety dla os\u00f3b doros\u0142ych, 6 kropli rano i wieczorem przed jedzeniem. Nie rozcie\u0144cza\u0107. Stosowa\u0107 przez 40 dni. Przerwa minimum 2 tygodnie, nast\u0119pnie przyjmowa\u0107 w cyklach: przez 3 dni po 6 kropli 3 razy dziennie i 3 dni przerwy.<\/p>\n<p><strong>note<\/strong><br \/>\nNie nale\u017cy przekracza\u0107 zalecanej porcji do spo\u017cycia w ci\u0105gu dnia. Supplement diety nie mo\u017ce by\u0107 stosowany jako substytut zr\u00f3\u017cnicowanej diety.<br \/>\nThe drug contains 50% ethanol. This can weaken the ability to drive vehicles and control moving cars. The drug should not be used by pregnant women and nursing mothers.<\/p>\n<p><strong>keeping<\/strong><br \/>\nat room temperature, tightly closed and inaccessible to small children. Protect from light.<\/p>","protected":false},"excerpt":{"rendered":"<p>Ekstrakt z rdestu ostroko\u0144czystego (zwanego r\u00f3wnie\u017c rdestem japo\u0144skim) jest jednym z najbogatszych \u017ar\u00f3de\u0142 naturalngo resveratrolu, kt\u00f3ry jest bodaj najsilniejszym znanym antyutleniaczem. Uznawany za prawdziwy eliksir zdrowia przyd\u0142u\u017caj\u0105cy \u017cycie.<br \/>\nPrzypisuje mu sie ponadto istotn\u0105 rol\u0119 dla:<br \/>\n&#8211; Wspomagania zmniejszenia ilo\u015bci potencjalnie patogennych mikroorganizm\u00f3w,<br \/>\n&#8211; \u0141agodzenia stan\u00f3w zapalnych.<br \/>\n&#8211; Opo\u017anienia proces\u00f3w starzenia si\u0119.<br \/>\n&#8211; Poprawy zdolno\u015bci uczenia si\u0119, koncentracji i pamieci.<br \/>\n&#8211; Wp\u0142ywa korzystnie na stan naczy\u0144 krwiono\u015bnych i cery.<\/p>\n<p>\u0179r\u00f3d\u0142o informacji: miesi\u0119cznik &#8222;International Journal of Obesity&#8221;, &#8222;New York Times&#8221; oraz &#8222;Economist\u201d.<\/p>\n<p>Ekstrakt z rdestu ostroko\u0144czystego Resveratrol &#8211; suplement diety &#8211; zosta\u0142 zg\u0142oszony i dopuszczony do sprzeda\u017cy decyzj\u0105 G\u0142\u00f3wnego Inspektora Sanitarnego (GIS-\u017bP-SD-4230-850\/OP\/11\/1).<\/p>","protected":false},"featured_media":3947,"template":"","meta":{"ocean_post_layout":"","ocean_both_sidebars_style":"","ocean_both_sidebars_content_width":0,"ocean_both_sidebars_sidebars_width":0,"ocean_sidebar":"0","ocean_second_sidebar":"0","ocean_disable_margins":"enable","ocean_add_body_class":"","ocean_shortcode_before_top_bar":"","ocean_shortcode_after_top_bar":"","ocean_shortcode_before_header":"","ocean_shortcode_after_header":"","ocean_has_shortcode":"","ocean_shortcode_after_title":"","ocean_shortcode_before_footer_widgets":"","ocean_shortcode_after_footer_widgets":"","ocean_shortcode_before_footer_bottom":"","ocean_shortcode_after_footer_bottom":"","ocean_display_top_bar":"default","ocean_display_header":"default","ocean_header_style":"","ocean_center_header_left_menu":"0","ocean_custom_header_template":"0","ocean_custom_logo":0,"ocean_custom_retina_logo":0,"ocean_custom_logo_max_width":0,"ocean_custom_logo_tablet_max_width":0,"ocean_custom_logo_mobile_max_width":0,"ocean_custom_logo_max_height":0,"ocean_custom_logo_tablet_max_height":0,"ocean_custom_logo_mobile_max_height":0,"ocean_header_custom_menu":"0","ocean_menu_typo_font_family":"0","ocean_menu_typo_font_subset":"","ocean_menu_typo_font_size":0,"ocean_menu_typo_font_size_tablet":0,"ocean_menu_typo_font_size_mobile":0,"ocean_menu_typo_font_size_unit":"px","ocean_menu_typo_font_weight":"","ocean_menu_typo_font_weight_tablet":"","ocean_menu_typo_font_weight_mobile":"","ocean_menu_typo_transform":"","ocean_menu_typo_transform_tablet":"","ocean_menu_typo_transform_mobile":"","ocean_menu_typo_line_height":0,"ocean_menu_typo_line_height_tablet":0,"ocean_menu_typo_line_height_mobile":0,"ocean_menu_typo_line_height_unit":"","ocean_menu_typo_spacing":0,"ocean_menu_typo_spacing_tablet":0,"ocean_menu_typo_spacing_mobile":0,"ocean_menu_typo_spacing_unit":"","ocean_menu_link_color":"","ocean_menu_link_color_hover":"","ocean_menu_link_color_active":"","ocean_menu_link_background":"","ocean_menu_link_hover_background":"","ocean_menu_link_active_background":"","ocean_menu_social_links_bg":"","ocean_menu_social_hover_links_bg":"","ocean_menu_social_links_color":"","ocean_menu_social_hover_links_color":"","ocean_disable_title":"default","ocean_disable_heading":"default","ocean_post_title":"","ocean_post_subheading":"","ocean_post_title_style":"","ocean_post_title_background_color":"","ocean_post_title_background":0,"ocean_post_title_bg_image_position":"","ocean_post_title_bg_image_attachment":"","ocean_post_title_bg_image_repeat":"","ocean_post_title_bg_image_size":"","ocean_post_title_height":0,"ocean_post_title_bg_overlay":0.5,"ocean_post_title_bg_overlay_color":"","ocean_disable_breadcrumbs":"default","ocean_breadcrumbs_color":"","ocean_breadcrumbs_separator_color":"","ocean_breadcrumbs_links_color":"","ocean_breadcrumbs_links_hover_color":"","ocean_display_footer_widgets":"default","ocean_display_footer_bottom":"default","ocean_custom_footer_template":"0"},"product_brand":[],"product_cat":[56,64,36,22],"product_tag":[],"class_list":{"0":"post-3946","1":"product","2":"type-product","3":"status-publish","4":"has-post-thumbnail","6":"product_cat-herbaty-ziolowe","7":"product_cat-oferta-tygodnia","8":"product_cat-promocje-wyprzedaze","9":"product_cat-suplementy-i-witaminy","11":"entry","12":"has-media","14":"first","15":"instock","16":"sale","17":"shipping-taxable","18":"purchasable","19":"product-type-simple","20":"has-product-nav","21":"col","22":"span_1_of_3","23":"owp-content-left","24":"owp-thumbs-layout-horizontal","25":"owp-btn-normal","26":"owp-tabs-layout-horizontal","27":"has-no-thumbnails"},"_links":{"self":[{"href":"https:\/\/ecocorner.eu\/en\/wp-json\/wp\/v2\/product\/3946","targetHints":{"allow":["GET"]}}],"collection":[{"href":"https:\/\/ecocorner.eu\/en\/wp-json\/wp\/v2\/product"}],"about":[{"href":"https:\/\/ecocorner.eu\/en\/wp-json\/wp\/v2\/types\/product"}],"version-history":[{"count":3,"href":"https:\/\/ecocorner.eu\/en\/wp-json\/wp\/v2\/product\/3946\/revisions"}],"predecessor-version":[{"id":8630,"href":"https:\/\/ecocorner.eu\/en\/wp-json\/wp\/v2\/product\/3946\/revisions\/8630"}],"wp:featuredmedia":[{"embeddable":true,"href":"https:\/\/ecocorner.eu\/en\/wp-json\/wp\/v2\/media\/3947"}],"wp:attachment":[{"href":"https:\/\/ecocorner.eu\/en\/wp-json\/wp\/v2\/media?parent=3946"}],"wp:term":[{"taxonomy":"product_brand","embeddable":true,"href":"https:\/\/ecocorner.eu\/en\/wp-json\/wp\/v2\/product_brand?post=3946"},{"taxonomy":"product_cat","embeddable":true,"href":"https:\/\/ecocorner.eu\/en\/wp-json\/wp\/v2\/product_cat?post=3946"},{"taxonomy":"product_tag","embeddable":true,"href":"https:\/\/ecocorner.eu\/en\/wp-json\/wp\/v2\/product_tag?post=3946"}],"curies":[{"name":"wp","href":"https:\/\/api.w.org\/{rel}","templated":true}]}}