{"id":3952,"date":"2023-09-13T11:00:31","date_gmt":"2023-09-13T11:00:31","guid":{"rendered":"https:\/\/ecocorner.eu\/?post_type=product&#038;p=3952"},"modified":"2023-09-13T11:00:32","modified_gmt":"2023-09-13T11:00:32","slug":"medi-flowery-ekstrakt-ziolowy-antiquus-90ml","status":"publish","type":"product","link":"https:\/\/ecocorner.eu\/en\/product\/medi-flowery-ekstrakt-ziolowy-antiquus-90ml\/","title":{"rendered":"MEDI-FLOWERY   Ekstrakt zio\u0142owy Antiquus 90ml"},"content":{"rendered":"<p><strong>METHOD OF APPLICATION<\/strong><br \/>\njako uzupe\u0142nienie diety dla os\u00f3b doros\u0142ych, 5 ml rozpu\u015bci\u0107 w 100 ml wody. Przyjmowa\u0107 2 razy dziennie na 15 min przed posi\u0142kiem.<\/p>\n<p><strong>note<\/strong><br \/>\nDo not exceed the recommended daily intake. A dietary supplement cannot be used as a substitute for a varied diet.<br \/>\nThe drug contains 50% ethanol. This can weaken the ability to drive vehicles and control moving cars. The drug should not be used by pregnant women and nursing mothers.<\/p>\n<p><strong>keeping<\/strong><br \/>\nat room temperature, tightly closed and inaccessible to small children. Protect from light.<\/p>","protected":false},"excerpt":{"rendered":"<p>Ekstrakt zio\u0142owy Antiquus sporz\u0105dzony wed\u0142ug receptury z XIV w.<\/p>\n<p>Antiquus ekstrakt zio\u0142owy &#8211; suplement diety &#8211; zosta\u0142 zg\u0142oszony i dopuszczony do sprzeda\u017cy decyzj\u0105 G\u0142\u00f3wnego Inspektora Sanitarnego (GIS-B\u017b-\u017b-4230-883-3\/OP\/10).<\/p>\n<p><strong>Ingredients<\/strong><br \/>\nrozmaryn lekarski (Rosmarinus folium), lawenda lekarska (Lavandula flos), tymianek pospolity (Thymi herba), melisa lekarska, (Melissa folium), mi\u0119ta pieprzowa, (Mentha piperita folium), pokrzywa zwyczajna (Urtica folium), bez czarny (Sambuci flos), spirytus rektyfikowany (zawarto\u015b\u0107 etanolu max 50%), woda.<\/p>","protected":false},"featured_media":3953,"template":"","meta":{"ocean_post_layout":"","ocean_both_sidebars_style":"","ocean_both_sidebars_content_width":0,"ocean_both_sidebars_sidebars_width":0,"ocean_sidebar":"0","ocean_second_sidebar":"0","ocean_disable_margins":"enable","ocean_add_body_class":"","ocean_shortcode_before_top_bar":"","ocean_shortcode_after_top_bar":"","ocean_shortcode_before_header":"","ocean_shortcode_after_header":"","ocean_has_shortcode":"","ocean_shortcode_after_title":"","ocean_shortcode_before_footer_widgets":"","ocean_shortcode_after_footer_widgets":"","ocean_shortcode_before_footer_bottom":"","ocean_shortcode_after_footer_bottom":"","ocean_display_top_bar":"default","ocean_display_header":"default","ocean_header_style":"","ocean_center_header_left_menu":"0","ocean_custom_header_template":"0","ocean_custom_logo":0,"ocean_custom_retina_logo":0,"ocean_custom_logo_max_width":0,"ocean_custom_logo_tablet_max_width":0,"ocean_custom_logo_mobile_max_width":0,"ocean_custom_logo_max_height":0,"ocean_custom_logo_tablet_max_height":0,"ocean_custom_logo_mobile_max_height":0,"ocean_header_custom_menu":"0","ocean_menu_typo_font_family":"0","ocean_menu_typo_font_subset":"","ocean_menu_typo_font_size":0,"ocean_menu_typo_font_size_tablet":0,"ocean_menu_typo_font_size_mobile":0,"ocean_menu_typo_font_size_unit":"px","ocean_menu_typo_font_weight":"","ocean_menu_typo_font_weight_tablet":"","ocean_menu_typo_font_weight_mobile":"","ocean_menu_typo_transform":"","ocean_menu_typo_transform_tablet":"","ocean_menu_typo_transform_mobile":"","ocean_menu_typo_line_height":0,"ocean_menu_typo_line_height_tablet":0,"ocean_menu_typo_line_height_mobile":0,"ocean_menu_typo_line_height_unit":"","ocean_menu_typo_spacing":0,"ocean_menu_typo_spacing_tablet":0,"ocean_menu_typo_spacing_mobile":0,"ocean_menu_typo_spacing_unit":"","ocean_menu_link_color":"","ocean_menu_link_color_hover":"","ocean_menu_link_color_active":"","ocean_menu_link_background":"","ocean_menu_link_hover_background":"","ocean_menu_link_active_background":"","ocean_menu_social_links_bg":"","ocean_menu_social_hover_links_bg":"","ocean_menu_social_links_color":"","ocean_menu_social_hover_links_color":"","ocean_disable_title":"default","ocean_disable_heading":"default","ocean_post_title":"","ocean_post_subheading":"","ocean_post_title_style":"","ocean_post_title_background_color":"","ocean_post_title_background":0,"ocean_post_title_bg_image_position":"","ocean_post_title_bg_image_attachment":"","ocean_post_title_bg_image_repeat":"","ocean_post_title_bg_image_size":"","ocean_post_title_height":0,"ocean_post_title_bg_overlay":0.5,"ocean_post_title_bg_overlay_color":"","ocean_disable_breadcrumbs":"default","ocean_breadcrumbs_color":"","ocean_breadcrumbs_separator_color":"","ocean_breadcrumbs_links_color":"","ocean_breadcrumbs_links_hover_color":"","ocean_display_footer_widgets":"default","ocean_display_footer_bottom":"default","ocean_custom_footer_template":"0"},"product_brand":[],"product_cat":[56,22],"product_tag":[],"class_list":{"0":"post-3952","1":"product","2":"type-product","3":"status-publish","4":"has-post-thumbnail","6":"product_cat-herbaty-ziolowe","7":"product_cat-suplementy-i-witaminy","9":"entry","10":"has-media","12":"first","13":"instock","14":"shipping-taxable","15":"purchasable","16":"product-type-simple","17":"has-product-nav","18":"col","19":"span_1_of_3","20":"owp-content-left","21":"owp-thumbs-layout-horizontal","22":"owp-btn-normal","23":"owp-tabs-layout-horizontal","24":"has-no-thumbnails"},"_links":{"self":[{"href":"https:\/\/ecocorner.eu\/en\/wp-json\/wp\/v2\/product\/3952","targetHints":{"allow":["GET"]}}],"collection":[{"href":"https:\/\/ecocorner.eu\/en\/wp-json\/wp\/v2\/product"}],"about":[{"href":"https:\/\/ecocorner.eu\/en\/wp-json\/wp\/v2\/types\/product"}],"version-history":[{"count":1,"href":"https:\/\/ecocorner.eu\/en\/wp-json\/wp\/v2\/product\/3952\/revisions"}],"predecessor-version":[{"id":3954,"href":"https:\/\/ecocorner.eu\/en\/wp-json\/wp\/v2\/product\/3952\/revisions\/3954"}],"wp:featuredmedia":[{"embeddable":true,"href":"https:\/\/ecocorner.eu\/en\/wp-json\/wp\/v2\/media\/3953"}],"wp:attachment":[{"href":"https:\/\/ecocorner.eu\/en\/wp-json\/wp\/v2\/media?parent=3952"}],"wp:term":[{"taxonomy":"product_brand","embeddable":true,"href":"https:\/\/ecocorner.eu\/en\/wp-json\/wp\/v2\/product_brand?post=3952"},{"taxonomy":"product_cat","embeddable":true,"href":"https:\/\/ecocorner.eu\/en\/wp-json\/wp\/v2\/product_cat?post=3952"},{"taxonomy":"product_tag","embeddable":true,"href":"https:\/\/ecocorner.eu\/en\/wp-json\/wp\/v2\/product_tag?post=3952"}],"curies":[{"name":"wp","href":"https:\/\/api.w.org\/{rel}","templated":true}]}}