{"id":4140,"date":"2023-10-03T22:29:00","date_gmt":"2023-10-03T22:29:00","guid":{"rendered":"https:\/\/ecocorner.eu\/?post_type=product&#038;p=4140"},"modified":"2025-12-12T22:17:11","modified_gmt":"2025-12-12T22:17:11","slug":"only-bio-zel-do-mycia-twarzy-odswiezajacy-levan-imbir-250-ml","status":"publish","type":"product","link":"https:\/\/ecocorner.eu\/en\/product\/only-bio-zel-do-mycia-twarzy-odswiezajacy-levan-imbir-250-ml\/","title":{"rendered":"Only Bio  \u017bel do mycia twarzy od\u015bwie\u017caj\u0105cy Levan &#038; Imbir  250 ml"},"content":{"rendered":"<p><span class=\"wartosc test\">Ingredients<br \/>\nAqua, Disodium Cocoyl Glutamate, Glycerin, Coco-Glucoside, Propanediol, Sodium Cocoyl Glutamate, Cocamidopropyl Betaine, Zingiber Officinale (Ginger) Root Extract, Levan, Canola Oil, Xanthan Gum, Citric Acid, Benzyl Alcohol, Tocopherol, Benzoic Acid, Dehydroacetic Acid, Potassium Sorbate, Sodium Benzoate, Parfum, Limonene, Linalool. <\/span><\/p>\n<p><span class=\"wartosc test\">METHOD OF APPLICATION<br \/>\nWmasuj w zwil\u017con\u0105 sk\u00f3r\u0119 twarzy, nast\u0119pnie sp\u0142ucz wod\u0105. Produkt bezpieczny i \u0142agodny dla oczu. <\/span><\/p>","protected":false},"excerpt":{"rendered":"<p><span class=\"wartosc test\">Formu\u0142a idealna dla ka\u017cdego rodzaju sk\u00f3ry, szczeg\u00f3lnie dla sk\u00f3ry odwodnionej i pozbawionej blasku.<\/span><\/p>\n<p><span class=\"wartosc test\"><br \/>\nCo sprawia, \u017ce nasz \u017cel do mycia twarzy dzia\u0142a?<\/span><\/p>\n<p><span class=\"wartosc test\"><br \/>\n&#8211; IMBIR wspiera procesy odnowy kom\u00f3rek sk\u00f3ry. Przywraca blask i promienno\u015b\u0107.<br \/>\n&#8211; LEWAN dzia\u0142a jak ro\u015blinny kwas hialuronowy i prebiotyk. Intensywnie nawil\u017ca, odm\u0142adza, napina i uj\u0119drnia sk\u00f3r\u0119.<br \/>\n&#8211; Zawiera unikalny kompleks pre i probiotyk\u00f3w, kt\u00f3ry wzmacnia i chroni naturalny sk\u0142ad flory bakteryjnej, czyli jej mikrobiom.<\/p>\n<p>Produkt testowany dermatologicznie. <\/span><\/p>","protected":false},"featured_media":4141,"template":"","meta":{"ocean_post_layout":"","ocean_both_sidebars_style":"","ocean_both_sidebars_content_width":0,"ocean_both_sidebars_sidebars_width":0,"ocean_sidebar":"0","ocean_second_sidebar":"0","ocean_disable_margins":"enable","ocean_add_body_class":"","ocean_shortcode_before_top_bar":"","ocean_shortcode_after_top_bar":"","ocean_shortcode_before_header":"","ocean_shortcode_after_header":"","ocean_has_shortcode":"","ocean_shortcode_after_title":"","ocean_shortcode_before_footer_widgets":"","ocean_shortcode_after_footer_widgets":"","ocean_shortcode_before_footer_bottom":"","ocean_shortcode_after_footer_bottom":"","ocean_display_top_bar":"default","ocean_display_header":"default","ocean_header_style":"","ocean_center_header_left_menu":"0","ocean_custom_header_template":"0","ocean_custom_logo":0,"ocean_custom_retina_logo":0,"ocean_custom_logo_max_width":0,"ocean_custom_logo_tablet_max_width":0,"ocean_custom_logo_mobile_max_width":0,"ocean_custom_logo_max_height":0,"ocean_custom_logo_tablet_max_height":0,"ocean_custom_logo_mobile_max_height":0,"ocean_header_custom_menu":"0","ocean_menu_typo_font_family":"0","ocean_menu_typo_font_subset":"","ocean_menu_typo_font_size":0,"ocean_menu_typo_font_size_tablet":0,"ocean_menu_typo_font_size_mobile":0,"ocean_menu_typo_font_size_unit":"px","ocean_menu_typo_font_weight":"","ocean_menu_typo_font_weight_tablet":"","ocean_menu_typo_font_weight_mobile":"","ocean_menu_typo_transform":"","ocean_menu_typo_transform_tablet":"","ocean_menu_typo_transform_mobile":"","ocean_menu_typo_line_height":0,"ocean_menu_typo_line_height_tablet":0,"ocean_menu_typo_line_height_mobile":0,"ocean_menu_typo_line_height_unit":"","ocean_menu_typo_spacing":0,"ocean_menu_typo_spacing_tablet":0,"ocean_menu_typo_spacing_mobile":0,"ocean_menu_typo_spacing_unit":"","ocean_menu_link_color":"","ocean_menu_link_color_hover":"","ocean_menu_link_color_active":"","ocean_menu_link_background":"","ocean_menu_link_hover_background":"","ocean_menu_link_active_background":"","ocean_menu_social_links_bg":"","ocean_menu_social_hover_links_bg":"","ocean_menu_social_links_color":"","ocean_menu_social_hover_links_color":"","ocean_disable_title":"default","ocean_disable_heading":"default","ocean_post_title":"","ocean_post_subheading":"","ocean_post_title_style":"","ocean_post_title_background_color":"","ocean_post_title_background":0,"ocean_post_title_bg_image_position":"","ocean_post_title_bg_image_attachment":"","ocean_post_title_bg_image_repeat":"","ocean_post_title_bg_image_size":"","ocean_post_title_height":0,"ocean_post_title_bg_overlay":0.5,"ocean_post_title_bg_overlay_color":"","ocean_disable_breadcrumbs":"default","ocean_breadcrumbs_color":"","ocean_breadcrumbs_separator_color":"","ocean_breadcrumbs_links_color":"","ocean_breadcrumbs_links_hover_color":"","ocean_display_footer_widgets":"default","ocean_display_footer_bottom":"default","ocean_custom_footer_template":"0"},"product_brand":[],"product_cat":[46],"product_tag":[],"class_list":{"0":"post-4140","1":"product","2":"type-product","3":"status-publish","4":"has-post-thumbnail","6":"product_cat-demakijaz","8":"entry","9":"has-media","11":"first","12":"outofstock","13":"shipping-taxable","14":"purchasable","15":"product-type-simple","16":"has-product-nav","17":"col","18":"span_1_of_3","19":"owp-content-left","20":"owp-thumbs-layout-horizontal","21":"owp-btn-normal","22":"owp-tabs-layout-horizontal","23":"has-no-thumbnails"},"_links":{"self":[{"href":"https:\/\/ecocorner.eu\/en\/wp-json\/wp\/v2\/product\/4140","targetHints":{"allow":["GET"]}}],"collection":[{"href":"https:\/\/ecocorner.eu\/en\/wp-json\/wp\/v2\/product"}],"about":[{"href":"https:\/\/ecocorner.eu\/en\/wp-json\/wp\/v2\/types\/product"}],"version-history":[{"count":1,"href":"https:\/\/ecocorner.eu\/en\/wp-json\/wp\/v2\/product\/4140\/revisions"}],"predecessor-version":[{"id":4142,"href":"https:\/\/ecocorner.eu\/en\/wp-json\/wp\/v2\/product\/4140\/revisions\/4142"}],"wp:featuredmedia":[{"embeddable":true,"href":"https:\/\/ecocorner.eu\/en\/wp-json\/wp\/v2\/media\/4141"}],"wp:attachment":[{"href":"https:\/\/ecocorner.eu\/en\/wp-json\/wp\/v2\/media?parent=4140"}],"wp:term":[{"taxonomy":"product_brand","embeddable":true,"href":"https:\/\/ecocorner.eu\/en\/wp-json\/wp\/v2\/product_brand?post=4140"},{"taxonomy":"product_cat","embeddable":true,"href":"https:\/\/ecocorner.eu\/en\/wp-json\/wp\/v2\/product_cat?post=4140"},{"taxonomy":"product_tag","embeddable":true,"href":"https:\/\/ecocorner.eu\/en\/wp-json\/wp\/v2\/product_tag?post=4140"}],"curies":[{"name":"wp","href":"https:\/\/api.w.org\/{rel}","templated":true}]}}