{"id":4235,"date":"2023-10-16T15:08:16","date_gmt":"2023-10-16T15:08:16","guid":{"rendered":"https:\/\/ecocorner.eu\/?post_type=product&#038;p=4235"},"modified":"2025-01-28T21:32:44","modified_gmt":"2025-01-28T21:32:44","slug":"resibo-moist-have-tonik-esencja-nawilzajaca-100-ml","status":"publish","type":"product","link":"https:\/\/ecocorner.eu\/en\/product\/resibo-moist-have-tonik-esencja-nawilzajaca-100-ml\/","title":{"rendered":"Resibo  Moist Have   Tonik  esencja nawil\u017caj\u0105ca  100 ml"},"content":{"rendered":"","protected":false},"excerpt":{"rendered":"<div id=\"product-desc-0\" class=\"tab-pane product-cms-content fade show active\" role=\"tabpanel\">\n<p>To nie tylko tonik, ale te\u017c silnie nawil\u017caj\u0105ca esencja, kt\u00f3ra piel\u0119gnuje sk\u00f3r\u0119 i dba o jej barierow\u0105 funkcj\u0119. Pro-sk\u0142adnikiem w tym produkcie jest ekstrakt z korzenia rabarbaru, czyli Aquaxtrem\u2122, kt\u00f3ry aktywuje naturalne mechanizmy nawil\u017cenia sk\u00f3ry i stymuluje r\u00f3\u017cnicowanie si\u0119 kom\u00f3rek nask\u00f3rka. Poprawia lipidow\u0105 barier\u0119 sk\u00f3ry, tym samym chroni\u0105c organizm przed \u015brodowiskiem zewn\u0119trznym i zapobiega odwodnieniu nask\u00f3rka. W efekcie sk\u00f3ra odzyskuje w\u0142a\u015bciwe nawil\u017cenie oraz g\u0142adki, promienny, m\u0142ody i pe\u0142en witalno\u015bci wygl\u0105d.<br \/>\nMoist Have zawiera te\u017c kwas hialuronowy, kt\u00f3ry g\u0142\u0119boko nawil\u017ca sk\u00f3r\u0119. Tworzy na niej film, kt\u00f3ry ogranicza odparowywanie wody z powierzchni nask\u00f3rka. Formu\u0142\u0119 toniku wzbogacili\u015bmy te\u017c o sk\u0142adniki, kt\u00f3re szybko i skutecznie przywracaj\u0105 sk\u00f3rze w\u0142a\u015bciwy poziom pH. To m.in.:<\/p>\n<ul>\n<li>Woda z p\u0142atk\u00f3w r\u00f3\u017cy damasce\u0144skiej \u2013 regeneruje cer\u0119 wra\u017cliw\u0105, a przy zm\u0119czonej dodaje blasku, wzmacnia naczynia krwiono\u015bne i zmniejsza zaczerwienienia. Dzia\u0142a nawil\u017caj\u0105co, przeciwbakteryjnie, \u0142agodz\u0105co i antyseptycznie. Ponadto wzmacniaj\u0105c w\u0142\u00f3kna kolagenowe delikatnie wyg\u0142adza zmarszczki i poprawia j\u0119drno\u015b\u0107 sk\u00f3ry. A do tego ten przyjemny, kwiatowy zapach, kt\u00f3ry pomo\u017ce Ci si\u0119 odpr\u0119\u017cy\u0107.<\/li>\n<li>Woda z kwiat\u00f3w pomara\u0144czy \u2013 tonizuje, regeneruje, koi i nawil\u017ca oraz pomaga w walce z przebarwieniami. Dzia\u0142a te\u017c przeciwbakteryjnie. Idealna do piel\u0119gnacji sk\u00f3ry o ka\u017cdej porze roku: latem orze\u017awia, od\u015bwie\u017ca i ch\u0142odzi, a zim\u0105 \u0142agodzi, nawil\u017ca i koi.<\/li>\n<li>Olej z pestek dyni \u2013 tworzy na powierzchni sk\u00f3ry niewidoczny film, kt\u00f3ry zapobiega nadmiernemu odparowywaniu wody. Dodatkowo zmi\u0119kcza i wyg\u0142adza sk\u00f3r\u0119.<\/li>\n<\/ul>\n<\/div>","protected":false},"featured_media":4236,"template":"","meta":{"ocean_post_layout":"","ocean_both_sidebars_style":"","ocean_both_sidebars_content_width":0,"ocean_both_sidebars_sidebars_width":0,"ocean_sidebar":"0","ocean_second_sidebar":"0","ocean_disable_margins":"enable","ocean_add_body_class":"","ocean_shortcode_before_top_bar":"","ocean_shortcode_after_top_bar":"","ocean_shortcode_before_header":"","ocean_shortcode_after_header":"","ocean_has_shortcode":"","ocean_shortcode_after_title":"","ocean_shortcode_before_footer_widgets":"","ocean_shortcode_after_footer_widgets":"","ocean_shortcode_before_footer_bottom":"","ocean_shortcode_after_footer_bottom":"","ocean_display_top_bar":"default","ocean_display_header":"default","ocean_header_style":"","ocean_center_header_left_menu":"0","ocean_custom_header_template":"0","ocean_custom_logo":0,"ocean_custom_retina_logo":0,"ocean_custom_logo_max_width":0,"ocean_custom_logo_tablet_max_width":0,"ocean_custom_logo_mobile_max_width":0,"ocean_custom_logo_max_height":0,"ocean_custom_logo_tablet_max_height":0,"ocean_custom_logo_mobile_max_height":0,"ocean_header_custom_menu":"0","ocean_menu_typo_font_family":"0","ocean_menu_typo_font_subset":"","ocean_menu_typo_font_size":0,"ocean_menu_typo_font_size_tablet":0,"ocean_menu_typo_font_size_mobile":0,"ocean_menu_typo_font_size_unit":"px","ocean_menu_typo_font_weight":"","ocean_menu_typo_font_weight_tablet":"","ocean_menu_typo_font_weight_mobile":"","ocean_menu_typo_transform":"","ocean_menu_typo_transform_tablet":"","ocean_menu_typo_transform_mobile":"","ocean_menu_typo_line_height":0,"ocean_menu_typo_line_height_tablet":0,"ocean_menu_typo_line_height_mobile":0,"ocean_menu_typo_line_height_unit":"","ocean_menu_typo_spacing":0,"ocean_menu_typo_spacing_tablet":0,"ocean_menu_typo_spacing_mobile":0,"ocean_menu_typo_spacing_unit":"","ocean_menu_link_color":"","ocean_menu_link_color_hover":"","ocean_menu_link_color_active":"","ocean_menu_link_background":"","ocean_menu_link_hover_background":"","ocean_menu_link_active_background":"","ocean_menu_social_links_bg":"","ocean_menu_social_hover_links_bg":"","ocean_menu_social_links_color":"","ocean_menu_social_hover_links_color":"","ocean_disable_title":"default","ocean_disable_heading":"default","ocean_post_title":"","ocean_post_subheading":"","ocean_post_title_style":"","ocean_post_title_background_color":"","ocean_post_title_background":0,"ocean_post_title_bg_image_position":"","ocean_post_title_bg_image_attachment":"","ocean_post_title_bg_image_repeat":"","ocean_post_title_bg_image_size":"","ocean_post_title_height":0,"ocean_post_title_bg_overlay":0.5,"ocean_post_title_bg_overlay_color":"","ocean_disable_breadcrumbs":"default","ocean_breadcrumbs_color":"","ocean_breadcrumbs_separator_color":"","ocean_breadcrumbs_links_color":"","ocean_breadcrumbs_links_hover_color":"","ocean_display_footer_widgets":"default","ocean_display_footer_bottom":"default","ocean_custom_footer_template":"0"},"product_brand":[],"product_cat":[46],"product_tag":[],"class_list":{"0":"post-4235","1":"product","2":"type-product","3":"status-publish","4":"has-post-thumbnail","6":"product_cat-demakijaz","8":"entry","9":"has-media","11":"first","12":"outofstock","13":"shipping-taxable","14":"purchasable","15":"product-type-simple","16":"has-product-nav","17":"col","18":"span_1_of_3","19":"owp-content-left","20":"owp-thumbs-layout-horizontal","21":"owp-btn-normal","22":"owp-tabs-layout-horizontal"},"_links":{"self":[{"href":"https:\/\/ecocorner.eu\/en\/wp-json\/wp\/v2\/product\/4235","targetHints":{"allow":["GET"]}}],"collection":[{"href":"https:\/\/ecocorner.eu\/en\/wp-json\/wp\/v2\/product"}],"about":[{"href":"https:\/\/ecocorner.eu\/en\/wp-json\/wp\/v2\/types\/product"}],"version-history":[{"count":1,"href":"https:\/\/ecocorner.eu\/en\/wp-json\/wp\/v2\/product\/4235\/revisions"}],"predecessor-version":[{"id":4238,"href":"https:\/\/ecocorner.eu\/en\/wp-json\/wp\/v2\/product\/4235\/revisions\/4238"}],"wp:featuredmedia":[{"embeddable":true,"href":"https:\/\/ecocorner.eu\/en\/wp-json\/wp\/v2\/media\/4236"}],"wp:attachment":[{"href":"https:\/\/ecocorner.eu\/en\/wp-json\/wp\/v2\/media?parent=4235"}],"wp:term":[{"taxonomy":"product_brand","embeddable":true,"href":"https:\/\/ecocorner.eu\/en\/wp-json\/wp\/v2\/product_brand?post=4235"},{"taxonomy":"product_cat","embeddable":true,"href":"https:\/\/ecocorner.eu\/en\/wp-json\/wp\/v2\/product_cat?post=4235"},{"taxonomy":"product_tag","embeddable":true,"href":"https:\/\/ecocorner.eu\/en\/wp-json\/wp\/v2\/product_tag?post=4235"}],"curies":[{"name":"wp","href":"https:\/\/api.w.org\/{rel}","templated":true}]}}