{"id":4287,"date":"2023-10-20T22:04:51","date_gmt":"2023-10-20T22:04:51","guid":{"rendered":"https:\/\/ecocorner.eu\/?post_type=product&#038;p=4287"},"modified":"2026-03-31T21:10:08","modified_gmt":"2026-03-31T21:10:08","slug":"naturalne-czopki-propolisowe-z-cbd-12-szt-x-2g","status":"publish","type":"product","link":"https:\/\/ecocorner.eu\/en\/product\/naturalne-czopki-propolisowe-z-cbd-12-szt-x-2g\/","title":{"rendered":"Natural Propolis Suppositories with CBD 12 pcs x 2 g"},"content":{"rendered":"<p><strong>Propolis is a bee product with numerous biological and pharmacological properties, such as immunomodulatory and anti-inflammatory effects. It was used in folk medicine as a healthy drink and as food to improve health and prevent inflammatory diseases.\u00a0<\/strong><\/p>\n<p><strong>Propolis consists of only about 1000 components and contains a number of valuable chemical compounds<\/strong>, and in particular: flavonoids, phenolic acids, fatty acids, contains clinically tested biologically active compounds: flavonoids, fatty acids, aromatic acids, esters, sterols, terpenes and coumarins, phenolic acids and polyphenols, distinguish among them:<\/p>\n<ul>\n<li><strong>cinnamic acid<\/strong> - and its natural analogues are known for their properties<br \/>\nanti-cancer drugs<\/li>\n<li><strong>coumaric acid<\/strong> - has a high biological activity, including an antioxidant effect,<br \/>\nanti-inflammatory, anti-mutagenic, anti-ulcer, antiplatelet and<br \/>\nanti-cancer drugs.<\/li>\n<li><strong>ferulic acid<\/strong> - it is a powerful antioxidant, so it shows the properties of<br \/>\nantitumor, in addition, has an antibacterial, anti-inflammatory, anticoagulant effect,<br \/>\nit stimulates the breakdown of cancer cells.<\/li>\n<li><strong>caffeic acid<\/strong> - has anti-inflammatory, antioxidant, antitumor and anti-inflammatory properties.<br \/>\nantifungal, prevents the deposition of cholesterol in the blood vessels.<\/li>\n<li><strong>chlorogenic acid<\/strong> - has an antioxidant, antibacterial effect,<br \/>\nhepatoprotective, cardioprotective, anti-inflammatory, antipyretic, neuroprotective,<br \/>\nit acts as an anti-obesity, antiviral agent, lowers blood pressure, and stimulates the central system<br \/>\nnervous.<\/li>\n<li><strong>galangina<\/strong> - has an anti-inflammatory, antiviral effect, affects the fight against cancer m.in.<br \/>\nliver, breast, lungs, and esophagus<\/li>\n<\/ul>\n<p>Beeswax contained in suppositories\u00a0\u00a0<strong>this is a very powerful natural antibiotic<\/strong>. Its use allows you to effectively\u00a0<strong>fight bacteria and viruses, suppress inflammation, boost immunity and accelerate regenerative processes without causing side effects.\u00a0<\/strong><\/p>\n<p>Extract\u00a0 <strong>a unique method of low-temperature processing, called alcohol cryoextraction and concentrated to 99% <\/strong>this allows you to preserve all the components in their biologically active forms and ensure the maximum possible absorption.<\/p>\n<p>Czopki zaleca si\u0119 przechowywa\u0107 w lod\u00f3wce.<\/p>\n<p>Package Content: 12pcs X 2G Suppositories<\/p>\n<p>W przypadku uczulenia na jakikolwiek skadnik produktu nie stosuj go .<\/p>\n<p>Sk\u0142ad: 70%mas\u0142o kakaowe, 20%wosk pszczeli, 5% ekstrakt z propolisu, 3% ekstrakt z CBD 2% gliceryna<\/p>\n<p>Natural product, 100% natural, collectible.<\/p>","protected":false},"excerpt":{"rendered":"<h4><strong>Apitherapy is a modern method of alternative natural medicine, known and used in traditional medicine for thousands of years. <\/strong><\/h4>\n<p><strong>One of them is <i><em>propolis <\/em><\/i>It is also called bee putty, which in its composition contains more than 1000 biologically active components. It is a resinous, sticky substance produced by the oldest and most experienced bees in the family. <\/strong><\/p>\n<p><strong> Propolis contains flavonoids, polyphenols, aromatic acids, esters, alcohols, coumarins, adehydes, terpenes, sterols, phenolic triglycerides, fatty acids, amino acids, vitamins, enzymes and bioelements such as silicon, lead, calcium, zinc, copper, silver, magnesium, potassium, titanium, vanadium, boron, strontium.<\/strong><\/p>\n<p><strong>Modern studies of propolis have shown it <b>full spectrum<\/b><\/strong><b> <\/b><strong><b>antibiotic properties, bacteria<\/b><\/strong><b> <\/b><strong><b>and fungicidal, antiviral, anti-inflammatory drugs,<\/b><\/strong><b> <\/b><strong><b>anesthetics, anticoagulants, disinfectants, regenerative, immunostimulating, antitumor<\/b><\/strong><b> <\/b><strong><b>and antioxidants. <\/b><\/strong><\/p>\n<p><strong>Propolis is used for gynecological problems such as vaginitis, inflammation and erosion of the cervix, conditions after gynecological procedures, or postpartum wounds.<\/strong><\/p>\n<p><strong>Its strong effect has had an impact on hemorrhoids, urological problems, inflammation or tumors of the prostate, cystitis.<\/strong><\/p>\n<p><strong> In addition, propolis can act pro-apoptotically, that is, eliminate sick, damaged and old cells, which are often the cause of their transformation into <\/strong><strong>cancer<\/strong>.<\/p>\n<p><strong>Propolis can be used in adjuvant therapy for diseases such as prostate cancer, pancreatic cancer, malignant melanoma, brain tumor, breast cancer, okra cancer<\/strong><strong>with<\/strong><strong>cervical cancer.<\/strong><\/p>\n<p>&nbsp;<\/p>\n<p><strong>Propolis can be effective for:<\/strong><\/p>\n<ul>\n<li>hemorrhoids;<\/li>\n<li>anal fissures and inflammations<\/li>\n<li>sigmoid inflammation;<\/li>\n<li>prostatitis;<\/li>\n<li>prostate adenomas;<\/li>\n<li>urethritis and bladders;<\/li>\n<li>cystitis;<\/li>\n<li>cervical erosion;<\/li>\n<li>fungal and bacterial infections;<\/li>\n<li>intimate infections in women<\/li>\n<\/ul>","protected":false},"featured_media":4288,"template":"","meta":{"ocean_post_layout":"","ocean_both_sidebars_style":"","ocean_both_sidebars_content_width":0,"ocean_both_sidebars_sidebars_width":0,"ocean_sidebar":"0","ocean_second_sidebar":"0","ocean_disable_margins":"enable","ocean_add_body_class":"","ocean_shortcode_before_top_bar":"","ocean_shortcode_after_top_bar":"","ocean_shortcode_before_header":"","ocean_shortcode_after_header":"","ocean_has_shortcode":"","ocean_shortcode_after_title":"","ocean_shortcode_before_footer_widgets":"","ocean_shortcode_after_footer_widgets":"","ocean_shortcode_before_footer_bottom":"","ocean_shortcode_after_footer_bottom":"","ocean_display_top_bar":"default","ocean_display_header":"default","ocean_header_style":"","ocean_center_header_left_menu":"0","ocean_custom_header_template":"0","ocean_custom_logo":0,"ocean_custom_retina_logo":0,"ocean_custom_logo_max_width":0,"ocean_custom_logo_tablet_max_width":0,"ocean_custom_logo_mobile_max_width":0,"ocean_custom_logo_max_height":0,"ocean_custom_logo_tablet_max_height":0,"ocean_custom_logo_mobile_max_height":0,"ocean_header_custom_menu":"0","ocean_menu_typo_font_family":"0","ocean_menu_typo_font_subset":"","ocean_menu_typo_font_size":0,"ocean_menu_typo_font_size_tablet":0,"ocean_menu_typo_font_size_mobile":0,"ocean_menu_typo_font_size_unit":"px","ocean_menu_typo_font_weight":"","ocean_menu_typo_font_weight_tablet":"","ocean_menu_typo_font_weight_mobile":"","ocean_menu_typo_transform":"","ocean_menu_typo_transform_tablet":"","ocean_menu_typo_transform_mobile":"","ocean_menu_typo_line_height":0,"ocean_menu_typo_line_height_tablet":0,"ocean_menu_typo_line_height_mobile":0,"ocean_menu_typo_line_height_unit":"","ocean_menu_typo_spacing":0,"ocean_menu_typo_spacing_tablet":0,"ocean_menu_typo_spacing_mobile":0,"ocean_menu_typo_spacing_unit":"","ocean_menu_link_color":"","ocean_menu_link_color_hover":"","ocean_menu_link_color_active":"","ocean_menu_link_background":"","ocean_menu_link_hover_background":"","ocean_menu_link_active_background":"","ocean_menu_social_links_bg":"","ocean_menu_social_hover_links_bg":"","ocean_menu_social_links_color":"","ocean_menu_social_hover_links_color":"","ocean_disable_title":"default","ocean_disable_heading":"default","ocean_post_title":"","ocean_post_subheading":"","ocean_post_title_style":"","ocean_post_title_background_color":"","ocean_post_title_background":0,"ocean_post_title_bg_image_position":"","ocean_post_title_bg_image_attachment":"","ocean_post_title_bg_image_repeat":"","ocean_post_title_bg_image_size":"","ocean_post_title_height":0,"ocean_post_title_bg_overlay":0.5,"ocean_post_title_bg_overlay_color":"","ocean_disable_breadcrumbs":"default","ocean_breadcrumbs_color":"","ocean_breadcrumbs_separator_color":"","ocean_breadcrumbs_links_color":"","ocean_breadcrumbs_links_hover_color":"","ocean_display_footer_widgets":"default","ocean_display_footer_bottom":"default","ocean_custom_footer_template":"0"},"product_brand":[],"product_cat":[21],"product_tag":[],"class_list":{"0":"post-4287","1":"product","2":"type-product","3":"status-publish","4":"has-post-thumbnail","6":"product_cat-zdrowie","8":"entry","9":"has-media","11":"first","12":"instock","13":"shipping-taxable","14":"purchasable","15":"product-type-simple","16":"has-product-nav","17":"col","18":"span_1_of_3","19":"owp-content-left","20":"owp-thumbs-layout-horizontal","21":"owp-btn-normal","22":"owp-tabs-layout-horizontal"},"_links":{"self":[{"href":"https:\/\/ecocorner.eu\/en\/wp-json\/wp\/v2\/product\/4287","targetHints":{"allow":["GET"]}}],"collection":[{"href":"https:\/\/ecocorner.eu\/en\/wp-json\/wp\/v2\/product"}],"about":[{"href":"https:\/\/ecocorner.eu\/en\/wp-json\/wp\/v2\/types\/product"}],"version-history":[{"count":2,"href":"https:\/\/ecocorner.eu\/en\/wp-json\/wp\/v2\/product\/4287\/revisions"}],"predecessor-version":[{"id":5928,"href":"https:\/\/ecocorner.eu\/en\/wp-json\/wp\/v2\/product\/4287\/revisions\/5928"}],"wp:featuredmedia":[{"embeddable":true,"href":"https:\/\/ecocorner.eu\/en\/wp-json\/wp\/v2\/media\/4288"}],"wp:attachment":[{"href":"https:\/\/ecocorner.eu\/en\/wp-json\/wp\/v2\/media?parent=4287"}],"wp:term":[{"taxonomy":"product_brand","embeddable":true,"href":"https:\/\/ecocorner.eu\/en\/wp-json\/wp\/v2\/product_brand?post=4287"},{"taxonomy":"product_cat","embeddable":true,"href":"https:\/\/ecocorner.eu\/en\/wp-json\/wp\/v2\/product_cat?post=4287"},{"taxonomy":"product_tag","embeddable":true,"href":"https:\/\/ecocorner.eu\/en\/wp-json\/wp\/v2\/product_tag?post=4287"}],"curies":[{"name":"wp","href":"https:\/\/api.w.org\/{rel}","templated":true}]}}