{"id":4377,"date":"2023-11-16T21:32:16","date_gmt":"2023-11-16T21:32:16","guid":{"rendered":"https:\/\/ecocorner.eu\/?post_type=product&#038;p=4377"},"modified":"2025-11-05T13:47:04","modified_gmt":"2025-11-05T13:47:04","slug":"pure-good-cukierki-eukaliptusowo-mietowe-ze-stewia-bez-cukru-50-g","status":"publish","type":"product","link":"https:\/\/ecocorner.eu\/en\/product\/pure-good-cukierki-eukaliptusowo-mietowe-ze-stewia-bez-cukru-50-g\/","title":{"rendered":"PURE &#038; GOOD  Cukierki  EUKALIPTUSOWO &#8211; MI\u0118TOWE  ze stewi\u0105  BEZ CUKRU 50 g"},"content":{"rendered":"<p><span data-containter=\"modal\"><span class=\"wartosc test\">SK\u0141ADNIKI<br \/>\nsubstancje s\u0142odz\u0105ce (izomalt, glikozydy stewiolowe 0,045 %), naturalne aromaty [eukaliptusowy (0,2 %), mi\u0119towy (0,1 %)], mentol, barwniki (kompleksy miedziowe chlorofilin, kurkumina).<\/p>\n<p>WARTO\u015a\u0106 OD\u017bYWCZA W 100 g<br \/>\nWarto\u015b\u0107 energetyczna: 987 kJ\/237 kcal<br \/>\nT\u0142uszcz: 0 g<br \/>\nw tym kwasy tuszczowe nasycone : 0 g<br \/>\nW\u0119glowodany: 98 g<br \/>\nw tym cukry: 0 g<br \/>\nalkohole wielowodorotlenowe: 98 g<br \/>\nBia\u0142ko: 0 g<br \/>\nS\u00f3l: 0,03 g<\/p>\n<p>INFORMACJA ALERGENNA<br \/>\nMo\u017ce zawiera\u0107 MLEKO, JAJA i soj\u0119.<\/p>\n<p>ZALECANE WARUNKI PRZECHOWYWANIA<br \/>\nPrzechowywa\u0107 w suchym i ch\u0142odnym miejscu <\/span><\/span><\/p>\n","protected":false},"excerpt":{"rendered":"<p><span data-containter=\"modal\"><span class=\"wartosc test\">Cukierki eukaliptusowo &#8211; mi\u0119towe zapewniaj\u0105 d\u0142ugotrwa\u0142e uczucie \u015bwie\u017co\u015bci. Brak cukru i naturalne aromaty sprawia, \u017ce mo\u017cesz bez ogranicze\u0144 cieszy\u0107 si\u0119 ich smakiem.<br \/>\nZawiera substancje s\u0142odz\u0105ce. Spo\u017cycie w nadmiernych ilo\u015bciach mo\u017ce mie\u0107 efekt przeczyszczaj\u0105cy.<\/span><\/span><\/p>","protected":false},"featured_media":4378,"template":"","meta":{"ocean_post_layout":"","ocean_both_sidebars_style":"","ocean_both_sidebars_content_width":0,"ocean_both_sidebars_sidebars_width":0,"ocean_sidebar":"0","ocean_second_sidebar":"0","ocean_disable_margins":"enable","ocean_add_body_class":"","ocean_shortcode_before_top_bar":"","ocean_shortcode_after_top_bar":"","ocean_shortcode_before_header":"","ocean_shortcode_after_header":"","ocean_has_shortcode":"","ocean_shortcode_after_title":"","ocean_shortcode_before_footer_widgets":"","ocean_shortcode_after_footer_widgets":"","ocean_shortcode_before_footer_bottom":"","ocean_shortcode_after_footer_bottom":"","ocean_display_top_bar":"default","ocean_display_header":"default","ocean_header_style":"","ocean_center_header_left_menu":"0","ocean_custom_header_template":"0","ocean_custom_logo":0,"ocean_custom_retina_logo":0,"ocean_custom_logo_max_width":0,"ocean_custom_logo_tablet_max_width":0,"ocean_custom_logo_mobile_max_width":0,"ocean_custom_logo_max_height":0,"ocean_custom_logo_tablet_max_height":0,"ocean_custom_logo_mobile_max_height":0,"ocean_header_custom_menu":"0","ocean_menu_typo_font_family":"0","ocean_menu_typo_font_subset":"","ocean_menu_typo_font_size":0,"ocean_menu_typo_font_size_tablet":0,"ocean_menu_typo_font_size_mobile":0,"ocean_menu_typo_font_size_unit":"px","ocean_menu_typo_font_weight":"","ocean_menu_typo_font_weight_tablet":"","ocean_menu_typo_font_weight_mobile":"","ocean_menu_typo_transform":"","ocean_menu_typo_transform_tablet":"","ocean_menu_typo_transform_mobile":"","ocean_menu_typo_line_height":0,"ocean_menu_typo_line_height_tablet":0,"ocean_menu_typo_line_height_mobile":0,"ocean_menu_typo_line_height_unit":"","ocean_menu_typo_spacing":0,"ocean_menu_typo_spacing_tablet":0,"ocean_menu_typo_spacing_mobile":0,"ocean_menu_typo_spacing_unit":"","ocean_menu_link_color":"","ocean_menu_link_color_hover":"","ocean_menu_link_color_active":"","ocean_menu_link_background":"","ocean_menu_link_hover_background":"","ocean_menu_link_active_background":"","ocean_menu_social_links_bg":"","ocean_menu_social_hover_links_bg":"","ocean_menu_social_links_color":"","ocean_menu_social_hover_links_color":"","ocean_disable_title":"default","ocean_disable_heading":"default","ocean_post_title":"","ocean_post_subheading":"","ocean_post_title_style":"","ocean_post_title_background_color":"","ocean_post_title_background":0,"ocean_post_title_bg_image_position":"","ocean_post_title_bg_image_attachment":"","ocean_post_title_bg_image_repeat":"","ocean_post_title_bg_image_size":"","ocean_post_title_height":0,"ocean_post_title_bg_overlay":0.5,"ocean_post_title_bg_overlay_color":"","ocean_disable_breadcrumbs":"default","ocean_breadcrumbs_color":"","ocean_breadcrumbs_separator_color":"","ocean_breadcrumbs_links_color":"","ocean_breadcrumbs_links_hover_color":"","ocean_display_footer_widgets":"default","ocean_display_footer_bottom":"default","ocean_custom_footer_template":"0"},"product_brand":[],"product_cat":[23],"product_tag":[],"class_list":{"0":"post-4377","1":"product","2":"type-product","3":"status-publish","4":"has-post-thumbnail","6":"product_cat-zdrowe-przekaski","8":"entry","9":"has-media","11":"first","12":"instock","13":"shipping-taxable","14":"purchasable","15":"product-type-simple","16":"has-product-nav","17":"col","18":"span_1_of_3","19":"owp-content-left","20":"owp-thumbs-layout-horizontal","21":"owp-btn-normal","22":"owp-tabs-layout-horizontal","23":"has-no-thumbnails"},"_links":{"self":[{"href":"https:\/\/ecocorner.eu\/en\/wp-json\/wp\/v2\/product\/4377","targetHints":{"allow":["GET"]}}],"collection":[{"href":"https:\/\/ecocorner.eu\/en\/wp-json\/wp\/v2\/product"}],"about":[{"href":"https:\/\/ecocorner.eu\/en\/wp-json\/wp\/v2\/types\/product"}],"version-history":[{"count":1,"href":"https:\/\/ecocorner.eu\/en\/wp-json\/wp\/v2\/product\/4377\/revisions"}],"predecessor-version":[{"id":4379,"href":"https:\/\/ecocorner.eu\/en\/wp-json\/wp\/v2\/product\/4377\/revisions\/4379"}],"wp:featuredmedia":[{"embeddable":true,"href":"https:\/\/ecocorner.eu\/en\/wp-json\/wp\/v2\/media\/4378"}],"wp:attachment":[{"href":"https:\/\/ecocorner.eu\/en\/wp-json\/wp\/v2\/media?parent=4377"}],"wp:term":[{"taxonomy":"product_brand","embeddable":true,"href":"https:\/\/ecocorner.eu\/en\/wp-json\/wp\/v2\/product_brand?post=4377"},{"taxonomy":"product_cat","embeddable":true,"href":"https:\/\/ecocorner.eu\/en\/wp-json\/wp\/v2\/product_cat?post=4377"},{"taxonomy":"product_tag","embeddable":true,"href":"https:\/\/ecocorner.eu\/en\/wp-json\/wp\/v2\/product_tag?post=4377"}],"curies":[{"name":"wp","href":"https:\/\/api.w.org\/{rel}","templated":true}]}}