{"id":4425,"date":"2023-11-26T13:36:28","date_gmt":"2023-11-26T13:36:28","guid":{"rendered":"https:\/\/ecocorner.eu\/?post_type=product&#038;p=4425"},"modified":"2025-06-05T19:29:20","modified_gmt":"2025-06-05T19:29:20","slug":"narum-mumio-acidofilne-30-kaps-250-mg","status":"publish","type":"product","link":"https:\/\/ecocorner.eu\/en\/product\/narum-mumio-acidofilne-30-kaps-250-mg\/","title":{"rendered":"Narum   Mumio Acidofilne   30 kaps   250 mg"},"content":{"rendered":"<div class=\"mpof_ki myre_zn myre_8v_l m389_6m_l\">\n<div class=\"mp4t_16_s mryx_16_s mr3m_1 mli2_1 mh85_56 mh85_0_l\">\n<div class=\"mgn2_16 _0d3bd_am0a-\">\n<h2>Ingredients:<\/h2>\n<p>Liofilizowany proszek Mumio Shilajt, Lactobacillus delbrueckii, Lactobacillus helveticus, Lactococcus lactis ssp. Lactis, Streptococcus salivarius ssp. Thermophiles, Lactobacillus delbrueckii ssp. Lactis, Lactobacillus rhamnosus, Lactococcus lactis, Lactococcus lactis ssp. Cremoris, Lactobacillus reuteri Streptococcus salivarius, Lactobacillus bulgaricus, Lactobacillus acidophilus, Lactobacillus salivarius, Lactobacillus plantarum, Streptococcus thermophiles, Lactobacillus delbrueckii ssp. Bulgaricus, Lactobacillus casei, Bifidobacterium bifidum, Bifidobacterium longum, otoczka kapsu\u0142ki; substancja \u017celuj\u0105ca: guma gellan, substancja glazuruj\u0105ca: hydroksypropylometyloceluloza<\/p>\n<h2>Zawarto\u015b\u0107 w porcji 2 kapsu\u0142ki:<\/h2>\n<p>Mumio Shilajt freeze-dried powder: 300 mg<\/p>\n<p>Lactococcus lactis ssp. Lactis &#8211;\u00a07 x108 CFU<\/p>\n<p>Lactobacillus salivarius &#8211;\u00a06 x108 CFU<\/p>\n<p>Lactobacillus plantarum &#8211;\u00a03 x108 CFU<\/p>\n<p>Lactobacillus delbrueckii ssp. Lactis &#8211;\u00a06 x108 CFU<\/p>\n<p>Lactobacillus delbrueckii &#8211;\u00a08 x108 CFU<\/p>\n<p>Lactobacillus helveticus &#8211;\u00a012 x108 CFU<\/p>\n<p>Lactobacillus rhamnosus &#8211;\u00a08 x108 CFU<\/p>\n<p>Lactococcus lactis &#8211;\u00a05 x108 CFU<\/p>\n<p>Lactococcus lactis ssp. Cremoris &#8211;\u00a05 x108 CFU<\/p>\n<p>Lactobacillus reuteri &#8211;\u00a05 x108 CFU<\/p>\n<p>Streptococcus salivarius ssp. Thermophiles &#8211;\u00a07 x108 CFU<\/p>\n<p>Streptococcus salivarius &#8211;\u00a04 x108 CFU<\/p>\n<p>Lactobacillus bulgaricus &#8211;\u00a04 x108 CFU<\/p>\n<p>Streptococcus thermophiles &#8211;\u00a06 x108 CFU<\/p>\n<p>Lactobacillus delbrueckii ssp. Bulgaricus &#8211;\u00a03 x108 CFU<\/p>\n<p>Lactobacillus acidophilus &#8211;\u00a04 x108 CFU<\/p>\n<p>Lactobacillus casei &#8211;\u00a03 x108 CFU<\/p>\n<p>Bifidobacterium bifidum &#8211;\u00a02 x108 CFU<\/p>\n<p>Bifidobacterium longum &#8211;\u00a02 x108 CFU<\/p>\n<p>* CFU-Colony Forming Unit \u2013 colony forming unit of bacteria<\/p>\n<\/div>\n<\/div>\n<div class=\"mp4t_16_s mryx_16_s mr3m_1 mli2_1 mh85_56 mh85_0_l\">\n<div class=\"mg9e_8 mj7a_8 mg9e_0_s mvrt_0_s mj7a_0_s mh36_0_s mzmg_6m munh_16_l m3h2_16_l\">\n<div class=\"mp4t_0 mryx_0 munh_56 m3h2_56\">\n<div class=\"mp7g_oh\"><\/div>\n<\/div>\n<\/div>\n<\/div>\n<\/div>\n<div class=\"mpof_ki myre_zn myre_8v_l m389_6m_l\">\n<div class=\"mp4t_16_s mryx_16_s mr3m_1 mli2_1 mh85_56 mh85_0_l\">\n<div class=\"mg9e_8 mj7a_8 mg9e_0_s mvrt_0_s mj7a_0_s mh36_0_s mzmg_6m munh_16_l m3h2_16_l\">\n<div class=\"mp4t_0 mryx_0 munh_56 m3h2_56\">\n<div class=\"mp7g_oh\"><\/div>\n<\/div>\n<\/div>\n<\/div>\n<div class=\"mp4t_16_s mryx_16_s mr3m_1 mli2_1 mh85_56 mh85_0_l\">\n<div class=\"mgn2_16 _0d3bd_am0a-\">\n<h2>Method of application<\/h2>\n<p>Kapsu\u0142ki nale\u017cy przyjmowa\u0107 15-20 minut przed posi\u0142kami z niewielk\u0105 ilo\u015bci\u0105 p\u0142ynu o temperaturze pokojowej (najlepiej z mlekiem, poza sytuacjami nietolerancji produkt\u00f3w mlecznych).<\/p>\n<p>Mo\u017cna otworzy\u0107 kapsu\u0142k\u0119 i rozpu\u015bci\u0107 jej zawarto\u015b\u0107 w napoju. Dzieci do lat 6 mog\u0105 przyjmowa\u0107 produkt tylko po rozpuszczeniu w napoju.<\/p>\n<ul>\n<li>Doro\u015bli i dzieci powy\u017cej 12 lat: 2-3 kapsu\u0142ki 3 razy dziennie, 15-20 min przed posi\u0142kiem,<\/li>\n<li>Dzieci w wieku od 6 do 12 lat: 1 kapsu\u0142ka 3 razy dziennie, 15-20 min przed posi\u0142kiem,<\/li>\n<li>Dzieci w wieku od 3 do 6 lat: 1 kapsu\u0142ka 2 razy dziennie po rozpuszczeniu w napoju, 15-20 min przed posi\u0142kiem.<\/li>\n<\/ul>\n<h2>Zawarto\u015b\u0107 opakowania<\/h2>\n<p>30 kapsu\u0142ek<\/p>\n<\/div>\n<\/div>\n<\/div>\n<div class=\"mpof_ki myre_zn myre_8v_l m389_6m_l\">\n<div class=\"mp4t_16_s mryx_16_s mr3m_1 mli2_1 mh85_56 mh85_0_l\">\n<div class=\"mgn2_16 _0d3bd_am0a-\">\n<p><b>Signal:<\/b><\/p>\n<ul>\n<li>Przechowywa\u0107 w ch\u0142odnym miejscu w temperaturze nie wy\u017cszej ni\u017c + 10\u00b0C w spos\u00f3b niedost\u0119pny dla dzieci.<\/li>\n<li>Na czas transportu mo\u017ce by\u0107 przechowywany w temperaturze pokojowej.<\/li>\n<li>Technologia opakowania oraz specjalny proces produkcji gwarantuje zachowanie \u017cywotno\u015bci bakterii probiotycznych, oraz ich odpowiedniej dawki w trakcie transportu poza warunkami ch\u0142odniczymi.<\/li>\n<li>Do not exceed the recommended daily intake.<\/li>\n<li>A dietary supplement cannot be used as a substitute for a varied diet.<\/li>\n<li>Nie spo\u017cywa\u0107 przy nadwra\u017cliwo\u015bci na sk\u0142adniki produktu.<\/li>\n<li>Kobiety w ci\u0105\u017cy i karmi\u0105ce powinny spo\u017cywa\u0107 preparat po konsultacji z lekarzem.<\/li>\n<\/ul>\n<\/div>\n<\/div>\n<\/div>","protected":false},"excerpt":{"rendered":"<p><b>Mumio Acidofilne<\/b>\u00a0w formie kapsu\u0142ek s\u0142u\u017cy do utrzymania sk\u0142adu i aktywno\u015bci biologicznej normalnej mikroflory jelitowej u dzieci i doros\u0142ych.\u00a0Podczas wytwarzania produktu jednocze\u015bnie wytwarzany jest suchy liofilizowany zestaw bakterii i \u015bwie\u017cy liofilizowany proszek mumio. Oznacza to, \u017ce podczas uprawy bakterii u\u017cywana jest naturalna \u015bwie\u017ca masa mumio. Ca\u0142o\u015b\u0107 doprowadzona jest do formy mleczanu, formy najlepiej dost\u0119pnej dla kom\u00f3rek i organizmu b\u0119d\u0105cej form\u0105 acidofiln\u0105.<\/p>\n<p><b>Product specified:<\/b><\/p>\n<ul>\n<li>as a support during and after antibiotic therapy,<\/li>\n<li>if it is necessary to replenish the intestinal bacterial flora with Lactobacillus bacteria,<\/li>\n<li>with prolonged stress.<\/li>\n<\/ul>\n<p>Innowacyjne po\u0142\u0105czenie 19 bakterii probiotycznych i potr\u00f3jnej dawki mumio. &#8222;Samo mumio zawiera oko\u0142o 85 minera\u0142\u00f3w. W tradycyjnej indyjskiej medycynie przypisywano mu liczne zastosowania \u2013 leczenie cukrzycy przy podawaniu wraz z mlekiem, w leczeniu kamieni nerkowych, odmy, hemoroid\u00f3w, oty\u0142o\u015bci, anoreksji, z\u0142ama\u0144 i zaka\u017ce\u0144 wewn\u0119trznych, do tego przypisywano mu pozytywny wp\u0142yw na uk\u0142ad moczowy, odporno\u015bciowy, nerwowy oraz uk\u0142ad kr\u0105\u017cenia.<\/p>","protected":false},"featured_media":4426,"template":"","meta":{"ocean_post_layout":"","ocean_both_sidebars_style":"","ocean_both_sidebars_content_width":0,"ocean_both_sidebars_sidebars_width":0,"ocean_sidebar":"0","ocean_second_sidebar":"0","ocean_disable_margins":"enable","ocean_add_body_class":"","ocean_shortcode_before_top_bar":"","ocean_shortcode_after_top_bar":"","ocean_shortcode_before_header":"","ocean_shortcode_after_header":"","ocean_has_shortcode":"","ocean_shortcode_after_title":"","ocean_shortcode_before_footer_widgets":"","ocean_shortcode_after_footer_widgets":"","ocean_shortcode_before_footer_bottom":"","ocean_shortcode_after_footer_bottom":"","ocean_display_top_bar":"default","ocean_display_header":"default","ocean_header_style":"","ocean_center_header_left_menu":"0","ocean_custom_header_template":"0","ocean_custom_logo":0,"ocean_custom_retina_logo":0,"ocean_custom_logo_max_width":0,"ocean_custom_logo_tablet_max_width":0,"ocean_custom_logo_mobile_max_width":0,"ocean_custom_logo_max_height":0,"ocean_custom_logo_tablet_max_height":0,"ocean_custom_logo_mobile_max_height":0,"ocean_header_custom_menu":"0","ocean_menu_typo_font_family":"0","ocean_menu_typo_font_subset":"","ocean_menu_typo_font_size":0,"ocean_menu_typo_font_size_tablet":0,"ocean_menu_typo_font_size_mobile":0,"ocean_menu_typo_font_size_unit":"px","ocean_menu_typo_font_weight":"","ocean_menu_typo_font_weight_tablet":"","ocean_menu_typo_font_weight_mobile":"","ocean_menu_typo_transform":"","ocean_menu_typo_transform_tablet":"","ocean_menu_typo_transform_mobile":"","ocean_menu_typo_line_height":0,"ocean_menu_typo_line_height_tablet":0,"ocean_menu_typo_line_height_mobile":0,"ocean_menu_typo_line_height_unit":"","ocean_menu_typo_spacing":0,"ocean_menu_typo_spacing_tablet":0,"ocean_menu_typo_spacing_mobile":0,"ocean_menu_typo_spacing_unit":"","ocean_menu_link_color":"","ocean_menu_link_color_hover":"","ocean_menu_link_color_active":"","ocean_menu_link_background":"","ocean_menu_link_hover_background":"","ocean_menu_link_active_background":"","ocean_menu_social_links_bg":"","ocean_menu_social_hover_links_bg":"","ocean_menu_social_links_color":"","ocean_menu_social_hover_links_color":"","ocean_disable_title":"default","ocean_disable_heading":"default","ocean_post_title":"","ocean_post_subheading":"","ocean_post_title_style":"","ocean_post_title_background_color":"","ocean_post_title_background":0,"ocean_post_title_bg_image_position":"","ocean_post_title_bg_image_attachment":"","ocean_post_title_bg_image_repeat":"","ocean_post_title_bg_image_size":"","ocean_post_title_height":0,"ocean_post_title_bg_overlay":0.5,"ocean_post_title_bg_overlay_color":"","ocean_disable_breadcrumbs":"default","ocean_breadcrumbs_color":"","ocean_breadcrumbs_separator_color":"","ocean_breadcrumbs_links_color":"","ocean_breadcrumbs_links_hover_color":"","ocean_display_footer_widgets":"default","ocean_display_footer_bottom":"default","ocean_custom_footer_template":"0"},"product_brand":[],"product_cat":[70,62,22,21],"product_tag":[],"class_list":{"0":"post-4425","1":"product","2":"type-product","3":"status-publish","4":"has-post-thumbnail","6":"product_cat-probiotyki","7":"product_cat-odpornosc","8":"product_cat-suplementy-i-witaminy","9":"product_cat-zdrowie","11":"entry","12":"has-media","14":"first","15":"outofstock","16":"shipping-taxable","17":"purchasable","18":"product-type-simple","19":"has-product-nav","20":"col","21":"span_1_of_3","22":"owp-content-left","23":"owp-thumbs-layout-horizontal","24":"owp-btn-normal","25":"owp-tabs-layout-horizontal","26":"has-no-thumbnails"},"_links":{"self":[{"href":"https:\/\/ecocorner.eu\/en\/wp-json\/wp\/v2\/product\/4425","targetHints":{"allow":["GET"]}}],"collection":[{"href":"https:\/\/ecocorner.eu\/en\/wp-json\/wp\/v2\/product"}],"about":[{"href":"https:\/\/ecocorner.eu\/en\/wp-json\/wp\/v2\/types\/product"}],"version-history":[{"count":1,"href":"https:\/\/ecocorner.eu\/en\/wp-json\/wp\/v2\/product\/4425\/revisions"}],"predecessor-version":[{"id":4427,"href":"https:\/\/ecocorner.eu\/en\/wp-json\/wp\/v2\/product\/4425\/revisions\/4427"}],"wp:featuredmedia":[{"embeddable":true,"href":"https:\/\/ecocorner.eu\/en\/wp-json\/wp\/v2\/media\/4426"}],"wp:attachment":[{"href":"https:\/\/ecocorner.eu\/en\/wp-json\/wp\/v2\/media?parent=4425"}],"wp:term":[{"taxonomy":"product_brand","embeddable":true,"href":"https:\/\/ecocorner.eu\/en\/wp-json\/wp\/v2\/product_brand?post=4425"},{"taxonomy":"product_cat","embeddable":true,"href":"https:\/\/ecocorner.eu\/en\/wp-json\/wp\/v2\/product_cat?post=4425"},{"taxonomy":"product_tag","embeddable":true,"href":"https:\/\/ecocorner.eu\/en\/wp-json\/wp\/v2\/product_tag?post=4425"}],"curies":[{"name":"wp","href":"https:\/\/api.w.org\/{rel}","templated":true}]}}