{"id":4466,"date":"2023-11-27T11:28:16","date_gmt":"2023-11-27T11:28:16","guid":{"rendered":"https:\/\/ecocorner.eu\/?post_type=product&#038;p=4466"},"modified":"2025-01-09T15:19:01","modified_gmt":"2025-01-09T15:19:01","slug":"narum-biale-mumio-acidofilne-250-mg-60-kaps","status":"publish","type":"product","link":"https:\/\/ecocorner.eu\/en\/product\/narum-biale-mumio-acidofilne-250-mg-60-kaps\/","title":{"rendered":"Narum   Bia\u0142e  Mumio Acidofilne 250 mg  60 kaps."},"content":{"rendered":"<div class=\"mpof_ki myre_zn myre_8v_l m389_6m_l\">\n<div class=\"mp4t_16_s mryx_16_s mr3m_1 mli2_1 mh85_56 mh85_0_l\">\n<div class=\"mgn2_16 _0d3bd_am0a-\">\n<p><b>Recommended daily serving:<\/b><\/p>\n<ul>\n<li>Doro\u015bli i dzieci powy\u017cej 6 lat: 1-2 kapsu\u0142ki 2 razy dziennie,<\/li>\n<li>Dzieci w wieku od 3 do 6 lat: 1 kapsu\u0142ka 2 razy dziennie (po rozpuszczeniu w napoju)<\/li>\n<\/ul>\n<\/div>\n<\/div>\n<\/div>\n<div class=\"mpof_ki myre_zn myre_8v_l m389_6m_l\">\n<div class=\"mp4t_16_s mryx_16_s mr3m_1 mli2_1 mh85_56 mh85_0_l\">\n<div class=\"mgn2_16 _0d3bd_am0a-\">\n<p>W jednej kapsu\u0142ce znajduje si\u0119 nie mniej ni\u017c 50 x 10^8 CFU* \u017cywych bakterii. *CFU \u2013 Colony Forming Unit \u2013 jednostka tworz\u0105ca koloni\u0119 bakterii<\/p>\n<p><b>Reception time:<\/b><\/p>\n<p>For optimal effect, it is recommended to take it for 5-6 weeks.<\/p>\n<p><b>Method of application:<\/b><\/p>\n<p>Kapsu\u0142ki nale\u017cy przyjmowa\u0107 15-20 minut przed posi\u0142kami z niewielk\u0105 ilo\u015bci\u0105 p\u0142ynu o temperaturze pokojowej (najlepiej z mlekiem, poza sytuacjami nietolerancji produkt\u00f3w mlecznych). Mo\u017cna otworzy\u0107 kapsu\u0142k\u0119 i rozpu\u015bci\u0107 jej zawarto\u015b\u0107 w napoju. Dzieci do lat 6 mog\u0105 przyjmowa\u0107 produkt tylko po rozpuszczeniu w napoju.\u00a0Nie nale\u017cy przekracza\u0107 zalecanej porcji do spo\u017cycia w ci\u0105gu dnia. Suplement diety nie mo\u017ce by\u0107 stosowany jako substytut (zamiennik) zr\u00f3\u017cnicowanej diety. Nie spo\u017cywa\u0107 przy nadwra\u017cliwo\u015bci na sk\u0142adniki produktu. Kobiety w ci\u0105\u017cy i karmi\u0105ce powinny spo\u017cywa\u0107 preparat po konsultacji z lekarzem.<\/p>\n<p><b>Storage conditions:<\/b><\/p>\n<p>Przechowywa\u0107 w ch\u0142odnym miejscu w temperaturze nie wy\u017cszej ni\u017c + 10 \u00b0C w spos\u00f3b niedost\u0119pny dla dzieci. Tylko na czas transportu mo\u017ce by\u0107 przechowywany w temperaturze pokojowej.<\/p>\n<\/div>\n<\/div>\n<\/div>","protected":false},"excerpt":{"rendered":"<p><b>Bia\u0142e Mumio Acidofilne 250 mg<\/b>\u00a0<b>|<\/b>\u00a0<b>60 capsules<\/b><\/p>\n<p><b>Food Supplement<\/b><\/p>\n<p><b>Bia\u0142e Mumio Acidofilne<\/b>\u00a0w formie kapsu\u0142ek s\u0142u\u017cy do utrzymania sk\u0142adu i aktywno\u015bci biologicznej normalnej mikroflory jelitowej u dzieci i doros\u0142ych.\u00a0Podczas wytwarzania produktu w kapsu\u0142kach jednocze\u015bnie wytwarzany jest suchy liofilizowany zestaw bakterii i \u015bwie\u017cy liofilizowany proszek MUMIO. Oznacza to, \u017ce podczas uprawy bakterii u\u017cywana jest naturalna \u015bwie\u017ca masa mumio.<\/p>\n<p><b>Ingredients:<\/b><\/p>\n<ul>\n<li>Liofilizowany proszek Mumio Bia\u0142e (Brakshun),<\/li>\n<li>Lactobacillus delbrueckii,<\/li>\n<li>Lactobacillus helveticus,<\/li>\n<li>Lactococcus lactis ssp. Lactis,<\/li>\n<li>Streptococcus salivarius ssp. Thermophiles,<\/li>\n<li>Lactobacillus delbrueckii ssp. Lactis,<\/li>\n<li>Lactobacillus rhamnosus,<\/li>\n<li>Lactococcus lactis,<\/li>\n<li>Lactococcus lactis ssp. Cremoris,<\/li>\n<li>Lactobacillus reuteri Streptococcus salivarius,<\/li>\n<li>Lactobacillus bulgaricus,<\/li>\n<li>Lactobacillus acidophilus,<\/li>\n<li>Lactobacillus salivarius,<\/li>\n<li>Lactobacillus plantarum,<\/li>\n<li>Streptococcus thermophiles,<\/li>\n<li>Lactobacillus delbrueckii ssp. Bulgarikus,<\/li>\n<li>Lactobacillus casei,<\/li>\n<li>Bifidobacterium bifidum,<\/li>\n<li>Bifidobacterium longum,<\/li>\n<li>otoczka kapsu\u0142ki:\u00a0substancja \u017celuj\u0105ca &#8211; guma gellan,\u00a0substancja glazuruj\u0105ca &#8211; hydroksypropylometyloceluloza<\/li>\n<\/ul>","protected":false},"featured_media":4467,"template":"","meta":{"ocean_post_layout":"","ocean_both_sidebars_style":"","ocean_both_sidebars_content_width":0,"ocean_both_sidebars_sidebars_width":0,"ocean_sidebar":"0","ocean_second_sidebar":"0","ocean_disable_margins":"enable","ocean_add_body_class":"","ocean_shortcode_before_top_bar":"","ocean_shortcode_after_top_bar":"","ocean_shortcode_before_header":"","ocean_shortcode_after_header":"","ocean_has_shortcode":"","ocean_shortcode_after_title":"","ocean_shortcode_before_footer_widgets":"","ocean_shortcode_after_footer_widgets":"","ocean_shortcode_before_footer_bottom":"","ocean_shortcode_after_footer_bottom":"","ocean_display_top_bar":"default","ocean_display_header":"default","ocean_header_style":"","ocean_center_header_left_menu":"0","ocean_custom_header_template":"0","ocean_custom_logo":0,"ocean_custom_retina_logo":0,"ocean_custom_logo_max_width":0,"ocean_custom_logo_tablet_max_width":0,"ocean_custom_logo_mobile_max_width":0,"ocean_custom_logo_max_height":0,"ocean_custom_logo_tablet_max_height":0,"ocean_custom_logo_mobile_max_height":0,"ocean_header_custom_menu":"0","ocean_menu_typo_font_family":"0","ocean_menu_typo_font_subset":"","ocean_menu_typo_font_size":0,"ocean_menu_typo_font_size_tablet":0,"ocean_menu_typo_font_size_mobile":0,"ocean_menu_typo_font_size_unit":"px","ocean_menu_typo_font_weight":"","ocean_menu_typo_font_weight_tablet":"","ocean_menu_typo_font_weight_mobile":"","ocean_menu_typo_transform":"","ocean_menu_typo_transform_tablet":"","ocean_menu_typo_transform_mobile":"","ocean_menu_typo_line_height":0,"ocean_menu_typo_line_height_tablet":0,"ocean_menu_typo_line_height_mobile":0,"ocean_menu_typo_line_height_unit":"","ocean_menu_typo_spacing":0,"ocean_menu_typo_spacing_tablet":0,"ocean_menu_typo_spacing_mobile":0,"ocean_menu_typo_spacing_unit":"","ocean_menu_link_color":"","ocean_menu_link_color_hover":"","ocean_menu_link_color_active":"","ocean_menu_link_background":"","ocean_menu_link_hover_background":"","ocean_menu_link_active_background":"","ocean_menu_social_links_bg":"","ocean_menu_social_hover_links_bg":"","ocean_menu_social_links_color":"","ocean_menu_social_hover_links_color":"","ocean_disable_title":"default","ocean_disable_heading":"default","ocean_post_title":"","ocean_post_subheading":"","ocean_post_title_style":"","ocean_post_title_background_color":"","ocean_post_title_background":0,"ocean_post_title_bg_image_position":"","ocean_post_title_bg_image_attachment":"","ocean_post_title_bg_image_repeat":"","ocean_post_title_bg_image_size":"","ocean_post_title_height":0,"ocean_post_title_bg_overlay":0.5,"ocean_post_title_bg_overlay_color":"","ocean_disable_breadcrumbs":"default","ocean_breadcrumbs_color":"","ocean_breadcrumbs_separator_color":"","ocean_breadcrumbs_links_color":"","ocean_breadcrumbs_links_hover_color":"","ocean_display_footer_widgets":"default","ocean_display_footer_bottom":"default","ocean_custom_footer_template":"0"},"product_brand":[],"product_cat":[70,22,21],"product_tag":[],"class_list":{"0":"post-4466","1":"product","2":"type-product","3":"status-publish","4":"has-post-thumbnail","6":"product_cat-probiotyki","7":"product_cat-suplementy-i-witaminy","8":"product_cat-zdrowie","10":"entry","11":"has-media","13":"first","14":"outofstock","15":"shipping-taxable","16":"purchasable","17":"product-type-simple","18":"has-product-nav","19":"col","20":"span_1_of_3","21":"owp-content-left","22":"owp-thumbs-layout-horizontal","23":"owp-btn-normal","24":"owp-tabs-layout-horizontal","25":"has-no-thumbnails"},"_links":{"self":[{"href":"https:\/\/ecocorner.eu\/en\/wp-json\/wp\/v2\/product\/4466","targetHints":{"allow":["GET"]}}],"collection":[{"href":"https:\/\/ecocorner.eu\/en\/wp-json\/wp\/v2\/product"}],"about":[{"href":"https:\/\/ecocorner.eu\/en\/wp-json\/wp\/v2\/types\/product"}],"version-history":[{"count":1,"href":"https:\/\/ecocorner.eu\/en\/wp-json\/wp\/v2\/product\/4466\/revisions"}],"predecessor-version":[{"id":4468,"href":"https:\/\/ecocorner.eu\/en\/wp-json\/wp\/v2\/product\/4466\/revisions\/4468"}],"wp:featuredmedia":[{"embeddable":true,"href":"https:\/\/ecocorner.eu\/en\/wp-json\/wp\/v2\/media\/4467"}],"wp:attachment":[{"href":"https:\/\/ecocorner.eu\/en\/wp-json\/wp\/v2\/media?parent=4466"}],"wp:term":[{"taxonomy":"product_brand","embeddable":true,"href":"https:\/\/ecocorner.eu\/en\/wp-json\/wp\/v2\/product_brand?post=4466"},{"taxonomy":"product_cat","embeddable":true,"href":"https:\/\/ecocorner.eu\/en\/wp-json\/wp\/v2\/product_cat?post=4466"},{"taxonomy":"product_tag","embeddable":true,"href":"https:\/\/ecocorner.eu\/en\/wp-json\/wp\/v2\/product_tag?post=4466"}],"curies":[{"name":"wp","href":"https:\/\/api.w.org\/{rel}","templated":true}]}}