{"id":4477,"date":"2023-11-27T19:39:14","date_gmt":"2023-11-27T19:39:14","guid":{"rendered":"https:\/\/ecocorner.eu\/?post_type=product&#038;p=4477"},"modified":"2026-02-26T15:04:07","modified_gmt":"2026-02-26T15:04:07","slug":"hair-in-balance-by-onlybio-plukanka-octowa-nadajaca-blask-i-domykajaca-luske-wlosa-300ml","status":"publish","type":"product","link":"https:\/\/ecocorner.eu\/en\/product\/hair-in-balance-by-onlybio-plukanka-octowa-nadajaca-blask-i-domykajaca-luske-wlosa-300ml\/","title":{"rendered":"Hair in Balance by ONLYBIO P\u0142ukanka octowa nadaj\u0105ca blask i domykaj\u0105ca \u0142usk\u0119 w\u0142osa 300ml"},"content":{"rendered":"<p>Sk\u0142adniki\/Ingredients: Aqua, Cider Vinegar, Rubus Idaeus Vinegar,\u00a0 Black\u00a0 Currant\u00a0 Vinegar,\u00a0 Behenamidopropyl Dimethylamine, Aloe Barbadensis Leaf Juice, Lactic Acid, Cyamopsis Tetragonoloba Gum, Polyglyceryl-4 Laurate\/Sebacate, Polyglyceryl-6 Caprylate\/Caprate, CI 14720, Sodium \u00a0Benzoate, Potassium Sorbate, Benzyl Alcohol, Benzoic Acid, Dehydroacetic Acid, Tocopherol, Parfum, Linalool.<\/p>\n<p>&nbsp;<\/p>\n<p>Pojemno\u015b\u0107:\u00a03OO ml<strong>zanie dla szorstkich i matowych w\u0142os\u00f3w.\u00a0Dzi\u0119ki niej osi\u0105gniesz efekt idealnej g\u0142adko\u015bci i blasku.\u00a0<\/strong><\/p>\n<p>&nbsp;<\/p>\n<p><strong>Moc zakwaszania<\/strong><\/p>\n<p>Zawarte w formule octy owocowe pomog\u0105 zamkn\u0105\u0107 we w\u0142osie nawil\u017cenie, domykaj\u0105c jego<\/p>\n<p>\u0142usk\u0119, zmi\u0119kczaj\u0105c go i wyg\u0142adzaj\u0105c. Formu\u0142a<\/p>\n<p>ogranicza puszenie i elektryzowanie si\u0119 w\u0142os\u00f3w.<\/p>\n<p>&nbsp;<\/p>\n<p><strong>What does it moisturize?<\/strong><\/p>\n<p>Aloes chroni w\u0142osy przed utrat\u0105 wilgoci. Nawil\u017cone pasma s\u0105 bardziej elastyczne, mniej podatne na \u0142amliwo\u015b\u0107 i rozdwajanie si\u0119 ko\u0144c\u00f3wek.<\/p>\n<p>&nbsp;<\/p>\n<p><strong>What does it smell like?<\/strong><\/p>\n<p>Egzotyczny zapach smoczego owocu zadba o Tw\u00f3j znakomity nastr\u00f3j!<\/p>\n<p>&nbsp;<\/p>\n<p><strong>Method of application:<\/strong><\/p>\n<p>Umyte i od\u017cywione od\u017cywk\u0105 mokre w\u0142osy polej p\u0142ukank\u0105. Wgnie\u0107 formu\u0142\u0119 w pasma. Po 10 sekundach sp\u0142ucz ca\u0142o\u015b\u0107 ciep\u0142\u0105 wod\u0105. Stosuj produkt co 3-4 mycia.\u00a0Dostosuj ilo\u015b\u0107 u\u017cywanego produktu do d\u0142ugo\u015bci i g\u0119sto\u015bci w\u0142os\u00f3w.<\/p>\n<p>&nbsp;<\/p>\n<p>Sk\u0142adniki\/Ingredients: Aqua, Cider Vinegar, Rubus Idaeus Vinegar,\u00a0 Black\u00a0 Currant\u00a0 Vinegar,\u00a0 Behenamidopropyl Dimethylamine, Aloe Barbadensis Leaf Juice, Lactic Acid, Cyamopsis Tetragonoloba Gum, Polyglyceryl-4 Laurate\/Sebacate, Polyglyceryl-6 Caprylate\/Caprate, CI 14720, Sodium \u00a0Benzoate, Potassium Sorbate, Benzyl Alcohol, Benzoic Acid, Dehydroacetic Acid, Tocopherol, Parfum, Linalool.<\/p>\n<p>&nbsp;<\/p>\n<p><b>Pojemno\u015b\u0107: 3OO ml<\/b><\/p>","protected":false},"excerpt":{"rendered":"<p>P\u0142ukanka octowa z linii Hair in Balance\u00a0to nasze rozwi\u0105zanie dla szorstkich i matowych w\u0142os\u00f3w.\u00a0Dzi\u0119ki niej osi\u0105gniesz efekt idealnej g\u0142adko\u015bci i blasku.<\/p>\n<p>&nbsp;<\/p>\n<p>Moc zakwaszania<\/p>\n<p>Zawarte w formule octy owocowe pomog\u0105 zamkn\u0105\u0107 we w\u0142osie nawil\u017cenie, domykaj\u0105c jego \u0142usk\u0119, zmi\u0119kczaj\u0105c go i wyg\u0142adzaj\u0105c. Formu\u0142a ogranicza puszenie i elektryzowanie si\u0119 w\u0142os\u00f3w.<\/p>\n<p>&nbsp;<\/p>\n<p>What does it moisturize?<\/p>\n<p>Aloes chroni w\u0142osy przed utrat\u0105 wilgoci. Nawil\u017cone pasma s\u0105 bardziej elastyczne, mniej podatne na \u0142amliwo\u015b\u0107 i rozdwajanie si\u0119 ko\u0144c\u00f3wek.<\/p>\n<p>&nbsp;<\/p>\n<p>What does it smell like?<\/p>\n<p>Egzotyczny zapach smoczego owocu zadba o Tw\u00f3j znakomity nastr\u00f3j!<\/p>\n<p>&nbsp;<\/p>\n<p>Method of application:<\/p>\n<p>Umyte i od\u017cywione od\u017cywk\u0105 mokre w\u0142osy polej p\u0142ukank\u0105. Wgnie\u0107 formu\u0142\u0119 w pasma. Po 10 sekundach sp\u0142ucz ca\u0142o\u015b\u0107 ciep\u0142\u0105 wod\u0105. Stosuj produkt co 3-4 mycia.\u00a0Dostosuj ilo\u015b\u0107 u\u017cywanego produktu do d\u0142ugo\u015bci i g\u0119sto\u015bci w\u0142os\u00f3w.<\/p>","protected":false},"featured_media":4478,"template":"","meta":{"ocean_post_layout":"","ocean_both_sidebars_style":"","ocean_both_sidebars_content_width":0,"ocean_both_sidebars_sidebars_width":0,"ocean_sidebar":"0","ocean_second_sidebar":"0","ocean_disable_margins":"enable","ocean_add_body_class":"","ocean_shortcode_before_top_bar":"","ocean_shortcode_after_top_bar":"","ocean_shortcode_before_header":"","ocean_shortcode_after_header":"","ocean_has_shortcode":"","ocean_shortcode_after_title":"","ocean_shortcode_before_footer_widgets":"","ocean_shortcode_after_footer_widgets":"","ocean_shortcode_before_footer_bottom":"","ocean_shortcode_after_footer_bottom":"","ocean_display_top_bar":"default","ocean_display_header":"default","ocean_header_style":"","ocean_center_header_left_menu":"0","ocean_custom_header_template":"0","ocean_custom_logo":0,"ocean_custom_retina_logo":0,"ocean_custom_logo_max_width":0,"ocean_custom_logo_tablet_max_width":0,"ocean_custom_logo_mobile_max_width":0,"ocean_custom_logo_max_height":0,"ocean_custom_logo_tablet_max_height":0,"ocean_custom_logo_mobile_max_height":0,"ocean_header_custom_menu":"0","ocean_menu_typo_font_family":"0","ocean_menu_typo_font_subset":"","ocean_menu_typo_font_size":0,"ocean_menu_typo_font_size_tablet":0,"ocean_menu_typo_font_size_mobile":0,"ocean_menu_typo_font_size_unit":"px","ocean_menu_typo_font_weight":"","ocean_menu_typo_font_weight_tablet":"","ocean_menu_typo_font_weight_mobile":"","ocean_menu_typo_transform":"","ocean_menu_typo_transform_tablet":"","ocean_menu_typo_transform_mobile":"","ocean_menu_typo_line_height":0,"ocean_menu_typo_line_height_tablet":0,"ocean_menu_typo_line_height_mobile":0,"ocean_menu_typo_line_height_unit":"","ocean_menu_typo_spacing":0,"ocean_menu_typo_spacing_tablet":0,"ocean_menu_typo_spacing_mobile":0,"ocean_menu_typo_spacing_unit":"","ocean_menu_link_color":"","ocean_menu_link_color_hover":"","ocean_menu_link_color_active":"","ocean_menu_link_background":"","ocean_menu_link_hover_background":"","ocean_menu_link_active_background":"","ocean_menu_social_links_bg":"","ocean_menu_social_hover_links_bg":"","ocean_menu_social_links_color":"","ocean_menu_social_hover_links_color":"","ocean_disable_title":"default","ocean_disable_heading":"default","ocean_post_title":"","ocean_post_subheading":"","ocean_post_title_style":"","ocean_post_title_background_color":"","ocean_post_title_background":0,"ocean_post_title_bg_image_position":"","ocean_post_title_bg_image_attachment":"","ocean_post_title_bg_image_repeat":"","ocean_post_title_bg_image_size":"","ocean_post_title_height":0,"ocean_post_title_bg_overlay":0.5,"ocean_post_title_bg_overlay_color":"","ocean_disable_breadcrumbs":"default","ocean_breadcrumbs_color":"","ocean_breadcrumbs_separator_color":"","ocean_breadcrumbs_links_color":"","ocean_breadcrumbs_links_hover_color":"","ocean_display_footer_widgets":"default","ocean_display_footer_bottom":"default","ocean_custom_footer_template":"0"},"product_brand":[],"product_cat":[41,64,36],"product_tag":[],"class_list":{"0":"post-4477","1":"product","2":"type-product","3":"status-publish","4":"has-post-thumbnail","6":"product_cat-odzywki-i-maski-do-wlosow","7":"product_cat-oferta-tygodnia","8":"product_cat-promocje-wyprzedaze","10":"entry","11":"has-media","13":"first","14":"instock","15":"sale","16":"shipping-taxable","17":"purchasable","18":"product-type-simple","19":"has-product-nav","20":"col","21":"span_1_of_3","22":"owp-content-left","23":"owp-thumbs-layout-horizontal","24":"owp-btn-normal","25":"owp-tabs-layout-horizontal","26":"has-no-thumbnails"},"_links":{"self":[{"href":"https:\/\/ecocorner.eu\/en\/wp-json\/wp\/v2\/product\/4477","targetHints":{"allow":["GET"]}}],"collection":[{"href":"https:\/\/ecocorner.eu\/en\/wp-json\/wp\/v2\/product"}],"about":[{"href":"https:\/\/ecocorner.eu\/en\/wp-json\/wp\/v2\/types\/product"}],"version-history":[{"count":1,"href":"https:\/\/ecocorner.eu\/en\/wp-json\/wp\/v2\/product\/4477\/revisions"}],"predecessor-version":[{"id":4479,"href":"https:\/\/ecocorner.eu\/en\/wp-json\/wp\/v2\/product\/4477\/revisions\/4479"}],"wp:featuredmedia":[{"embeddable":true,"href":"https:\/\/ecocorner.eu\/en\/wp-json\/wp\/v2\/media\/4478"}],"wp:attachment":[{"href":"https:\/\/ecocorner.eu\/en\/wp-json\/wp\/v2\/media?parent=4477"}],"wp:term":[{"taxonomy":"product_brand","embeddable":true,"href":"https:\/\/ecocorner.eu\/en\/wp-json\/wp\/v2\/product_brand?post=4477"},{"taxonomy":"product_cat","embeddable":true,"href":"https:\/\/ecocorner.eu\/en\/wp-json\/wp\/v2\/product_cat?post=4477"},{"taxonomy":"product_tag","embeddable":true,"href":"https:\/\/ecocorner.eu\/en\/wp-json\/wp\/v2\/product_tag?post=4477"}],"curies":[{"name":"wp","href":"https:\/\/api.w.org\/{rel}","templated":true}]}}