{"id":4536,"date":"2023-11-27T21:51:53","date_gmt":"2023-11-27T21:51:53","guid":{"rendered":"https:\/\/ecocorner.eu\/?post_type=product&#038;p=4536"},"modified":"2026-02-27T11:47:34","modified_gmt":"2026-02-27T11:47:34","slug":"onlybio-bakuchiol-skwalan-przeciwzmarszczkowy-tonik-do-twarzy-300-ml","status":"publish","type":"product","link":"https:\/\/ecocorner.eu\/en\/product\/onlybio-bakuchiol-skwalan-przeciwzmarszczkowy-tonik-do-twarzy-300-ml\/","title":{"rendered":"ONLYBIO  Bakuchiol &#038; Skwalan  Przeciwzmarszczkowy   tonik do twarzy  300 ml"},"content":{"rendered":"<h3 class=\"opis220-container__product-left-h3\">Composition:<\/h3>\n<p class=\"opis220-container__product-left-text\">Aqua, Glycerin, Propanediol, Betaine, Bakuchiol, Sodium PCA, Squalane, Magnolia Officinalis Bark Extract, Sodium Phytate, Pentylene Glycol, Polyglyceryl-4 Laurate\/Sebacate, Polyglyceryl-6 Caprylate\/Caprate, Tocopherol, Glyceryl Caprylate, Bakuchiol, Bacillus Ferment Lysate, Citric Acid, Benzyl Alcohol, Benzoic Acid, Dehydroacetic Acid, Citric Acid, Parfum, Limonene, Linalool.<\/p>\n<p>&nbsp;<\/p>\n<h3 class=\"opis220-container__product-right-h3\">Method of application:<\/h3>\n<p class=\"opis220-container__product-right-text\">Nas\u0105cz wacik tonikiem i przemyj nim sk\u00f3r\u0119 twarzy i szyi.<\/p>\n<h4 class=\"opis220-container__product-right-h4\">If you avoid cosmetics containing: parabens, Pegs, silicones, paraffin, mineral oils, phosphates, animal substances, then our cream will be perfect for you.<\/h4>","protected":false},"excerpt":{"rendered":"<div class=\"opis220-container__firstscreen\">\n<div class=\"opis220-container__header\">\n<h5 class=\"opis220-container__header-h5\">BAKUCHIOL &amp; SQUALANE<\/h5>\n<h2 class=\"opis220-container__header-h2\">Tonik\u00a0 przeciwzmarszczkowy<\/h2>\n<h3 class=\"opis220-container__header-h3\">Od\u015bwie\u017cenie, tonizacja, wyg\u0142adzenie<\/h3>\n<h4 class=\"opis220-container__header-h4\">Any skin type<\/h4>\n<\/div>\n<div class=\"opis220-container__product\">\n<div class=\"opis220-container__product-left\">\n<div class=\"opis220-container__product-left__text\">Container:<strong>300 ml<\/strong><\/p>\n<h3 class=\"opis220-container__product-left-h3\">Composition:<\/h3>\n<p class=\"opis220-container__product-left-text\">Aqua, Glycerin, Propanediol, Betaine, Bakuchiol, Sodium PCA, Squalane, Magnolia Officinalis Bark Extract, Sodium Phytate, Pentylene Glycol, Polyglyceryl-4 Laurate\/Sebacate, Polyglyceryl-6 Caprylate\/Caprate, Tocopherol, Glyceryl Caprylate, Bakuchiol, Bacillus Ferment Lysate, Citric Acid, Benzyl Alcohol, Benzoic Acid, Dehydroacetic Acid, Citric Acid, Parfum, Limonene, Linalool.<\/p>\n<\/div>\n<\/div>\n<div class=\"opis220-container__product-right\">\n<div class=\"opis220-container__product-right__header\">\n<h4 class=\"opis220-container__product-right__header-h3\">The product is recommended by the Polish Dermatological Society.<\/h4>\n<\/div>\n<h3 class=\"opis220-container__product-right-h3\">How does it work?<\/h3>\n<p class=\"opis220-container__product-right-text\">Od\u015bwie\u017caj\u0105ca formu\u0142a toniku opracowana zosta\u0142a na bazie 99% sk\u0142adnik\u00f3w pochodzenia naturalnego, by skutecznie dba\u0107 o r\u00f3wnowag\u0119 pH sk\u00f3ry, koi\u0107 i wyg\u0142adza\u0107 przy jednoczesnym dzia\u0142aniu przeciwzmarszczkowym i rewitalizuj\u0105cym.<\/p>\n<h3 class=\"opis220-container__product-right-h3\">What is most effective:<\/h3>\n<div class=\"opis220-container__product-right-ul__wrapper\">\n<ul>\n<li class=\"opis220-container__product-right-li\"><strong>BAKUCHIOL<\/strong> Derived from the seeds of the grandmother&#039;s plant, it is a 100% natural, vegan and mild retinol analog for even the most sensitive skin. Perfectly smoothes wrinkles, increases skin elasticity and improves its tone.<\/li>\n<\/ul>\n<\/div>\n<div class=\"opis220-container__product-right-ul__wrapper\">\n<ul>\n<li class=\"opis220-container__product-right-li\"><strong>Squalane <\/strong>with olive oil, it demonstrates biocompatibility with what happens naturally in our skin. It has a moisturizing, anti-aging and antioxidant effect. It also promotes the penetration of other components deep into the epidermis.<\/li>\n<\/ul>\n<\/div>\n<div class=\"opis220-container__product-right-ul__wrapper\">\n<ul>\n<li class=\"opis220-container__product-right-li\"><strong>EKSTRAKT Z MAGNOLII <\/strong> doskonale nawil\u017ca i regeneruje sk\u00f3r\u0119. Zapobiega przedwczesnemu starzeniu, wyg\u0142adza i neutralizuje szkodliwe dzia\u0142anie wolnych rodnik\u00f3w. Skutecznie koi objawy podra\u017cnienia.<\/li>\n<\/ul>\n<\/div>\n<h3 class=\"opis220-container__product-right-h3\">What makes us different?<\/h3>\n<div class=\"opis220-container__product-right-ul__wrapper\"><img decoding=\"async\" class=\"ls-is-cached lazyloaded\" src=\"https:\/\/onlybio.life\/img\/opisy-new\/220\/vegan-icon.svg\" alt=\"\" data-src=\"\/img\/opisy-new\/220\/vegan-icon.svg\" \/><\/p>\n<ul>\n<li class=\"opis220-container__product-right-li\">100% vegan formula and cruelty free certified by the world&#039;s largest organization <strong>Vegan Society<\/strong>.<\/li>\n<\/ul>\n<\/div>\n<div class=\"opis220-container__product-right-ul__wrapper\"><img decoding=\"async\" class=\"ls-is-cached lazyloaded\" src=\"https:\/\/onlybio.life\/img\/opisy-new\/220\/beauty-icon.svg\" alt=\"\" data-src=\"\/img\/opisy-new\/220\/beauty-icon.svg\" \/><\/p>\n<ul>\n<li class=\"opis220-container__product-right-li\">Our cosmetics contain a unique complex of pre-and probiotics, which strengthens and protects the natural composition of the bacterial flora of the skin, that is, its microbiome.<\/li>\n<\/ul>\n<\/div>\n<h4 class=\"opis220-container__product-right-h4\"><\/h4>\n<\/div>\n<\/div>\n<\/div>","protected":false},"featured_media":4537,"template":"","meta":{"ocean_post_layout":"","ocean_both_sidebars_style":"","ocean_both_sidebars_content_width":0,"ocean_both_sidebars_sidebars_width":0,"ocean_sidebar":"0","ocean_second_sidebar":"0","ocean_disable_margins":"enable","ocean_add_body_class":"","ocean_shortcode_before_top_bar":"","ocean_shortcode_after_top_bar":"","ocean_shortcode_before_header":"","ocean_shortcode_after_header":"","ocean_has_shortcode":"","ocean_shortcode_after_title":"","ocean_shortcode_before_footer_widgets":"","ocean_shortcode_after_footer_widgets":"","ocean_shortcode_before_footer_bottom":"","ocean_shortcode_after_footer_bottom":"","ocean_display_top_bar":"default","ocean_display_header":"default","ocean_header_style":"","ocean_center_header_left_menu":"0","ocean_custom_header_template":"0","ocean_custom_logo":0,"ocean_custom_retina_logo":0,"ocean_custom_logo_max_width":0,"ocean_custom_logo_tablet_max_width":0,"ocean_custom_logo_mobile_max_width":0,"ocean_custom_logo_max_height":0,"ocean_custom_logo_tablet_max_height":0,"ocean_custom_logo_mobile_max_height":0,"ocean_header_custom_menu":"0","ocean_menu_typo_font_family":"0","ocean_menu_typo_font_subset":"","ocean_menu_typo_font_size":0,"ocean_menu_typo_font_size_tablet":0,"ocean_menu_typo_font_size_mobile":0,"ocean_menu_typo_font_size_unit":"px","ocean_menu_typo_font_weight":"","ocean_menu_typo_font_weight_tablet":"","ocean_menu_typo_font_weight_mobile":"","ocean_menu_typo_transform":"","ocean_menu_typo_transform_tablet":"","ocean_menu_typo_transform_mobile":"","ocean_menu_typo_line_height":0,"ocean_menu_typo_line_height_tablet":0,"ocean_menu_typo_line_height_mobile":0,"ocean_menu_typo_line_height_unit":"","ocean_menu_typo_spacing":0,"ocean_menu_typo_spacing_tablet":0,"ocean_menu_typo_spacing_mobile":0,"ocean_menu_typo_spacing_unit":"","ocean_menu_link_color":"","ocean_menu_link_color_hover":"","ocean_menu_link_color_active":"","ocean_menu_link_background":"","ocean_menu_link_hover_background":"","ocean_menu_link_active_background":"","ocean_menu_social_links_bg":"","ocean_menu_social_hover_links_bg":"","ocean_menu_social_links_color":"","ocean_menu_social_hover_links_color":"","ocean_disable_title":"default","ocean_disable_heading":"default","ocean_post_title":"","ocean_post_subheading":"","ocean_post_title_style":"","ocean_post_title_background_color":"","ocean_post_title_background":0,"ocean_post_title_bg_image_position":"","ocean_post_title_bg_image_attachment":"","ocean_post_title_bg_image_repeat":"","ocean_post_title_bg_image_size":"","ocean_post_title_height":0,"ocean_post_title_bg_overlay":0.5,"ocean_post_title_bg_overlay_color":"","ocean_disable_breadcrumbs":"default","ocean_breadcrumbs_color":"","ocean_breadcrumbs_separator_color":"","ocean_breadcrumbs_links_color":"","ocean_breadcrumbs_links_hover_color":"","ocean_display_footer_widgets":"default","ocean_display_footer_bottom":"default","ocean_custom_footer_template":"0"},"product_brand":[],"product_cat":[46,64,36],"product_tag":[],"class_list":{"0":"post-4536","1":"product","2":"type-product","3":"status-publish","4":"has-post-thumbnail","6":"product_cat-demakijaz","7":"product_cat-oferta-tygodnia","8":"product_cat-promocje-wyprzedaze","10":"entry","11":"has-media","13":"first","14":"instock","15":"sale","16":"shipping-taxable","17":"purchasable","18":"product-type-simple","19":"has-product-nav","20":"col","21":"span_1_of_3","22":"owp-content-left","23":"owp-thumbs-layout-horizontal","24":"owp-btn-normal","25":"owp-tabs-layout-horizontal","26":"has-no-thumbnails"},"_links":{"self":[{"href":"https:\/\/ecocorner.eu\/en\/wp-json\/wp\/v2\/product\/4536","targetHints":{"allow":["GET"]}}],"collection":[{"href":"https:\/\/ecocorner.eu\/en\/wp-json\/wp\/v2\/product"}],"about":[{"href":"https:\/\/ecocorner.eu\/en\/wp-json\/wp\/v2\/types\/product"}],"version-history":[{"count":1,"href":"https:\/\/ecocorner.eu\/en\/wp-json\/wp\/v2\/product\/4536\/revisions"}],"predecessor-version":[{"id":4538,"href":"https:\/\/ecocorner.eu\/en\/wp-json\/wp\/v2\/product\/4536\/revisions\/4538"}],"wp:featuredmedia":[{"embeddable":true,"href":"https:\/\/ecocorner.eu\/en\/wp-json\/wp\/v2\/media\/4537"}],"wp:attachment":[{"href":"https:\/\/ecocorner.eu\/en\/wp-json\/wp\/v2\/media?parent=4536"}],"wp:term":[{"taxonomy":"product_brand","embeddable":true,"href":"https:\/\/ecocorner.eu\/en\/wp-json\/wp\/v2\/product_brand?post=4536"},{"taxonomy":"product_cat","embeddable":true,"href":"https:\/\/ecocorner.eu\/en\/wp-json\/wp\/v2\/product_cat?post=4536"},{"taxonomy":"product_tag","embeddable":true,"href":"https:\/\/ecocorner.eu\/en\/wp-json\/wp\/v2\/product_tag?post=4536"}],"curies":[{"name":"wp","href":"https:\/\/api.w.org\/{rel}","templated":true}]}}