{"id":4561,"date":"2023-11-30T22:08:49","date_gmt":"2023-11-30T22:08:49","guid":{"rendered":"https:\/\/ecocorner.eu\/?post_type=product&#038;p=4561"},"modified":"2024-10-21T14:59:36","modified_gmt":"2024-10-21T14:59:36","slug":"resibo-hello-new-one-wcierka-pobudzajaca-porost-wlosow-150-ml","status":"publish","type":"product","link":"https:\/\/ecocorner.eu\/en\/product\/resibo-hello-new-one-wcierka-pobudzajaca-porost-wlosow-150-ml\/","title":{"rendered":"RESIBO  Hello New One!  Wcierka  pobudzaj\u0105ca porost w\u0142os\u00f3w  150 ml"},"content":{"rendered":"<div class=\"product-extra-desc__block px-lg-4 px-xl-6              col-12 col-md-6\"><\/p>\n<div class=\"product-extra-desc__text-content\">\n<h3 class=\"h2 font-weight-bold mb-0\">Pro-sk\u0142adnik.<\/h3>\n<h4 class=\"h2 mb-3\">bajkalina<\/h4>\n<p>Doceniana i wykorzystywana zw\u0142aszcza w kosmetykach do piel\u0119gnacji w\u0142os\u00f3w. Nie tylko zapobiega ich wypadaniu, ale te\u017c stymuluje wzrost nowych w\u0142os\u00f3w i poprawia ich kondycj\u0119. Co wa\u017cne: aktywuje i stymuluje kom\u00f3rki macierzyste, op\u00f3\u017aniaj\u0105c ich starzenie.<\/p>\n<div class=\"product-extra-desc__block px-lg-4 px-xl-6              col-12 col-md-6\"><\/p>\n<div class=\"product-extra-desc__text-content\">\n<h3 class=\"h2 font-weight-bold mb-0\">Solidna dawka kofeiny\u00a0 dla szybszego porostu<\/h3>\n<p>Kofeina stymuluje mikrokr\u0105\u017cenie krwi w sk\u00f3rze g\u0142owy, dzi\u0119ki czemu aktywnie pobudza wzrost w\u0142os\u00f3w. Reguluje wydzielanie sebum, regeneruje such\u0105 sk\u00f3r\u0119, a do tego jest naturalnym antyoksydantem.<br \/>\n\u015amia\u0142o mo\u017cesz u\u017cywa\u0107 wcierki rano po umyciu w\u0142os\u00f3w &#8211; jest bardzo lekka i nie obci\u0105\u017ca w\u0142os\u00f3w. Wr\u0119cz przeciwnie \u2013 odbija je od nasady.<\/p>\n<\/div>\n<div id=\"product-desc-0\" class=\"tab-pane product-cms-content fade show active\" role=\"tabpanel\">\n<p>Hello New One to zaawansowana wcierka, kt\u00f3ra intensywnie pobudza cebulki w\u0142os\u00f3w do wzrostu. Stosowana regularnie wzmacnia w\u0142osy od nasady i ogranicza ich wypadanie, a przede wszystkim \u2013 przyspiesza ich porost, sprawia, \u017ce s\u0105 grubsze i zwi\u0119ksza ich g\u0119sto\u015b\u0107.<\/p>\n<p><strong>Pobudzaj\u0105ca kawa z nawadniaj\u0105cym ksylitolem\u00a0<\/strong><\/p>\n<p>Kofeina pobudza mikrokr\u0105\u017cenie krwi w sk\u00f3rze g\u0142owy, dotleniaj\u0105c kom\u00f3rki i aktywnie pobudzaj\u0105c porost w\u0142os\u00f3w. Dzia\u0142a te\u017c antyoksydacyjnie, chroni\u0105c sk\u00f3r\u0119 przed stresem oksydacyjnym. Dodatkowo poprawia wygl\u0105d sk\u00f3ry g\u0142owy. Zawarte we wcierce ksylitol i laktitol pomagaj\u0105 przywr\u00f3ci\u0107 r\u00f3wnowag\u0119 mikrobiomu sk\u00f3ry oraz skutecznie i d\u0142ugotrwale nawil\u017caj\u0105. Ponadto reguluj\u0105 procesy z\u0142uszczania nask\u00f3rka i wzmacniaj\u0105 naturaln\u0105 barier\u0119 ochronn\u0105. Zapobiegaj\u0105 te\u017c przesuszaniu sk\u00f3ry, sw\u0119dzeniu i podra\u017cnieniom, a tak\u017ce powstawaniu \u0142upie\u017cu.<\/p>\n<p><strong>Kom\u00f3rki macierzyste z bzu i HairGrow Mix\u00a0<\/strong><\/p>\n<p>Kom\u00f3rki macierzyste z bzu przywracaj\u0105 w\u0142osom naturalny po\u0142ysk. Ponadto dodaj\u0105 im energii i dzia\u0142aj\u0105 antyoksydacyjnie nawet po ekspozycji na szkodliwe promieniowanie UVB. Badania wykaza\u0142y, \u017ce stosuj\u0105c kom\u00f3rki macierzyste z bzu w st\u0119\u017ceniu 0,5% ju\u017c po 28 dniach 90% probant\u00f3w zauwa\u017cy\u0142o, \u017ce w\u0142osy s\u0105 bardziej b\u0142yszcz\u0105ce, a 80% \u2013 \u017ce s\u0105 mniej zniszczone.<\/p>\n<p>Autorska kompozycja ro\u015blinnych ekstrakt\u00f3w HairGrow Mix (ekstrakty z: owoc\u00f3w amli, alg Nori, jag\u00f3d goji i neroli) wzmacnia w\u0142osy, stymuluje ich wzrost i dodaje im blasku. Regeneruje, uelastycznia i przywraca witalno\u015b\u0107, wspiera porost w\u0142os\u00f3w i zapobiega ich utracie, a ponadto od\u015bwie\u017ca, nawil\u017ca i koi.<\/p>\n<p><strong>Skuteczno\u015b\u0107 widoczna w badaniach\u00a0\u00a0<\/strong><\/p>\n<p>Poddali\u015bmy wcierk\u0119 wnikliwym badaniom. Po 6 tygodniach stosowania, testerki potwierdzaj\u0105 skuteczno\u015b\u0107 Hello New One!<\/p>\n<ul>\n<li>100% m\u00f3wi, \u017ce wcierka nawil\u017ca sk\u00f3r\u0119 g\u0142owy.<\/li>\n<li>95% potwierdza, \u017ce wcierka ogranicza nadmierne wypadanie w\u0142os\u00f3w.<\/li>\n<li>95% dostrzega, \u017ce wcierka przy\u015bpiesza porost w\u0142os\u00f3w.<\/li>\n<li>85% uwa\u017ca, \u017ce po aplikacji wcierki, w\u0142osy rosn\u0105 mocniejsze i grubsze.<\/li>\n<li>59% zauwa\u017cy\u0142o pierwsze efekty ju\u017c po 2 tygodniach stosowania.<\/li>\n<\/ul>\n<\/div>\n<p>Method of application:<\/p>\n<div id=\"product-desc-2\" class=\"tab-pane product-cms-content fade show active\" role=\"tabpanel\">\n<p>Wstrz\u0105\u015bnij przed u\u017cyciem. Wetrzyj r\u00f3wnomiernie w sk\u00f3r\u0119 g\u0142owy. Aplikuj na noc lub po umyciu w\u0142os\u00f3w \u2013 wcierka uniesie je od nasady i nie obci\u0105\u017cy. Dla najlepszych efekt\u00f3w u\u017cywaj codziennie. Produkt naturalny \u2013 mo\u017ce wyst\u0105pi\u0107 naturalny osad, kt\u00f3ry nie stanowi wady produktu.<\/p>\n<p>TIP: Mo\u017cesz te\u017c spryska\u0107 d\u0142onie wcierk\u0105 i wetrze\u0107 j\u0105 w sk\u00f3r\u0119 g\u0142owy. Spr\u00f3buj wykona\u0107 delikatny masa\u017c \u2013 substancje aktywne szybciej wch\u0142on\u0105 si\u0119 w cebulki w\u0142os\u00f3w.<\/p>\n<\/div>\n<div id=\"product-desc-0\" class=\"tab-pane product-cms-content fade show active\" role=\"tabpanel\">\n<p>&nbsp;<\/p>\n<\/div>\n<\/div>\n<\/div>\n<\/div>","protected":false},"excerpt":{"rendered":"<div class=\"product-extra-desc__block px-lg-4 px-xl-6              col-12 col-md-6\"><\/p>\n<div class=\"product-extra-desc__text-content\">\n<h1 class=\"h1 line-height-md mb-lg-5 mb-4\"><span class=\"d-block font-weight-bold\"> Hello New One! <\/span> <span class=\"d-block h3 mb-0\"> wcierka pobudzaj\u0105ca porost w\u0142os\u00f3w <\/span><\/h1>\n<div class=\"product-natural-feature mb-lg-5 mb-2\"><span class=\"product-natural-feature__label\"> Procent naturalno\u015bci: <\/span> <span class=\"product-natural-feature__value\"> 98,6% <\/span><\/div>\n<div class=\"product-information d-flex flex-column\">\n<div id=\"product-description-short-263\" class=\"product-description-short text-left line-height-xl\" data-list-name=\"Strona produktu - rekomendacja\">\n<p>Przywitaj burz\u0119 nowych w\u0142os\u00f3w! Wcierka przy\u015bpiesza ich porost, wzmacnia je od nasady i ogranicza ich wypadanie. Za widoczne efekty odpowiadaj\u0105 bajkalina i kofeina, kt\u00f3ra dodatkowo stymuluje mikrokr\u0105\u017cenie i zmniejsza wydzielanie sebum. Kom\u00f3rki macierzyste z bzu przywracaj\u0105 w\u0142osom blask i koj\u0105 sk\u00f3r\u0119 g\u0142owy. Szybko zauwa\u017cysz pierwsze efekty \u2013 Twoje w\u0142osy b\u0119d\u0105 mocniejsze i grubsze!<\/p>\n<\/div>\n<\/div>\n<h3><\/h3>\n<h3 class=\"h2 font-weight-bold mb-0\">Skuteczno\u015b\u0107\u00a0 potwierdzona badaniami !<\/h3>\n<p>Poddali\u015bmy wcierk\u0119 wnikliwym badaniom. Po 6 tygodniach regularnego stosowania, testerki potwierdzaj\u0105 skuteczno\u015b\u0107 Hello New One!<\/p>\n<ul>\n<li><strong>100%<\/strong> m\u00f3wi, \u017ce wcierka <strong>moisturizes the skin<\/strong> sk\u00f3r\u0119 g\u0142owy.<\/li>\n<li><strong>95%<\/strong> potwierdza, \u017ce wcierka <strong>ogranicza nadmierne wypadanie<\/strong> hair.<\/li>\n<li><strong>95%<\/strong> dostrzega, \u017ce wcierka<strong> przy\u015bpiesza porost<\/strong> hair.<\/li>\n<li><strong>85%<\/strong> uwa\u017ca, \u017ce po aplikacji wcierki, w\u0142osy <strong>rosn\u0105 mocniejsze i grubsze.<\/strong><\/li>\n<\/ul>\n<p>Wcierka jest przeznaczona do piel\u0119gnacji ka\u017cdego rodzaju sk\u00f3ry g\u0142owy. W szczeg\u00f3lno\u015bci powinny po ni\u0105 si\u0119gn\u0105\u0107 osoby, kt\u00f3rych w\u0142osy wypadaj\u0105, s\u0105 s\u0142abe, \u0142amliwe, pozbawione blasku, a sk\u00f3ra g\u0142owy \u2013 sucha i zniszczona. Bez obaw mog\u0105 j\u0105 stosowa\u0107 r\u00f3wnie\u017c osoby, kt\u00f3re maj\u0105 sk\u00f3r\u0119 i w\u0142osy w dobrej kondycji, ale chc\u0105 je jeszcze mocniej wzmocni\u0107, zag\u0119\u015bci\u0107 i sprawi\u0107, \u017ce b\u0119d\u0105 ros\u0142y szybciej.<\/p>\n<\/div>\n<\/div>","protected":false},"featured_media":4562,"template":"","meta":{"ocean_post_layout":"","ocean_both_sidebars_style":"","ocean_both_sidebars_content_width":0,"ocean_both_sidebars_sidebars_width":0,"ocean_sidebar":"0","ocean_second_sidebar":"0","ocean_disable_margins":"enable","ocean_add_body_class":"","ocean_shortcode_before_top_bar":"","ocean_shortcode_after_top_bar":"","ocean_shortcode_before_header":"","ocean_shortcode_after_header":"","ocean_has_shortcode":"","ocean_shortcode_after_title":"","ocean_shortcode_before_footer_widgets":"","ocean_shortcode_after_footer_widgets":"","ocean_shortcode_before_footer_bottom":"","ocean_shortcode_after_footer_bottom":"","ocean_display_top_bar":"default","ocean_display_header":"default","ocean_header_style":"","ocean_center_header_left_menu":"0","ocean_custom_header_template":"0","ocean_custom_logo":0,"ocean_custom_retina_logo":0,"ocean_custom_logo_max_width":0,"ocean_custom_logo_tablet_max_width":0,"ocean_custom_logo_mobile_max_width":0,"ocean_custom_logo_max_height":0,"ocean_custom_logo_tablet_max_height":0,"ocean_custom_logo_mobile_max_height":0,"ocean_header_custom_menu":"0","ocean_menu_typo_font_family":"0","ocean_menu_typo_font_subset":"","ocean_menu_typo_font_size":0,"ocean_menu_typo_font_size_tablet":0,"ocean_menu_typo_font_size_mobile":0,"ocean_menu_typo_font_size_unit":"px","ocean_menu_typo_font_weight":"","ocean_menu_typo_font_weight_tablet":"","ocean_menu_typo_font_weight_mobile":"","ocean_menu_typo_transform":"","ocean_menu_typo_transform_tablet":"","ocean_menu_typo_transform_mobile":"","ocean_menu_typo_line_height":0,"ocean_menu_typo_line_height_tablet":0,"ocean_menu_typo_line_height_mobile":0,"ocean_menu_typo_line_height_unit":"","ocean_menu_typo_spacing":0,"ocean_menu_typo_spacing_tablet":0,"ocean_menu_typo_spacing_mobile":0,"ocean_menu_typo_spacing_unit":"","ocean_menu_link_color":"","ocean_menu_link_color_hover":"","ocean_menu_link_color_active":"","ocean_menu_link_background":"","ocean_menu_link_hover_background":"","ocean_menu_link_active_background":"","ocean_menu_social_links_bg":"","ocean_menu_social_hover_links_bg":"","ocean_menu_social_links_color":"","ocean_menu_social_hover_links_color":"","ocean_disable_title":"default","ocean_disable_heading":"default","ocean_post_title":"","ocean_post_subheading":"","ocean_post_title_style":"","ocean_post_title_background_color":"","ocean_post_title_background":0,"ocean_post_title_bg_image_position":"","ocean_post_title_bg_image_attachment":"","ocean_post_title_bg_image_repeat":"","ocean_post_title_bg_image_size":"","ocean_post_title_height":0,"ocean_post_title_bg_overlay":0.5,"ocean_post_title_bg_overlay_color":"","ocean_disable_breadcrumbs":"default","ocean_breadcrumbs_color":"","ocean_breadcrumbs_separator_color":"","ocean_breadcrumbs_links_color":"","ocean_breadcrumbs_links_hover_color":"","ocean_display_footer_widgets":"default","ocean_display_footer_bottom":"default","ocean_custom_footer_template":"0"},"product_brand":[],"product_cat":[44],"product_tag":[],"class_list":{"0":"post-4561","1":"product","2":"type-product","3":"status-publish","4":"has-post-thumbnail","6":"product_cat-wcierki-i-olejki","8":"entry","9":"has-media","11":"first","12":"outofstock","13":"shipping-taxable","14":"purchasable","15":"product-type-simple","16":"has-product-nav","17":"col","18":"span_1_of_3","19":"owp-content-left","20":"owp-thumbs-layout-horizontal","21":"owp-btn-normal","22":"owp-tabs-layout-horizontal"},"_links":{"self":[{"href":"https:\/\/ecocorner.eu\/en\/wp-json\/wp\/v2\/product\/4561","targetHints":{"allow":["GET"]}}],"collection":[{"href":"https:\/\/ecocorner.eu\/en\/wp-json\/wp\/v2\/product"}],"about":[{"href":"https:\/\/ecocorner.eu\/en\/wp-json\/wp\/v2\/types\/product"}],"version-history":[{"count":1,"href":"https:\/\/ecocorner.eu\/en\/wp-json\/wp\/v2\/product\/4561\/revisions"}],"predecessor-version":[{"id":4564,"href":"https:\/\/ecocorner.eu\/en\/wp-json\/wp\/v2\/product\/4561\/revisions\/4564"}],"wp:featuredmedia":[{"embeddable":true,"href":"https:\/\/ecocorner.eu\/en\/wp-json\/wp\/v2\/media\/4562"}],"wp:attachment":[{"href":"https:\/\/ecocorner.eu\/en\/wp-json\/wp\/v2\/media?parent=4561"}],"wp:term":[{"taxonomy":"product_brand","embeddable":true,"href":"https:\/\/ecocorner.eu\/en\/wp-json\/wp\/v2\/product_brand?post=4561"},{"taxonomy":"product_cat","embeddable":true,"href":"https:\/\/ecocorner.eu\/en\/wp-json\/wp\/v2\/product_cat?post=4561"},{"taxonomy":"product_tag","embeddable":true,"href":"https:\/\/ecocorner.eu\/en\/wp-json\/wp\/v2\/product_tag?post=4561"}],"curies":[{"name":"wp","href":"https:\/\/api.w.org\/{rel}","templated":true}]}}