{"id":4569,"date":"2023-12-01T12:30:45","date_gmt":"2023-12-01T12:30:45","guid":{"rendered":"https:\/\/ecocorner.eu\/?post_type=product&#038;p=4569"},"modified":"2026-04-08T12:43:07","modified_gmt":"2026-04-08T12:43:07","slug":"resibo-shine-club-odzywka-wygladzajaca-250-ml","status":"publish","type":"product","link":"https:\/\/ecocorner.eu\/en\/product\/resibo-shine-club-odzywka-wygladzajaca-250-ml\/","title":{"rendered":"RESIBO  Shine Club  Od\u017cywka wyg\u0142adzaj\u0105ca  250 ml"},"content":{"rendered":"<p>Shine Club to naturalna od\u017cywka dla ka\u017cdego. Jej sk\u0142adniki zosta\u0142y dobrane z my\u015bl\u0105 o ka\u017cdego rodzaju sk\u00f3rze g\u0142owy i niezale\u017cnie od stopnia porowato\u015bci w\u0142os\u00f3w. Zwr\u00f3\u0107 na ni\u0105 uwag\u0119, je\u015bli masz problemy z ujarzmieniem swoich pukli lub chcesz doda\u0107 im blasku. Na pewno Ci\u0119 nie zawiedzie.<\/p>\n<p>Method of application :<\/p>\n<p>Na\u0142o\u0301z\u0307 r\u00f3wnomiernie na \u015bwie\u017co umyte i wilgotne w\u0142osy. Nanie\u015b od 2\/3 d\u0142ugo\u015bci dla wi\u0119kszej obj\u0119to\u015bci w\u0142os\u00f3w. Wczesz od\u017cywk\u0119 grzebieniem \u2013 w ten spos\u00f3b rozprowadzisz j\u0105 r\u00f3wnomiernie i uzyskasz najlepszy efekt. Na koniec dok\u0142adnie sp\u0142ucz letni\u0105 wod\u0105.<\/p>\n<p>Pro Component:<\/p>\n<div id=\"product-desc-3\" class=\"tab-pane product-cms-content fade show active\" role=\"tabpanel\">\n<p>Tripelargonin<\/p>\n<p>Innowacyjny emolient, pozyskiwany z nasion ostropestu plamistego, zapewnia w\u0142osom jedwabiste wyko\u0144czenie. Lekki, dobrze si\u0119 wch\u0142ania, nie pozostawia t\u0142ustego filmu, nie obci\u0105\u017ca w\u0142os\u00f3w. Dodaje im blasku, wyg\u0142adza i u\u0142atwia rozczesywanie. I robi to lepiej ni\u017c syntetyczne silikony!<\/p>\n<p>Composition:<\/p>\n<p>Aqua, Cetearyl Alcohol*, Caprylic\/Capric Triglyceride*, Brassicamidopropyl Dimethylamine, Triperalgonin, Glycerin, Butyrospermum Parkii Butter, Mangifera Indica Seed Butter, Prunus Amygdalus Dulcis Oil, Persea Gratissima Oil, Helianthus Annuus Seed Oil*, Citrus Aurantium Amara Flower Extract, Lycium Barbarum Fruit Extract, Porphyra Umbilicalis Extract, Phyllanthus Emblica Fruit Extract, Tocopherol*, Glucose*, Caesalpinia Spinosa Gum, Sorbic Acid, Ascorbic Acid, Cetrimonium Chloride, Lactic Acid, Cetearyl Glucoside*, Sodium Benzoate, Hydroxyethylcellulose, Sodium Phytate*, Citric Acid, Disodium Phosphate, Sodium Phosphate, Potassium Sorbate, Parfum, Citronellol, Geraniol, Hexyl Cinnamal, Limonene, Linalool<br \/>\n* natural certified ingredients<\/p>\n<\/div>","protected":false},"excerpt":{"rendered":"<div id=\"product-desc-0\" class=\"tab-pane product-cms-content fade show active\" role=\"tabpanel\">\n<p>Shine Club od\u017cywka wyg\u0142adzaj\u0105ca to naturalny kosmetyk dla wszystkich tych, kt\u00f3rych w\u0142osy \u017cyj\u0105 w\u0142asnym \u017cyciem. Ujarzmi pukle, u\u0142o\u017cy pasma, pomo\u017ce je rozczesa\u0107 bez stresu, b\u00f3lu i rwania w\u0142os\u00f3w z g\u0142owy. Do tego jeszcze nawil\u017cy, od\u017cywi, wyg\u0142adzi i odbuduje.<\/p>\n<p><strong> Awokado z migda\u0142ami dla od\u017cywienia i wzrostu\u00a0<\/strong><\/p>\n<p>Olej awokado, w\u015br\u00f3d swoich s\u0142ynnych siedmiu witamin, zawiera tak\u017ce biotyn\u0119, czyli witamin\u0119 B7. Dzi\u0119ki temu stymuluje wzrost w\u0142os\u00f3w, zwi\u0119ksza ich grubo\u015b\u0107 i wzmacnia je. Chroni, uszczelnia \u0142uski w\u0142os\u00f3w, uelastycznia i zapobiega \u0142amaniu. Olej ze s\u0142odkich migda\u0142\u00f3w zawiera nienasycone kwasy t\u0142uszczowe z grupy omega-3, omega-6 oraz omega-9, witaminy A, E, D i z grupy B, a tak\u017ce minera\u0142y. Jego moc sprawia, \u017ce olej g\u0142\u0119boko od\u017cywia w\u0142osy, a tak\u017ce chroni je, zapobiegaj\u0105c przesuszaniu i nadmiernemu puszeniu si\u0119. \u015awietnie te\u017c zabezpiecza ko\u0144c\u00f3wki przed rozdwajaniem si\u0119.<\/p>\n<p><strong> Ochrona mieszk\u00f3w w\u0142osowych \u00a0<\/strong><\/p>\n<p>Shine Club, podobnie jak wi\u0119kszo\u015b\u0107 naszych kosmetyk\u00f3w do w\u0142os\u00f3w, zawiera stworzon\u0105 specjalnie dla tej linii kompozycj\u0119 HairGrow Mix. Jednym z jej sk\u0142adnik\u00f3w jest ekstrakt z owoc\u00f3w amli, kt\u00f3ry chroni mieszki w\u0142osowe przed miniaturyzacj\u0105 i os\u0142abieniem. Ale to nie wszystko! Dodaje te\u017c w\u0142osom blasku, zapobiega przet\u0142uszczaniu si\u0119, \u0142agodzi podra\u017cnienia. Do tego od\u017cywia sk\u00f3r\u0119 g\u0142owy i w\u0142osy oraz dzia\u0142a energetyzuj\u0105co. Ma te\u017c w\u0142a\u015bciwo\u015bci antyoksydacyjne.<\/p>\n<p><strong> L\u015bnij jak diament! \u00a0<\/strong><\/p>\n<p>Sk\u0142adniki od\u017cywki zosta\u0142y dobrane tak, aby zapewni\u0107 w\u0142osom kompleksow\u0105 piel\u0119gnacj\u0119. Wi\u0119kszo\u015b\u0107 z nich, w tym pro-sk\u0142adnik tripelargonin, maj\u0105 istotny wp\u0142yw na wyg\u0142adzenie i uelastycznienie \u0142uski w\u0142osa, dzi\u0119ki czemu Twoje w\u0142osy l\u015bni\u0105 pi\u0119knym, zdrowym blaskiem.<\/p>\n<\/div>","protected":false},"featured_media":4570,"template":"","meta":{"ocean_post_layout":"","ocean_both_sidebars_style":"","ocean_both_sidebars_content_width":0,"ocean_both_sidebars_sidebars_width":0,"ocean_sidebar":"0","ocean_second_sidebar":"0","ocean_disable_margins":"enable","ocean_add_body_class":"","ocean_shortcode_before_top_bar":"","ocean_shortcode_after_top_bar":"","ocean_shortcode_before_header":"","ocean_shortcode_after_header":"","ocean_has_shortcode":"","ocean_shortcode_after_title":"","ocean_shortcode_before_footer_widgets":"","ocean_shortcode_after_footer_widgets":"","ocean_shortcode_before_footer_bottom":"","ocean_shortcode_after_footer_bottom":"","ocean_display_top_bar":"default","ocean_display_header":"default","ocean_header_style":"","ocean_center_header_left_menu":"0","ocean_custom_header_template":"0","ocean_custom_logo":0,"ocean_custom_retina_logo":0,"ocean_custom_logo_max_width":0,"ocean_custom_logo_tablet_max_width":0,"ocean_custom_logo_mobile_max_width":0,"ocean_custom_logo_max_height":0,"ocean_custom_logo_tablet_max_height":0,"ocean_custom_logo_mobile_max_height":0,"ocean_header_custom_menu":"0","ocean_menu_typo_font_family":"0","ocean_menu_typo_font_subset":"","ocean_menu_typo_font_size":0,"ocean_menu_typo_font_size_tablet":0,"ocean_menu_typo_font_size_mobile":0,"ocean_menu_typo_font_size_unit":"px","ocean_menu_typo_font_weight":"","ocean_menu_typo_font_weight_tablet":"","ocean_menu_typo_font_weight_mobile":"","ocean_menu_typo_transform":"","ocean_menu_typo_transform_tablet":"","ocean_menu_typo_transform_mobile":"","ocean_menu_typo_line_height":0,"ocean_menu_typo_line_height_tablet":0,"ocean_menu_typo_line_height_mobile":0,"ocean_menu_typo_line_height_unit":"","ocean_menu_typo_spacing":0,"ocean_menu_typo_spacing_tablet":0,"ocean_menu_typo_spacing_mobile":0,"ocean_menu_typo_spacing_unit":"","ocean_menu_link_color":"","ocean_menu_link_color_hover":"","ocean_menu_link_color_active":"","ocean_menu_link_background":"","ocean_menu_link_hover_background":"","ocean_menu_link_active_background":"","ocean_menu_social_links_bg":"","ocean_menu_social_hover_links_bg":"","ocean_menu_social_links_color":"","ocean_menu_social_hover_links_color":"","ocean_disable_title":"default","ocean_disable_heading":"default","ocean_post_title":"","ocean_post_subheading":"","ocean_post_title_style":"","ocean_post_title_background_color":"","ocean_post_title_background":0,"ocean_post_title_bg_image_position":"","ocean_post_title_bg_image_attachment":"","ocean_post_title_bg_image_repeat":"","ocean_post_title_bg_image_size":"","ocean_post_title_height":0,"ocean_post_title_bg_overlay":0.5,"ocean_post_title_bg_overlay_color":"","ocean_disable_breadcrumbs":"default","ocean_breadcrumbs_color":"","ocean_breadcrumbs_separator_color":"","ocean_breadcrumbs_links_color":"","ocean_breadcrumbs_links_hover_color":"","ocean_display_footer_widgets":"default","ocean_display_footer_bottom":"default","ocean_custom_footer_template":"0"},"product_brand":[],"product_cat":[41],"product_tag":[],"class_list":{"0":"post-4569","1":"product","2":"type-product","3":"status-publish","4":"has-post-thumbnail","6":"product_cat-odzywki-i-maski-do-wlosow","8":"entry","9":"has-media","11":"first","12":"instock","13":"shipping-taxable","14":"purchasable","15":"product-type-simple","16":"has-product-nav","17":"col","18":"span_1_of_3","19":"owp-content-left","20":"owp-thumbs-layout-horizontal","21":"owp-btn-normal","22":"owp-tabs-layout-horizontal","23":"has-no-thumbnails"},"_links":{"self":[{"href":"https:\/\/ecocorner.eu\/en\/wp-json\/wp\/v2\/product\/4569","targetHints":{"allow":["GET"]}}],"collection":[{"href":"https:\/\/ecocorner.eu\/en\/wp-json\/wp\/v2\/product"}],"about":[{"href":"https:\/\/ecocorner.eu\/en\/wp-json\/wp\/v2\/types\/product"}],"version-history":[{"count":1,"href":"https:\/\/ecocorner.eu\/en\/wp-json\/wp\/v2\/product\/4569\/revisions"}],"predecessor-version":[{"id":4571,"href":"https:\/\/ecocorner.eu\/en\/wp-json\/wp\/v2\/product\/4569\/revisions\/4571"}],"wp:featuredmedia":[{"embeddable":true,"href":"https:\/\/ecocorner.eu\/en\/wp-json\/wp\/v2\/media\/4570"}],"wp:attachment":[{"href":"https:\/\/ecocorner.eu\/en\/wp-json\/wp\/v2\/media?parent=4569"}],"wp:term":[{"taxonomy":"product_brand","embeddable":true,"href":"https:\/\/ecocorner.eu\/en\/wp-json\/wp\/v2\/product_brand?post=4569"},{"taxonomy":"product_cat","embeddable":true,"href":"https:\/\/ecocorner.eu\/en\/wp-json\/wp\/v2\/product_cat?post=4569"},{"taxonomy":"product_tag","embeddable":true,"href":"https:\/\/ecocorner.eu\/en\/wp-json\/wp\/v2\/product_tag?post=4569"}],"curies":[{"name":"wp","href":"https:\/\/api.w.org\/{rel}","templated":true}]}}