{"id":4577,"date":"2023-12-02T14:58:27","date_gmt":"2023-12-02T14:58:27","guid":{"rendered":"https:\/\/ecocorner.eu\/?post_type=product&#038;p=4577"},"modified":"2026-02-24T18:28:10","modified_gmt":"2026-02-24T18:28:10","slug":"myvita-laktoferyna-kids-krople-dla-dzieci-8ml","status":"publish","type":"product","link":"https:\/\/ecocorner.eu\/en\/product\/myvita-laktoferyna-kids-krople-dla-dzieci-8ml\/","title":{"rendered":"MyVita  Laktoferyna  Kids Krople dla dzieci  8ml"},"content":{"rendered":"<p><strong>Ingredients<\/strong><br \/>\nGlicerol ro\u015blinny, woda, laktoferyna z mleka krowiego.<\/p>\n<p>A daily serving contains:<br \/>\nDzieci od 6 m-cy do 12 lat: 100mg &#8211; 10 kropli<br \/>\nDzieci od 12 lat i doro\u015bli: 200mg -20 kropli<\/p>\n<p><strong>METHOD OF APPLICATION<\/strong><br \/>\nPodawa\u0107 bezpo\u015brednio do ust lub rozcie\u0144czy\u0107 w letnim mleku, wodzie lub soku. Laktoferyna ulega denaturacji w wysokiej temperaturze, dlatego nie nale\u017cy dodawa\u0107 kropli do gor\u0105cych p\u0142yn\u00f3w.<\/p>\n<p><strong>note<\/strong><br \/>\nProdukt przeznaczony dla dzieci od 6-tego miesi\u0105ca \u017cycia.<br \/>\nNie nale\u017cy przekracza\u0107 zalecanej dziennej porcji do spo\u017cycia. Suplementy diety nie mog\u0105 by\u0107 stosowane jako substytut (zamiennik) zr\u00f3\u017cnicowanej diety. Stosowanie przez kobiety w ci\u0105\u017cy, karmi\u0105ce i dzieci, po konsultacji z lekarzem. Dla utrzymania prawid\u0142owego stanu zdrowia nale\u017cy stosowa\u0107 zr\u00f3\u017cnicowan\u0105 diet\u0119 i prowadzi\u0107 zdrowy styl \u017cycia.<\/p>","protected":false},"excerpt":{"rendered":"<p>MyVita Laktoferyna KIDS krople dla dzieci 8ml BLF 95% &#8211; suplement diety<\/p>\n<p>10 kropli = 100 mg laktoferyny<\/p>\n<p>FREE OF ARTIFICIAL ADDITIVES AND FILLERS<\/p>\n<p>Produkt zawiera laktoferyn\u0119 w najczystszej postaci, w najwy\u017cszej aktywnej formie biologicznej tzw. formie natywnej (BLF 95%). Zaawansowany proces wytwarzania pozwala na uzyskanie surowca o warto\u015bciach od\u017cywczych maksymalnie zbli\u017conych do mleka ludzkiego.<\/p>\n<p>\u2022\u00a0nie wymaga wstrz\u0105sania przed u\u017cyciem<br \/>\n\u2022\u00a0posiada pompk\u0119 u\u0142atwiaj\u0105ca dok\u0142adne dozowanie kropli bezpo\u015brednio do ust, lub na \u0142y\u017ceczk\u0119<br \/>\n* the product does not need to be stored in the refrigerator.<\/p>\n<p>Laktoferyna\u00a0 posiada potwierdzon\u0105 skuteczno\u015b\u0107:<br \/>\n\u2022\u00a0ma zdolno\u015b\u0107 do wi\u0105zania jon\u00f3w \u017celaza, dzi\u0119ki czemu mo\u017ce przyczynia\u0107 si\u0119 do\u00a0 efektywnego modulowania odporno\u015bci wrodzonej i nabytej do ochrony przed wirusami oraz bakteriami<br \/>\n\u2022\u00a0pozytywny wp\u0142yw na regeneracj\u0119 nab\u0142onka jelit i wspieraj\u0105c proces namna\u017cania kom\u00f3rek, mo\u017ce niwelowa\u0107 dolegliwo\u015bci zwi\u0105zane z nietolerancjami pokarmowymi<br \/>\n\u2022\u00a0hamuje namna\u017canie bakterii, dzi\u0119ki czemu pozwala na utrzymanie zdrowych i mocnych z\u0119b\u00f3w<\/p>\n<p>Laktoferyna to biologicznie aktywne bia\u0142ko naturalnie wyst\u0119puj\u0105ce w organizmie, kt\u00f3rego najwi\u0119ksze st\u0119\u017cenie wyst\u0119puje w siarze i mleku ssak\u00f3w, stanowi\u0105ce g\u0142\u00f3wny element chroni\u0105cy noworodka przed szkodliwymi czynnikami zewn\u0119trznymi.<br \/>\nLaktoferyna stanowi wa\u017cny sk\u0142adnik warunkuj\u0105cy skuteczn\u0105 obron\u0119 organizmu przed patogenami wskazany dla os\u00f3b w ka\u017cdej grupie wiekowej.<br \/>\nLaktoferyna krowia wykazuje maksymalne podobie\u0144stwo do mleka ludzkiego i stanowi jej najlepszy dost\u0119pny zamiennik.<\/p>","protected":false},"featured_media":4578,"template":"","meta":{"ocean_post_layout":"","ocean_both_sidebars_style":"","ocean_both_sidebars_content_width":0,"ocean_both_sidebars_sidebars_width":0,"ocean_sidebar":"0","ocean_second_sidebar":"0","ocean_disable_margins":"enable","ocean_add_body_class":"","ocean_shortcode_before_top_bar":"","ocean_shortcode_after_top_bar":"","ocean_shortcode_before_header":"","ocean_shortcode_after_header":"","ocean_has_shortcode":"","ocean_shortcode_after_title":"","ocean_shortcode_before_footer_widgets":"","ocean_shortcode_after_footer_widgets":"","ocean_shortcode_before_footer_bottom":"","ocean_shortcode_after_footer_bottom":"","ocean_display_top_bar":"default","ocean_display_header":"default","ocean_header_style":"","ocean_center_header_left_menu":"0","ocean_custom_header_template":"0","ocean_custom_logo":0,"ocean_custom_retina_logo":0,"ocean_custom_logo_max_width":0,"ocean_custom_logo_tablet_max_width":0,"ocean_custom_logo_mobile_max_width":0,"ocean_custom_logo_max_height":0,"ocean_custom_logo_tablet_max_height":0,"ocean_custom_logo_mobile_max_height":0,"ocean_header_custom_menu":"0","ocean_menu_typo_font_family":"0","ocean_menu_typo_font_subset":"","ocean_menu_typo_font_size":0,"ocean_menu_typo_font_size_tablet":0,"ocean_menu_typo_font_size_mobile":0,"ocean_menu_typo_font_size_unit":"px","ocean_menu_typo_font_weight":"","ocean_menu_typo_font_weight_tablet":"","ocean_menu_typo_font_weight_mobile":"","ocean_menu_typo_transform":"","ocean_menu_typo_transform_tablet":"","ocean_menu_typo_transform_mobile":"","ocean_menu_typo_line_height":0,"ocean_menu_typo_line_height_tablet":0,"ocean_menu_typo_line_height_mobile":0,"ocean_menu_typo_line_height_unit":"","ocean_menu_typo_spacing":0,"ocean_menu_typo_spacing_tablet":0,"ocean_menu_typo_spacing_mobile":0,"ocean_menu_typo_spacing_unit":"","ocean_menu_link_color":"","ocean_menu_link_color_hover":"","ocean_menu_link_color_active":"","ocean_menu_link_background":"","ocean_menu_link_hover_background":"","ocean_menu_link_active_background":"","ocean_menu_social_links_bg":"","ocean_menu_social_hover_links_bg":"","ocean_menu_social_links_color":"","ocean_menu_social_hover_links_color":"","ocean_disable_title":"default","ocean_disable_heading":"default","ocean_post_title":"","ocean_post_subheading":"","ocean_post_title_style":"","ocean_post_title_background_color":"","ocean_post_title_background":0,"ocean_post_title_bg_image_position":"","ocean_post_title_bg_image_attachment":"","ocean_post_title_bg_image_repeat":"","ocean_post_title_bg_image_size":"","ocean_post_title_height":0,"ocean_post_title_bg_overlay":0.5,"ocean_post_title_bg_overlay_color":"","ocean_disable_breadcrumbs":"default","ocean_breadcrumbs_color":"","ocean_breadcrumbs_separator_color":"","ocean_breadcrumbs_links_color":"","ocean_breadcrumbs_links_hover_color":"","ocean_display_footer_widgets":"default","ocean_display_footer_bottom":"default","ocean_custom_footer_template":"0"},"product_brand":[],"product_cat":[22,20],"product_tag":[],"class_list":{"0":"post-4577","1":"product","2":"type-product","3":"status-publish","4":"has-post-thumbnail","6":"product_cat-suplementy-i-witaminy","7":"product_cat-dzieci","9":"entry","10":"has-media","12":"first","13":"instock","14":"shipping-taxable","15":"purchasable","16":"product-type-simple","17":"has-product-nav","18":"col","19":"span_1_of_3","20":"owp-content-left","21":"owp-thumbs-layout-horizontal","22":"owp-btn-normal","23":"owp-tabs-layout-horizontal","24":"has-no-thumbnails"},"_links":{"self":[{"href":"https:\/\/ecocorner.eu\/en\/wp-json\/wp\/v2\/product\/4577","targetHints":{"allow":["GET"]}}],"collection":[{"href":"https:\/\/ecocorner.eu\/en\/wp-json\/wp\/v2\/product"}],"about":[{"href":"https:\/\/ecocorner.eu\/en\/wp-json\/wp\/v2\/types\/product"}],"version-history":[{"count":1,"href":"https:\/\/ecocorner.eu\/en\/wp-json\/wp\/v2\/product\/4577\/revisions"}],"predecessor-version":[{"id":4579,"href":"https:\/\/ecocorner.eu\/en\/wp-json\/wp\/v2\/product\/4577\/revisions\/4579"}],"wp:featuredmedia":[{"embeddable":true,"href":"https:\/\/ecocorner.eu\/en\/wp-json\/wp\/v2\/media\/4578"}],"wp:attachment":[{"href":"https:\/\/ecocorner.eu\/en\/wp-json\/wp\/v2\/media?parent=4577"}],"wp:term":[{"taxonomy":"product_brand","embeddable":true,"href":"https:\/\/ecocorner.eu\/en\/wp-json\/wp\/v2\/product_brand?post=4577"},{"taxonomy":"product_cat","embeddable":true,"href":"https:\/\/ecocorner.eu\/en\/wp-json\/wp\/v2\/product_cat?post=4577"},{"taxonomy":"product_tag","embeddable":true,"href":"https:\/\/ecocorner.eu\/en\/wp-json\/wp\/v2\/product_tag?post=4577"}],"curies":[{"name":"wp","href":"https:\/\/api.w.org\/{rel}","templated":true}]}}