{"id":4586,"date":"2023-12-02T15:17:56","date_gmt":"2023-12-02T15:17:56","guid":{"rendered":"https:\/\/ecocorner.eu\/?post_type=product&#038;p=4586"},"modified":"2026-04-15T09:41:34","modified_gmt":"2026-04-15T09:41:34","slug":"myvita-srebro-koloidalne-plaskoczasteczkowe-niejonowe-50ppm-spray-100ml","status":"publish","type":"product","link":"https:\/\/ecocorner.eu\/en\/product\/myvita-srebro-koloidalne-plaskoczasteczkowe-niejonowe-50ppm-spray-100ml\/","title":{"rendered":"MyVita    Srebro koloidalne p\u0142askocz\u0105steczkowe niejonowe   50ppm  spray  100ml"},"content":{"rendered":"<p>Srebro koloidalne MyVita\u00ae to nanocz\u0105steczki srebra zawieszone w wodzie oczyszczonej. Srebro posiada w\u0142a\u015bciwo\u015bci antybakteryjne oraz powstrzymuje dzia\u0142anie grzyb\u00f3w, dlatego w XIX i na pocz\u0105tku XX wieku by\u0142o powszechnie spo\u017cywane w celu leczenia chor\u00f3b wywo\u0142anych patogenami chorobotw\u00f3rczymi. Stosowano je r\u00f3wnie\u017c do opatrywania ran, na owrzodzenia, odle\u017cyny i oparzenia oraz do zachowania trwa\u0142o\u015bci wody pitnej. Powszechnie srebro koloidalne nazywane jest naturalnym antybiotykiem i jest wykorzystywane mi\u0119dzy innymi w medycynie i dermatologii.<br \/>\nWraz z rosn\u0105c\u0105 odporno\u015bci\u0105 patogen\u00f3w na antybiotyki poszukuje si\u0119 nowych substancji o dzia\u0142aniu antybakteryjnym. Jedn\u0105 z alternatyw staj\u0105 si\u0119 nanocz\u0105steczki srebra.<br \/>\nCz\u0105steczki srebra otaczaj\u0105 kom\u00f3rk\u0119 patogenu i wchodz\u0105 z ni\u0105 w reakcj\u0119, blokuj\u0105c mo\u017cliwo\u015b\u0107 tworzenia nowych struktur w trakcie podzia\u0142u kom\u00f3rkowego. Prowadzi to bezpo\u015brednio do uszkodzenia \u015bciany kom\u00f3rkowej, a nast\u0119pnie do \u015bmierci kom\u00f3rki. Srebro, ze wzgl\u0119du na ma\u0142e cz\u0105steczki, wnika r\u00f3wnie\u017c do wn\u0119trza kom\u00f3rki i dzi\u0119ki akumulacji nanocz\u0105steczek zaburza proces wytwarzania energii kom\u00f3rkowej i uszkadza struktur\u0119 bia\u0142ek.<\/p>\n<p>Dotychczas przeprowadzone na ca\u0142ym \u015bwiecie badania naukowe potwierdzaj\u0105, \u017ce srebro wykazuje w\u0142a\u015bciwo\u015bci antybakteryjne, przeciwwirusowe i grzybob\u00f3jcze. Wed\u0142ug licznych publikacji koloidy mog\u0105 oddzia\u0142ywa\u0107 na blisko 650 szkodliwych patogen\u00f3w.<\/p>\n<p>Przy st\u0119\u017ceniu 50 ppm mo\u017cliwe jest wykorzystanie pe\u0142nego potencja\u0142u antybakteryjnego i grzybob\u00f3jczego potwierdzonego badaniami naukowymi.<\/p>\n<p>Nanocz\u0105steczki srebra s\u0105 oko\u0142o 10 razy mniejsze od wirus\u00f3w i 200 razy mniejsze od bakterii, dzi\u0119ki czemu mog\u0105 efektywnie neutralizowa\u0107 ich szkodliwe dzia\u0142anie. Zastosowanie ma\u0142ych cz\u0105steczek srebra, w odr\u00f3\u017cnieniu od du\u017cych, pozwala zwi\u0119kszy\u0107 maksymalnie powierzchni\u0119 styku, co\u00a0 w po\u0142\u0105czeniu z p\u0142ask\u0105 struktur\u0105 maksymalizuje skuteczno\u015b\u0107 dzia\u0142ania.<\/p>\n<p>Srebro niejonowe oznacza produkt wytwarzany tzw. metod\u0105 fizyczn\u0105, kt\u00f3ra pozwala na powstanie koloid\u00f3w niezawieraj\u0105cych typowych dla produktu jonowego zanieczyszcze\u0144 chemicznych.<\/p>\n<p>Srebro niejonowe Myvita\u00ae jest transparentne. Nie ulega procesowi utleniania pod wp\u0142ywem \u015bwiat\u0142a i promieniowania UV. Nie ulegaj\u0105 zjawisku koagulacji \u2013 formowaniu si\u0119 nanokoloid\u00f3w w wi\u0119ksze struktury. Srebro Myvita\u00ae posiada ultra ma\u0142e cz\u0105steczki, kt\u00f3re nie poch\u0142aniaj\u0105 \u015bwiat\u0142a widzialnego.<\/p>\n<p>Bezkonkurencyjna p\u0142aska nanostruktura z regularnym rozmieszczeniem atom\u00f3w srebra zapewnia mo\u017cliwie najwi\u0119ksz\u0105 optymaln\u0105 powierzchni\u0119 czynn\u0105 oraz \u0142atwo\u015b\u0107 przylegania do sk\u00f3ry (w por\u00f3wnaniu do sferycznej cz\u0105steczki).<\/p>\n<p>Srebro koloidalne MyVita\u00ae zosta\u0142o poddane badaniom na skuteczno\u015b\u0107 dzia\u0142ania przeciwko rozwojowi bakterii i grzyb\u00f3w przez Instytut Genetyki i Mikrobiologii Uniwersytetu Wroc\u0142awskiego.<\/p>\n<p>Badania wykaza\u0142y wysok\u0105 skuteczno\u015b\u0107 w zwalczaniu bakterii i grzyb\u00f3w. Mia\u0142y one na celu okre\u015blenie minimalnego st\u0119\u017cenia poziomu srebra koloidalnego Myvita\u00ae, przy kt\u00f3rym produkt wykazuje skuteczno\u015b\u0107 antybakteryjn\u0105 w stosunku do wybranych bakterii i grzyb\u00f3w. Poziom ca\u0142kowitej eliminacji bakterii E.coli, wyst\u0119puje przy 6 ppm, a przy 12 ppm srebro zabija jedn\u0105 z najgro\u017aniejszych dla cz\u0142owieka, bakteri\u0119 gronkowca z\u0142ocistego (Staphylococcus aureus). W produkcie zastosowali\u015bmy wy\u017csze st\u0119\u017cenie &#8211; a\u017c 50 ppm w celu eliminacji r\u00f3wnie\u017c grzyb\u00f3w, kt\u00f3re wykazuj\u0105 wi\u0119ksz\u0105 odporno\u015b\u0107 od bakterii. Tak dobrana moc produktu gwarantuje skuteczno\u015b\u0107 w ka\u017cdych warunkach stosowania.<\/p>\n<p>Koloidy MyVita\u00ae charakteryzuj\u0105 si\u0119 powtarzalno\u015bci\u0105 struktury i wielko\u015bci cz\u0105steczek, co gwarantuje wysok\u0105 jako\u015b\u0107 ka\u017cdego wytworzonego opakowania.<\/p>\n<p>Produkt ze wzgl\u0119du na wytwarzanie metod\u0105 fizyczn\u0105 nie zawiera zanieczyszcze\u0144 chemicznych. Koloidy niejonowe ze wzgl\u0119du na swoj\u0105 charakterystyk\u0119 i wielko\u015b\u0107 cz\u0105steczek nie odk\u0142adaj\u0105 si\u0119 w organizmie, a ich nadmiar jest wydalany. S\u0105 neutralne i nie wchodz\u0105 w reakcje chemiczne z innymi substancjami. Posiadaj\u0105 naturalne w\u0142a\u015bciwo\u015bci srebra.<\/p>\n<p><strong>METHOD OF APPLICATION<\/strong><br \/>\nP\u0142yn nanie\u015b\u0107 na oczyszczon\u0105 sk\u00f3r\u0119 b\u0105d\u017a przetrze\u0107 nas\u0105czonym wacikiem.<\/p>\n<p>Produkt nie ulega sedymentacji \u2013 przed u\u017cyciem nie trzeba wstrz\u0105sa\u0107 p\u0142ynu.<\/p>\n<p><strong>INCI INGREDIENTS<\/strong><br \/>\nAqua, Colloidal Silver<\/p>","protected":false},"excerpt":{"rendered":"<p>MyVita Srebro koloidalne niejonowe 50 ppm 100 ml p\u0142aska nanocz\u0105steczka<\/p>\n<p>Skuteczno\u015b\u0107 dzia\u0142ania antybakteryjnego i przeciwgrzybiczego potwierdzona w badaniach Instytutu Genetyki i Mikrobiologii Uniwersytetu Wroc\u0142awskiego<\/p>\n<p>\u2022\u00a0100% naturalny produkt<br \/>\n\u2022\u00a0wytwarzany metod\u0105 fizyczn\u0105 (srebro niejonowe)<br \/>\n\u2022\u00a0unikalna bezkonkurencyjna p\u0142aska nanocz\u0105steczka<br \/>\n\u2022\u00a0transparentne \u2013 nie zmienia koloru pod wp\u0142ywem \u015bwiat\u0142a i promieniowania UV<br \/>\n\u2022\u00a0skuteczne ju\u017c przy st\u0119\u017ceniu 6,25 ppm<br \/>\n\u2022\u00a0ultra cienka cz\u0105steczka o grubo\u015bci kilku atom\u00f3w<br \/>\n\u2022\u00a0wielko\u015b\u0107 cz\u0105steczki 2-5 nanometr\u00f3w<\/p>\n<p><span data-containter=\"modal\"><span class=\"wartosc\"><strong>ZASTOSOWANIE<\/strong><br \/>\nPreparat do stosowania na sk\u00f3r\u0119. Dzia\u0142a oczyszczaj\u0105co i przeciwzapalnie, tonizuje oraz regeneruje nask\u00f3rek.<\/p>\n<p>Srebro koloidalne ze wzgl\u0119du na swoje cenne w\u0142a\u015bciwo\u015bci znajduje szerokie zastosowanie:<\/span><\/span><\/p>\n<p><span data-containter=\"modal\"><span class=\"wartosc\"><br \/>\n\u2022\u00a0w kosmetyce jako naturalny antybakteryjny tonik oczyszczaj\u0105cy do ka\u017cdego rodzaju sk\u00f3ry<br \/>\n\u2022\u00a0wspomaga przy leczeniu tr\u0105dziku<br \/>\n\u2022\u00a0regeneruje nask\u00f3rek w przypadku siniak\u00f3w, ran, skalecze\u0144 i zadrapa\u0144<br \/>\n\u2022\u00a0pomaga zmniejsza\u0107 podra\u017cnienia (spowodowane np. goleniem)<br \/>\n\u2022\u00a0eliminuje zapach potu<br \/>\n\u2022\u00a0jako wsparcie przy leczeniu problem\u00f3w sk\u00f3rnych (egzema, liszajec, \u0142uszczyca)<br \/>\n\u2022\u00a0do p\u0142ukania jamy ustnej<br \/>\n\u2022\u00a0doskona\u0142e jak \u015brodek do dezynfekcji<\/span><\/span><\/p>","protected":false},"featured_media":4587,"template":"","meta":{"ocean_post_layout":"","ocean_both_sidebars_style":"","ocean_both_sidebars_content_width":0,"ocean_both_sidebars_sidebars_width":0,"ocean_sidebar":"0","ocean_second_sidebar":"0","ocean_disable_margins":"enable","ocean_add_body_class":"","ocean_shortcode_before_top_bar":"","ocean_shortcode_after_top_bar":"","ocean_shortcode_before_header":"","ocean_shortcode_after_header":"","ocean_has_shortcode":"","ocean_shortcode_after_title":"","ocean_shortcode_before_footer_widgets":"","ocean_shortcode_after_footer_widgets":"","ocean_shortcode_before_footer_bottom":"","ocean_shortcode_after_footer_bottom":"","ocean_display_top_bar":"default","ocean_display_header":"default","ocean_header_style":"","ocean_center_header_left_menu":"0","ocean_custom_header_template":"0","ocean_custom_logo":0,"ocean_custom_retina_logo":0,"ocean_custom_logo_max_width":0,"ocean_custom_logo_tablet_max_width":0,"ocean_custom_logo_mobile_max_width":0,"ocean_custom_logo_max_height":0,"ocean_custom_logo_tablet_max_height":0,"ocean_custom_logo_mobile_max_height":0,"ocean_header_custom_menu":"0","ocean_menu_typo_font_family":"0","ocean_menu_typo_font_subset":"","ocean_menu_typo_font_size":0,"ocean_menu_typo_font_size_tablet":0,"ocean_menu_typo_font_size_mobile":0,"ocean_menu_typo_font_size_unit":"px","ocean_menu_typo_font_weight":"","ocean_menu_typo_font_weight_tablet":"","ocean_menu_typo_font_weight_mobile":"","ocean_menu_typo_transform":"","ocean_menu_typo_transform_tablet":"","ocean_menu_typo_transform_mobile":"","ocean_menu_typo_line_height":0,"ocean_menu_typo_line_height_tablet":0,"ocean_menu_typo_line_height_mobile":0,"ocean_menu_typo_line_height_unit":"","ocean_menu_typo_spacing":0,"ocean_menu_typo_spacing_tablet":0,"ocean_menu_typo_spacing_mobile":0,"ocean_menu_typo_spacing_unit":"","ocean_menu_link_color":"","ocean_menu_link_color_hover":"","ocean_menu_link_color_active":"","ocean_menu_link_background":"","ocean_menu_link_hover_background":"","ocean_menu_link_active_background":"","ocean_menu_social_links_bg":"","ocean_menu_social_hover_links_bg":"","ocean_menu_social_links_color":"","ocean_menu_social_hover_links_color":"","ocean_disable_title":"default","ocean_disable_heading":"default","ocean_post_title":"","ocean_post_subheading":"","ocean_post_title_style":"","ocean_post_title_background_color":"","ocean_post_title_background":0,"ocean_post_title_bg_image_position":"","ocean_post_title_bg_image_attachment":"","ocean_post_title_bg_image_repeat":"","ocean_post_title_bg_image_size":"","ocean_post_title_height":0,"ocean_post_title_bg_overlay":0.5,"ocean_post_title_bg_overlay_color":"","ocean_disable_breadcrumbs":"default","ocean_breadcrumbs_color":"","ocean_breadcrumbs_separator_color":"","ocean_breadcrumbs_links_color":"","ocean_breadcrumbs_links_hover_color":"","ocean_display_footer_widgets":"default","ocean_display_footer_bottom":"default","ocean_custom_footer_template":"0"},"product_brand":[],"product_cat":[21,20],"product_tag":[],"class_list":{"0":"post-4586","1":"product","2":"type-product","3":"status-publish","4":"has-post-thumbnail","6":"product_cat-zdrowie","7":"product_cat-dzieci","9":"entry","10":"has-media","12":"first","13":"instock","14":"shipping-taxable","15":"purchasable","16":"product-type-simple","17":"has-product-nav","18":"col","19":"span_1_of_3","20":"owp-content-left","21":"owp-thumbs-layout-horizontal","22":"owp-btn-normal","23":"owp-tabs-layout-horizontal","24":"has-no-thumbnails"},"_links":{"self":[{"href":"https:\/\/ecocorner.eu\/en\/wp-json\/wp\/v2\/product\/4586","targetHints":{"allow":["GET"]}}],"collection":[{"href":"https:\/\/ecocorner.eu\/en\/wp-json\/wp\/v2\/product"}],"about":[{"href":"https:\/\/ecocorner.eu\/en\/wp-json\/wp\/v2\/types\/product"}],"version-history":[{"count":1,"href":"https:\/\/ecocorner.eu\/en\/wp-json\/wp\/v2\/product\/4586\/revisions"}],"predecessor-version":[{"id":4588,"href":"https:\/\/ecocorner.eu\/en\/wp-json\/wp\/v2\/product\/4586\/revisions\/4588"}],"wp:featuredmedia":[{"embeddable":true,"href":"https:\/\/ecocorner.eu\/en\/wp-json\/wp\/v2\/media\/4587"}],"wp:attachment":[{"href":"https:\/\/ecocorner.eu\/en\/wp-json\/wp\/v2\/media?parent=4586"}],"wp:term":[{"taxonomy":"product_brand","embeddable":true,"href":"https:\/\/ecocorner.eu\/en\/wp-json\/wp\/v2\/product_brand?post=4586"},{"taxonomy":"product_cat","embeddable":true,"href":"https:\/\/ecocorner.eu\/en\/wp-json\/wp\/v2\/product_cat?post=4586"},{"taxonomy":"product_tag","embeddable":true,"href":"https:\/\/ecocorner.eu\/en\/wp-json\/wp\/v2\/product_tag?post=4586"}],"curies":[{"name":"wp","href":"https:\/\/api.w.org\/{rel}","templated":true}]}}