{"id":4604,"date":"2023-12-02T20:41:20","date_gmt":"2023-12-02T20:41:20","guid":{"rendered":"https:\/\/ecocorner.eu\/?post_type=product&#038;p=4604"},"modified":"2025-04-21T13:04:18","modified_gmt":"2025-04-21T13:04:18","slug":"etja-olejek-eteryczny-naturalny-cytrynowy-10ml","status":"publish","type":"product","link":"https:\/\/ecocorner.eu\/en\/product\/etja-olejek-eteryczny-naturalny-cytrynowy-10ml\/","title":{"rendered":"ETJA  Olejek eteryczny naturalny &#8211; Cytrynowy 10ml"},"content":{"rendered":"<p><u>Method of application:<\/u><br \/>\n-k\u0105piel aromaterapeutyczna &#8211; od\u015bwie\u017ca, dezynfekuje z bakterii oraz nadaje sk\u00f3rze pi\u0119kny, \u015bwie\u017cy cytrynowy zapach.<br \/>\n-masa\u017c w w\u0142asnym zakresie (rozcie\u0144czany w naturalnych olejach bazowych)<br \/>\n-inhalacja<br \/>\n-dodatek do krem\u00f3w, tonik\u00f3w oczyszczaj\u0105cych<br \/>\n-naturalne aromatyzowanie pomieszcze\u0144 ( dobrze odka\u017ca powietrze )<br \/>\n-w stanie nierozcie\u0144czonym bezpo\u015brednio na opryszczk\u0119, uk\u0105szenia owad\u00f3w<\/p>\n<p><u>Note<\/u>: Zapachowa g\u00f3rna<br \/>\n<u>Smell<\/u>: Orze\u017awiaj\u0105cy, s\u0142odki, \u015bwie\u017cy cytrusowy zapach<br \/>\n<u>Colour<\/u>: Lekko \u017c\u00f3\u0142ty<br \/>\n<u>Good composition with oil<\/u>: Eukaliptusowym, olejki cytrusowe, lawendowym, ja\u0142owcowym, geranium, ylang ylang, mi\u0119towym.<\/p>\n<p><strong>Contraindications<\/strong><br \/>\nNale\u017cy unika\u0107 kontaktu z oczami. Nie u\u017cywa\u0107 na sk\u00f3rze wystawianej na dzia\u0142anie promieni s\u0142onecznych UV. Do u\u017cytku zewn\u0119trznego.<\/p>\n<p><strong>keeping<\/strong><br \/>\nStore in a tightly closed dark glass bottle at room temperature and out of the reach of children.<\/p>\n<p><strong>origin<\/strong><br \/>\nItaly<\/p>","protected":false},"excerpt":{"rendered":"<p>OLEJEK CYTRYNOWY \/Citrus Limonum Oil\/<\/p>\n<p>Naturalny olejek otrzymywany z owoc\u00f3w drzewa cytrusowego. Wzmacnia, dzia\u0142a antyseptycznie i przeciwgor\u0105czkowo. Wykorzystywany przy stanach zapalnych sk\u00f3ry, opryszczkach i tr\u0105dziku. Olejek cytrynowy tonizuje prac\u0119 serca i uk\u0142adu kr\u0105\u017cenia, co obni\u017ca ci\u015bnienie krwi. Stymuluje produkcj\u0119 krwinek wzmacniaj\u0105c system odporno\u015bciowy. Dezynfekuje powietrze oraz skutecznie odstrasza owady.\u00a0 Od\u015bwie\u017ca i pobudza m\u00f3zg, a tak\u017ce pomaga w stanach apatii. Jak wszystkie olejki cytrusowe, jest \u015bwiat\u0142oczu\u0142y i nie nale\u017cy go stosowa\u0107 podczas opalania lub wystawiana sk\u00f3ry na promienie UV.<\/p>\n<p>All essential oils offered by ETJA are 100% natural<\/p>\n<p><u>Action<\/u>: Antydepresyjne, antyreumatyczne, przeciwb\u00f3lowe, pobudzaj\u0105ce, tonizuj\u0105ce, antytoksyczne, \u015bci\u0105gaj\u0105ce.<\/p>","protected":false},"featured_media":4605,"template":"","meta":{"ocean_post_layout":"","ocean_both_sidebars_style":"","ocean_both_sidebars_content_width":0,"ocean_both_sidebars_sidebars_width":0,"ocean_sidebar":"0","ocean_second_sidebar":"0","ocean_disable_margins":"enable","ocean_add_body_class":"","ocean_shortcode_before_top_bar":"","ocean_shortcode_after_top_bar":"","ocean_shortcode_before_header":"","ocean_shortcode_after_header":"","ocean_has_shortcode":"","ocean_shortcode_after_title":"","ocean_shortcode_before_footer_widgets":"","ocean_shortcode_after_footer_widgets":"","ocean_shortcode_before_footer_bottom":"","ocean_shortcode_after_footer_bottom":"","ocean_display_top_bar":"default","ocean_display_header":"default","ocean_header_style":"","ocean_center_header_left_menu":"0","ocean_custom_header_template":"0","ocean_custom_logo":0,"ocean_custom_retina_logo":0,"ocean_custom_logo_max_width":0,"ocean_custom_logo_tablet_max_width":0,"ocean_custom_logo_mobile_max_width":0,"ocean_custom_logo_max_height":0,"ocean_custom_logo_tablet_max_height":0,"ocean_custom_logo_mobile_max_height":0,"ocean_header_custom_menu":"0","ocean_menu_typo_font_family":"0","ocean_menu_typo_font_subset":"","ocean_menu_typo_font_size":0,"ocean_menu_typo_font_size_tablet":0,"ocean_menu_typo_font_size_mobile":0,"ocean_menu_typo_font_size_unit":"px","ocean_menu_typo_font_weight":"","ocean_menu_typo_font_weight_tablet":"","ocean_menu_typo_font_weight_mobile":"","ocean_menu_typo_transform":"","ocean_menu_typo_transform_tablet":"","ocean_menu_typo_transform_mobile":"","ocean_menu_typo_line_height":0,"ocean_menu_typo_line_height_tablet":0,"ocean_menu_typo_line_height_mobile":0,"ocean_menu_typo_line_height_unit":"","ocean_menu_typo_spacing":0,"ocean_menu_typo_spacing_tablet":0,"ocean_menu_typo_spacing_mobile":0,"ocean_menu_typo_spacing_unit":"","ocean_menu_link_color":"","ocean_menu_link_color_hover":"","ocean_menu_link_color_active":"","ocean_menu_link_background":"","ocean_menu_link_hover_background":"","ocean_menu_link_active_background":"","ocean_menu_social_links_bg":"","ocean_menu_social_hover_links_bg":"","ocean_menu_social_links_color":"","ocean_menu_social_hover_links_color":"","ocean_disable_title":"default","ocean_disable_heading":"default","ocean_post_title":"","ocean_post_subheading":"","ocean_post_title_style":"","ocean_post_title_background_color":"","ocean_post_title_background":0,"ocean_post_title_bg_image_position":"","ocean_post_title_bg_image_attachment":"","ocean_post_title_bg_image_repeat":"","ocean_post_title_bg_image_size":"","ocean_post_title_height":0,"ocean_post_title_bg_overlay":0.5,"ocean_post_title_bg_overlay_color":"","ocean_disable_breadcrumbs":"default","ocean_breadcrumbs_color":"","ocean_breadcrumbs_separator_color":"","ocean_breadcrumbs_links_color":"","ocean_breadcrumbs_links_hover_color":"","ocean_display_footer_widgets":"default","ocean_display_footer_bottom":"default","ocean_custom_footer_template":"0"},"product_brand":[],"product_cat":[66,34],"product_tag":[],"class_list":{"0":"post-4604","1":"product","2":"type-product","3":"status-publish","4":"has-post-thumbnail","6":"product_cat-aromaterapia-inhalacje","7":"product_cat-naturalne-oleje-do-ciala-etja","9":"entry","10":"has-media","12":"first","13":"instock","14":"shipping-taxable","15":"purchasable","16":"product-type-simple","17":"has-product-nav","18":"col","19":"span_1_of_3","20":"owp-content-left","21":"owp-thumbs-layout-horizontal","22":"owp-btn-normal","23":"owp-tabs-layout-horizontal","24":"has-no-thumbnails"},"_links":{"self":[{"href":"https:\/\/ecocorner.eu\/en\/wp-json\/wp\/v2\/product\/4604","targetHints":{"allow":["GET"]}}],"collection":[{"href":"https:\/\/ecocorner.eu\/en\/wp-json\/wp\/v2\/product"}],"about":[{"href":"https:\/\/ecocorner.eu\/en\/wp-json\/wp\/v2\/types\/product"}],"version-history":[{"count":1,"href":"https:\/\/ecocorner.eu\/en\/wp-json\/wp\/v2\/product\/4604\/revisions"}],"predecessor-version":[{"id":4606,"href":"https:\/\/ecocorner.eu\/en\/wp-json\/wp\/v2\/product\/4604\/revisions\/4606"}],"wp:featuredmedia":[{"embeddable":true,"href":"https:\/\/ecocorner.eu\/en\/wp-json\/wp\/v2\/media\/4605"}],"wp:attachment":[{"href":"https:\/\/ecocorner.eu\/en\/wp-json\/wp\/v2\/media?parent=4604"}],"wp:term":[{"taxonomy":"product_brand","embeddable":true,"href":"https:\/\/ecocorner.eu\/en\/wp-json\/wp\/v2\/product_brand?post=4604"},{"taxonomy":"product_cat","embeddable":true,"href":"https:\/\/ecocorner.eu\/en\/wp-json\/wp\/v2\/product_cat?post=4604"},{"taxonomy":"product_tag","embeddable":true,"href":"https:\/\/ecocorner.eu\/en\/wp-json\/wp\/v2\/product_tag?post=4604"}],"curies":[{"name":"wp","href":"https:\/\/api.w.org\/{rel}","templated":true}]}}