{"id":4622,"date":"2023-12-02T21:00:51","date_gmt":"2023-12-02T21:00:51","guid":{"rendered":"https:\/\/ecocorner.eu\/?post_type=product&#038;p=4622"},"modified":"2025-06-30T11:05:42","modified_gmt":"2025-06-30T11:05:42","slug":"bonimed-peobon-wzmacnia-uklad-immunologiczny-60kaps","status":"publish","type":"product","link":"https:\/\/ecocorner.eu\/en\/product\/bonimed-peobon-wzmacnia-uklad-immunologiczny-60kaps\/","title":{"rendered":"BONIMED   Peobon ( Wzmacnia uk\u0142ad immunologiczny ) 60kaps."},"content":{"rendered":"<div class=\"mpof_ki myre_zn myre_8v_l m389_6m_l\">\n<div class=\"mp4t_16_s mryx_16_s mr3m_1 mli2_1 mh85_56 mh85_0_l\">\n<div class=\"mgn2_16 _0d3bd_am0a-\">\n<p><b>Composition:<\/b><\/p>\n<p>Ekstrakt z korzenia piwonii bia\u0142ej (Paeonia lactiflora Pallas), \u017celatyna, maltodekstryna, mleczan \u017celaza (II), siarczan cynku, siarczan manganu, siarczan miedzi (II), selenian (IV) sodu, substancje przeciwzbrylaj\u0105ce (sole magnezowe kwas\u00f3w t\u0142uszczowych<\/p>\n<\/div>\n<\/div>\n<\/div>\n<div class=\"mpof_ki myre_zn myre_8v_l m389_6m_l\">\n<div class=\"mp4t_16_s mryx_16_s mr3m_1 mli2_1 mh85_56 mh85_0_l\">\n<div class=\"mgn2_16 _0d3bd_am0a-\">\n<p><b> Wa\u017cne informacje dotycz\u0105ce suplementu <\/b><\/p>\n<p>Do not exceed the recommended daily intake.<\/p>\n<p>Zr\u00f3wnowa\u017cony spos\u00f3b \u017cywienia i prawid\u0142owy tryb \u017cycia s\u0105 wa\u017cne dla prawid\u0142owego funkcjonowania organizmu.<\/p>\n<p>A dietary supplement cannot be used as a substitute for a varied diet.<\/p>\n<p>Store in a cool and dry place out of the reach of small children.<\/p>\n<\/div>\n<\/div>\n<\/div>","protected":false},"excerpt":{"rendered":"<p><b>Features:<\/b><\/p>\n<p>Cynk, mied\u017a, selen i \u017celazo oraz ekstrakt z korzenia piwonii bia\u0142ej wspomagaj\u0105 prawid\u0142owe funkcjonowanie uk\u0142adu odporno\u015bciowego, w tym w zaburzeniach autoimmunologicznych. Selen wspiera utrzymanie odpowiedniego poziomu hormon\u00f3w tarczycy, co mo\u017ce mie\u0107 znaczenie w chorobie Hashimoto.<\/p>\n<p>Mangan i mied\u017a sprzyjaj\u0105 zdrowiu tkanki \u0142\u0105cznej, zw\u0142aszcza w przypadku jej chor\u00f3b. Cynk, selen i mied\u017a wzmacniaj\u0105 w\u0142osy m.in. w \u0142ysieniu plackowatym i wspomagaj\u0105 zdrowie sk\u00f3ry.<\/p>\n<p>Ponadto mied\u017a u\u0142atwia utrzymanie w\u0142a\u015bciwej pigmentacji sk\u00f3ry i w\u0142os\u00f3w.<\/p>\n<p>Cynk, mangan, mied\u017a i selen chroni\u0105 organizm przed stresem oksydacyjnym, kt\u00f3ry wyst\u0119puje m.in. w chorobach zapalnych staw\u00f3w i kr\u0119gos\u0142upa.<\/p>\n<p><b>Recommended consumption:<\/b><\/p>\n<p>4 kapsu\u0142ki (2 razy dziennie po 2 kapsu\u0142ki).<\/p>\n<p>U niekt\u00f3rych os\u00f3b za\u017cywaj\u0105cych Peobon mo\u017ce pojawi\u0107 si\u0119 biegunka, nale\u017cy w\u00f3wczas spo\u017cywa\u0107 preparat 2-3 razy dziennie po 1 kapsu\u0142ce<b>.<\/b><\/p>","protected":false},"featured_media":4623,"template":"","meta":{"ocean_post_layout":"","ocean_both_sidebars_style":"","ocean_both_sidebars_content_width":0,"ocean_both_sidebars_sidebars_width":0,"ocean_sidebar":"0","ocean_second_sidebar":"0","ocean_disable_margins":"enable","ocean_add_body_class":"","ocean_shortcode_before_top_bar":"","ocean_shortcode_after_top_bar":"","ocean_shortcode_before_header":"","ocean_shortcode_after_header":"","ocean_has_shortcode":"","ocean_shortcode_after_title":"","ocean_shortcode_before_footer_widgets":"","ocean_shortcode_after_footer_widgets":"","ocean_shortcode_before_footer_bottom":"","ocean_shortcode_after_footer_bottom":"","ocean_display_top_bar":"default","ocean_display_header":"default","ocean_header_style":"","ocean_center_header_left_menu":"0","ocean_custom_header_template":"0","ocean_custom_logo":0,"ocean_custom_retina_logo":0,"ocean_custom_logo_max_width":0,"ocean_custom_logo_tablet_max_width":0,"ocean_custom_logo_mobile_max_width":0,"ocean_custom_logo_max_height":0,"ocean_custom_logo_tablet_max_height":0,"ocean_custom_logo_mobile_max_height":0,"ocean_header_custom_menu":"0","ocean_menu_typo_font_family":"0","ocean_menu_typo_font_subset":"","ocean_menu_typo_font_size":0,"ocean_menu_typo_font_size_tablet":0,"ocean_menu_typo_font_size_mobile":0,"ocean_menu_typo_font_size_unit":"px","ocean_menu_typo_font_weight":"","ocean_menu_typo_font_weight_tablet":"","ocean_menu_typo_font_weight_mobile":"","ocean_menu_typo_transform":"","ocean_menu_typo_transform_tablet":"","ocean_menu_typo_transform_mobile":"","ocean_menu_typo_line_height":0,"ocean_menu_typo_line_height_tablet":0,"ocean_menu_typo_line_height_mobile":0,"ocean_menu_typo_line_height_unit":"","ocean_menu_typo_spacing":0,"ocean_menu_typo_spacing_tablet":0,"ocean_menu_typo_spacing_mobile":0,"ocean_menu_typo_spacing_unit":"","ocean_menu_link_color":"","ocean_menu_link_color_hover":"","ocean_menu_link_color_active":"","ocean_menu_link_background":"","ocean_menu_link_hover_background":"","ocean_menu_link_active_background":"","ocean_menu_social_links_bg":"","ocean_menu_social_hover_links_bg":"","ocean_menu_social_links_color":"","ocean_menu_social_hover_links_color":"","ocean_disable_title":"default","ocean_disable_heading":"default","ocean_post_title":"","ocean_post_subheading":"","ocean_post_title_style":"","ocean_post_title_background_color":"","ocean_post_title_background":0,"ocean_post_title_bg_image_position":"","ocean_post_title_bg_image_attachment":"","ocean_post_title_bg_image_repeat":"","ocean_post_title_bg_image_size":"","ocean_post_title_height":0,"ocean_post_title_bg_overlay":0.5,"ocean_post_title_bg_overlay_color":"","ocean_disable_breadcrumbs":"default","ocean_breadcrumbs_color":"","ocean_breadcrumbs_separator_color":"","ocean_breadcrumbs_links_color":"","ocean_breadcrumbs_links_hover_color":"","ocean_display_footer_widgets":"default","ocean_display_footer_bottom":"default","ocean_custom_footer_template":"0"},"product_brand":[],"product_cat":[22],"product_tag":[],"class_list":{"0":"post-4622","1":"product","2":"type-product","3":"status-publish","4":"has-post-thumbnail","6":"product_cat-suplementy-i-witaminy","8":"entry","9":"has-media","11":"first","12":"outofstock","13":"shipping-taxable","14":"purchasable","15":"product-type-simple","16":"has-product-nav","17":"col","18":"span_1_of_3","19":"owp-content-left","20":"owp-thumbs-layout-horizontal","21":"owp-btn-normal","22":"owp-tabs-layout-horizontal","23":"has-no-thumbnails"},"_links":{"self":[{"href":"https:\/\/ecocorner.eu\/en\/wp-json\/wp\/v2\/product\/4622","targetHints":{"allow":["GET"]}}],"collection":[{"href":"https:\/\/ecocorner.eu\/en\/wp-json\/wp\/v2\/product"}],"about":[{"href":"https:\/\/ecocorner.eu\/en\/wp-json\/wp\/v2\/types\/product"}],"version-history":[{"count":1,"href":"https:\/\/ecocorner.eu\/en\/wp-json\/wp\/v2\/product\/4622\/revisions"}],"predecessor-version":[{"id":4624,"href":"https:\/\/ecocorner.eu\/en\/wp-json\/wp\/v2\/product\/4622\/revisions\/4624"}],"wp:featuredmedia":[{"embeddable":true,"href":"https:\/\/ecocorner.eu\/en\/wp-json\/wp\/v2\/media\/4623"}],"wp:attachment":[{"href":"https:\/\/ecocorner.eu\/en\/wp-json\/wp\/v2\/media?parent=4622"}],"wp:term":[{"taxonomy":"product_brand","embeddable":true,"href":"https:\/\/ecocorner.eu\/en\/wp-json\/wp\/v2\/product_brand?post=4622"},{"taxonomy":"product_cat","embeddable":true,"href":"https:\/\/ecocorner.eu\/en\/wp-json\/wp\/v2\/product_cat?post=4622"},{"taxonomy":"product_tag","embeddable":true,"href":"https:\/\/ecocorner.eu\/en\/wp-json\/wp\/v2\/product_tag?post=4622"}],"curies":[{"name":"wp","href":"https:\/\/api.w.org\/{rel}","templated":true}]}}