{"id":4634,"date":"2023-12-02T21:09:57","date_gmt":"2023-12-02T21:09:57","guid":{"rendered":"https:\/\/ecocorner.eu\/?post_type=product&#038;p=4634"},"modified":"2025-10-20T16:34:59","modified_gmt":"2025-10-20T16:34:59","slug":"medica-herbs-piwonia-600mg-60-kaps","status":"publish","type":"product","link":"https:\/\/ecocorner.eu\/en\/product\/medica-herbs-piwonia-600mg-60-kaps\/","title":{"rendered":"MEDICA HERBS     Piwonia   600mg, 60 kaps."},"content":{"rendered":"<p><strong>Ingredients<\/strong><br \/>\nWyci\u0105g z korzenia Paeonia lactiflora; kapsu\u0142ka (\u017celatyna \u2013 sk\u0142adnik otoczki).<\/p>\n<p>The product does not contain artificial additives, such as preservatives, colorants, flavorings, fillers. The shade of the product may differ due to the color intensity of the natural ingredient.<\/p>\n<p><u>Zawarto\u015b\u0107 w jednej kapsu\u0142ce:<\/u><br \/>\nWyci\u0105g z korzenia Paeonia lactiflora &#8211; 600mg<br \/>\nw tym peonifloryna &#8211; 120mg<\/p>\n<p><strong>METHOD OF APPLICATION<\/strong><br \/>\n1 kapsu\u0142ka 1-3 razy dziennie.<\/p>\n<p><strong>Notes<\/strong><br \/>\nDo not use in pregnant or lactating women. Do not exceed the recommended daily intake. Do not use if you are allergic to any of the components of the product. A dietary supplement cannot be used as a substitute for a varied diet. A balanced diet and a healthy lifestyle are recommended.<\/p>\n<p><strong>keeping<\/strong><br \/>\nStore at room temperature in a dry place out of the reach of small children. Protect from moisture and light.<\/p>","protected":false},"excerpt":{"rendered":"<p>Piwonia &#8211; 20% peonifloryny &#8211; suplement diety<\/p>\n<p>Piwonia (Paeonia lactiflora) jest stosowana w celu wzmocnienia organizmu, zw\u0142aszcza podczas sezonowych zmian pogody oraz okresu zimowego. Wspomaga prawid\u0142owe funkcjonowanie m.in. staw\u00f3w, uk\u0142adu pokarmowego, sercowo \u2013 naczyniowego oraz nerwowego. Dodatkowo produkt \u0142agodzi objawy zwi\u0105zane z okresem menopauzy.<\/p>","protected":false},"featured_media":4635,"template":"","meta":{"ocean_post_layout":"","ocean_both_sidebars_style":"","ocean_both_sidebars_content_width":0,"ocean_both_sidebars_sidebars_width":0,"ocean_sidebar":"0","ocean_second_sidebar":"0","ocean_disable_margins":"enable","ocean_add_body_class":"","ocean_shortcode_before_top_bar":"","ocean_shortcode_after_top_bar":"","ocean_shortcode_before_header":"","ocean_shortcode_after_header":"","ocean_has_shortcode":"","ocean_shortcode_after_title":"","ocean_shortcode_before_footer_widgets":"","ocean_shortcode_after_footer_widgets":"","ocean_shortcode_before_footer_bottom":"","ocean_shortcode_after_footer_bottom":"","ocean_display_top_bar":"default","ocean_display_header":"default","ocean_header_style":"","ocean_center_header_left_menu":"0","ocean_custom_header_template":"0","ocean_custom_logo":0,"ocean_custom_retina_logo":0,"ocean_custom_logo_max_width":0,"ocean_custom_logo_tablet_max_width":0,"ocean_custom_logo_mobile_max_width":0,"ocean_custom_logo_max_height":0,"ocean_custom_logo_tablet_max_height":0,"ocean_custom_logo_mobile_max_height":0,"ocean_header_custom_menu":"0","ocean_menu_typo_font_family":"0","ocean_menu_typo_font_subset":"","ocean_menu_typo_font_size":0,"ocean_menu_typo_font_size_tablet":0,"ocean_menu_typo_font_size_mobile":0,"ocean_menu_typo_font_size_unit":"px","ocean_menu_typo_font_weight":"","ocean_menu_typo_font_weight_tablet":"","ocean_menu_typo_font_weight_mobile":"","ocean_menu_typo_transform":"","ocean_menu_typo_transform_tablet":"","ocean_menu_typo_transform_mobile":"","ocean_menu_typo_line_height":0,"ocean_menu_typo_line_height_tablet":0,"ocean_menu_typo_line_height_mobile":0,"ocean_menu_typo_line_height_unit":"","ocean_menu_typo_spacing":0,"ocean_menu_typo_spacing_tablet":0,"ocean_menu_typo_spacing_mobile":0,"ocean_menu_typo_spacing_unit":"","ocean_menu_link_color":"","ocean_menu_link_color_hover":"","ocean_menu_link_color_active":"","ocean_menu_link_background":"","ocean_menu_link_hover_background":"","ocean_menu_link_active_background":"","ocean_menu_social_links_bg":"","ocean_menu_social_hover_links_bg":"","ocean_menu_social_links_color":"","ocean_menu_social_hover_links_color":"","ocean_disable_title":"default","ocean_disable_heading":"default","ocean_post_title":"","ocean_post_subheading":"","ocean_post_title_style":"","ocean_post_title_background_color":"","ocean_post_title_background":0,"ocean_post_title_bg_image_position":"","ocean_post_title_bg_image_attachment":"","ocean_post_title_bg_image_repeat":"","ocean_post_title_bg_image_size":"","ocean_post_title_height":0,"ocean_post_title_bg_overlay":0.5,"ocean_post_title_bg_overlay_color":"","ocean_disable_breadcrumbs":"default","ocean_breadcrumbs_color":"","ocean_breadcrumbs_separator_color":"","ocean_breadcrumbs_links_color":"","ocean_breadcrumbs_links_hover_color":"","ocean_display_footer_widgets":"default","ocean_display_footer_bottom":"default","ocean_custom_footer_template":"0"},"product_brand":[],"product_cat":[22,21],"product_tag":[],"class_list":{"0":"post-4634","1":"product","2":"type-product","3":"status-publish","4":"has-post-thumbnail","6":"product_cat-suplementy-i-witaminy","7":"product_cat-zdrowie","9":"entry","10":"has-media","12":"first","13":"instock","14":"shipping-taxable","15":"purchasable","16":"product-type-simple","17":"has-product-nav","18":"col","19":"span_1_of_3","20":"owp-content-left","21":"owp-thumbs-layout-horizontal","22":"owp-btn-normal","23":"owp-tabs-layout-horizontal"},"_links":{"self":[{"href":"https:\/\/ecocorner.eu\/en\/wp-json\/wp\/v2\/product\/4634","targetHints":{"allow":["GET"]}}],"collection":[{"href":"https:\/\/ecocorner.eu\/en\/wp-json\/wp\/v2\/product"}],"about":[{"href":"https:\/\/ecocorner.eu\/en\/wp-json\/wp\/v2\/types\/product"}],"version-history":[{"count":3,"href":"https:\/\/ecocorner.eu\/en\/wp-json\/wp\/v2\/product\/4634\/revisions"}],"predecessor-version":[{"id":7508,"href":"https:\/\/ecocorner.eu\/en\/wp-json\/wp\/v2\/product\/4634\/revisions\/7508"}],"wp:featuredmedia":[{"embeddable":true,"href":"https:\/\/ecocorner.eu\/en\/wp-json\/wp\/v2\/media\/4635"}],"wp:attachment":[{"href":"https:\/\/ecocorner.eu\/en\/wp-json\/wp\/v2\/media?parent=4634"}],"wp:term":[{"taxonomy":"product_brand","embeddable":true,"href":"https:\/\/ecocorner.eu\/en\/wp-json\/wp\/v2\/product_brand?post=4634"},{"taxonomy":"product_cat","embeddable":true,"href":"https:\/\/ecocorner.eu\/en\/wp-json\/wp\/v2\/product_cat?post=4634"},{"taxonomy":"product_tag","embeddable":true,"href":"https:\/\/ecocorner.eu\/en\/wp-json\/wp\/v2\/product_tag?post=4634"}],"curies":[{"name":"wp","href":"https:\/\/api.w.org\/{rel}","templated":true}]}}