{"id":4672,"date":"2024-01-02T20:20:05","date_gmt":"2024-01-02T20:20:05","guid":{"rendered":"https:\/\/ecocorner.eu\/?post_type=product&#038;p=4672"},"modified":"2025-08-14T20:48:36","modified_gmt":"2025-08-14T20:48:36","slug":"etja-olejek-eteryczny-naturalny-grejpfrutowy-10ml","status":"publish","type":"product","link":"https:\/\/ecocorner.eu\/en\/product\/etja-olejek-eteryczny-naturalny-grejpfrutowy-10ml\/","title":{"rendered":"ETJA Olejek eteryczny naturalny &#8211; Grejpfrutowy 10ml"},"content":{"rendered":"<p><span data-containter=\"modal\"><span class=\"wartosc\"><u>Note<\/u>: Zapachowa g\u00f3rna<br \/>\n<u>Smell<\/u>: Orze\u017awiaj\u0105cy, s\u0142odki, \u015bwie\u017cy cytrusowy zapach<br \/>\n<u>Colour<\/u>: Jasno\u017c\u00f3\u0142ty<br \/>\n<u>Good composition with oil<\/u>: Cytrynowym i innymi olejkami cytrusowymi, geraniowym, cyprysowym, rozmarynowym, lawendowym.<\/p>\n<p><strong>PRZECIWSKAZANIA<\/strong><br \/>\nNie u\u017cywa\u0107 na sk\u00f3rze wystawianej na promienie UV. Unika\u0107 kontaktu z oczami. Niestosowa\u0107 wewn\u0119trznie (doustnie).<\/p>\n<p><strong>keeping<\/strong><br \/>\nStore in a tightly closed dark glass bottle at room temperature and out of the reach of children.<\/p>\n<p><strong>origin<\/strong><br \/>\nW\u0142ochy, Ameryka P\u00f3\u0142nocna.<\/span><\/span><\/p>","protected":false},"excerpt":{"rendered":"<p><span data-containter=\"modal\"><span class=\"wartosc\">OLEJEK GREJPFRUTOWY \/Citrus Grandis Oil\/<br \/>\nNaturalny olejek otrzymywany z owoc\u00f3w drzewa grejpfrutowego. Dzia\u0142a tonizuj\u0105co oraz antydepresyjnie. Pobudza system limfatyczny i tym samym od\u017cywia kom\u00f3rki tkanek. Skuteczny w walce z oty\u0142o\u015bci\u0105 i w przypadku zatrzymania p\u0142yn\u00f3w organicznych. Ma dzia\u0142anie rozlu\u017aniaj\u0105ce i \u0142agodzi b\u00f3le migrenowe oraz objawy zm\u0119czenia. Jak wszystkie olejki cytrusowe, jest \u015bwiat\u0142oczu\u0142y i nie nale\u017cy go stosowa\u0107 podczas opalania lub wystawiana sk\u00f3ry na promienie UV.<\/p>\n<p><u>Action<\/u>: Antydepresyjne, pobudzaj\u0105ce, tonizuj\u0105ce, antytoksyczne, wspomaga usuwanie celullitu.<\/p>\n<p><u>Method of application:<br \/>\n<\/u>\u00a0\u00a0\u00a0 -masa\u017c w w\u0142asnym zakresie &#8211; rozcie\u0144czany w naturalnych olejach bazowych dobrze wp\u0142ywa na uj\u0119drnienie sk\u00f3ry i walk\u0119 z cellulitem<br \/>\n-k\u0105piel aromaterapeutyczna<br \/>\n-naturalne aromatyzowanie powietrza (inhalator parowy, podgrzewacz, nas\u0105czanie chusteczki)<br \/>\n- sauna: dry, wet, steam<br \/>\n-dodatek do olej\u00f3w bazowych<br \/>\n-dodatek do krem\u00f3w<br \/>\n-moczenie st\u00f3p<\/span><\/span><\/p>","protected":false},"featured_media":4673,"template":"","meta":{"ocean_post_layout":"","ocean_both_sidebars_style":"","ocean_both_sidebars_content_width":0,"ocean_both_sidebars_sidebars_width":0,"ocean_sidebar":"0","ocean_second_sidebar":"0","ocean_disable_margins":"enable","ocean_add_body_class":"","ocean_shortcode_before_top_bar":"","ocean_shortcode_after_top_bar":"","ocean_shortcode_before_header":"","ocean_shortcode_after_header":"","ocean_has_shortcode":"","ocean_shortcode_after_title":"","ocean_shortcode_before_footer_widgets":"","ocean_shortcode_after_footer_widgets":"","ocean_shortcode_before_footer_bottom":"","ocean_shortcode_after_footer_bottom":"","ocean_display_top_bar":"default","ocean_display_header":"default","ocean_header_style":"","ocean_center_header_left_menu":"0","ocean_custom_header_template":"0","ocean_custom_logo":0,"ocean_custom_retina_logo":0,"ocean_custom_logo_max_width":0,"ocean_custom_logo_tablet_max_width":0,"ocean_custom_logo_mobile_max_width":0,"ocean_custom_logo_max_height":0,"ocean_custom_logo_tablet_max_height":0,"ocean_custom_logo_mobile_max_height":0,"ocean_header_custom_menu":"0","ocean_menu_typo_font_family":"0","ocean_menu_typo_font_subset":"","ocean_menu_typo_font_size":0,"ocean_menu_typo_font_size_tablet":0,"ocean_menu_typo_font_size_mobile":0,"ocean_menu_typo_font_size_unit":"px","ocean_menu_typo_font_weight":"","ocean_menu_typo_font_weight_tablet":"","ocean_menu_typo_font_weight_mobile":"","ocean_menu_typo_transform":"","ocean_menu_typo_transform_tablet":"","ocean_menu_typo_transform_mobile":"","ocean_menu_typo_line_height":0,"ocean_menu_typo_line_height_tablet":0,"ocean_menu_typo_line_height_mobile":0,"ocean_menu_typo_line_height_unit":"","ocean_menu_typo_spacing":0,"ocean_menu_typo_spacing_tablet":0,"ocean_menu_typo_spacing_mobile":0,"ocean_menu_typo_spacing_unit":"","ocean_menu_link_color":"","ocean_menu_link_color_hover":"","ocean_menu_link_color_active":"","ocean_menu_link_background":"","ocean_menu_link_hover_background":"","ocean_menu_link_active_background":"","ocean_menu_social_links_bg":"","ocean_menu_social_hover_links_bg":"","ocean_menu_social_links_color":"","ocean_menu_social_hover_links_color":"","ocean_disable_title":"default","ocean_disable_heading":"default","ocean_post_title":"","ocean_post_subheading":"","ocean_post_title_style":"","ocean_post_title_background_color":"","ocean_post_title_background":0,"ocean_post_title_bg_image_position":"","ocean_post_title_bg_image_attachment":"","ocean_post_title_bg_image_repeat":"","ocean_post_title_bg_image_size":"","ocean_post_title_height":0,"ocean_post_title_bg_overlay":0.5,"ocean_post_title_bg_overlay_color":"","ocean_disable_breadcrumbs":"default","ocean_breadcrumbs_color":"","ocean_breadcrumbs_separator_color":"","ocean_breadcrumbs_links_color":"","ocean_breadcrumbs_links_hover_color":"","ocean_display_footer_widgets":"default","ocean_display_footer_bottom":"default","ocean_custom_footer_template":"0"},"product_brand":[],"product_cat":[66,34],"product_tag":[],"class_list":{"0":"post-4672","1":"product","2":"type-product","3":"status-publish","4":"has-post-thumbnail","6":"product_cat-aromaterapia-inhalacje","7":"product_cat-naturalne-oleje-do-ciala-etja","9":"entry","10":"has-media","12":"first","13":"instock","14":"shipping-taxable","15":"purchasable","16":"product-type-simple","17":"has-product-nav","18":"col","19":"span_1_of_3","20":"owp-content-left","21":"owp-thumbs-layout-horizontal","22":"owp-btn-normal","23":"owp-tabs-layout-horizontal","24":"has-no-thumbnails"},"_links":{"self":[{"href":"https:\/\/ecocorner.eu\/en\/wp-json\/wp\/v2\/product\/4672","targetHints":{"allow":["GET"]}}],"collection":[{"href":"https:\/\/ecocorner.eu\/en\/wp-json\/wp\/v2\/product"}],"about":[{"href":"https:\/\/ecocorner.eu\/en\/wp-json\/wp\/v2\/types\/product"}],"version-history":[{"count":1,"href":"https:\/\/ecocorner.eu\/en\/wp-json\/wp\/v2\/product\/4672\/revisions"}],"predecessor-version":[{"id":4674,"href":"https:\/\/ecocorner.eu\/en\/wp-json\/wp\/v2\/product\/4672\/revisions\/4674"}],"wp:featuredmedia":[{"embeddable":true,"href":"https:\/\/ecocorner.eu\/en\/wp-json\/wp\/v2\/media\/4673"}],"wp:attachment":[{"href":"https:\/\/ecocorner.eu\/en\/wp-json\/wp\/v2\/media?parent=4672"}],"wp:term":[{"taxonomy":"product_brand","embeddable":true,"href":"https:\/\/ecocorner.eu\/en\/wp-json\/wp\/v2\/product_brand?post=4672"},{"taxonomy":"product_cat","embeddable":true,"href":"https:\/\/ecocorner.eu\/en\/wp-json\/wp\/v2\/product_cat?post=4672"},{"taxonomy":"product_tag","embeddable":true,"href":"https:\/\/ecocorner.eu\/en\/wp-json\/wp\/v2\/product_tag?post=4672"}],"curies":[{"name":"wp","href":"https:\/\/api.w.org\/{rel}","templated":true}]}}