{"id":4742,"date":"2024-01-25T23:28:26","date_gmt":"2024-01-25T23:28:26","guid":{"rendered":"https:\/\/ecocorner.eu\/?post_type=product&#038;p=4742"},"modified":"2026-04-08T12:46:49","modified_gmt":"2026-04-08T12:46:49","slug":"biowen-zinc-3x-immunity-cynk-complex-100-kaps","status":"publish","type":"product","link":"https:\/\/ecocorner.eu\/en\/product\/biowen-zinc-3x-immunity-cynk-complex-100-kaps\/","title":{"rendered":"Biowen   Zinc 3X Immunity, Cynk Complex+  100 kaps."},"content":{"rendered":"<h2><strong>Cynk w kapsu\u0142kach Zinc 3X Immunity \u2013 jak stosowa\u0107?<\/strong><\/h2>\n<p>Wystarczy ju\u017c jedna kapsu\u0142ka Cynku Biowen dziennie, by zaspokoi\u0107 dzienne zapotrzebowanie na cynk u osoby doros\u0142ej. Zalecamy jedn\u0105 kapsu\u0142k\u0119 dziennie spo\u017cy\u0107 wraz z posi\u0142kiem i nie przekracza\u0107 zalecanej porcji.<\/p>\n<p class=\"font-weight-bold mb-1\">Ingredients<\/p>\n<h2><strong>Zinc 3x Immunity \u2013 sk\u0142adniki<\/strong><\/h2>\n<p>Sk\u0142adniki: Cynk (cytrynian, pikolinian, diglicynian), inulina (korze\u0144 cykorii), otoczka kapsu\u0142ki: hydroksypropylometyloceluloza.<\/p>\n<table class=\"woocommerce-product-attributes shop_attributes table table-striped\">\n<tbody>\n<tr class=\"woocommerce-product-attributes-item woocommerce-product-attributes-item--attribute_pa_cecha-specjalna\">\n<th class=\"woocommerce-product-attributes-item__label\">Special Feature<\/th>\n<td class=\"woocommerce-product-attributes-item__value\">bez aromat\u00f3w, bez barwnik\u00f3w, bez konserwant\u00f3w, dla wegan, dla wegetarian<\/td>\n<\/tr>\n<tr class=\"woocommerce-product-attributes-item woocommerce-product-attributes-item--attribute_pa_dla-kogo\">\n<th class=\"woocommerce-product-attributes-item__label\">For whom<\/th>\n<td class=\"woocommerce-product-attributes-item__value\">for women, for men, for the elderly<\/td>\n<\/tr>\n<tr class=\"woocommerce-product-attributes-item woocommerce-product-attributes-item--attribute_pa_marka\">\n<th class=\"woocommerce-product-attributes-item__label\">Brand<\/th>\n<td class=\"woocommerce-product-attributes-item__value\">Biowen<\/td>\n<\/tr>\n<tr class=\"woocommerce-product-attributes-item woocommerce-product-attributes-item--attribute_pa_mineraly\">\n<th class=\"woocommerce-product-attributes-item__label\">Minera\u0142y<\/th>\n<td class=\"woocommerce-product-attributes-item__value\">Zinc<\/td>\n<\/tr>\n<tr class=\"woocommerce-product-attributes-item woocommerce-product-attributes-item--attribute_pa_opakowanie\">\n<th class=\"woocommerce-product-attributes-item__label\">Packaging<\/th>\n<td class=\"woocommerce-product-attributes-item__value\">Glass jar with metal lid<\/td>\n<\/tr>\n<tr class=\"woocommerce-product-attributes-item woocommerce-product-attributes-item--attribute_pa_pojemnosc\">\n<th class=\"woocommerce-product-attributes-item__label\">Container<\/th>\n<td class=\"woocommerce-product-attributes-item__value\">100 kapsu\u0142ek<\/td>\n<\/tr>\n<tr class=\"woocommerce-product-attributes-item woocommerce-product-attributes-item--attribute_pa_postac\">\n<th class=\"woocommerce-product-attributes-item__label\">Character<\/th>\n<td class=\"woocommerce-product-attributes-item__value\">kapsu\u0142ki<\/td>\n<\/tr>\n<tr class=\"woocommerce-product-attributes-item woocommerce-product-attributes-item--attribute_pa_sposob-aplikacji\">\n<th class=\"woocommerce-product-attributes-item__label\">Method of application<\/th>\n<td class=\"woocommerce-product-attributes-item__value\">inside<\/td>\n<\/tr>\n<tr class=\"woocommerce-product-attributes-item woocommerce-product-attributes-item--attribute_pa_termin\">\n<th class=\"woocommerce-product-attributes-item__label\">Term<\/th>\n<td class=\"woocommerce-product-attributes-item__value\">Long<\/td>\n<\/tr>\n<tr class=\"woocommerce-product-attributes-item woocommerce-product-attributes-item--attribute_pa_typ-produktu\">\n<th class=\"woocommerce-product-attributes-item__label\">Product Type<\/th>\n<td class=\"woocommerce-product-attributes-item__value\">food supplement<\/td>\n<\/tr>\n<tr class=\"woocommerce-product-attributes-item woocommerce-product-attributes-item--attribute_pa_wplyw-na-zdrowie\">\n<th class=\"woocommerce-product-attributes-item__label\">Health impact<\/th>\n<td class=\"woocommerce-product-attributes-item__value\">Funkcje poznawcze, Ochrona DNA, bia\u0142ek i lipid\u00f3w przed uszkodzeniem oksydacyjnym, Utrzymanie prawid\u0142owego stanu ko\u015bci, Utrzymanie prawid\u0142owego wzroku, Funkcjonowanie uk\u0142adu odporno\u015bciowego, Metabolizm kwas\u00f3w t\u0142uszczowych, Metabolizm kwasowo-zasadowy, Metabolizm witaminy A, P\u0142odno\u015b\u0107 i rozmna\u017canie, Synteza DNA i podzia\u0142y kom\u00f3rek, Udzia\u0142 w prawid\u0142owym metabolizmie w\u0119glowodan\u00f3w, Udzia\u0142 w prawid\u0142owym tworzeniu bia\u0142ek, Utrzymanie prawid\u0142owego osoczowego st\u0119\u017cenia testosteronu, Utrzymanie prawid\u0142owego stanu paznokci, Utrzymanie prawid\u0142owego stanu sk\u00f3ry<\/td>\n<\/tr>\n<\/tbody>\n<\/table>","protected":false},"excerpt":{"rendered":"<div id=\"tab-action_tab\" class=\"tab-content resp-tab-content resp-tab-content-active\" aria-labelledby=\"tab_item-2\">\n<h2><strong>Zinc 3x Immunity Biowen \u2013 w\u0142a\u015bciwo\u015bci cynku<\/strong><\/h2>\n<p>Cynk, b\u0119d\u0105cy g\u0142\u00f3wnym sk\u0142adnikiem suplementu Zinc 3x Immunity, to pierwiastek o kluczowym znaczeniu dla wielu proces\u00f3w zachodz\u0105cych w organizmie. Jego wszechstronne w\u0142a\u015bciwo\u015bci wp\u0142ywaj\u0105 pozytywnie na zdrowie i funkcjonowanie r\u00f3\u017cnych system\u00f3w. Poni\u017cej przedstawiamy szczeg\u00f3\u0142owy opis w\u0142a\u015bciwo\u015bci cynku:<\/p>\n<ul>\n<li aria-level=\"1\"><b>Funkcjonowanie uk\u0142adu odporno\u015bciowego:<\/b> cynk pe\u0142ni istotn\u0105 rol\u0119 w wsparciu uk\u0142adu odporno\u015bciowego. Dzia\u0142a wspomagaj\u0105c efektywno\u015b\u0107 reakcji immunologicznych.<\/li>\n<li aria-level=\"1\"><b>Synteza DNA i podzia\u0142y kom\u00f3rkowe:<\/b> cynk jest nieodzowny dla proces\u00f3w zwi\u0105zanych z syntez\u0105 DNA i podzia\u0142ami kom\u00f3rkowymi. Wp\u0142ywa na prawid\u0142owy rozw\u00f3j kom\u00f3rek, co jest istotne dla regeneracji tkanek oraz utrzymania integralno\u015bci genetycznej.<\/li>\n<li aria-level=\"1\"><b>Udzia\u0142 w prawid\u0142owym tworzeniu bia\u0142ek:<\/b> cynk pe\u0142ni kluczow\u0105 rol\u0119 w procesie syntezy bia\u0142ek, co ma znaczenie dla utrzymania w\u0142a\u015bciwej struktury kom\u00f3rkowej. Bia\u0142ka s\u0105 fundamentem wielu funkcji organizmu, od budowy tkanek po przekazywanie sygna\u0142\u00f3w mi\u0119dzy kom\u00f3rkami.<\/li>\n<li aria-level=\"1\"><b>Utrzymanie prawid\u0142owego stanu sk\u00f3ry:<\/b> cynk odgrywa istotn\u0105 rol\u0119 w utrzymaniu zdrowej sk\u00f3ry. Wp\u0142ywa na procesy zachodz\u0105ce na sk\u00f3rze, a tym samym pomaga zachowa\u0107 jej zdrowy wygl\u0105d.<\/li>\n<li aria-level=\"1\"><b>Ochrona DNA, bia\u0142ek i lipid\u00f3w przed uszkodzeniem oksydacyjnym:<\/b> jako naturalny antyoksydant, cynk chroni kom\u00f3rki przed szkodliwym dzia\u0142aniem wolnych rodnik\u00f3w. Zapobiega uszkodzeniom oksydacyjnym DNA, bia\u0142ek i lipid\u00f3w, co ma znacz\u0105cy wp\u0142yw na procesy starzenia si\u0119 organizmu.<\/li>\n<li aria-level=\"1\"><b>Utrzymanie prawid\u0142owego stanu ko\u015bci:<\/b> cynk wsp\u00f3\u0142pracuje z innymi minera\u0142ami, takimi jak wap\u0144 i magnez, w utrzymaniu zdrowych ko\u015bci. Bierze udzia\u0142 w procesach zwi\u0105zanych z mineralizacj\u0105 ko\u015bci, co jest kluczowe dla ich wytrzyma\u0142o\u015bci i struktury.<\/li>\n<li aria-level=\"1\"><b>Funkcje poznawcze:<\/b> badania wskazuj\u0105 na rol\u0119 cynku w funkcjach poznawczych, takich jak pami\u0119\u0107, koncentracja i procesy my\u015blowe. Uczestniczy w przekazywaniu sygna\u0142\u00f3w mi\u0119dzy neuronami, co mo\u017ce mie\u0107 wp\u0142yw na efektywno\u015b\u0107 pracy m\u00f3zgu.<\/li>\n<li aria-level=\"1\"><b>P\u0142odno\u015b\u0107 i rozmna\u017canie:<\/b> cynk jest istotny dla zdrowia uk\u0142adu rozrodczego zar\u00f3wno u m\u0119\u017cczyzn, jak i kobiet. Utrzymuje prawid\u0142owe st\u0119\u017cenie testosteronu, co wp\u0142ywa na funkcje reprodukcyjne i p\u0142odno\u015b\u0107.<\/li>\n<li aria-level=\"1\"><b>Utrzymanie prawid\u0142owego osoczowego st\u0119\u017cenia testosteronu:<\/b> cynk pe\u0142ni kluczow\u0105 rol\u0119 w regulacji poziomu testosteronu we krwi, co ma wp\u0142yw na zdrowie m\u0119skiego uk\u0142adu rozrodczego, a tak\u017ce na og\u00f3lny stan organizmu.<\/li>\n<li aria-level=\"1\"><b>Metabolizm kwas\u00f3w t\u0142uszczowych:<\/b> cynk uczestniczy w procesach metabolicznych zwi\u0105zanych z przemian\u0105 kwas\u00f3w t\u0142uszczowych, co mo\u017ce wp\u0142ywa\u0107 na poziom lipid\u00f3w we krwi i og\u00f3ln\u0105 kondycj\u0119 organizmu.<\/li>\n<li aria-level=\"1\"><b>Metabolizm kwasowo-zasadowy: <\/b>cynk odgrywa rol\u0119 w utrzymaniu r\u00f3wnowagi kwasowo-zasadowej organizmu, co jest istotne dla prawid\u0142owego funkcjonowania wielu proces\u00f3w fizjologicznych.<\/li>\n<li aria-level=\"1\"><b>Utrzymanie prawid\u0142owego wzroku:<\/b> cynk jest obecny w kom\u00f3rkach siatk\u00f3wki oka i bierze udzia\u0142 w procesach zwi\u0105zanych z utrzymaniem zdrowego wzroku. Mo\u017ce korzystnie wp\u0142ywa\u0107 na zapobieganie pewnym schorzeniom oczu.<\/li>\n<li aria-level=\"1\"><b>Metabolizm witaminy A:<\/b> cynk jest niezb\u0119dny do przekszta\u0142cania witaminy A w form\u0119, kt\u00f3r\u0105 organizm mo\u017ce wykorzysta\u0107. Witamina A jest kluczowa dla zdrowia oczu, sk\u00f3ry i uk\u0142adu odporno\u015bciowego.<\/li>\n<li aria-level=\"1\"><b>Udzia\u0142 w prawid\u0142owym metabolizmie w\u0119glowodan\u00f3w:<\/b> cynk odgrywa rol\u0119 w metabolizmie w\u0119glowodan\u00f3w, co jest istotne dla przemiany energii w organizmie.<\/li>\n<li aria-level=\"1\"><b>Utrzymanie prawid\u0142owego stanu paznokci i w\u0142os\u00f3w:<\/b> cynk ma wp\u0142yw na kondycj\u0119 paznokci i w\u0142os\u00f3w, wspieraj\u0105c ich zdrowy wzrost i struktur\u0119.<\/li>\n<li aria-level=\"1\"><b>Udzia\u0142 w prawid\u0142owym metabolizmie makrosk\u0142adnik\u00f3w:<\/b> cynk jest zaanga\u017cowany w procesy metaboliczne zwi\u0105zane z przyswajaniem makrosk\u0142adnik\u00f3w, takich jak bia\u0142ka, t\u0142uszcze i w\u0119glowodany.<\/li>\n<\/ul>\n<p>Podsumowuj\u0105c, cynk to pierwiastek o niezwykle wszechstronnych w\u0142a\u015bciwo\u015bciach, odgrywaj\u0105cy kluczow\u0105 rol\u0119 w utrzymaniu zdrowia i prawid\u0142owego funkcjonowania organizmu. Dlatego suplementacja Zinc 3x Immunity, bogatego w r\u00f3\u017cne formy cynku, mo\u017ce by\u0107 doskona\u0142ym wsparciem dla os\u00f3b dbaj\u0105cych o swoje zdrowie.<\/p>\n<\/div>","protected":false},"featured_media":4743,"template":"","meta":{"ocean_post_layout":"","ocean_both_sidebars_style":"","ocean_both_sidebars_content_width":0,"ocean_both_sidebars_sidebars_width":0,"ocean_sidebar":"0","ocean_second_sidebar":"0","ocean_disable_margins":"enable","ocean_add_body_class":"","ocean_shortcode_before_top_bar":"","ocean_shortcode_after_top_bar":"","ocean_shortcode_before_header":"","ocean_shortcode_after_header":"","ocean_has_shortcode":"","ocean_shortcode_after_title":"","ocean_shortcode_before_footer_widgets":"","ocean_shortcode_after_footer_widgets":"","ocean_shortcode_before_footer_bottom":"","ocean_shortcode_after_footer_bottom":"","ocean_display_top_bar":"default","ocean_display_header":"default","ocean_header_style":"","ocean_center_header_left_menu":"0","ocean_custom_header_template":"0","ocean_custom_logo":0,"ocean_custom_retina_logo":0,"ocean_custom_logo_max_width":0,"ocean_custom_logo_tablet_max_width":0,"ocean_custom_logo_mobile_max_width":0,"ocean_custom_logo_max_height":0,"ocean_custom_logo_tablet_max_height":0,"ocean_custom_logo_mobile_max_height":0,"ocean_header_custom_menu":"0","ocean_menu_typo_font_family":"0","ocean_menu_typo_font_subset":"","ocean_menu_typo_font_size":0,"ocean_menu_typo_font_size_tablet":0,"ocean_menu_typo_font_size_mobile":0,"ocean_menu_typo_font_size_unit":"px","ocean_menu_typo_font_weight":"","ocean_menu_typo_font_weight_tablet":"","ocean_menu_typo_font_weight_mobile":"","ocean_menu_typo_transform":"","ocean_menu_typo_transform_tablet":"","ocean_menu_typo_transform_mobile":"","ocean_menu_typo_line_height":0,"ocean_menu_typo_line_height_tablet":0,"ocean_menu_typo_line_height_mobile":0,"ocean_menu_typo_line_height_unit":"","ocean_menu_typo_spacing":0,"ocean_menu_typo_spacing_tablet":0,"ocean_menu_typo_spacing_mobile":0,"ocean_menu_typo_spacing_unit":"","ocean_menu_link_color":"","ocean_menu_link_color_hover":"","ocean_menu_link_color_active":"","ocean_menu_link_background":"","ocean_menu_link_hover_background":"","ocean_menu_link_active_background":"","ocean_menu_social_links_bg":"","ocean_menu_social_hover_links_bg":"","ocean_menu_social_links_color":"","ocean_menu_social_hover_links_color":"","ocean_disable_title":"default","ocean_disable_heading":"default","ocean_post_title":"","ocean_post_subheading":"","ocean_post_title_style":"","ocean_post_title_background_color":"","ocean_post_title_background":0,"ocean_post_title_bg_image_position":"","ocean_post_title_bg_image_attachment":"","ocean_post_title_bg_image_repeat":"","ocean_post_title_bg_image_size":"","ocean_post_title_height":0,"ocean_post_title_bg_overlay":0.5,"ocean_post_title_bg_overlay_color":"","ocean_disable_breadcrumbs":"default","ocean_breadcrumbs_color":"","ocean_breadcrumbs_separator_color":"","ocean_breadcrumbs_links_color":"","ocean_breadcrumbs_links_hover_color":"","ocean_display_footer_widgets":"default","ocean_display_footer_bottom":"default","ocean_custom_footer_template":"0"},"product_brand":[],"product_cat":[79,22],"product_tag":[],"class_list":{"0":"post-4742","1":"product","2":"type-product","3":"status-publish","4":"has-post-thumbnail","6":"product_cat-biowen","7":"product_cat-suplementy-i-witaminy","9":"entry","10":"has-media","12":"first","13":"instock","14":"shipping-taxable","15":"purchasable","16":"product-type-simple","17":"has-product-nav","18":"col","19":"span_1_of_3","20":"owp-content-left","21":"owp-thumbs-layout-horizontal","22":"owp-btn-normal","23":"owp-tabs-layout-horizontal","24":"has-no-thumbnails"},"_links":{"self":[{"href":"https:\/\/ecocorner.eu\/en\/wp-json\/wp\/v2\/product\/4742","targetHints":{"allow":["GET"]}}],"collection":[{"href":"https:\/\/ecocorner.eu\/en\/wp-json\/wp\/v2\/product"}],"about":[{"href":"https:\/\/ecocorner.eu\/en\/wp-json\/wp\/v2\/types\/product"}],"version-history":[{"count":2,"href":"https:\/\/ecocorner.eu\/en\/wp-json\/wp\/v2\/product\/4742\/revisions"}],"predecessor-version":[{"id":4745,"href":"https:\/\/ecocorner.eu\/en\/wp-json\/wp\/v2\/product\/4742\/revisions\/4745"}],"wp:featuredmedia":[{"embeddable":true,"href":"https:\/\/ecocorner.eu\/en\/wp-json\/wp\/v2\/media\/4743"}],"wp:attachment":[{"href":"https:\/\/ecocorner.eu\/en\/wp-json\/wp\/v2\/media?parent=4742"}],"wp:term":[{"taxonomy":"product_brand","embeddable":true,"href":"https:\/\/ecocorner.eu\/en\/wp-json\/wp\/v2\/product_brand?post=4742"},{"taxonomy":"product_cat","embeddable":true,"href":"https:\/\/ecocorner.eu\/en\/wp-json\/wp\/v2\/product_cat?post=4742"},{"taxonomy":"product_tag","embeddable":true,"href":"https:\/\/ecocorner.eu\/en\/wp-json\/wp\/v2\/product_tag?post=4742"}],"curies":[{"name":"wp","href":"https:\/\/api.w.org\/{rel}","templated":true}]}}