{"id":4755,"date":"2024-01-26T10:38:13","date_gmt":"2024-01-26T10:38:13","guid":{"rendered":"https:\/\/ecocorner.eu\/?post_type=product&#038;p=4755"},"modified":"2025-08-09T14:07:11","modified_gmt":"2025-08-09T14:07:11","slug":"hemp-king-konopny-krem-do-rak-z-cbd-o-zapachu-wanilii-i-pomaranczy-50-ml","status":"publish","type":"product","link":"https:\/\/ecocorner.eu\/en\/product\/hemp-king-konopny-krem-do-rak-z-cbd-o-zapachu-wanilii-i-pomaranczy-50-ml\/","title":{"rendered":"Hemp King    Konopny krem do r\u0105k z CBD o zapachu wanilii i pomara\u0144czy  50 ml"},"content":{"rendered":"<div id=\"tab-action_tab\" class=\"tab-content resp-tab-content resp-tab-content-active\" aria-labelledby=\"tab_item-2\">\n<h2>W\u0142a\u015bciwo\u015bci kremu do r\u0105k konopnego o zapachu wanilii z pomara\u0144cz\u0105 HempKing<\/h2>\n<p>To krem do r\u0105k stworzony po to, by spe\u0142ni\u0107 oczekiwania nawet najbardziej wymagaj\u0105cych u\u017cytkownik\u00f3w. Koi, nawil\u017ca, \u0142agodzi, wspiera regeneracj\u0119 sk\u00f3ry. A do tego jest bogaty w naturalne sk\u0142adniki, kt\u00f3re \u015bwietnie piel\u0119gnuj\u0105 sk\u00f3r\u0119 d\u0142oni i na d\u0142ugo pozostawiaj\u0105 je przyjemnymi w dotyku. Nie zawiera paraben\u00f3w, sztucznych konserwant\u00f3w, barwnik\u00f3w czy substancji aromatyzuj\u0105cych. Za to znajdziesz w nim moc mase\u0142 i olei, kt\u00f3re zachowuj\u0105 pe\u0142ni\u0119 swoich w\u0142a\u015bciwo\u015bci, dzi\u0119ki t\u0142oczeniu na zimno i braku rafinacji.<\/p>\n<h2>W\u0142a\u015bciwo\u015bci sk\u0142adnik\u00f3w kremu do r\u0105k z CBD i pomara\u0144cz\u0105 HempKing<\/h2>\n<p>Dzia\u0142anie naszego kremu do r\u0105k z CBD opiera si\u0119 na wyj\u0105tkowych sk\u0142adnikach, kt\u00f3re dobrali\u015bmy specjalnie po to, by da\u0142y Ci wszystko co najlepsze i doskonale zadba\u0142y o wizyt\u00f3wk\u0119, jak\u0105 s\u0105 Twoje d\u0142onie.<\/p>\n<p><strong><a href=\"https:\/\/hempking.eu\/pl\/skladniki\/maslo-shea\/\" target=\"_blank\" rel=\"noopener\">Shea Butter<\/a> - properties<\/strong><\/p>\n<p>Chroni i zabezpiecza delikatn\u0105 sk\u00f3r\u0119 r\u0105k. Ma te\u017c dzia\u0142anie od\u017cywiaj\u0105ce dla paznokci, pozostawia je pi\u0119knie b\u0142yszcz\u0105cymi! Wykorzystali\u015bmy nierafinowane mas\u0142o.<\/p>\n<p><strong><a href=\"https:\/\/hempking.eu\/pl\/skladniki\/trojgliceryd-kaprylowo-kaprynowy\/\" target=\"_blank\" rel=\"noopener\">Tr\u00f3jgliceryd kaprylowo-kaprynowy<\/a> (emolient) \u2013 w\u0142a\u015bciwo\u015bci<\/strong><\/p>\n<p>Sk\u0142adnik akceptowany przez jednostki zajmuj\u0105ce si\u0119 certyfikacj\u0105 naturalnych kosmetyk\u00f3w. Nawil\u017ca sk\u00f3r\u0119, zapobiega nadmiernemu odparowaniu z niej wody. Ma tak\u017ce dzia\u0142anie zmi\u0119kczaj\u0105ce sk\u00f3r\u0119.<\/p>\n<p><strong><a href=\"https:\/\/hempking.eu\/pl\/skladniki\/gliceryna\/\" target=\"_blank\" rel=\"noopener\">Glycerin<\/a> - properties<\/strong><\/p>\n<p>Sk\u0142adnik, kt\u00f3ry pomaga innym sk\u0142adnikom przemie\u015bci\u0107 si\u0119 dok\u0142adnie tam, gdzie maj\u0105 w nask\u00f3rku! To dzi\u0119ki niej sk\u00f3ra jest g\u0142adka, przyjemna w dotyku i elastyczna! Cz\u0119sto jest tak\u017ce stosowana w kosmetykach s\u0142u\u017c\u0105cych regeneracji sk\u00f3ry.<\/p>\n<p><strong><a href=\"https:\/\/hempking.eu\/pl\/skladniki\/olej-z-nasion-winogron\/\" target=\"_blank\" rel=\"noopener\">Olej z nasion winogron<\/a> - properties<\/strong><\/p>\n<p>Zawiera witaminy m\u0142odo\u015bci \u2013 zar\u00f3wno witamin\u0119 A, jak i witamin\u0119 E. W jego sk\u0142adzie znajdziemy r\u00f3wnie\u017c nienasycone kwasy t\u0142uszczowe. Ma dzia\u0142anie od\u015bwie\u017caj\u0105ce, nawil\u017caj\u0105ce, nadaje sk\u00f3rze elastyczno\u015bci i j\u0119drno\u015bci.<\/p>\n<p><strong><a href=\"https:\/\/hempking.eu\/pl\/skladniki\/olej-z-lusek-oliwek\/\" target=\"_blank\" rel=\"noopener\">Olej z \u0142usek oliwek<\/a> \u2013 w\u0142a\u015bciwo\u015bcii<\/strong><\/p>\n<p>Ten sk\u0142adnik ma za zadanie nat\u0142u\u015bci\u0107 Twoj\u0105 sk\u00f3r\u0119, nada\u0107 jej g\u0142adko\u015bci i wspom\u00f3c jej regeneracj\u0119. To \u017ar\u00f3d\u0142o cennego dla sk\u00f3ry skwalenu!<\/p>\n<p><strong><a href=\"https:\/\/hempking.eu\/pl\/skladniki\/oliwa-z-oliwek\/\" target=\"_blank\" rel=\"noopener\">Olive oil<\/a> - properties<\/strong><\/p>\n<p>Oliwa z oliwek to sk\u0142adnik w piel\u0119gnacji stosowany i doceniany od wiek\u00f3w! Cz\u0119sto mo\u017cna j\u0105 spotka\u0107 w kosmetykach przeznaczonych do piel\u0119gnacji sk\u00f3ry z egzem\u0105, AZS czy \u0142uszczyc\u0105. To wszystko za spraw\u0105 jej regeneracyjnego dzia\u0142ania.<\/p>\n<p><strong><a href=\"https:\/\/hempking.eu\/pl\/skladniki\/cytrynian-stearynianu-gliceryny\/\" target=\"_blank\" rel=\"noopener\">Cytrynian stearynianiu gliceryny<\/a> - properties<\/strong><\/p>\n<p>Ro\u015blinna substancja, cz\u0119sto pojawiaj\u0105ca si\u0119 w r\u00f3\u017cnego rodzaju kremach, r\u00f3wnie\u017c tych do d\u0142oni. Jej zadaniem jest zmi\u0119kczanie nask\u00f3rka. Ma pochodzenie ro\u015blinne.<\/p>\n<p><strong><a href=\"https:\/\/hempking.eu\/pl\/skladniki\/stearynian-glicerolu-se\/\" target=\"_blank\" rel=\"noopener\">Stearynian glicerolu se<\/a> (emolient) \u2013 w\u0142a\u015bciwo\u015bci<\/strong><\/p>\n<p>To tak zwany emolient, czyli substancja, kt\u00f3ra ma za zadanie stworzy\u0107 ochronn\u0105 warstw\u0119 na sk\u00f3rze, by zapobiega\u0107 przesuszaniu si\u0119 nask\u00f3rka.<\/p>\n<p><strong><a href=\"https:\/\/hempking.eu\/pl\/skladniki\/olej-z-nasion-konopi-siewnych\/\" target=\"_blank\" rel=\"noopener\">Olej z nasion konopi siewnych<\/a> - properties<\/strong><\/p>\n<p>To nieocenione \u017ar\u00f3d\u0142o nienasyconych kwas\u00f3w t\u0142uszczowych, kt\u00f3re zawiera w proporcjach, jakie s\u0105 dla sk\u00f3ry bardzo korzystne! Dzia\u0142a przeciwzapalnie, ochronnie na barier\u0119 hydrolipidow\u0105. Mo\u017cna go stosowa\u0107 nawet na podra\u017cnion\u0105 sk\u00f3r\u0119 \u2013 ma dzia\u0142anie \u0142agodz\u0105ce!<\/p>\n<p><strong><a href=\"https:\/\/hempking.eu\/pl\/skladniki\/olej-z-orzechow-babassu\/\" target=\"_blank\" rel=\"noopener\">Olej z orzech\u00f3w babassu<\/a> - properties<\/strong><\/p>\n<p>Olej, kt\u00f3ry bardziej przypomina jednak mas\u0142o, je\u015bli chodzi o konsystencj\u0119. Jest idealny w kosmetykach do r\u0105k, poniewa\u017c nie zostawia t\u0142ustej warstwy na sk\u00f3rze. Daje uczucie wyg\u0142adzenia nask\u00f3rka.<\/p>\n<p><strong><a href=\"https:\/\/hempking.eu\/pl\/skladniki\/olej-rycynowy\/\" target=\"_blank\" rel=\"noopener\">Castor Oil <\/a>- properties<\/strong><\/p>\n<p>Kto nie s\u0142ysza\u0142 o piel\u0119gnacji olejem rycynowym? Znany od lat olejek rycynowy nie tylko ma dzia\u0142anie nawil\u017caj\u0105ce, ale r\u00f3wnie\u017c nab\u0142yszczaj\u0105ce, dzi\u0119ki czemu nasz krem dzia\u0142a r\u00f3wnie\u017c korzystnie na paznokcie.<\/p>\n<p><strong><a href=\"https:\/\/hempking.eu\/pl\/skladniki\/pantenol\/\" target=\"_blank\" rel=\"noopener\">Panthenol<\/a> - properties<\/strong><\/p>\n<p>Doskonale sprawdza si\u0119 w piel\u0119gnacji nawet uszkodzonej sk\u00f3ry. Mo\u017cna go bez przeszk\u00f3d stosowa\u0107 na sk\u00f3r\u0119 wra\u017cliw\u0105, dotkni\u0119t\u0105 egzem\u0105, \u0142uszczyc\u0105 czy atopow\u0105. Cz\u0119sto mo\u017cna go spotka\u0107 w sk\u0142adzie kosmetyk\u00f3w do piel\u0119gnacji sk\u00f3ry dotkni\u0119tej oparzeniem s\u0142onecznym.<\/p>\n<p><strong><a href=\"https:\/\/hempking.eu\/pl\/skladniki\/maslo-mango\/\" target=\"_blank\" rel=\"noopener\">Mango butter<\/a> - properties<\/strong><\/p>\n<p>\u0141agodz\u0105ce mas\u0142o mango \u015bwietnie nawil\u017ca sk\u00f3r\u0119. Zawiera r\u00f3wnie\u017c trzy wa\u017cne w piel\u0119gnacji kwasy: palmitynowy, linolowy oraz oleinowy. Sprawdza si\u0119 w piel\u0119gnacji sk\u00f3ry przesuszonej i bardzo suchej!<\/p>\n<p><strong><a href=\"https:\/\/hempking.eu\/pl\/skladniki\/olej-kokosowy\/\" target=\"_blank\" rel=\"noopener\">Coconut Oil <\/a>- properties<\/strong><\/p>\n<p>Substancja silnie nat\u0142uszczaj\u0105ca, kt\u00f3ra tworzy ochronn\u0105 warstw\u0119 na powierzchni sk\u00f3ry. Je\u015bli czujesz, \u017ce Twoja sk\u00f3ra jest \u015bci\u0105gni\u0119ta, to b\u0119dzie idealnie niwelowa\u0142 te nieprzyjemne uczucie.<\/p>\n<p><strong><a href=\"https:\/\/hempking.eu\/pl\/skladniki\/alantoina\/\" target=\"_blank\" rel=\"noopener\">Allantoin<\/a> - properties<\/strong><\/p>\n<p>Ma dzia\u0142anie \u0142agodz\u0105ce, a tak\u017ce przeciwzapalne. Nie tylko nawil\u017ca, ale te\u017c pomaga nask\u00f3rkowi w regeneracji.<\/p>\n<p><strong><a href=\"https:\/\/hempking.eu\/pl\/skladniki\/witamina-c\/\" target=\"_blank\" rel=\"noopener\">Vitamin C<\/a> - properties<\/strong><\/p>\n<p>Ma rozja\u015bniaj\u0105ce dzia\u0142anie na sk\u00f3r\u0119, hamuje powstawanie plamek, kt\u00f3re mog\u0105 pojawi\u0107 si\u0119 po ekspozycji na s\u0142o\u0144ce! To naturalny przeciwutleniacz, a tak\u017ce wsparcie naczy\u0144 krwiono\u015bnych.<\/p>\n<p><strong><a href=\"https:\/\/hempking.eu\/pl\/skladniki\/witamina-e\/\" target=\"_blank\" rel=\"noopener\">Vitamin E<\/a> - properties<\/strong><\/p>\n<p>Naturalna substancja konserwuj\u0105ca dla kosmetyku, kt\u00f3ra ma tak\u017ce korzystny wp\u0142yw na sk\u00f3r\u0119. Jest nazywana witamin\u0105 m\u0142odo\u015bci.<\/p>\n<p><strong>Alkohol cetylowy \u2013 w\u0142a\u015bciwo\u015bci<\/strong><\/p>\n<p>Nadaje jedwabistej g\u0142adko\u015bci sk\u00f3rze, zapobiega jej nadmiernemu wysychaniu. Zapobiega odparowaniu wody z nask\u00f3rka, dzi\u0119ki czemu pomaga naszym d\u0142oniom by\u0107 nawil\u017conymi na d\u0142u\u017cej.<\/p>\n<p><strong><a href=\"https:\/\/hempking.eu\/pl\/skladniki\/olejek-ze-slodkiej-pomaranczy-chinskiej\/\" target=\"_blank\" rel=\"noopener\">Olejek ze s\u0142odkiej pomara\u0144czy chi\u0144skiej <\/a>- properties<\/strong><\/p>\n<p>Naturalny, wysokiej jako\u015bci olejek eteryczny, dzi\u0119ki kt\u00f3remu nasz krem pachnie tak, \u017ce chce si\u0119 wzi\u0105\u0107 \u0142y\u017ck\u0119 i go zje\u015b\u0107!<\/p>\n<p><strong><a href=\"https:\/\/hempking.eu\/pl\/skladniki\/olej-z-wanilii\/\" target=\"_blank\" rel=\"noopener\">Olej z wanilii<\/a> - properties<\/strong><\/p>\n<p>Druga z substancji zapachowych, r\u00f3wnie\u017c pod postaci\u0105 olejku eterycznego, kt\u00f3ry cechuje wysoka jako\u015b\u0107. Olej z wanilii uznawany jest za afrodyzjak.<\/p>\n<p><strong><a href=\"https:\/\/hempking.eu\/pl\/skladniki\/guma-ksantanowa\/\" target=\"_blank\" rel=\"noopener\">Guma ksantanowa<\/a> - properties<\/strong><\/p>\n<p>Zag\u0119szcza kosmetyk i pomaga regulowa\u0107 pH.<\/p>\n<p><strong><a href=\"https:\/\/hempking.eu\/pl\/skladniki\/kwas-hialuronowy\/\" target=\"_blank\" rel=\"noopener\">Hyaluronic Acid<\/a> - properties<\/strong><\/p>\n<p>Wraz z emolientami silnie wi\u0105\u017ce wod\u0119 w sk\u00f3rze, dzi\u0119ki czemu jest ona nawil\u017cona. Cz\u0119sto stosowany jest w kosmetykach odm\u0142adzaj\u0105cych.<\/p>\n<p><strong><a href=\"https:\/\/hempking.eu\/pl\/skladniki\/kwas-cytrynowy\/\" target=\"_blank\" rel=\"noopener\">Kwas cytrynowy<\/a> - properties<\/strong><\/p>\n<p>To naturalna substancja konserwuj\u0105ca, kt\u00f3ra na sk\u00f3r\u0119 dzia\u0142a rozja\u015bniaj\u0105co. Pomaga tak\u017ce w usuwaniu zb\u0119dnego, martwego nask\u00f3rka.<\/p>\n<div id=\"tab-work_tab\" class=\"tab-content resp-tab-content resp-tab-content-active\" aria-labelledby=\"tab_item-4\">\n<h2>Jak stosowa\u0107 konopny krem do r\u0105k z CBD i pomara\u0144cz\u0105 HempKing?<\/h2>\n<p>Krem konopny do r\u0105k z CBD o zapachu wanilii i pomara\u0144czy nale\u017cy stosowa\u0107 przede wszystkim na czyst\u0105 sk\u00f3r\u0119. Niewielk\u0105 ilo\u015b\u0107 produktu wmasuj lub wklep w d\u0142onie i odczekaj chwileczk\u0119, a\u017c si\u0119 wch\u0142onie.<\/p>\n<p>Krem nie zostawia t\u0142ustej warstwy na sk\u00f3rze. Po na\u0142o\u017ceniu mo\u017cesz wr\u00f3ci\u0107 do codziennych obowi\u0105zk\u00f3w. Krem mo\u017cesz te\u017c stosowa\u0107 pod r\u0119kawiczki piel\u0119gnacyjne. Wystarczy, \u017ce na\u0142o\u017cysz grubsz\u0105 warstw\u0119 kremu na r\u0119ce, a nast\u0119pnie ubierzesz r\u0119kawiczki. Taki zabieg dobrze jest wykonywa\u0107 na noc.<\/p>\n<div id=\"tab-composition_tab\" class=\"tab-content resp-tab-content resp-tab-content-active\" aria-labelledby=\"tab_item-1\">\n<p class=\"font-weight-bold mb-1\">Composition of INCI<\/p>\n<p><strong>INCI:<\/strong> Aqua, Butyrospermum Parkii Butter, Caprylic\/Capric Triglyceride, Gliceryn, Vitis Vinifera Seed Oil, Olea Europaea Husk Oil, Olea Europaea Oil, glyceryl stearate citrate, glyceryl stearate se, argania spinosa kernel oil and olus oil, Cannabis Sativa (Hemp) Seed Oil, Orbignya Oleifera (Babassu) Oil, Ricinus Communis Seed Oil, Panthenol, Mangifera Indica Seed Butter, Cocos Nucifera Oil, Allantoin, Ascorbic Acid, Tocopheryl Acetate, Cetyl Alcohol, Cymbopogon Flexuosus Oil, Xanthan Gum, Hyaluronate Acid, Citrid Acid<\/p>\n<p class=\"font-weight-bold mb-1\">Ingredients<\/p>\n<p><b>Composition: <\/b>\u00a0Woda, Mas\u0142o shea, Tr\u00f3jgliceryd kaprylowo-kaprynowy, Gliceryna, Olej z nasion winogron, Olej z \u0142usek oliwek, Oliwa z oliwek, Cytrynian stearynianiu gliceryn, Stearynian glicerolu se, Olej z nasion konopi siewnych, Olej z orzech\u00f3w babassu, Olej rycynowy, Pantenol, Mas\u0142o mango, Olej kokosowy, Alantoina, Witamina C, Witamina E, Alkohol cetylowy, Olejek ze s\u0142odkiej pomara\u0144czy chi\u0144skiej, Olej z wanilii, Guma ksantanowa, Kwas hialuronowy, Kwas cytrynowy<\/p>\n<p class=\"font-weight-bold mb-1\">Country of origin<\/p>\n<p>Poland<\/p>\n<div id=\"tab-composition_tab\" class=\"tab-content resp-tab-content resp-tab-content-active\" aria-labelledby=\"tab_item-1\">\n<p>&nbsp;<\/p>\n<\/div>\n<\/div>\n<\/div>\n<\/div>","protected":false},"excerpt":{"rendered":"<div id=\"tab-description\" class=\"tab-content resp-tab-content resp-tab-content-active\" aria-labelledby=\"tab_item-0\">\n<h2>Krem konopny do r\u0105k o zapachu wanilii z pomara\u0144cz\u0105 HempKing<\/h2>\n<p>Ten krem konopny do r\u0105k o zapachu wanilii z pomara\u0144cz\u0105 pachnie jak najlepszy sernik na \u015bwi\u0119ta. Ale przy tym nie zostawia lepkiej warstwy na sk\u00f3rze i szybko si\u0119 wch\u0142ania! Konopny krem do r\u0105k o zapachu wanilii z pomara\u0144cz\u0105 to po\u0142\u0105czenie wysoko nawil\u017caj\u0105cych sk\u0142adnik\u00f3w, kt\u00f3re wsp\u00f3lnie tworz\u0105 przyjemny i lekki krem, kt\u00f3ry mo\u017cesz stosowa\u0107 na co dzie\u0144 i mie\u0107 go zawsze przy sobie. Krem do r\u0105k konopny o zapachu wanilii z pomara\u0144cz\u0105 piel\u0119gnuje d\u0142onie, kt\u00f3re codziennie s\u0105 nara\u017cone na niekorzystne warunki pogodowe, cz\u0119ste mycie, r\u00f3\u017cnego rodzaju \u015brodki czyszcz\u0105ce czy dezynfekuj\u0105ce. Jego dzia\u0142anie mo\u017cna por\u00f3wna\u0107 do delikatnej, niewidzialnej r\u0119kawiczki, kt\u00f3ra g\u0142\u0119boko nawil\u017cy sk\u00f3r\u0119 Twoich d\u0142oni. Mo\u017cesz go tak\u017ce u\u017cywa\u0107 do piel\u0119gnacji sk\u00f3rek i paznokci!<\/p>\n<h2>Dlaczego warto wypr\u00f3bowa\u0107 konopny krem do r\u0105k z pomara\u0144cz\u0105 Hempking?<\/h2>\n<p>Krem do r\u0105k z CBD i pomara\u0144cz\u0105 to produkt, kt\u00f3ry pokochasz od pierwszego u\u017cycia. Nie tylko ze wzgl\u0119du na pi\u0119kny zapach i dzia\u0142anie, ale tak\u017ce dlatego, \u017ce powsta\u0142 z wysokiej jako\u015bci sk\u0142adnik\u00f3w. Szybko stanie si\u0119 Twoim ulubie\u0144cem! To, co sprawia, \u017ce warto go wypr\u00f3bowa\u0107 to przede wszystkim:<\/p>\n<ul>\n<li>formu\u0142a wzbogacona olejem konopnym,<\/li>\n<li>\u0142agodz\u0105co-piel\u0119gnuj\u0105ca mieszanka mase\u0142 i olei t\u0142oczonych na zimno i nierafinowanych,<\/li>\n<li>szybko\u015b\u0107, z jak\u0105 si\u0119 wchania, bez t\u0142ustego filtru pozostawionego na sk\u00f3rze,<\/li>\n<li>cudowne uczucie nawil\u017cenia i regeneracji nask\u00f3rka na d\u0142oniach.<\/li>\n<\/ul>\n<\/div>","protected":false},"featured_media":4756,"template":"","meta":{"ocean_post_layout":"","ocean_both_sidebars_style":"","ocean_both_sidebars_content_width":0,"ocean_both_sidebars_sidebars_width":0,"ocean_sidebar":"0","ocean_second_sidebar":"0","ocean_disable_margins":"enable","ocean_add_body_class":"","ocean_shortcode_before_top_bar":"","ocean_shortcode_after_top_bar":"","ocean_shortcode_before_header":"","ocean_shortcode_after_header":"","ocean_has_shortcode":"","ocean_shortcode_after_title":"","ocean_shortcode_before_footer_widgets":"","ocean_shortcode_after_footer_widgets":"","ocean_shortcode_before_footer_bottom":"","ocean_shortcode_after_footer_bottom":"","ocean_display_top_bar":"default","ocean_display_header":"default","ocean_header_style":"","ocean_center_header_left_menu":"0","ocean_custom_header_template":"0","ocean_custom_logo":0,"ocean_custom_retina_logo":0,"ocean_custom_logo_max_width":0,"ocean_custom_logo_tablet_max_width":0,"ocean_custom_logo_mobile_max_width":0,"ocean_custom_logo_max_height":0,"ocean_custom_logo_tablet_max_height":0,"ocean_custom_logo_mobile_max_height":0,"ocean_header_custom_menu":"0","ocean_menu_typo_font_family":"0","ocean_menu_typo_font_subset":"","ocean_menu_typo_font_size":0,"ocean_menu_typo_font_size_tablet":0,"ocean_menu_typo_font_size_mobile":0,"ocean_menu_typo_font_size_unit":"px","ocean_menu_typo_font_weight":"","ocean_menu_typo_font_weight_tablet":"","ocean_menu_typo_font_weight_mobile":"","ocean_menu_typo_transform":"","ocean_menu_typo_transform_tablet":"","ocean_menu_typo_transform_mobile":"","ocean_menu_typo_line_height":0,"ocean_menu_typo_line_height_tablet":0,"ocean_menu_typo_line_height_mobile":0,"ocean_menu_typo_line_height_unit":"","ocean_menu_typo_spacing":0,"ocean_menu_typo_spacing_tablet":0,"ocean_menu_typo_spacing_mobile":0,"ocean_menu_typo_spacing_unit":"","ocean_menu_link_color":"","ocean_menu_link_color_hover":"","ocean_menu_link_color_active":"","ocean_menu_link_background":"","ocean_menu_link_hover_background":"","ocean_menu_link_active_background":"","ocean_menu_social_links_bg":"","ocean_menu_social_hover_links_bg":"","ocean_menu_social_links_color":"","ocean_menu_social_hover_links_color":"","ocean_disable_title":"default","ocean_disable_heading":"default","ocean_post_title":"","ocean_post_subheading":"","ocean_post_title_style":"","ocean_post_title_background_color":"","ocean_post_title_background":0,"ocean_post_title_bg_image_position":"","ocean_post_title_bg_image_attachment":"","ocean_post_title_bg_image_repeat":"","ocean_post_title_bg_image_size":"","ocean_post_title_height":0,"ocean_post_title_bg_overlay":0.5,"ocean_post_title_bg_overlay_color":"","ocean_disable_breadcrumbs":"default","ocean_breadcrumbs_color":"","ocean_breadcrumbs_separator_color":"","ocean_breadcrumbs_links_color":"","ocean_breadcrumbs_links_hover_color":"","ocean_display_footer_widgets":"default","ocean_display_footer_bottom":"default","ocean_custom_footer_template":"0"},"product_brand":[],"product_cat":[32],"product_tag":[],"class_list":{"0":"post-4755","1":"product","2":"type-product","3":"status-publish","4":"has-post-thumbnail","6":"product_cat-dlonie-i-stopy","8":"entry","9":"has-media","11":"first","12":"outofstock","13":"shipping-taxable","14":"purchasable","15":"product-type-simple","16":"has-product-nav","17":"col","18":"span_1_of_3","19":"owp-content-left","20":"owp-thumbs-layout-horizontal","21":"owp-btn-normal","22":"owp-tabs-layout-horizontal"},"_links":{"self":[{"href":"https:\/\/ecocorner.eu\/en\/wp-json\/wp\/v2\/product\/4755","targetHints":{"allow":["GET"]}}],"collection":[{"href":"https:\/\/ecocorner.eu\/en\/wp-json\/wp\/v2\/product"}],"about":[{"href":"https:\/\/ecocorner.eu\/en\/wp-json\/wp\/v2\/types\/product"}],"version-history":[{"count":1,"href":"https:\/\/ecocorner.eu\/en\/wp-json\/wp\/v2\/product\/4755\/revisions"}],"predecessor-version":[{"id":4758,"href":"https:\/\/ecocorner.eu\/en\/wp-json\/wp\/v2\/product\/4755\/revisions\/4758"}],"wp:featuredmedia":[{"embeddable":true,"href":"https:\/\/ecocorner.eu\/en\/wp-json\/wp\/v2\/media\/4756"}],"wp:attachment":[{"href":"https:\/\/ecocorner.eu\/en\/wp-json\/wp\/v2\/media?parent=4755"}],"wp:term":[{"taxonomy":"product_brand","embeddable":true,"href":"https:\/\/ecocorner.eu\/en\/wp-json\/wp\/v2\/product_brand?post=4755"},{"taxonomy":"product_cat","embeddable":true,"href":"https:\/\/ecocorner.eu\/en\/wp-json\/wp\/v2\/product_cat?post=4755"},{"taxonomy":"product_tag","embeddable":true,"href":"https:\/\/ecocorner.eu\/en\/wp-json\/wp\/v2\/product_tag?post=4755"}],"curies":[{"name":"wp","href":"https:\/\/api.w.org\/{rel}","templated":true}]}}