{"id":4779,"date":"2024-01-26T11:54:33","date_gmt":"2024-01-26T11:54:33","guid":{"rendered":"https:\/\/ecocorner.eu\/?post_type=product&#038;p=4779"},"modified":"2025-01-09T15:46:53","modified_gmt":"2025-01-09T15:46:53","slug":"hemp-king-witamina-e-complex-full-spectrum-w-kroplach-w-bio-oleju-konopnym-30-ml","status":"publish","type":"product","link":"https:\/\/ecocorner.eu\/en\/product\/hemp-king-witamina-e-complex-full-spectrum-w-kroplach-w-bio-oleju-konopnym-30-ml\/","title":{"rendered":"Hemp King   Witamina E Complex, Full Spectrum w kroplach w bio oleju konopnym &#8211; 30 ml"},"content":{"rendered":"<h2>Witamina E Complex, Full Spectrum w kroplach w bio oleju konopnym \u2013 30 ml<\/h2>\n<p>Wysoko bioaktywna naturalna <b>witamina E<\/b> w kroplach, w bio oleju konopnym! Swoj\u0105 bioaktywno\u015b\u0107 (czyli wysokie wch\u0142anianie si\u0119 w organizmie) zawdzi\u0119cza wyj\u0105tkowej formule EVNol SupraBio\u2122. Zawiera pe\u0142ne ca\u0142kowite spektrum tokotrienoli i tokoferoli. <b>Witamina E EVNol<\/b>\u2122 to opatentowana formu\u0142a, kt\u00f3ra sprawia, \u017ce ca\u0142y kompleks substancji wch\u0142ania si\u0119 a\u017c 300% lepiej do organizmu ni\u017c inne! Dzi\u0119ki temu nagromadzenie tych cennych sk\u0142adnik\u00f3w w naszym organizmie jest wi\u0119ksze. Tokoferole i tokotrienole w pe\u0142nym spektrum w formule EVNol SupraBio\u2122 s\u0105 wydobywane z owoc\u00f3w palmy gwinejskiej. Ta <b>witamina E<\/b> ma bardzo wysok\u0105 biodost\u0119pno\u015b\u0107 i jest skutecznym suplementem! Jak wyj\u0105tkowy sk\u0142ad ma ta <b>witamina E? Na co<\/b> sk\u0142ada si\u0119 jej pe\u0142na struktura? Poza wspomnianymi tokoferolami i tokotrienolami zawiera tak\u017ce takie substancje jak skwalen ro\u015blinny, fitosterole czy koenzym Q10, a tak\u017ce mieszanin\u0119 karotenoid\u00f3w. <b>Witamina E EVNol<\/b>\u2122 jest witamin\u0105 full spectrum, posiada bardzo korzystny stosunek alfa-, beta-, gamma- i delta-tokotrienoli \u2013 jeden z najlepszych, jakie wyst\u0119puj\u0105 w naturze!<\/p>\n<p>Witamina E zwana jest silnym antyoksydantem, zw\u0142aszcza w tak dobrze wch\u0142anialnej formie. Ten produkt wystarcza na d\u0142ugi czas stosowania \u2013 zawiera oko\u0142o 120 gotowych do spo\u017cycia porcji! Zatem wystarcza na a\u017c 120 dni stosowania produktu! Nie zawiera \u017cadnych zb\u0119dnych dodatk\u00f3w takich jak barwniki, aromaty, wype\u0142niacze, sztuczne dodatki. Jest w 100% naturalna, wega\u0144ska i ma \u015bwietn\u0105 biodost\u0119pno\u015b\u0107! <b>Witamina E, <\/b>czyli witamina rozpuszczalna w t\u0142uszczu, zosta\u0142a zmieszana z wyj\u0105tkowym no\u015bnikiem, jakim jest bio olej konopny, czyli olej z nasion konopi, z certyfikatem ekologicznym.<\/p>\n<h3>Dlaczego witamin\u0119 E rozpu\u015bcili\u015bmy w oleju konopnym?<\/h3>\n<p>Olej konopny jest wa\u017cnym sk\u0142adnikiem suplement\u00f3w Hempking. Najwa\u017cniejsz\u0105 cech\u0105, kt\u00f3ra przemawia za zastosowaniem w\u0142a\u015bnie tego oleju ro\u015blinnego do rozpuszczenia w nim witaminy E, jest jego cenne spektrum dzia\u0142ania na ludzki organizm. Jest doskona\u0142ym sk\u0142adnikiem ka\u017cdej dobrze zbilansowanej diety, za spraw\u0105 swoich w\u0142a\u015bciwo\u015bci, o kt\u00f3rym opowiadamy w zak\u0142adce \u201cDzia\u0142anie\u201d! \u0141\u0105czy przyjemne z po\u017cytecznym, poniewa\u017c nadaje produktowi r\u00f3wnie\u017c ciekawego, przyjemnego smaku \u2013 przypominaj\u0105cego smak orzeszk\u00f3w lub s\u0142onecznika.<\/p>\n<h2>Witamina Witamina E EVNol\u2122 w BIO oleju konopnym \u2013 stosowanie<\/h2>\n<p>Przed u\u017cyciem produkt nale\u017cy wstrz\u0105sn\u0105\u0107, by dobrze wymiesza\u0107 sk\u0142adniki w nim zawarte. Witamina E o tak bogatym sk\u0142adzie jest przeznaczona dla os\u00f3b aktywnych, prowadz\u0105cych \u017cycie o szybkim tempie, z chorobami uk\u0142adu pokarmowego (zaburzenia wch\u0142aniania) \u2013 te osoby powinny szczeg\u00f3lnie dba\u0107 o suplementacj\u0119 witamin\u0105 E. Niedobory witaminy E mo\u017cna \u0142atwo dostrzec na sk\u00f3rze. Gdy staje si\u0119 s\u0142abo napi\u0119ta, szara, wiotka i wydaje si\u0119 starze\u0107, witamina E b\u0119dzie idealnym produktem dla Ciebie!<\/p>\n<h2>Zalecane dzienne spo\u017cycie witaminy E Complex w konopnym oleju<\/h2>\n<p>Nie nale\u017cy przekracza\u0107 zalecanej porcji dziennej produktu. Mo\u017cna spo\u017cy\u0107 od jednej do 5 porcji tego suplementu dziennie. Jedna porcja to delikatne naci\u015bni\u0119cie pompki, by wydoby\u0107 ok. jedn\u0105 kropl\u0119 produktu.<\/p>\n<p class=\"font-weight-bold mb-1\">Ingredients<\/p>\n<h2>Sk\u0142adniki \u2013<br \/>\nWitamina E w kroplach w bio oleju konopnym<\/h2>\n<p>Sk\u0142adniki: BIO olej konopny*, naturalny kompleks witaminy E z olejowca gwinejskiego EVNol\u2122 (mieszanina tokotrienolu i tokoferolu), skwalen ro\u015blinny, fitosterole (1,4 g \/ 100 ml), karotenoidy, koenzym Q10 (ubichinon).<\/p>\n<p>* Raw materials of organic origin RU-EKO-06<\/p>","protected":false},"excerpt":{"rendered":"<div class=\"description woocommerce-product-details__short-description\">\n<div id=\"tab-action_tab\" class=\"tab-content resp-tab-content resp-tab-content-active\" aria-labelledby=\"tab_item-2\">\n<h2>Witamina E Full Spectrum w BIO oleju konopnym HempKing \u2013 dzia\u0142anie<\/h2>\n<p>Poni\u017cej przedstawiamy w\u0142a\u015bciwo\u015bci witaminy E i oleju konopnego, kt\u00f3re s\u0105 g\u0142\u00f3wnymi sk\u0142adnikami naszej witaminy E.<\/p>\n<h3>Naturalna witamina E \u2013 kompleks\u00a0 z olejowca gwinejskiego EVNol\u2122<\/h3>\n<p>Niezwykle bogaty kompleks tokoferoli i tokotrienoli w pe\u0142nym spektrum, naturalnego pochodzenia. Dodatkowo ten kompleks EVNol SupraBio\u2122 jest wzbogacony naturalnie wyst\u0119puj\u0105cymi sk\u0142adnikami, takimi jak mieszanina karotenoid\u00f3w, fitosteroli, koenzymu Q10 oraz skwalenu ro\u015blinnego. Witamina E jest silnym, naturalnym antyoksydantem. Antyoksydanty s\u0105 niezwykle wa\u017cne w naszej diecie. Przeciwdzia\u0142aj\u0105 wolnym rodnikom i chroni\u0105 kom\u00f3rki przed uszkodzeniami oksydacyjnymi. G\u0142\u00f3wnie chodzi o bia\u0142ka, lipidy oraz DNA. Teraz ju\u017c wiesz, jak wa\u017cna jest <b><a href=\"https:\/\/hempking.eu\/pl\/skladniki\/witamina-e\/\" target=\"_blank\" rel=\"noopener\">witamina E<\/a>, na co<\/b> dzia\u0142a i dlaczego jest niezb\u0119dna w diecie. A w opatentowanej formule EVNol SupraBio\u2122 b\u0119dzie strza\u0142em w dziesi\u0105tk\u0119, dla ka\u017cdego, kto chce j\u0105 suplementowa\u0107 ze sprawdzonego i skutecznego \u017ar\u00f3d\u0142a.<\/p>\n<h3>Bio Hemp Oil-properties<\/h3>\n<p>Certyfikowany ekologiczny <a href=\"https:\/\/hempking.eu\/pl\/skladniki\/olej-konopny\/\" target=\"_blank\" rel=\"noopener\"><strong>hemp oil<\/strong><\/a> z czystych upraw, spe\u0142niaj\u0105cych wysokie wymogi upraw BIO. Przede wszystkim to olej konopny, kt\u00f3ry nie jest zanieczyszczony pestycydami, herbicydami, metalami ci\u0119\u017ckimi czy GMO. Jest w 100% naturalny i stanowi \u015bwietny no\u015bnik witaminy E. Jego w\u0142a\u015bciwo\u015bci to:<\/p>\n<ul>\n<li>wspieranie odporno\u015bci,<\/li>\n<li>zdrowie sk\u00f3ry,<\/li>\n<li>dzia\u0142anie antyzapalne,<\/li>\n<li>pomoc w regulacji cholesterolu oraz cukru we krwi,<\/li>\n<li>wsparcie mi\u0119\u015bni i staw\u00f3w,<\/li>\n<li>\u015bwietny stosunek omega-3 do omega-6,<\/li>\n<li>wsparcie zdrowia serca i naczy\u0144 krwiono\u015bnych.<\/li>\n<\/ul>\n<\/div>\n<h2><strong>Witamina E Complex:\u00a0<\/strong><\/h2>\n<ul>\n<li>bezglutenowa i bez laktozy witamina E,<\/li>\n<li>produkt odpowiedni dla wegetarian oraz wegan<\/li>\n<li>nie zawiera barwnik\u00f3w i konserwant\u00f3w,<\/li>\n<li>opatentowany kompleks tokotrienoli i tokoferoli palmowych,<\/li>\n<li>600 porcji w jednej butelce<\/li>\n<li>wystarcza na 120 dni suplementacji<\/li>\n<\/ul>\n<p><b>Capacity: 30ml<\/b><\/p>\n<\/div>","protected":false},"featured_media":4780,"template":"","meta":{"ocean_post_layout":"","ocean_both_sidebars_style":"","ocean_both_sidebars_content_width":0,"ocean_both_sidebars_sidebars_width":0,"ocean_sidebar":"0","ocean_second_sidebar":"0","ocean_disable_margins":"enable","ocean_add_body_class":"","ocean_shortcode_before_top_bar":"","ocean_shortcode_after_top_bar":"","ocean_shortcode_before_header":"","ocean_shortcode_after_header":"","ocean_has_shortcode":"","ocean_shortcode_after_title":"","ocean_shortcode_before_footer_widgets":"","ocean_shortcode_after_footer_widgets":"","ocean_shortcode_before_footer_bottom":"","ocean_shortcode_after_footer_bottom":"","ocean_display_top_bar":"default","ocean_display_header":"default","ocean_header_style":"","ocean_center_header_left_menu":"0","ocean_custom_header_template":"0","ocean_custom_logo":0,"ocean_custom_retina_logo":0,"ocean_custom_logo_max_width":0,"ocean_custom_logo_tablet_max_width":0,"ocean_custom_logo_mobile_max_width":0,"ocean_custom_logo_max_height":0,"ocean_custom_logo_tablet_max_height":0,"ocean_custom_logo_mobile_max_height":0,"ocean_header_custom_menu":"0","ocean_menu_typo_font_family":"0","ocean_menu_typo_font_subset":"","ocean_menu_typo_font_size":0,"ocean_menu_typo_font_size_tablet":0,"ocean_menu_typo_font_size_mobile":0,"ocean_menu_typo_font_size_unit":"px","ocean_menu_typo_font_weight":"","ocean_menu_typo_font_weight_tablet":"","ocean_menu_typo_font_weight_mobile":"","ocean_menu_typo_transform":"","ocean_menu_typo_transform_tablet":"","ocean_menu_typo_transform_mobile":"","ocean_menu_typo_line_height":0,"ocean_menu_typo_line_height_tablet":0,"ocean_menu_typo_line_height_mobile":0,"ocean_menu_typo_line_height_unit":"","ocean_menu_typo_spacing":0,"ocean_menu_typo_spacing_tablet":0,"ocean_menu_typo_spacing_mobile":0,"ocean_menu_typo_spacing_unit":"","ocean_menu_link_color":"","ocean_menu_link_color_hover":"","ocean_menu_link_color_active":"","ocean_menu_link_background":"","ocean_menu_link_hover_background":"","ocean_menu_link_active_background":"","ocean_menu_social_links_bg":"","ocean_menu_social_hover_links_bg":"","ocean_menu_social_links_color":"","ocean_menu_social_hover_links_color":"","ocean_disable_title":"default","ocean_disable_heading":"default","ocean_post_title":"","ocean_post_subheading":"","ocean_post_title_style":"","ocean_post_title_background_color":"","ocean_post_title_background":0,"ocean_post_title_bg_image_position":"","ocean_post_title_bg_image_attachment":"","ocean_post_title_bg_image_repeat":"","ocean_post_title_bg_image_size":"","ocean_post_title_height":0,"ocean_post_title_bg_overlay":0.5,"ocean_post_title_bg_overlay_color":"","ocean_disable_breadcrumbs":"default","ocean_breadcrumbs_color":"","ocean_breadcrumbs_separator_color":"","ocean_breadcrumbs_links_color":"","ocean_breadcrumbs_links_hover_color":"","ocean_display_footer_widgets":"default","ocean_display_footer_bottom":"default","ocean_custom_footer_template":"0"},"product_brand":[],"product_cat":[22],"product_tag":[],"class_list":{"0":"post-4779","1":"product","2":"type-product","3":"status-publish","4":"has-post-thumbnail","6":"product_cat-suplementy-i-witaminy","8":"entry","9":"has-media","11":"first","12":"outofstock","13":"shipping-taxable","14":"purchasable","15":"product-type-simple","16":"has-product-nav","17":"col","18":"span_1_of_3","19":"owp-content-left","20":"owp-thumbs-layout-horizontal","21":"owp-btn-normal","22":"owp-tabs-layout-horizontal","23":"has-no-thumbnails"},"_links":{"self":[{"href":"https:\/\/ecocorner.eu\/en\/wp-json\/wp\/v2\/product\/4779","targetHints":{"allow":["GET"]}}],"collection":[{"href":"https:\/\/ecocorner.eu\/en\/wp-json\/wp\/v2\/product"}],"about":[{"href":"https:\/\/ecocorner.eu\/en\/wp-json\/wp\/v2\/types\/product"}],"version-history":[{"count":1,"href":"https:\/\/ecocorner.eu\/en\/wp-json\/wp\/v2\/product\/4779\/revisions"}],"predecessor-version":[{"id":4781,"href":"https:\/\/ecocorner.eu\/en\/wp-json\/wp\/v2\/product\/4779\/revisions\/4781"}],"wp:featuredmedia":[{"embeddable":true,"href":"https:\/\/ecocorner.eu\/en\/wp-json\/wp\/v2\/media\/4780"}],"wp:attachment":[{"href":"https:\/\/ecocorner.eu\/en\/wp-json\/wp\/v2\/media?parent=4779"}],"wp:term":[{"taxonomy":"product_brand","embeddable":true,"href":"https:\/\/ecocorner.eu\/en\/wp-json\/wp\/v2\/product_brand?post=4779"},{"taxonomy":"product_cat","embeddable":true,"href":"https:\/\/ecocorner.eu\/en\/wp-json\/wp\/v2\/product_cat?post=4779"},{"taxonomy":"product_tag","embeddable":true,"href":"https:\/\/ecocorner.eu\/en\/wp-json\/wp\/v2\/product_tag?post=4779"}],"curies":[{"name":"wp","href":"https:\/\/api.w.org\/{rel}","templated":true}]}}