{"id":4914,"date":"2024-02-09T11:09:29","date_gmt":"2024-02-09T11:09:29","guid":{"rendered":"https:\/\/ecocorner.eu\/?post_type=product&#038;p=4914"},"modified":"2026-04-10T22:05:51","modified_gmt":"2026-04-10T22:05:51","slug":"domowe-labolatorium-test-na-poziom-witaminy-d3-w-organizmie-1-szt","status":"publish","type":"product","link":"https:\/\/ecocorner.eu\/en\/product\/domowe-labolatorium-test-na-poziom-witaminy-d3-w-organizmie-1-szt\/","title":{"rendered":"Domowe Labolatorium   Test na poziom witaminy D3 w organizmie"},"content":{"rendered":"<section id=\"projector_longdescription\" class=\"projector_longdescription cm col-12\"><strong>Wa\u017cne uwagi przed wykonaniem badania:<\/strong><\/p>\n<ul>\n<li>Przed badaniem nale\u017cy umy\u0107 r\u0119ce myd\u0142em w ciep\u0142ej wodzie (aby zwi\u0119kszy\u0107 ukrwienie palca, kt\u00f3ry b\u0119dzie nak\u0142uwany) i dok\u0142adnie je wysuszy\u0107 za pomoc\u0105 papierowego r\u0119cznika.<\/li>\n<li>Nie jest wymagane, aby przed wykonaniem badania by\u0107 na czczo.<\/li>\n<li>Badanie nale\u017cy wykona\u0107 \u015bci\u015ble przestrzegaj\u0105c poni\u017cszej instrukcji.<\/li>\n<\/ul>\n<p><strong>Sk\u0142ad opakowania:<\/strong><\/p>\n<p>Opakowanie zawiera wyposa\u017cenie niezb\u0119dne do wykonania jednego badania:<\/p>\n<ul>\n<li>\u00a01 foliow\u0105 szczelnie zamkni\u0119t\u0105 kopertk\u0119, w kt\u00f3rej znajduje si\u0119 1 test kasetkowy, 1 pipetka do pobierania pr\u00f3bki krwi z palca i 1 \u015brodek poch\u0142aniaj\u0105cy wilgo\u0107<\/li>\n<li>1 fiolka z buforem<\/li>\n<li>1 sterylny nak\u0142uwacz<\/li>\n<li>1 wacik nas\u0105czony alkoholem<\/li>\n<li>1 instrukcj\u0119 wykonania testu<\/li>\n<li>1 wzornik do odczytu wyniku testu<\/li>\n<\/ul>\n<p>Test nale\u017cy wyj\u0105\u0107 z foliowego opakowania bezpo\u015brednio przed wykonaniem badania. Obecny w opakowaniu \u015brodek poch\u0142aniaj\u0105cy wilgo\u0107 nale\u017cy wyrzuci\u0107 do domowych \u015bmieci. Przed wykonaniem badania nale\u017cy przygotowa\u0107 \u015brodek do dezynfekcji opuszki palca (np. wacik nas\u0105czony 70% alkoholem), kawa\u0142ek papierowego r\u0119cznika oraz zegarek, kt\u00f3ry b\u0119dzie potrzebny do odmierzenia czasu odczytu wyniku testu.<\/p>\n<p><strong>Materia\u0142 do badania:<\/strong> pr\u00f3bka krwi<\/p>\n<p><strong>Czas oczekiwania na wynik:<\/strong> Wynik nale\u017cy odczyta\u0107 po 10 minutach od dodania buforu na p\u0142ytk\u0119 testow\u0105. Wynik odczytany po 20 minutach jest niewiarygodny.<\/p>\n<h4>\u00a0<strong>To jest wyr\u00f3b medyczny. U\u017cywaj go zgodnie z instrukcj\u0105 u\u017cywania<br \/>\nlub etykiet\u0105.<\/strong><\/h4>\n<\/section>\n<div id=\"how_to_make_test\">\n<div class=\"big_label\">Jak wykona\u0107 badanie?<\/div>\n<div>\n<div class=\"col-md-4 col-sm-12 col-xs-12\">\n<p><img decoding=\"async\" src=\"https:\/\/domowelaboratorium.pl\/data\/include\/cms\/jak-wykonac-badanie\/wykonanie-1-witD.png\" alt=\"Test Witamina D - pobieranie pr\u00f3bki do badania\" width=\"220\" height=\"145\" border=\"0\" \/><\/p>\n<p>Wyj\u0105\u0107 z foliowej kopertki p\u0142ytk\u0119 testow\u0105 i umie\u015bci\u0107 j\u0105 na czystej i r\u00f3wnej powierzchni. Przeprowadzi\u0107 test w ci\u0105gu jednej godziny, ale najlepsze wyniki uzyska si\u0119, je\u015bli test zostanie wykonany natychmiast po otwarciu opakowania. Wyj\u0105\u0107 pipetk\u0119, fiolk\u0119 z buforem, sterylny nak\u0142uwacz i gazik nas\u0105czony alkoholem i umie\u015bci\u0107 je blisko p\u0142ytki testowej. Ostro\u017cnie zdj\u0105\u0107 i wyrzuci\u0107 nasadk\u0119 sterylnego nak\u0142uwacza.<\/p>\n<\/div>\n<div class=\"col-md-4 col-sm-12 col-xs-12\">\n<p><img decoding=\"async\" src=\"https:\/\/domowelaboratorium.pl\/data\/include\/cms\/jak-wykonac-badanie\/wykonanie-2-witD.png\" alt=\"Test Witamina D - spos\u00f3b pobrania pr\u00f3bki\" width=\"221\" height=\"146\" border=\"0\" \/><\/p>\n<p>U\u017cy\u0107 dostarczonego wacika nas\u0105czonego alkoholem, aby oczy\u015bci\u0107 opuszk\u0119 palca \u015brodkowego lub serdecznego jako miejsce nak\u0142ucia.<br \/>\nPozostawi\u0107 do wyschni\u0119cia.<\/p>\n<\/div>\n<div class=\"col-md-4 col-sm-12 col-xs-12\">\n<p><img decoding=\"async\" src=\"https:\/\/domowelaboratorium.pl\/data\/include\/cms\/jak-wykonac-badanie\/wykonanie-3-witD.png\" alt=\"Test Witamina D - pr\u00f3bka w roztworze ekstrakcyjnym\" width=\"220\" height=\"145\" border=\"0\" \/><\/p>\n<p>Nacisn\u0105\u0107 nak\u0142uwacz stron\u0105, z kt\u00f3rej usuni\u0119to nasadk\u0119, ko\u0144c\u00f3wka chowa si\u0119 automatycznie i jest bezpieczna po u\u017cyciu. Masowa\u0107 d\u0142o\u0144 bez dotykania miejsca nak\u0142ucia, w kierunku opuszki palca \u015brodkowego lub serdecznego, kt\u00f3ry ma by\u0107 nak\u0142uty.<\/p>\n<\/div>\n<div class=\"col-md-4 col-sm-12 col-xs-12\">\n<p><img loading=\"lazy\" decoding=\"async\" src=\"https:\/\/domowelaboratorium.pl\/data\/include\/cms\/jak-wykonac-badanie\/wykonanie-4-witD.png\" alt=\"Test Witamina D - otwieranie pojemnika z roztworem\" width=\"220\" height=\"146\" border=\"0\" \/><\/p>\n<p>Trzymaj\u0105c d\u0142o\u0144 w d\u00f3\u0142, masowa\u0107 palec, kt\u00f3ry zosta\u0142 nak\u0142uty, aby uzyska\u0107 kropl\u0119 krwi. Nie \u015bciskaj\u0105c banieczki pipetki, przy\u0142o\u017cy\u0107 j\u0105 do uformowanej kropli krwi. Krew wp\u0142ywa do pipetki dzi\u0119ki dzia\u0142aniu si\u0142 kapilarnych do linii wskazanej na pipetce. Mo\u017cna ponownie masowa\u0107 palec, aby uzyska\u0107 wi\u0119cej krwi, je\u015bli krew<br \/>\nnie osi\u0105gnie wskazanej linii nape\u0142nienia. Unika\u0107 powstawania p\u0119cherzyk\u00f3w powietrza.<\/p>\n<\/div>\n<div class=\"col-md-4 col-sm-12 col-xs-12\">\n<p><img loading=\"lazy\" decoding=\"async\" src=\"https:\/\/domowelaboratorium.pl\/data\/include\/cms\/jak-wykonac-badanie\/wykonanie-5-witD.png\" alt=\"Test Witamina D - od\u0142amywanie ko\u0144c\u00f3wki\" width=\"220\" height=\"145\" border=\"0\" \/><\/p>\n<p>Umie\u015bci\u0107 pobran\u0105 pr\u00f3bk\u0119 krwi w zag\u0142\u0119bieniu na pr\u00f3bk\u0119 (S) znajduj\u0105c\u0105 si\u0119 na p\u0142ytce testowej, \u015bciskaj\u0105c banieczk\u0119 pipetki.<\/p>\n<\/div>\n<div class=\"col-md-4 col-sm-12 col-xs-12\">\n<p><img loading=\"lazy\" decoding=\"async\" src=\"https:\/\/domowelaboratorium.pl\/data\/include\/cms\/jak-wykonac-badanie\/wykonanie-6-witD.png\" alt=\"Test Witamina D - odczytywanie wynik\u00f3w badania\" width=\"220\" height=\"145\" border=\"0\" \/><\/p>\n<p>Poczeka\u0107, a\u017c krew z pipetki zostanie ca\u0142kowicie przeniesiona do zag\u0142\u0119bienia. Odkr\u0119ci\u0107 nakr\u0119tk\u0119 fiolki z buforem i doda\u0107 2 krople buforu do zag\u0142\u0119bienia na bufor (B) znajduj\u0105cego si\u0119 na p\u0142ytce testowej i uruchomi\u0107 zegarek.<\/p>\n<\/div>\n<div class=\"col-md-4 col-sm-12 col-xs-12\">\n<p><img loading=\"lazy\" decoding=\"async\" src=\"https:\/\/domowelaboratorium.pl\/data\/include\/cms\/jak-wykonac-badanie\/wykonanie-7-witD.png\" alt=\"Test Witamina D - odczytywanie wynik\u00f3w badania\" width=\"220\" height=\"145\" border=\"0\" \/><\/p>\n<p>Poczeka\u0107, a\u017c pojawi\u0105 si\u0119 linie. Odczyta\u0107 wyniki po 10 minutach. Por\u00f3wna\u0107 intensywno\u015b\u0107 linii T ze \u201ewzornikiem do odczytu wynik\u00f3w testu\u201d dostarczonym<br \/>\nz zestawem, aby okre\u015bli\u0107 poziom witaminy D we krwi. Nie interpretowa\u0107 wyniku po 20 minutach.<\/p>\n<\/div>\n<\/div>\n<p>&nbsp;<\/p>\n<\/div>\n<div id=\"how_to_read_test\">\n<p><strong>Interpretacja wynik\u00f3w<\/strong><\/p>\n<p>Aby zinterpretowa\u0107 wynik testu, nale\u017cy zapozna\u0107 si\u0119 z do\u0142\u0105czonym do opakowania wzornikiem do odczytu wynik\u00f3w dla witaminy D. Nale\u017cy por\u00f3wna\u0107 intensywno\u015b\u0107 zabarwienia uzyskanej linii T z liniami znajduj\u0105cymi si\u0119 na wzorniku.<\/p>\n<p><img loading=\"lazy\" decoding=\"async\" src=\"https:\/\/domowelaboratorium.pl\/data\/include\/cms\/jak-interpretowac-wyniki\/tabela-WitD.png\" alt=\"wit D - wyniki\" width=\"746\" height=\"133\" border=\"0\" \/><\/p>\n<p>&nbsp;<\/p>\n<p>&nbsp;<\/p>\n<p><strong>Niedob\u00f3r<\/strong><\/p>\n<p>Pojawiaj\u0105 si\u0119 dwie wyra\u017ane linie. Jedna znajduje si\u0119 w obszarze kontrolnym (C), a druga powinna znajdowa\u0107 si\u0119 w obszarze testowym (T). Linia w obszarze testowym (T) jest r\u00f3wna lub ciemniejsza ni\u017c linia 10 ng\/ml przedstawiona na wzorniku do odczytu wynik\u00f3w dostarczonym z zestawem.<\/p>\n<p><img loading=\"lazy\" decoding=\"async\" src=\"https:\/\/domowelaboratorium.pl\/data\/include\/cms\/jak-interpretowac-wyniki\/interpretacja-1-WitD.png\" alt=\"wit D - wyniki\" width=\"83\" height=\"124\" border=\"0\" \/><br \/>\n<strong>Obni\u017cony poziom <\/strong><\/p>\n<p>Pojawiaj\u0105 si\u0119 dwie linie. Jedna znajduje si\u0119 w obszarze kontrolnym (C), a druga powinna znajdowa\u0107 si\u0119 w obszarze testowym (T). Linia w obszarze testowym (T) jest ciemniejsza ni\u017c linia 30 ng\/ml przedstawiona na wzorniku do odczytu wynik\u00f3w dostarczonym z zestawem i ja\u015bniejsza ni\u017c linia 10 ng\/ml<br \/>\nprzedstawiona na wzorniku do odczytu wynik\u00f3w dostarczonym z zestawem.<\/p>\n<p><img loading=\"lazy\" decoding=\"async\" src=\"https:\/\/domowelaboratorium.pl\/data\/include\/cms\/jak-interpretowac-wyniki\/interpretacja-2-WitD.png\" alt=\"wit D - wyniki\" width=\"83\" height=\"124\" border=\"0\" \/><br \/>\n<strong>Prawid\u0142owy poziom<\/strong><\/p>\n<p>Pojawiaj\u0105 si\u0119 dwie linie, jedna powinna zawsze znajdowa\u0107 si\u0119 w obszarze kontrolnym (C), a s\u0142abo zabarwiona linia pojawia si\u0119 w obszarze testowym (T). Linia w obszarze (T) jest ciemniejsza ni\u017c linia 100 ng\/ml przedstawiona na wzorniku do odczytu wynik\u00f3w dostarczonym z zestawem<br \/>\ni ja\u015bniejsza ni\u017c linia 30 ng\/ml przedstawiona na wzorniku do odczytu wynik\u00f3w dostarczonym z zestawem.<\/p>\n<p><img loading=\"lazy\" decoding=\"async\" src=\"https:\/\/domowelaboratorium.pl\/data\/include\/cms\/jak-interpretowac-wyniki\/interpretacja-3-WitD.png\" alt=\"wit D - wyniki\" width=\"83\" height=\"124\" border=\"0\" \/><br \/>\n<strong>Niewa\u017cny <\/strong><\/p>\n<p>Linia kontrolna (C) nie pojawia si\u0119. Niewystarczaj\u0105ca obj\u0119to\u015b\u0107 pr\u00f3bki lub nieprawid\u0142owe techniki proceduralne s\u0105 najbardziej prawdopodobnymi przyczynami braku linii kontrolnej (C). Przejrze\u0107 procedur\u0119 i powt\u00f3rzy\u0107 test z nowym zestawem.<br \/>\nJe\u015bli problem nie ust\u0105pi, natychmiast zaprzesta\u0107 u\u017cywania zestawu testowego i skontaktowa\u0107 si\u0119 z producentem.<\/p>\n<p>&nbsp;<\/p>\n<p><img loading=\"lazy\" decoding=\"async\" src=\"https:\/\/domowelaboratorium.pl\/data\/include\/cms\/jak-interpretowac-wyniki\/interpretacja-4-WitD.png\" alt=\"wit D - wyniki\" width=\"164\" height=\"125\" border=\"0\" \/><\/p>\n<\/div>\n<section id=\"projector_dictionary\" class=\"dictionary col-12 mb-1 mb-sm-4\">\n<div class=\"dictionary__group --first --no-group\">\n<div class=\"dictionary__param row mb-2\">\n<div class=\"dictionary__name col-6 d-flex align-items-center justify-content-end\"><span class=\"dictionary__name_txt\">Manufacturer<\/span><\/div>\n<div class=\"dictionary__values col-6\">\n<div class=\"dictionary__value\"><a class=\"dictionary__value_txt\" title=\"Kliknij, by zobaczy\u0107 wszystkie produkty tego producenta\" href=\"https:\/\/domowelaboratorium.pl\/firm-pol-1479126564-Hydrex-Diagnostics-Sp-z-o-o.html\">Hydrex Diagnostics Sp. z o.o.<\/a><\/div>\n<\/div>\n<\/div>\n<\/div>\n<\/section>","protected":false},"excerpt":{"rendered":"<p><strong>TEST na poziom witaminy D!<\/strong><\/p>\n<p>Jednorazowy domowy test do p\u00f3\u0142ilo\u015bciowego oznaczania poziomu witaminy D (25-hydroksywitaminy D \u2013 25(OH)D) w pr\u00f3bce ludzkiej krwi pe\u0142nej, pobranej z opuszka palca.<\/p>\n<p><strong>Vitamin D<\/strong> nale\u017cy do grupy rozpuszczalnych w t\u0142uszczach steroidowych organicznych zwi\u0105zk\u00f3w chemicznych, kt\u00f3ra ma przede wszystkim dzia\u0142anie w gospodarce wapniowo-fosforanowej. Witamina D3 jest naturalnie wytwarzana w ludzkiej sk\u00f3rze poprzez ekspozycj\u0119 na \u015bwiat\u0142o ultrafioletowe, a witamina D2 jest pozyskiwana g\u0142\u00f3wnie z po\u017cywienia. Witamina D jest transportowana do w\u0105troby, gdzie jest metabolizowana do 25-hydroksywitaminy D\u201425(OH)D. St\u0119\u017cenie 25-hydroksywitaminy D (w tym D2 i D3) we krwi jest uwa\u017cane za najlepszy wska\u017anik poziomu witaminy D.<\/p>\n<p>Niedob\u00f3r witamin jest powi\u0105zany z r\u00f3\u017cnymi powa\u017cnymi chorobami m.in.: osteoporoz\u0105, osteomalacj\u0105, stwardnieniem rozsianym, chorobami uk\u0142adu kr\u0105\u017cenia, powik\u0142aniami ci\u0105\u017cy, cukrzyc\u0105, depresj\u0105, udarem m\u00f3zgu, chorobami autoimmunologicznymi, gryp\u0105, r\u00f3\u017cnymi nowotworami, chorobami zaka\u017anymi, chorob\u0105 Alzheimera, oty\u0142o\u015bci\u0105 itp.<\/p>\n<p>Dlatego obecnie wykrywanie poziomu witaminy D &#8211; 25(OH)D jest uwa\u017cane za niezb\u0119dne. Utrzymywanie wystarczaj\u0105cego poziomu witaminy D jest istotne nie tylko w celu poprawy zdrowia ko\u015bci, ale tak\u017ce w celu poprawy og\u00f3lnego stanu zdrowia i samopoczucia.<\/p>","protected":false},"featured_media":4917,"template":"","meta":{"ocean_post_layout":"","ocean_both_sidebars_style":"","ocean_both_sidebars_content_width":0,"ocean_both_sidebars_sidebars_width":0,"ocean_sidebar":"0","ocean_second_sidebar":"0","ocean_disable_margins":"enable","ocean_add_body_class":"","ocean_shortcode_before_top_bar":"","ocean_shortcode_after_top_bar":"","ocean_shortcode_before_header":"","ocean_shortcode_after_header":"","ocean_has_shortcode":"","ocean_shortcode_after_title":"","ocean_shortcode_before_footer_widgets":"","ocean_shortcode_after_footer_widgets":"","ocean_shortcode_before_footer_bottom":"","ocean_shortcode_after_footer_bottom":"","ocean_display_top_bar":"default","ocean_display_header":"default","ocean_header_style":"","ocean_center_header_left_menu":"0","ocean_custom_header_template":"0","ocean_custom_logo":0,"ocean_custom_retina_logo":0,"ocean_custom_logo_max_width":0,"ocean_custom_logo_tablet_max_width":0,"ocean_custom_logo_mobile_max_width":0,"ocean_custom_logo_max_height":0,"ocean_custom_logo_tablet_max_height":0,"ocean_custom_logo_mobile_max_height":0,"ocean_header_custom_menu":"0","ocean_menu_typo_font_family":"0","ocean_menu_typo_font_subset":"","ocean_menu_typo_font_size":0,"ocean_menu_typo_font_size_tablet":0,"ocean_menu_typo_font_size_mobile":0,"ocean_menu_typo_font_size_unit":"px","ocean_menu_typo_font_weight":"","ocean_menu_typo_font_weight_tablet":"","ocean_menu_typo_font_weight_mobile":"","ocean_menu_typo_transform":"","ocean_menu_typo_transform_tablet":"","ocean_menu_typo_transform_mobile":"","ocean_menu_typo_line_height":0,"ocean_menu_typo_line_height_tablet":0,"ocean_menu_typo_line_height_mobile":0,"ocean_menu_typo_line_height_unit":"","ocean_menu_typo_spacing":0,"ocean_menu_typo_spacing_tablet":0,"ocean_menu_typo_spacing_mobile":0,"ocean_menu_typo_spacing_unit":"","ocean_menu_link_color":"","ocean_menu_link_color_hover":"","ocean_menu_link_color_active":"","ocean_menu_link_background":"","ocean_menu_link_hover_background":"","ocean_menu_link_active_background":"","ocean_menu_social_links_bg":"","ocean_menu_social_hover_links_bg":"","ocean_menu_social_links_color":"","ocean_menu_social_hover_links_color":"","ocean_disable_title":"default","ocean_disable_heading":"default","ocean_post_title":"","ocean_post_subheading":"","ocean_post_title_style":"","ocean_post_title_background_color":"","ocean_post_title_background":0,"ocean_post_title_bg_image_position":"","ocean_post_title_bg_image_attachment":"","ocean_post_title_bg_image_repeat":"","ocean_post_title_bg_image_size":"","ocean_post_title_height":0,"ocean_post_title_bg_overlay":0.5,"ocean_post_title_bg_overlay_color":"","ocean_disable_breadcrumbs":"default","ocean_breadcrumbs_color":"","ocean_breadcrumbs_separator_color":"","ocean_breadcrumbs_links_color":"","ocean_breadcrumbs_links_hover_color":"","ocean_display_footer_widgets":"default","ocean_display_footer_bottom":"default","ocean_custom_footer_template":"0"},"product_brand":[],"product_cat":[88,64,36],"product_tag":[],"class_list":{"0":"post-4914","1":"product","2":"type-product","3":"status-publish","4":"has-post-thumbnail","6":"product_cat-domowe-testy-diagnostyczne","7":"product_cat-oferta-tygodnia","8":"product_cat-promocje-wyprzedaze","10":"entry","11":"has-media","13":"first","14":"instock","15":"sale","16":"shipping-taxable","17":"purchasable","18":"product-type-simple","19":"has-product-nav","20":"col","21":"span_1_of_3","22":"owp-content-left","23":"owp-thumbs-layout-horizontal","24":"owp-btn-normal","25":"owp-tabs-layout-horizontal"},"_links":{"self":[{"href":"https:\/\/ecocorner.eu\/en\/wp-json\/wp\/v2\/product\/4914","targetHints":{"allow":["GET"]}}],"collection":[{"href":"https:\/\/ecocorner.eu\/en\/wp-json\/wp\/v2\/product"}],"about":[{"href":"https:\/\/ecocorner.eu\/en\/wp-json\/wp\/v2\/types\/product"}],"version-history":[{"count":3,"href":"https:\/\/ecocorner.eu\/en\/wp-json\/wp\/v2\/product\/4914\/revisions"}],"predecessor-version":[{"id":5820,"href":"https:\/\/ecocorner.eu\/en\/wp-json\/wp\/v2\/product\/4914\/revisions\/5820"}],"wp:featuredmedia":[{"embeddable":true,"href":"https:\/\/ecocorner.eu\/en\/wp-json\/wp\/v2\/media\/4917"}],"wp:attachment":[{"href":"https:\/\/ecocorner.eu\/en\/wp-json\/wp\/v2\/media?parent=4914"}],"wp:term":[{"taxonomy":"product_brand","embeddable":true,"href":"https:\/\/ecocorner.eu\/en\/wp-json\/wp\/v2\/product_brand?post=4914"},{"taxonomy":"product_cat","embeddable":true,"href":"https:\/\/ecocorner.eu\/en\/wp-json\/wp\/v2\/product_cat?post=4914"},{"taxonomy":"product_tag","embeddable":true,"href":"https:\/\/ecocorner.eu\/en\/wp-json\/wp\/v2\/product_tag?post=4914"}],"curies":[{"name":"wp","href":"https:\/\/api.w.org\/{rel}","templated":true}]}}