{"id":4919,"date":"2024-02-09T11:13:34","date_gmt":"2024-02-09T11:13:34","guid":{"rendered":"https:\/\/ecocorner.eu\/?post_type=product&#038;p=4919"},"modified":"2025-10-08T18:02:27","modified_gmt":"2025-10-08T18:02:27","slug":"domowe-laboratorium-test-na-ogolne-badanie-moczu-urs-10-test-1szt","status":"publish","type":"product","link":"https:\/\/ecocorner.eu\/en\/product\/domowe-laboratorium-test-na-ogolne-badanie-moczu-urs-10-test-1szt\/","title":{"rendered":"Domowe Laboratorium   Test  na  Og\u00f3lne badanie moczu URS 10 TEST   1szt."},"content":{"rendered":"<section id=\"projector_longdescription\" class=\"projector_longdescription cm col-12\"><strong>Pierwszy odczyt dokonujemy po 30 sekundach, rozpoczynaj\u0105c od glukozy i zmierzaj\u0105c po kolei w g\u00f3r\u0119. Na interpretacje i zaznaczenie wynik\u00f3w na skali mamy maksymalnie 2 minuty. <\/strong><\/p>\n<p>W opakowaniu znajduj\u0105 si\u0119 2 oddzielne testy, kt\u00f3re umo\u017cliwiaj\u0105 dokonanie dw\u00f3ch niezale\u017cnych analiz moczu. W do\u0142\u0105czonej do opakowania ulotce znajdziemy kompletne informacje, dlatego koniecznie trzeba si\u0119 z ni\u0105 zapozna\u0107 jeszcze przed wykonaniem testu.<\/p>\n<p>Zdj\u0119cie przedstawia opakowanie z 2018 roku, w sprzeda\u017cy mog\u0105 pojawia\u0107 si\u0119 r\u00f3wnie\u017c starsze opakowania.<\/p>\n<p><strong>Sk\u0142ad opakowania:<\/strong><\/p>\n<ul>\n<li>2 sztuki test\u00f3w<\/li>\n<li>2 skale barwne s\u0142u\u017c\u0105ce do odczytania wynik\u00f3w<\/li>\n<li>1 instrukcj\u0119 wykonania badania<\/li>\n<\/ul>\n<p><strong>Materia\u0142 do badania:<\/strong>\u00a0pr\u00f3bka\u00a0moczu<\/p>\n<p><strong>Czas oczekiwania na wynik:<\/strong>\u00a0Wynik otrzymujemy ju\u017c po up\u0142ywie\u00a030 sekund<\/p>\n<h4>\u00a0<strong>To jest wyr\u00f3b medyczny. U\u017cywaj go zgodnie z instrukcj\u0105 u\u017cywania<br \/>\nlub etykiet\u0105. \u00a0<\/strong><\/h4>\n<\/section>\n<div id=\"how_to_make_test\">\n<div class=\"big_label\">Jak wykona\u0107 badanie:<\/div>\n<p>W celu przeprowadzenia badania konieczna b\u0119dzie pr\u00f3bka \u015bwie\u017cego moczu. Nale\u017cy go oddawa\u0107 w godzinach porannych do suchego i czystego pojemnika po co najmniej 5-godzinnej przerwie.<\/p>\n<div class=\"col-md-4 col-sm-12 col-xs-12\">\n<p><img decoding=\"async\" src=\"https:\/\/domowelaboratorium.pl\/data\/include\/cms\/jak-wykonac-badanie\/badanie-zdrowia-ogolne-1.png\" alt=\"Badania moczu - pasek testowy w pr\u00f3bce moczu\" width=\"230\" height=\"143\" border=\"0\" \/><\/p>\n<p>Badanie wykonaj za pomoc\u0105 paska testowego, kt\u00f3ry powiniene\u015b dynamicznie zanurzy\u0107 w pr\u00f3bce moczu i natychmiast wyj\u0105\u0107.<\/p>\n<\/div>\n<div class=\"col-md-4 col-sm-12 col-xs-12\">\n<p><img decoding=\"async\" src=\"https:\/\/domowelaboratorium.pl\/data\/include\/cms\/jak-wykonac-badanie\/badanie-zdrowia-ogolne-2.png\" alt=\"Badania moczu - wyjmowanie paska testowego z pr\u00f3bki moczu\" width=\"230\" height=\"140\" border=\"0\" \/><\/p>\n<p>Wyjmuj\u0105c pasek testowy, przesu\u0144 go delikatnie po kraw\u0119dzi naczynia, aby str\u0105ci\u0107 nadmiar moczu i unikn\u0105\u0107 zabrudzenia.<\/p>\n<\/div>\n<div class=\"col-md-4 col-sm-12 col-xs-12\">\n<p><img decoding=\"async\" src=\"https:\/\/domowelaboratorium.pl\/data\/include\/cms\/jak-wykonac-badanie\/badanie-zdrowia-ogolne-3.png\" alt=\"Badania moczu - ods\u0105czanie paska tesowego\" width=\"230\" height=\"142\" border=\"0\" \/><\/p>\n<p>Przytrzymaj pasek w pozycji poziomej i dotknij jego brzegiem papierowego r\u0119cznika, aby dodatkowo usun\u0105\u0107 pozosta\u0142o\u015bci p\u0142ynu.<\/p>\n<\/div>\n<p>.<\/p>\n<\/div>\n<div id=\"how_to_read_test\">\n<div class=\"big_label\">Interpretacja wynik\u00f3w testu<\/div>\n<p>Badanie za pomoc\u0105 Zdrowie Complex URS10 TEST jest niezwykle proste i polega na wzrokowym por\u00f3wnaniu kolor\u00f3w poszczeg\u00f3lnych p\u00f3l paska testowego ze skal\u0105 barwn\u0105 za\u0142\u0105czon\u0105 do opakowania. Ka\u017cde z dziesi\u0119ciu miejsc odpowiada odr\u0119bnemu parametrowi, kt\u00f3ry odzwierciedla stan naszego zdrowia.<\/p>\n<p>&nbsp;<\/p>\n<ul>\n<li>&#8211; W celu interpretacji wynik\u00f3w umie\u015b\u0107 pasek testowy w wyznaczonym miejscu skali barwnej.<\/li>\n<li>&#8211; Odczyt rozpocznij po 30 sekundach oczekiwania, jednak nie p\u00f3\u017aniej ni\u017c 2 minuty po badaniu.<\/li>\n<li>&#8211; Uzyskany kolor odznacz na skali barwnej, a wyniki por\u00f3wnaj z tabel\u0105 dost\u0119pn\u0105 w instrukcji.<\/li>\n<\/ul>\n<p>&nbsp;<\/p>\n<p><img loading=\"lazy\" decoding=\"async\" src=\"https:\/\/domowelaboratorium.pl\/data\/include\/cms\/jak-interpretowac-wyniki\/jak-interpretowac-wyniki-badania-zdrowia-ogolne.png\" alt=\"Badania moczu - interpretacja wynik\u00f3w\" width=\"832\" height=\"501\" border=\"0\" \/><\/p>\n<\/div>\n<section id=\"projector_dictionary\" class=\"dictionary col-12 mb-1 mb-sm-4\">\n<div class=\"dictionary__group --first --no-group\">\n<div class=\"dictionary__param row mb-2\">\n<div class=\"dictionary__name col-6 d-flex align-items-center justify-content-end\"><span class=\"dictionary__name_txt\">Manufacturer<\/span><\/div>\n<div class=\"dictionary__values col-6\">\n<div class=\"dictionary__value\"><a class=\"dictionary__value_txt\" title=\"Kliknij, by zobaczy\u0107 wszystkie produkty tego producenta\" href=\"https:\/\/domowelaboratorium.pl\/firm-pol-1479126564-Hydrex-Diagnostics-Sp-z-o-o.html\">Hydrex Diagnostics Sp. z o.o.<\/a><\/div>\n<\/div>\n<\/div>\n<\/div>\n<\/section>","protected":false},"excerpt":{"rendered":"<p><strong>URS 10 TEST to multidiagnostyczny test paskowy do samodzielnego zbadania moczu w domowych warunkach. <\/strong><\/p>\n<p>URS 10 Test umo\u017cliwia przeprowadzenie kompleksowej analizy moczu obejmuj\u0105cej a\u017c 10 r\u00f3\u017cnych parametr\u00f3w badawczych, do kt\u00f3rych nale\u017c\u0105: glukoza, bilirubina, cia\u0142a ketonowe, ci\u0119\u017car w\u0142a\u015bciwy, krew, pH, bia\u0142ko, urobilinogen, azotyny, leukocyty.<\/p>\n<p>Do\u0142\u0105czona do testu skala barwna pozwala dok\u0142adnie okre\u015bli\u0107 poziom odst\u0119pstwa uzyskanych wynik\u00f3w od normy. Test jest niezwykle czytelny i \u0142atwy w u\u017cyciu. Za jego pomoc\u0105 mo\u017cna bada\u0107 zar\u00f3wno dzieci, jak i doros\u0142ych.<\/p>\n<p><strong>Test URS 10 stanowi doskona\u0142e narz\u0119dzie do wykrywania stan\u00f3w zapalnych uk\u0142adu moczowego, a tak\u017ce problem\u00f3w z nerkami czy w\u0105trob\u0105. <\/strong><br \/>\nRegularne badanie moczu zalecane jest wszystkim osobom stosuj\u0105cym diety odchudzaj\u0105ce lub alternatywne sposoby od\u017cywiania, korzystaj\u0105cym z publicznych basen\u00f3w, pacjentom z przewlek\u0142ymi chorobami nerek, kobietom stosuj\u0105cym dopochwow\u0105 antykoncepcj\u0119, a tak\u017ce dzieciom z podwy\u017cszon\u0105 temperatur\u0105 o niekre\u015blonym \u017ar\u00f3dle infekcji.<\/p>\n<p>Samo badanie przeprowadza si\u0119 b\u0142yskawicznie. Wystarczy pobra\u0107 pr\u00f3bk\u0119 porannego moczu do czystego i suchego pojemnika, a nast\u0119pnie zanurzy\u0107 w nim pasek testowy.<\/p>","protected":false},"featured_media":4920,"template":"","meta":{"ocean_post_layout":"","ocean_both_sidebars_style":"","ocean_both_sidebars_content_width":0,"ocean_both_sidebars_sidebars_width":0,"ocean_sidebar":"0","ocean_second_sidebar":"0","ocean_disable_margins":"enable","ocean_add_body_class":"","ocean_shortcode_before_top_bar":"","ocean_shortcode_after_top_bar":"","ocean_shortcode_before_header":"","ocean_shortcode_after_header":"","ocean_has_shortcode":"","ocean_shortcode_after_title":"","ocean_shortcode_before_footer_widgets":"","ocean_shortcode_after_footer_widgets":"","ocean_shortcode_before_footer_bottom":"","ocean_shortcode_after_footer_bottom":"","ocean_display_top_bar":"default","ocean_display_header":"default","ocean_header_style":"","ocean_center_header_left_menu":"0","ocean_custom_header_template":"0","ocean_custom_logo":0,"ocean_custom_retina_logo":0,"ocean_custom_logo_max_width":0,"ocean_custom_logo_tablet_max_width":0,"ocean_custom_logo_mobile_max_width":0,"ocean_custom_logo_max_height":0,"ocean_custom_logo_tablet_max_height":0,"ocean_custom_logo_mobile_max_height":0,"ocean_header_custom_menu":"0","ocean_menu_typo_font_family":"0","ocean_menu_typo_font_subset":"","ocean_menu_typo_font_size":0,"ocean_menu_typo_font_size_tablet":0,"ocean_menu_typo_font_size_mobile":0,"ocean_menu_typo_font_size_unit":"px","ocean_menu_typo_font_weight":"","ocean_menu_typo_font_weight_tablet":"","ocean_menu_typo_font_weight_mobile":"","ocean_menu_typo_transform":"","ocean_menu_typo_transform_tablet":"","ocean_menu_typo_transform_mobile":"","ocean_menu_typo_line_height":0,"ocean_menu_typo_line_height_tablet":0,"ocean_menu_typo_line_height_mobile":0,"ocean_menu_typo_line_height_unit":"","ocean_menu_typo_spacing":0,"ocean_menu_typo_spacing_tablet":0,"ocean_menu_typo_spacing_mobile":0,"ocean_menu_typo_spacing_unit":"","ocean_menu_link_color":"","ocean_menu_link_color_hover":"","ocean_menu_link_color_active":"","ocean_menu_link_background":"","ocean_menu_link_hover_background":"","ocean_menu_link_active_background":"","ocean_menu_social_links_bg":"","ocean_menu_social_hover_links_bg":"","ocean_menu_social_links_color":"","ocean_menu_social_hover_links_color":"","ocean_disable_title":"default","ocean_disable_heading":"default","ocean_post_title":"","ocean_post_subheading":"","ocean_post_title_style":"","ocean_post_title_background_color":"","ocean_post_title_background":0,"ocean_post_title_bg_image_position":"","ocean_post_title_bg_image_attachment":"","ocean_post_title_bg_image_repeat":"","ocean_post_title_bg_image_size":"","ocean_post_title_height":0,"ocean_post_title_bg_overlay":0.5,"ocean_post_title_bg_overlay_color":"","ocean_disable_breadcrumbs":"default","ocean_breadcrumbs_color":"","ocean_breadcrumbs_separator_color":"","ocean_breadcrumbs_links_color":"","ocean_breadcrumbs_links_hover_color":"","ocean_display_footer_widgets":"default","ocean_display_footer_bottom":"default","ocean_custom_footer_template":"0"},"product_brand":[],"product_cat":[88],"product_tag":[],"class_list":{"0":"post-4919","1":"product","2":"type-product","3":"status-publish","4":"has-post-thumbnail","6":"product_cat-domowe-testy-diagnostyczne","8":"entry","9":"has-media","11":"first","12":"outofstock","13":"shipping-taxable","14":"purchasable","15":"product-type-simple","16":"has-product-nav","17":"col","18":"span_1_of_3","19":"owp-content-left","20":"owp-thumbs-layout-horizontal","21":"owp-btn-normal","22":"owp-tabs-layout-horizontal"},"_links":{"self":[{"href":"https:\/\/ecocorner.eu\/en\/wp-json\/wp\/v2\/product\/4919","targetHints":{"allow":["GET"]}}],"collection":[{"href":"https:\/\/ecocorner.eu\/en\/wp-json\/wp\/v2\/product"}],"about":[{"href":"https:\/\/ecocorner.eu\/en\/wp-json\/wp\/v2\/types\/product"}],"version-history":[{"count":1,"href":"https:\/\/ecocorner.eu\/en\/wp-json\/wp\/v2\/product\/4919\/revisions"}],"predecessor-version":[{"id":4922,"href":"https:\/\/ecocorner.eu\/en\/wp-json\/wp\/v2\/product\/4919\/revisions\/4922"}],"wp:featuredmedia":[{"embeddable":true,"href":"https:\/\/ecocorner.eu\/en\/wp-json\/wp\/v2\/media\/4920"}],"wp:attachment":[{"href":"https:\/\/ecocorner.eu\/en\/wp-json\/wp\/v2\/media?parent=4919"}],"wp:term":[{"taxonomy":"product_brand","embeddable":true,"href":"https:\/\/ecocorner.eu\/en\/wp-json\/wp\/v2\/product_brand?post=4919"},{"taxonomy":"product_cat","embeddable":true,"href":"https:\/\/ecocorner.eu\/en\/wp-json\/wp\/v2\/product_cat?post=4919"},{"taxonomy":"product_tag","embeddable":true,"href":"https:\/\/ecocorner.eu\/en\/wp-json\/wp\/v2\/product_tag?post=4919"}],"curies":[{"name":"wp","href":"https:\/\/api.w.org\/{rel}","templated":true}]}}