{"id":4923,"date":"2024-02-09T11:18:36","date_gmt":"2024-02-09T11:18:36","guid":{"rendered":"https:\/\/ecocorner.eu\/?post_type=product&#038;p=4923"},"modified":"2025-07-29T18:42:59","modified_gmt":"2025-07-29T18:42:59","slug":"domowe-laboratorium-test-na-infekcje-drog-moczowych-1-szt","status":"publish","type":"product","link":"https:\/\/ecocorner.eu\/en\/product\/domowe-laboratorium-test-na-infekcje-drog-moczowych-1-szt\/","title":{"rendered":"Domowe  Laboratorium     Test na infekcje dr\u00f3g moczowych dzieci i doros\u0142ych  1 szt."},"content":{"rendered":"<section id=\"projector_longdescription\" class=\"projector_longdescription cm col-12\">Jest to test paskowy, umo\u017cliwiaj\u0105cy przeprowadzenie badania na dwa sposoby. Strumieniowo, czyli poprzez umieszczenie ko\u0144c\u00f3wki testu pod strumieniem moczu na 1-2 sekundy oraz poprzez zanurzenie paska testowego w pr\u00f3bce moczu zebranego do czystego i suchego naczynia.<br \/>\nNa te\u015bcie widniej\u0105 dwa pola reakcyjne, kt\u00f3re po przeprowadzeniu badania ulegaj\u0105 zabarwieniu. Wyniki w okienku przypisanym azotynom odczytujemy po up\u0142ywie 60 sekund, w przypadku leukocyt\u00f3w nale\u017cy odczeka\u0107 120 sekund. Odczyt por\u00f3wnujemy ze skal\u0105 barwn\u0105 umieszczon\u0105 na te\u015bcie. Musimy zrobi\u0107 to w ci\u0105gu 2 minut, poniewa\u017c interpretacja wynik\u00f3w uzyskana po d\u0142u\u017cszym ni\u017c 2 minuty czasie nie jest ju\u017c wiarygodna.<\/p>\n<p><strong>Wykrycie w badanej pr\u00f3bce azotyn\u00f3w lub podwy\u017cszonego st\u0119\u017cenie leukocyt\u00f3w wskazuje na rozwijaj\u0105c\u0105 si\u0119 infekcj\u0119 dr\u00f3g moczowych. <\/strong><\/p>\n<p>W takim przypadku nale\u017cy koniecznie skonsultowa\u0107 si\u0119 z lekarzem i rozpocz\u0105\u0107 terapi\u0119 lecznicz\u0105, poniewa\u017c nieleczone stany zapalne dr\u00f3g moczowych mog\u0105 prowadzi\u0107 do powa\u017cnych chor\u00f3b.<\/p>\n<p><strong>Test na infekcj\u0119 dr\u00f3g moczowych wskazany jest przy obserwacji takich objaw\u00f3w jak problemy z oddawaniem moczu, pieczenie p\u0119cherza, gor\u0105czka, b\u00f3le l\u0119d\u017awiowe czy og\u00f3lne z\u0142e samopoczucie. <\/strong><\/p>\n<p>Zdj\u0119cie przedstawia opakowanie z 2018 roku, w sprzeda\u017cy mog\u0105 pojawia\u0107 si\u0119 r\u00f3wnie\u017c starsze opakowania.<\/p>\n<p><strong>Sk\u0142ad opakowania:<\/p>\n<p><\/strong>Opakowanie Testu na infekcje dr\u00f3g moczowych dla dzieci + doros\u0142ych zawiera:<\/p>\n<ul>\n<li>2 foliowe kopertki (ka\u017cda zawieraj\u0105ca 1 test paskowy i \u015brodek poch\u0142aniaj\u0105cy wilgo\u0107)<\/li>\n<li>1\u00a0 instrukcj\u0119 u\u017cywania wyrobu<\/li>\n<\/ul>\n<p>Skala barwna potrzebna do odczytania wyniku testu znajduje si\u0119 na opakowaniu<\/p>\n<p><strong>Materia\u0142 do badania:<\/strong>\u00a0pr\u00f3bka\u00a0moczu<\/p>\n<p><strong>Czas oczekiwania na wynik:<\/strong>\u00a0Wynik otrzymujemy ju\u017c po up\u0142ywie 60 sekund &#8211; 2 minut<\/p>\n<h4>\u00a0<strong>To jest wyr\u00f3b medyczny. U\u017cywaj go zgodnie z instrukcj\u0105 u\u017cywania<br \/>\nlub etykiet\u0105.<\/strong><\/h4>\n<\/section>\n<div id=\"how_to_make_test\">\n<div class=\"big_label\">Jak wykona\u0107 badanie<\/div>\n<p>W ka\u017cdym opakowaniu testu znajduj\u0105 si\u0119 dwie aluminiowe koperty, w kt\u00f3rych umieszczono po jednym te\u015bcie paskowym wraz z \u015brodkiem poch\u0142aniaj\u0105cym wilgo\u0107, kt\u00f3ry po rozpakowaniu koperty nale\u017cy wyrzuci\u0107 do kosza. Koniecznie sprawd\u017a termin wa\u017cno\u015bci testu oraz czy opakowanie foliowe nie jest uszkodzone.<\/p>\n<p><strong>Przygotowanie do badania<\/strong><\/p>\n<p>Infekcje dr\u00f3g moczowych TEST to badanie paskowe na leukocyty i azotyny w moczu. Przed przyst\u0105pieniem do przeprowadzenia testu nale\u017cy dok\u0142adnie zapozna\u0107 si\u0119 z informacjami na temat wykonania badania zawartymi w ulotce do\u0142\u0105czonej do testu. Przygotuj r\u00f3wnie\u017c zegarek z sekundnikiem do odmierzenia czasu potrzebnego do odczytania wyniku testu oraz chusteczk\u0119 higieniczn\u0105.<\/p>\n<p>Przed rozpocz\u0119ciem badania nale\u017cy przygotowa\u0107 pr\u00f3bk\u0119 moczu, najlepiej z pierwszej porannej zbi\u00f3rki, po co najmniej 4-godzinnej nocnej przerwie w oddawaniu moczu. Zebrany w ten spos\u00f3b mocz powinien zosta\u0107 wykorzystany do badania w przeci\u0105gu jednej godziny od jego pobrania.<\/p>\n<p>Mo\u017cliwe s\u0105 dwie metody przeprowadzenia badania. Test mo\u017cna wykona\u0107 zanurzaj\u0105c ko\u0144c\u00f3wk\u0119 paska w pojemniku z zebranym wcze\u015bniej moczem lub wprowadzaj\u0105c ko\u0144c\u00f3wk\u0119 paska testu bezpo\u015brednio pod strumie\u0144 porannego moczu.<\/p>\n<p>Aby badanie by\u0142o wiarygodne, przed zebraniem pr\u00f3bki moczu do pojemnika nie nale\u017cy spo\u017cywa\u0107 pokarm\u00f3w zawieraj\u0105cych barwnik\u00f3w oraz \u015brodk\u00f3w farmaceutycznych mog\u0105cych zmieni\u0107 zabarwienie moczu. Nale\u017cy unika\u0107 r\u00f3wnie\u017c du\u017cego wysi\u0142ku fizycznego na dzie\u0144 przed badaniem, a tak\u017ce wysokobia\u0142kowej diety, witaminy C oraz B2. Przeciwwskazania dotycz\u0105 r\u00f3wnie\u017c kobiet b\u0119d\u0105cych w trakcie menstruacji, a tak\u017ce 2-3 dni przed spodziewan\u0105 miesi\u0105czk\u0105 oraz tuz po jej zako\u0144czeniu. W tych przypadkach nie powinno si\u0119 przeprowadza\u0107 badania.<\/p>\n<p><strong>Przeprowadzenie testu<\/strong><\/p>\n<ul>\n<li>Wyjmij z koperty test paskowy.<\/li>\n<li>Ko\u0144c\u00f3wk\u0119 paska umie\u015b\u0107 pod \u015brodkowy strumie\u0144 moczu na oko\u0142o 1-2 sekundy lub zanurz ko\u0144c\u00f3wk\u0119 testu w pojemniku ze wcze\u015bniej przygotowan\u0105 pr\u00f3bka moczu i natychmiast j\u0105 wyjmij.<\/li>\n<li>Trzymaj\u0105c test poziomo, usu\u0144 nadmiar znajduj\u0105cego si\u0119 na nim moczu dotykaj\u0105c brzegiem testu chusteczk\u0119 higieniczn\u0105.<\/li>\n<\/ul>\n<\/div>\n<div id=\"how_to_read_test\">\n<div class=\"big_label\">Interpretacja wynik\u00f3w testu<\/div>\n<p>Na opakowaniu testu znajduje si\u0119 skala barwna, z kt\u00f3r\u0105 nale\u017cy por\u00f3wnywa\u0107 uzyskany wynik zabarwienia p\u00f3l na pasku testowym.<\/p>\n<p>&nbsp;<\/p>\n<p><strong>Uwaga! Por\u00f3wnuj\u0105c barw\u0119 p\u00f3l trzeba wzi\u0105\u0107 pod uwag\u0119 odpowiadaj\u0105ce obydwu parametrom (polom) czasy czytania.<\/strong><\/p>\n<p>&nbsp;<\/p>\n<p>W przypadku azotyn\u00f3w powinny one zosta\u0107 odczytane po 60 sekundach, natomiast leukocyty dok\u0142adnie po up\u0142ywie 120 sekund. Po up\u0142ywie 2 minut, wszelkie zaobserwowane zmiany zabarwienia nie b\u0119d\u0105 mia\u0142y \u017cadnego znaczenia diagnostycznego.<\/p>\n<p>&nbsp;<\/p>\n<p>W sytuacji, gdy wynik testu wyka\u017ce podwy\u017cszony poziom leukocyt\u00f3w i\/lub obecno\u015b\u0107 azotyn\u00f3w w Twoim moczu, niezw\u0142ocznie zg\u0142o\u015b si\u0119 do lekarza. W przypadku uzyskania wynik\u00f3w w normie, lecz przy utrzymuj\u0105cych si\u0119 objawach infekcji, r\u00f3wnie\u017c konieczna jest konsultacja ze specjalist\u0105. Pami\u0119taj, aby nie podejmowa\u0107 \u017cadnych dzia\u0142a\u0144 o charakterze medycznym bez wcze\u015bniejszej wizyty u lekarza.<\/p>\n<\/div>","protected":false},"excerpt":{"rendered":"<p><strong>Test na infekcje dr\u00f3g moczowych to \u015bwietne narz\u0119dzie do domowej diagnostyki, umo\u017cliwiaj\u0105ce analiz\u0119 moczu pod k\u0105tem st\u0119\u017cenia zawartych w nim leukocyt\u00f3w i azotyn\u00f3w.<\/strong><\/p>\n<p>Infekcje dr\u00f3g moczowych TEST wykrywa zaka\u017cenia i stany zapalne dr\u00f3g moczowych, zar\u00f3wno u dzieci, jak i u doros\u0142ych. W prawid\u0142owym moczu azotyny nie wyst\u0119puj\u0105 wcale, natomiast leukocyty mog\u0105 pojawia\u0107 si\u0119 jedynie w stopniu \u015bladowym.<\/p>\n<p><strong>Test szczeg\u00f3lnie przydatny jest w diagnostyce infekcji u dzieci, kt\u00f3re bardzo cz\u0119sto wstydz\u0105 si\u0119 przyzna\u0107 do problem\u00f3w zwi\u0105zanych z uk\u0142adem moczowym. <\/strong><\/p>","protected":false},"featured_media":4924,"template":"","meta":{"ocean_post_layout":"","ocean_both_sidebars_style":"","ocean_both_sidebars_content_width":0,"ocean_both_sidebars_sidebars_width":0,"ocean_sidebar":"0","ocean_second_sidebar":"0","ocean_disable_margins":"enable","ocean_add_body_class":"","ocean_shortcode_before_top_bar":"","ocean_shortcode_after_top_bar":"","ocean_shortcode_before_header":"","ocean_shortcode_after_header":"","ocean_has_shortcode":"","ocean_shortcode_after_title":"","ocean_shortcode_before_footer_widgets":"","ocean_shortcode_after_footer_widgets":"","ocean_shortcode_before_footer_bottom":"","ocean_shortcode_after_footer_bottom":"","ocean_display_top_bar":"default","ocean_display_header":"default","ocean_header_style":"","ocean_center_header_left_menu":"0","ocean_custom_header_template":"0","ocean_custom_logo":0,"ocean_custom_retina_logo":0,"ocean_custom_logo_max_width":0,"ocean_custom_logo_tablet_max_width":0,"ocean_custom_logo_mobile_max_width":0,"ocean_custom_logo_max_height":0,"ocean_custom_logo_tablet_max_height":0,"ocean_custom_logo_mobile_max_height":0,"ocean_header_custom_menu":"0","ocean_menu_typo_font_family":"0","ocean_menu_typo_font_subset":"","ocean_menu_typo_font_size":0,"ocean_menu_typo_font_size_tablet":0,"ocean_menu_typo_font_size_mobile":0,"ocean_menu_typo_font_size_unit":"px","ocean_menu_typo_font_weight":"","ocean_menu_typo_font_weight_tablet":"","ocean_menu_typo_font_weight_mobile":"","ocean_menu_typo_transform":"","ocean_menu_typo_transform_tablet":"","ocean_menu_typo_transform_mobile":"","ocean_menu_typo_line_height":0,"ocean_menu_typo_line_height_tablet":0,"ocean_menu_typo_line_height_mobile":0,"ocean_menu_typo_line_height_unit":"","ocean_menu_typo_spacing":0,"ocean_menu_typo_spacing_tablet":0,"ocean_menu_typo_spacing_mobile":0,"ocean_menu_typo_spacing_unit":"","ocean_menu_link_color":"","ocean_menu_link_color_hover":"","ocean_menu_link_color_active":"","ocean_menu_link_background":"","ocean_menu_link_hover_background":"","ocean_menu_link_active_background":"","ocean_menu_social_links_bg":"","ocean_menu_social_hover_links_bg":"","ocean_menu_social_links_color":"","ocean_menu_social_hover_links_color":"","ocean_disable_title":"default","ocean_disable_heading":"default","ocean_post_title":"","ocean_post_subheading":"","ocean_post_title_style":"","ocean_post_title_background_color":"","ocean_post_title_background":0,"ocean_post_title_bg_image_position":"","ocean_post_title_bg_image_attachment":"","ocean_post_title_bg_image_repeat":"","ocean_post_title_bg_image_size":"","ocean_post_title_height":0,"ocean_post_title_bg_overlay":0.5,"ocean_post_title_bg_overlay_color":"","ocean_disable_breadcrumbs":"default","ocean_breadcrumbs_color":"","ocean_breadcrumbs_separator_color":"","ocean_breadcrumbs_links_color":"","ocean_breadcrumbs_links_hover_color":"","ocean_display_footer_widgets":"default","ocean_display_footer_bottom":"default","ocean_custom_footer_template":"0"},"product_brand":[],"product_cat":[36,21],"product_tag":[],"class_list":{"0":"post-4923","1":"product","2":"type-product","3":"status-publish","4":"has-post-thumbnail","6":"product_cat-promocje-wyprzedaze","7":"product_cat-zdrowie","9":"entry","10":"has-media","12":"first","13":"instock","14":"sale","15":"shipping-taxable","16":"purchasable","17":"product-type-simple","18":"has-product-nav","19":"col","20":"span_1_of_3","21":"owp-content-left","22":"owp-thumbs-layout-horizontal","23":"owp-btn-normal","24":"owp-tabs-layout-horizontal"},"_links":{"self":[{"href":"https:\/\/ecocorner.eu\/en\/wp-json\/wp\/v2\/product\/4923","targetHints":{"allow":["GET"]}}],"collection":[{"href":"https:\/\/ecocorner.eu\/en\/wp-json\/wp\/v2\/product"}],"about":[{"href":"https:\/\/ecocorner.eu\/en\/wp-json\/wp\/v2\/types\/product"}],"version-history":[{"count":2,"href":"https:\/\/ecocorner.eu\/en\/wp-json\/wp\/v2\/product\/4923\/revisions"}],"predecessor-version":[{"id":6777,"href":"https:\/\/ecocorner.eu\/en\/wp-json\/wp\/v2\/product\/4923\/revisions\/6777"}],"wp:featuredmedia":[{"embeddable":true,"href":"https:\/\/ecocorner.eu\/en\/wp-json\/wp\/v2\/media\/4924"}],"wp:attachment":[{"href":"https:\/\/ecocorner.eu\/en\/wp-json\/wp\/v2\/media?parent=4923"}],"wp:term":[{"taxonomy":"product_brand","embeddable":true,"href":"https:\/\/ecocorner.eu\/en\/wp-json\/wp\/v2\/product_brand?post=4923"},{"taxonomy":"product_cat","embeddable":true,"href":"https:\/\/ecocorner.eu\/en\/wp-json\/wp\/v2\/product_cat?post=4923"},{"taxonomy":"product_tag","embeddable":true,"href":"https:\/\/ecocorner.eu\/en\/wp-json\/wp\/v2\/product_tag?post=4923"}],"curies":[{"name":"wp","href":"https:\/\/api.w.org\/{rel}","templated":true}]}}