{"id":4948,"date":"2024-02-14T14:32:39","date_gmt":"2024-02-14T14:32:39","guid":{"rendered":"https:\/\/ecocorner.eu\/?post_type=product&#038;p=4948"},"modified":"2025-11-03T22:47:30","modified_gmt":"2025-11-03T22:47:30","slug":"mokosh-peeling-solny-do-ciala-pomarancza-z-cynamonem-300-g","status":"publish","type":"product","link":"https:\/\/ecocorner.eu\/en\/product\/mokosh-peeling-solny-do-ciala-pomarancza-z-cynamonem-300-g\/","title":{"rendered":"MOKOSH   Peeling solny do cia\u0142a   Pomara\u0144cza z cynamonem   300 g"},"content":{"rendered":"<p>Method of application:<\/p>\n<p>Niewielk\u0105 ilo\u015b\u0107 peelingu nanie\u015b na wilgotn\u0105 sk\u00f3r\u0119 cia\u0142a i wmasuj okr\u0119\u017cnymi ruchami. Nast\u0119pnie sp\u0142ucz bez u\u017cycia kosmetyk\u00f3w myj\u0105cych. Zaleca si\u0119 wykonywanie peelingu raz w tygodniu.<\/p>\n<p>Peeling jest kosmetykiem <strong>wega\u0144skim<\/strong>. Peeling nie zawiera sk\u0142adnik\u00f3w z przeciwwskazaniami dla kobiet w ci\u0105\u017cy.<\/p>\n<p>&nbsp;<\/p>\n<p>Ingredients (INCI): Maris Sal, Prunus Amygdalus Dulcis (Sweet Almond) Oil, Butyrospermum Parkii (Shea) Butter, Argania Spinosa Kernel Oil, Daucus Carota Sativa Root Oil, Simmondsia Chinensis (Jojoba) Seed Oil, Jojoba Esters, Caprylic\/Capric Triglyceride\u2022\u2022, Glycerin\u2022\u2022, Oenothera Biennis (Evening Primrose) Seed Oil, Citrus Aurantium Amara (Bitter Orange) Flower Extract, Helianthus Annuus (Sunflower) Seed Oil, Tocopherol, Parfum, Limonene\u2022, Cinnamal\u2022, Linalool\u2022, Benzyl Alcohol\u2022, Eugenol\u2022, Citral\u2022, Geraniol\u2022, Citronellol\u2022<\/p>\n<p>\u2022 Sk\u0142adnik kompozycji zapachowej<br \/>\n\u2022\u2022 Surowiec pochodzenia ro\u015blinnego<\/p>\n<p>Uwaga, produkt naturalny. Partie mog\u0105 r\u00f3\u017cni\u0107 si\u0119 intensywno\u015bci\u0105 zapachu, barw\u0105 oraz konsystencj\u0105. Jest to proces naturalny, kt\u00f3ry nie wp\u0142ywa na jako\u015b\u0107 produktu i mo\u017ce post\u0119powa\u0107 z up\u0142ywem czasu. Mog\u0105 wytr\u0105ca\u0107 si\u0119 oleje. Przechowywa\u0107 w zacienionym miejscu w temperaturze pokojowej.<\/p>\n<figure><img decoding=\"async\" src=\"https:\/\/mokosh.pl\/userdata\/public\/upload\/5m-3.jpg\" alt=\"\" data-image=\"3a18c181-7246-41bc-a5df-b417d805d799\" \/><\/figure>","protected":false},"excerpt":{"rendered":"<p>Peeling z soli z Morza Martwego o orientalnym zapachu pomara\u0144czy z cynamonem zawiera mas\u0142o shea oraz kompozycj\u0119 cennych olei ro\u015blinnych: arganowego, jojoba, z wiesio\u0142ka, z marchewki i ze s\u0142odkich migda\u0142\u00f3w, kt\u00f3re nawil\u017caj\u0105 i delikatnie nat\u0142uszczaj\u0105 sk\u00f3r\u0119. Dodatkowo wspomniany olej z marchewki bogaty m.in. w witamin\u0119 A i karoteny od\u017cywia, napina i uelastycznia sk\u00f3r\u0119, za\u015b obecny w sk\u0142adzie macerat z kwiat\u00f3w gorzkiej pomara\u0144czy rewitalizuje j\u0105, wyg\u0142adza i \u0142agodzi podra\u017cnienia. Po u\u017cyciu peelingu sk\u00f3ra staje si\u0119 napi\u0119ta, g\u0142adka i mi\u0119kka w dotyku.<\/p>\n<p>Active Ingredients:<\/p>\n<ul>\n<li>S\u00f3l z Morza Martwego<\/li>\n<li>Shea Butter<\/li>\n<li>Olej z marchewki<\/li>\n<li>Evening Primrose Oil<\/li>\n<li>Argan Oil<\/li>\n<li>Jojoba Oil<\/li>\n<li>Sweet Almond Oil<\/li>\n<li>Macerat z kwiatu pomara\u0144czy<\/li>\n<li>Vitamin E<\/li>\n<\/ul>","protected":false},"featured_media":4949,"template":"","meta":{"ocean_post_layout":"","ocean_both_sidebars_style":"","ocean_both_sidebars_content_width":0,"ocean_both_sidebars_sidebars_width":0,"ocean_sidebar":"0","ocean_second_sidebar":"0","ocean_disable_margins":"enable","ocean_add_body_class":"","ocean_shortcode_before_top_bar":"","ocean_shortcode_after_top_bar":"","ocean_shortcode_before_header":"","ocean_shortcode_after_header":"","ocean_has_shortcode":"","ocean_shortcode_after_title":"","ocean_shortcode_before_footer_widgets":"","ocean_shortcode_after_footer_widgets":"","ocean_shortcode_before_footer_bottom":"","ocean_shortcode_after_footer_bottom":"","ocean_display_top_bar":"default","ocean_display_header":"default","ocean_header_style":"","ocean_center_header_left_menu":"0","ocean_custom_header_template":"0","ocean_custom_logo":0,"ocean_custom_retina_logo":0,"ocean_custom_logo_max_width":0,"ocean_custom_logo_tablet_max_width":0,"ocean_custom_logo_mobile_max_width":0,"ocean_custom_logo_max_height":0,"ocean_custom_logo_tablet_max_height":0,"ocean_custom_logo_mobile_max_height":0,"ocean_header_custom_menu":"0","ocean_menu_typo_font_family":"0","ocean_menu_typo_font_subset":"","ocean_menu_typo_font_size":0,"ocean_menu_typo_font_size_tablet":0,"ocean_menu_typo_font_size_mobile":0,"ocean_menu_typo_font_size_unit":"px","ocean_menu_typo_font_weight":"","ocean_menu_typo_font_weight_tablet":"","ocean_menu_typo_font_weight_mobile":"","ocean_menu_typo_transform":"","ocean_menu_typo_transform_tablet":"","ocean_menu_typo_transform_mobile":"","ocean_menu_typo_line_height":0,"ocean_menu_typo_line_height_tablet":0,"ocean_menu_typo_line_height_mobile":0,"ocean_menu_typo_line_height_unit":"","ocean_menu_typo_spacing":0,"ocean_menu_typo_spacing_tablet":0,"ocean_menu_typo_spacing_mobile":0,"ocean_menu_typo_spacing_unit":"","ocean_menu_link_color":"","ocean_menu_link_color_hover":"","ocean_menu_link_color_active":"","ocean_menu_link_background":"","ocean_menu_link_hover_background":"","ocean_menu_link_active_background":"","ocean_menu_social_links_bg":"","ocean_menu_social_hover_links_bg":"","ocean_menu_social_links_color":"","ocean_menu_social_hover_links_color":"","ocean_disable_title":"default","ocean_disable_heading":"default","ocean_post_title":"","ocean_post_subheading":"","ocean_post_title_style":"","ocean_post_title_background_color":"","ocean_post_title_background":0,"ocean_post_title_bg_image_position":"","ocean_post_title_bg_image_attachment":"","ocean_post_title_bg_image_repeat":"","ocean_post_title_bg_image_size":"","ocean_post_title_height":0,"ocean_post_title_bg_overlay":0.5,"ocean_post_title_bg_overlay_color":"","ocean_disable_breadcrumbs":"default","ocean_breadcrumbs_color":"","ocean_breadcrumbs_separator_color":"","ocean_breadcrumbs_links_color":"","ocean_breadcrumbs_links_hover_color":"","ocean_display_footer_widgets":"default","ocean_display_footer_bottom":"default","ocean_custom_footer_template":"0"},"product_brand":[],"product_cat":[81,52],"product_tag":[],"class_list":{"0":"post-4948","1":"product","2":"type-product","3":"status-publish","4":"has-post-thumbnail","6":"product_cat-mokosh","7":"product_cat-peelingi-do-ciala","9":"entry","10":"has-media","12":"first","13":"outofstock","14":"shipping-taxable","15":"purchasable","16":"product-type-simple","17":"has-product-nav","18":"col","19":"span_1_of_3","20":"owp-content-left","21":"owp-thumbs-layout-horizontal","22":"owp-btn-normal","23":"owp-tabs-layout-horizontal","24":"has-no-thumbnails"},"_links":{"self":[{"href":"https:\/\/ecocorner.eu\/en\/wp-json\/wp\/v2\/product\/4948","targetHints":{"allow":["GET"]}}],"collection":[{"href":"https:\/\/ecocorner.eu\/en\/wp-json\/wp\/v2\/product"}],"about":[{"href":"https:\/\/ecocorner.eu\/en\/wp-json\/wp\/v2\/types\/product"}],"version-history":[{"count":1,"href":"https:\/\/ecocorner.eu\/en\/wp-json\/wp\/v2\/product\/4948\/revisions"}],"predecessor-version":[{"id":4950,"href":"https:\/\/ecocorner.eu\/en\/wp-json\/wp\/v2\/product\/4948\/revisions\/4950"}],"wp:featuredmedia":[{"embeddable":true,"href":"https:\/\/ecocorner.eu\/en\/wp-json\/wp\/v2\/media\/4949"}],"wp:attachment":[{"href":"https:\/\/ecocorner.eu\/en\/wp-json\/wp\/v2\/media?parent=4948"}],"wp:term":[{"taxonomy":"product_brand","embeddable":true,"href":"https:\/\/ecocorner.eu\/en\/wp-json\/wp\/v2\/product_brand?post=4948"},{"taxonomy":"product_cat","embeddable":true,"href":"https:\/\/ecocorner.eu\/en\/wp-json\/wp\/v2\/product_cat?post=4948"},{"taxonomy":"product_tag","embeddable":true,"href":"https:\/\/ecocorner.eu\/en\/wp-json\/wp\/v2\/product_tag?post=4948"}],"curies":[{"name":"wp","href":"https:\/\/api.w.org\/{rel}","templated":true}]}}