{"id":4951,"date":"2024-02-14T14:35:40","date_gmt":"2024-02-14T14:35:40","guid":{"rendered":"https:\/\/ecocorner.eu\/?post_type=product&#038;p=4951"},"modified":"2026-04-10T21:45:56","modified_gmt":"2026-04-10T21:45:56","slug":"mokosh-peeling-solny-do-ciala-melon-z-ogorkiem-300-g","status":"publish","type":"product","link":"https:\/\/ecocorner.eu\/en\/product\/mokosh-peeling-solny-do-ciala-melon-z-ogorkiem-300-g\/","title":{"rendered":"MOKOSH   Peeling solny do cia\u0142a    Melon z og\u00f3rkiem  300 g    01.26"},"content":{"rendered":"<p>Method of application:<\/p>\n<p>Niewielk\u0105 ilo\u015b\u0107 peelingu nanie\u015b na wilgotn\u0105 sk\u00f3r\u0119 cia\u0142a i wmasuj okr\u0119\u017cnymi ruchami. Nast\u0119pnie sp\u0142ucz bez u\u017cycia kosmetyk\u00f3w myj\u0105cych. Zaleca si\u0119 wykonywanie peelingu raz w tygodniu.<\/p>\n<p>Peeling jest kosmetykiem <strong>wega\u0144skim<\/strong>. Peeling nie zawiera sk\u0142adnik\u00f3w z przeciwwskazaniami dla kobiet w ci\u0105\u017cy.<\/p>\n<p>Ingredients (INCI): Maris Sal, Prunus Amygdalus Dulcis (Sweet Almond) Oil,Butyrospermum Parkii (Shea) Butter, Argania Spinosa Kernel Oil, Jojoba Esters, Cucumis Sativus (Cucumber) Seed Oil, Simmondsia Chinensis (Jojoba) Seed Oil, Glycerin\u2022\u2022, Oenothera Biennis (Evening Primrose) Seed Oil, Tocopherol, Helianthus Annuus (Sunflower) Seed Oil, Parfum<\/p>\n<p>\u2022 Surowiec pochodzenia ro\u015blinnego<\/p>\n<p>Uwaga, produkt naturalny. Partie mog\u0105 r\u00f3\u017cni\u0107 si\u0119 intensywno\u015bci\u0105 zapachu, barw\u0105 oraz konsystencj\u0105. Jest to proces naturalny, kt\u00f3ry nie wp\u0142ywa na jako\u015b\u0107 produktu i mo\u017ce post\u0119powa\u0107 z up\u0142ywem czasu. Mog\u0105 wytr\u0105ca\u0107 si\u0119 oleje. Przechowywa\u0107 w zacienionym miejscu w temperaturze pokojowej.<\/p>\n<p>&nbsp;<\/p>\n<figure><img decoding=\"async\" src=\"https:\/\/mokosh.pl\/userdata\/public\/upload\/5m-1.jpg\" alt=\"\" data-image=\"2abc28a9-2b97-47d9-8568-8499ab8f41d1\" \/><\/figure>","protected":false},"excerpt":{"rendered":"<p>G\u0142\u0119boko oczyszczaj\u0105cy peeling o orze\u017awiaj\u0105cym aromacie melona i og\u00f3rka. Zawiera naturalne kryszta\u0142ki soli z Morza Martwego, kt\u00f3re masuj\u0105 cia\u0142o i usuwaj\u0105 martwe kom\u00f3rki nask\u00f3rka, sprawiaj\u0105c, \u017ce sk\u00f3ra staje si\u0119 g\u0142adka i mi\u0119kka w dotyku. Mas\u0142o shea oraz kompozycja cennych olei ro\u015blinnych: arganowego, jojoba, z wiesio\u0142ka i ze s\u0142odkich migda\u0142\u00f3w dodatkowo nawil\u017caj\u0105 i delikatnie nat\u0142uszczaj\u0105 sk\u00f3r\u0119, chroni\u0105c j\u0105 przed dzia\u0142aniem niekorzystnych czynnik\u00f3w zewn\u0119trznych. Po u\u017cyciu peelingu sk\u00f3ra staje si\u0119 napi\u0119ta, g\u0142adka i mi\u0119kka w dotyku.<\/p>\n<p>Active Ingredients:<\/p>\n<ul>\n<li>S\u00f3l z Morza Martwego<\/li>\n<li>Shea Butter<\/li>\n<li>Olej z pestek og\u00f3rka<\/li>\n<li>Evening Primrose Oil<\/li>\n<li>Argan Oil<\/li>\n<li>Jojoba Oil<\/li>\n<li>Sweet Almond Oil<\/li>\n<li>Vitamin E<\/li>\n<\/ul>","protected":false},"featured_media":4952,"template":"","meta":{"ocean_post_layout":"","ocean_both_sidebars_style":"","ocean_both_sidebars_content_width":0,"ocean_both_sidebars_sidebars_width":0,"ocean_sidebar":"0","ocean_second_sidebar":"0","ocean_disable_margins":"enable","ocean_add_body_class":"","ocean_shortcode_before_top_bar":"","ocean_shortcode_after_top_bar":"","ocean_shortcode_before_header":"","ocean_shortcode_after_header":"","ocean_has_shortcode":"","ocean_shortcode_after_title":"","ocean_shortcode_before_footer_widgets":"","ocean_shortcode_after_footer_widgets":"","ocean_shortcode_before_footer_bottom":"","ocean_shortcode_after_footer_bottom":"","ocean_display_top_bar":"default","ocean_display_header":"default","ocean_header_style":"","ocean_center_header_left_menu":"0","ocean_custom_header_template":"0","ocean_custom_logo":0,"ocean_custom_retina_logo":0,"ocean_custom_logo_max_width":0,"ocean_custom_logo_tablet_max_width":0,"ocean_custom_logo_mobile_max_width":0,"ocean_custom_logo_max_height":0,"ocean_custom_logo_tablet_max_height":0,"ocean_custom_logo_mobile_max_height":0,"ocean_header_custom_menu":"0","ocean_menu_typo_font_family":"0","ocean_menu_typo_font_subset":"","ocean_menu_typo_font_size":0,"ocean_menu_typo_font_size_tablet":0,"ocean_menu_typo_font_size_mobile":0,"ocean_menu_typo_font_size_unit":"px","ocean_menu_typo_font_weight":"","ocean_menu_typo_font_weight_tablet":"","ocean_menu_typo_font_weight_mobile":"","ocean_menu_typo_transform":"","ocean_menu_typo_transform_tablet":"","ocean_menu_typo_transform_mobile":"","ocean_menu_typo_line_height":0,"ocean_menu_typo_line_height_tablet":0,"ocean_menu_typo_line_height_mobile":0,"ocean_menu_typo_line_height_unit":"","ocean_menu_typo_spacing":0,"ocean_menu_typo_spacing_tablet":0,"ocean_menu_typo_spacing_mobile":0,"ocean_menu_typo_spacing_unit":"","ocean_menu_link_color":"","ocean_menu_link_color_hover":"","ocean_menu_link_color_active":"","ocean_menu_link_background":"","ocean_menu_link_hover_background":"","ocean_menu_link_active_background":"","ocean_menu_social_links_bg":"","ocean_menu_social_hover_links_bg":"","ocean_menu_social_links_color":"","ocean_menu_social_hover_links_color":"","ocean_disable_title":"default","ocean_disable_heading":"default","ocean_post_title":"","ocean_post_subheading":"","ocean_post_title_style":"","ocean_post_title_background_color":"","ocean_post_title_background":0,"ocean_post_title_bg_image_position":"","ocean_post_title_bg_image_attachment":"","ocean_post_title_bg_image_repeat":"","ocean_post_title_bg_image_size":"","ocean_post_title_height":0,"ocean_post_title_bg_overlay":0.5,"ocean_post_title_bg_overlay_color":"","ocean_disable_breadcrumbs":"default","ocean_breadcrumbs_color":"","ocean_breadcrumbs_separator_color":"","ocean_breadcrumbs_links_color":"","ocean_breadcrumbs_links_hover_color":"","ocean_display_footer_widgets":"default","ocean_display_footer_bottom":"default","ocean_custom_footer_template":"0"},"product_brand":[],"product_cat":[81,64,52,36],"product_tag":[],"class_list":{"0":"post-4951","1":"product","2":"type-product","3":"status-publish","4":"has-post-thumbnail","6":"product_cat-mokosh","7":"product_cat-oferta-tygodnia","8":"product_cat-peelingi-do-ciala","9":"product_cat-promocje-wyprzedaze","11":"entry","12":"has-media","14":"first","15":"instock","16":"sale","17":"shipping-taxable","18":"purchasable","19":"product-type-simple","20":"has-product-nav","21":"col","22":"span_1_of_3","23":"owp-content-left","24":"owp-thumbs-layout-horizontal","25":"owp-btn-normal","26":"owp-tabs-layout-horizontal","27":"has-no-thumbnails"},"_links":{"self":[{"href":"https:\/\/ecocorner.eu\/en\/wp-json\/wp\/v2\/product\/4951","targetHints":{"allow":["GET"]}}],"collection":[{"href":"https:\/\/ecocorner.eu\/en\/wp-json\/wp\/v2\/product"}],"about":[{"href":"https:\/\/ecocorner.eu\/en\/wp-json\/wp\/v2\/types\/product"}],"version-history":[{"count":2,"href":"https:\/\/ecocorner.eu\/en\/wp-json\/wp\/v2\/product\/4951\/revisions"}],"predecessor-version":[{"id":8291,"href":"https:\/\/ecocorner.eu\/en\/wp-json\/wp\/v2\/product\/4951\/revisions\/8291"}],"wp:featuredmedia":[{"embeddable":true,"href":"https:\/\/ecocorner.eu\/en\/wp-json\/wp\/v2\/media\/4952"}],"wp:attachment":[{"href":"https:\/\/ecocorner.eu\/en\/wp-json\/wp\/v2\/media?parent=4951"}],"wp:term":[{"taxonomy":"product_brand","embeddable":true,"href":"https:\/\/ecocorner.eu\/en\/wp-json\/wp\/v2\/product_brand?post=4951"},{"taxonomy":"product_cat","embeddable":true,"href":"https:\/\/ecocorner.eu\/en\/wp-json\/wp\/v2\/product_cat?post=4951"},{"taxonomy":"product_tag","embeddable":true,"href":"https:\/\/ecocorner.eu\/en\/wp-json\/wp\/v2\/product_tag?post=4951"}],"curies":[{"name":"wp","href":"https:\/\/api.w.org\/{rel}","templated":true}]}}