{"id":4954,"date":"2024-02-14T14:38:17","date_gmt":"2024-02-14T14:38:17","guid":{"rendered":"https:\/\/ecocorner.eu\/?post_type=product&#038;p=4954"},"modified":"2026-04-10T21:45:47","modified_gmt":"2026-04-10T21:45:47","slug":"mokosh-peeling-solny-do-ciala-kawa-z-pomarancza-300-g","status":"publish","type":"product","link":"https:\/\/ecocorner.eu\/en\/product\/mokosh-peeling-solny-do-ciala-kawa-z-pomarancza-300-g\/","title":{"rendered":"MOKOSH    Peeling  solny do cia\u0142a    Kawa z pomara\u0144cz\u0105   300 g"},"content":{"rendered":"<p>Method of application:<\/p>\n<p>Niewielk\u0105 ilo\u015b\u0107 peelingu nanie\u015b na wilgotn\u0105 sk\u00f3r\u0119 cia\u0142a i wmasuj okr\u0119\u017cnymi ruchami. Nast\u0119pnie sp\u0142ucz bez u\u017cycia kosmetyk\u00f3w myj\u0105cych. Zaleca si\u0119 wykonywanie peelingu raz w tygodniu.<\/p>\n<p>Ze wzgl\u0119du na zawarto\u015b\u0107 olejk\u00f3w eterycznych w sk\u0142adzie produkt nie jest rekomendowany dla kobiet w ci\u0105\u017cy lub karmi\u0105cych piersi\u0105. Po u\u017cyciu peelingu unika\u0107 promieniowania UV (s\u0142o\u0144ce, solarium).<\/p>\n<p>Peeling jest kosmetykiem wega\u0144skim.<\/p>\n<p>Ingredients (INCI): Maris Sal, Prunus Amygdalus Dulcis (Sweet Almond) Oil, Butyrospermum Parkii (Shea) Butter, Argania Spinosa Kernel Oil, Coffea Arabica (Coffee) Seed Powder, Coffea Arabica (Green Coffee) Seed Oil, Jojoba Esters, Glycerin\u2022\u2022, Simmondsia Chinensis (Jojoba) Seed Oil, Citrus Aurantium Dulcis Peel Oil Expressed, Tocopherol, Helianthus Annuus (Sunflower) Seed Oil, Limonene\u2022, Linalool \u2022, Citral\u2022<\/p>\n<p>\u2022 Sk\u0142adnik olejku eterycznego<br \/>\n\u2022\u2022 Surowiec pochodzenia ro\u015blinnego<\/p>\n<figure><img decoding=\"async\" src=\"https:\/\/mokosh.pl\/userdata\/public\/upload\/5m-6.jpg\" alt=\"\" data-image=\"fb863e12-e5b0-4941-9d95-7e4fd562da94\" \/><\/figure>","protected":false},"excerpt":{"rendered":"<p>Intensywny peeling z soli z Morza Martwego z mielon\u0105 kaw\u0105 i olejkiem eterycznym z pomara\u0144czy jest sprzymierze\u0144cem w walce z cellulitem i brakiem j\u0119drno\u015bci sk\u00f3ry. Peeling z\u0142uszcza martwe kom\u00f3rki nask\u00f3rka oraz uj\u0119drnia i napina sk\u00f3r\u0119. W jego sk\u0142adzie znajduje si\u0119 uj\u0119drniaj\u0105cy olej z zielonej kawy oraz witamina E o dzia\u0142aniu antyoksydacyjnym. Naturalne mas\u0142o shea oraz cenne oleje ro\u015blinne: arganowy, jojoba, s\u0142onecznikowy i ze s\u0142odkich migda\u0142\u00f3w nawil\u017caj\u0105 i delikatnie nat\u0142uszczaj\u0105 sk\u00f3r\u0119.<\/p>\n<p>Active Ingredients:<\/p>\n<ul>\n<li>S\u00f3l z Morza Martwego<\/li>\n<li>Shea Butter<\/li>\n<li>Olej z zielonej kawy<\/li>\n<li>Argan Oil<\/li>\n<li>Jojoba Oil<\/li>\n<li>Sweet Almond Oil<\/li>\n<li>Olejek eteryczny z pomara\u0144czy<\/li>\n<li>Vitamin E<\/li>\n<li>Kawa<\/li>\n<\/ul>","protected":false},"featured_media":4955,"template":"","meta":{"ocean_post_layout":"","ocean_both_sidebars_style":"","ocean_both_sidebars_content_width":0,"ocean_both_sidebars_sidebars_width":0,"ocean_sidebar":"0","ocean_second_sidebar":"0","ocean_disable_margins":"enable","ocean_add_body_class":"","ocean_shortcode_before_top_bar":"","ocean_shortcode_after_top_bar":"","ocean_shortcode_before_header":"","ocean_shortcode_after_header":"","ocean_has_shortcode":"","ocean_shortcode_after_title":"","ocean_shortcode_before_footer_widgets":"","ocean_shortcode_after_footer_widgets":"","ocean_shortcode_before_footer_bottom":"","ocean_shortcode_after_footer_bottom":"","ocean_display_top_bar":"default","ocean_display_header":"default","ocean_header_style":"","ocean_center_header_left_menu":"0","ocean_custom_header_template":"0","ocean_custom_logo":0,"ocean_custom_retina_logo":0,"ocean_custom_logo_max_width":0,"ocean_custom_logo_tablet_max_width":0,"ocean_custom_logo_mobile_max_width":0,"ocean_custom_logo_max_height":0,"ocean_custom_logo_tablet_max_height":0,"ocean_custom_logo_mobile_max_height":0,"ocean_header_custom_menu":"0","ocean_menu_typo_font_family":"0","ocean_menu_typo_font_subset":"","ocean_menu_typo_font_size":0,"ocean_menu_typo_font_size_tablet":0,"ocean_menu_typo_font_size_mobile":0,"ocean_menu_typo_font_size_unit":"px","ocean_menu_typo_font_weight":"","ocean_menu_typo_font_weight_tablet":"","ocean_menu_typo_font_weight_mobile":"","ocean_menu_typo_transform":"","ocean_menu_typo_transform_tablet":"","ocean_menu_typo_transform_mobile":"","ocean_menu_typo_line_height":0,"ocean_menu_typo_line_height_tablet":0,"ocean_menu_typo_line_height_mobile":0,"ocean_menu_typo_line_height_unit":"","ocean_menu_typo_spacing":0,"ocean_menu_typo_spacing_tablet":0,"ocean_menu_typo_spacing_mobile":0,"ocean_menu_typo_spacing_unit":"","ocean_menu_link_color":"","ocean_menu_link_color_hover":"","ocean_menu_link_color_active":"","ocean_menu_link_background":"","ocean_menu_link_hover_background":"","ocean_menu_link_active_background":"","ocean_menu_social_links_bg":"","ocean_menu_social_hover_links_bg":"","ocean_menu_social_links_color":"","ocean_menu_social_hover_links_color":"","ocean_disable_title":"default","ocean_disable_heading":"default","ocean_post_title":"","ocean_post_subheading":"","ocean_post_title_style":"","ocean_post_title_background_color":"","ocean_post_title_background":0,"ocean_post_title_bg_image_position":"","ocean_post_title_bg_image_attachment":"","ocean_post_title_bg_image_repeat":"","ocean_post_title_bg_image_size":"","ocean_post_title_height":0,"ocean_post_title_bg_overlay":0.5,"ocean_post_title_bg_overlay_color":"","ocean_disable_breadcrumbs":"default","ocean_breadcrumbs_color":"","ocean_breadcrumbs_separator_color":"","ocean_breadcrumbs_links_color":"","ocean_breadcrumbs_links_hover_color":"","ocean_display_footer_widgets":"default","ocean_display_footer_bottom":"default","ocean_custom_footer_template":"0"},"product_brand":[],"product_cat":[81,52],"product_tag":[],"class_list":{"0":"post-4954","1":"product","2":"type-product","3":"status-publish","4":"has-post-thumbnail","6":"product_cat-mokosh","7":"product_cat-peelingi-do-ciala","9":"entry","10":"has-media","12":"first","13":"outofstock","14":"shipping-taxable","15":"purchasable","16":"product-type-simple","17":"has-product-nav","18":"col","19":"span_1_of_3","20":"owp-content-left","21":"owp-thumbs-layout-horizontal","22":"owp-btn-normal","23":"owp-tabs-layout-horizontal","24":"has-no-thumbnails"},"_links":{"self":[{"href":"https:\/\/ecocorner.eu\/en\/wp-json\/wp\/v2\/product\/4954","targetHints":{"allow":["GET"]}}],"collection":[{"href":"https:\/\/ecocorner.eu\/en\/wp-json\/wp\/v2\/product"}],"about":[{"href":"https:\/\/ecocorner.eu\/en\/wp-json\/wp\/v2\/types\/product"}],"version-history":[{"count":3,"href":"https:\/\/ecocorner.eu\/en\/wp-json\/wp\/v2\/product\/4954\/revisions"}],"predecessor-version":[{"id":8746,"href":"https:\/\/ecocorner.eu\/en\/wp-json\/wp\/v2\/product\/4954\/revisions\/8746"}],"wp:featuredmedia":[{"embeddable":true,"href":"https:\/\/ecocorner.eu\/en\/wp-json\/wp\/v2\/media\/4955"}],"wp:attachment":[{"href":"https:\/\/ecocorner.eu\/en\/wp-json\/wp\/v2\/media?parent=4954"}],"wp:term":[{"taxonomy":"product_brand","embeddable":true,"href":"https:\/\/ecocorner.eu\/en\/wp-json\/wp\/v2\/product_brand?post=4954"},{"taxonomy":"product_cat","embeddable":true,"href":"https:\/\/ecocorner.eu\/en\/wp-json\/wp\/v2\/product_cat?post=4954"},{"taxonomy":"product_tag","embeddable":true,"href":"https:\/\/ecocorner.eu\/en\/wp-json\/wp\/v2\/product_tag?post=4954"}],"curies":[{"name":"wp","href":"https:\/\/api.w.org\/{rel}","templated":true}]}}