{"id":4957,"date":"2024-02-14T15:06:33","date_gmt":"2024-02-14T15:06:33","guid":{"rendered":"https:\/\/ecocorner.eu\/?post_type=product&#038;p=4957"},"modified":"2025-06-06T14:51:56","modified_gmt":"2025-06-06T14:51:56","slug":"mokosh-nawilzajacy-balsam-do-twarzy-i-ciala-zielona-kawa-z-tabaka-180-ml","status":"publish","type":"product","link":"https:\/\/ecocorner.eu\/en\/product\/mokosh-nawilzajacy-balsam-do-twarzy-i-ciala-zielona-kawa-z-tabaka-180-ml\/","title":{"rendered":"MOKOSH    Nawil\u017caj\u0105cy balsam do twarzy i cia\u0142a    Zielona kawa z tabak\u0105  180 ml"},"content":{"rendered":"<h2>Czy masz ju\u017c sw\u00f3j ulubiony balsam nawil\u017caj\u0105cy?<\/h2>\n<p>Codzienna dba\u0142o\u015b\u0107 o sk\u00f3r\u0119 to nie fanaberia, lecz konieczno\u015b\u0107! W ten spos\u00f3b zapewnisz jej elastyczno\u015b\u0107 i przyjemn\u0105, jedwabist\u0105 g\u0142adko\u015b\u0107, a tak\u017ce na d\u0142u\u017cej zachowasz m\u0142ody wygl\u0105d. Dobry <strong>balsam nawil\u017caj\u0105cy do cia\u0142a<\/strong> dostarczy Twojej sk\u00f3rze niezb\u0119dne sk\u0142adniki piel\u0119gnuj\u0105ce, by pozostawa\u0142a w \u015bwietnej kondycji niezale\u017cnie od pory roku i warunk\u00f3w zewn\u0119trznych. Niestraszne jej b\u0119dzie suche powietrze czy zanieczyszczenia \u015brodowiskowe. <strong>Balsam <\/strong>odpowiednio nawil\u017cy, a tak\u017ce pokryje j\u0105 niewidoczn\u0105 warstw\u0105 ochronn\u0105. Szybko si\u0119 wch\u0142ania, dzi\u0119ki czemu b\u0119dziesz go w stanie zaaplikowa\u0107 nawet wtedy, gdy masz wyj\u0105tkowo napi\u0119ty grafik.<\/p>\n<p><strong>Nawil\u017caj\u0105cy balsam do twarzy i cia\u0142a Zielona kawa z tabak\u0105<\/strong> z kolekcji Mokosh to kosmetyk, kt\u00f3ry ceni\u0105 sobie zar\u00f3wno m\u0119\u017cczy\u017ani, jak i kobiety. Jego orze\u017awiaj\u0105cy zapach i skuteczne dzia\u0142anie odpowiadaj\u0105 bowiem przedstawicielom obu p\u0142ci. Mimo \u017ce produkt umo\u017cliwia otoczenie si\u0119 przyjemn\u0105 i do\u015b\u0107 intensywn\u0105 woni\u0105, nie podra\u017cnia delikatnej sk\u00f3ry. Jako \u017ce jest to <strong>nawil\u017caj\u0105cy balsam do twarzy i cia\u0142a<\/strong> zadbali\u015bmy, by \u015bwietnie spe\u0142nia\u0142 swoje g\u0142\u00f3wne zadanie. Sprawd\u017a, czy Twoja sk\u00f3ra i zmys\u0142y r\u00f3wnie\u017c go polubi\u0105! Jeste\u015bmy pewni, \u017ce b\u0119dziesz pod wra\u017ceniem ju\u017c po pierwszym u\u017cyciu.<\/p>\n<p><strong>Method of application:\u00a0<\/strong><\/p>\n<p>Niewielk\u0105 ilo\u015b\u0107 balsamu wmasuj okr\u0119\u017cnymi ruchami w sk\u00f3r\u0119 cia\u0142a i twarzy. Stosuj 1-2 razy dziennie.<\/p>\n<p>Balsam jest kosmetykiem<strong> wega\u0144skim<\/strong>.<\/p>\n<p>Ze wzgl\u0119du na zawarto\u015b\u0107 olejk\u00f3w eterycznych w sk\u0142adzie produkt nie jest rekomendowany dla kobiet w ci\u0105\u017cy lub karmi\u0105cych piersi\u0105.<\/p>\n<p>Ingredients (INCI): Aqua, Coco-Caprylate\/Caprate\u2022\u2022, Isoamyl Laurate\u2022\u2022, Glyceryl Stearate Citrate\u2022\u2022, Cannabis Sativa Seed Oil, Coffea Arabica (Green Coffee) Seed Oil, Glyceryl Stearate, Glycerin\u2022\u2022, Adonsonia Digitata (Baobab) Seed Oil, Nigella Sativa Seed Oil, Argania Spinosa Kernel Oil, Cetearyl Alcohol\u2022\u2022, Simmondsia Chinensis (Jojoba) Seed Oil, Nicotiana Tabacum Leaf Extract, Trigonella Foenum-Graceum Seed Oil, Parfum, Pogostemon Cablin Leaf Oil, Tocopherol, Helianthus Annuus (Sunflower) Seed Oil, Xanthan Gum\u2022\u2022, Benzyl Alcohol\u2022\u2022\u2022, Dehydroacetic Acid\u2022\u2022\u2022, Cinnamal\u2022, Coumarin\u2022, Limonene\u2022, Linalool\u2022<\/p>\n<ul>\n<li>Sk\u0142adnik kompozycji zapachowej<\/li>\n<li>\u2022 Surowiec pochodzenia ro\u015blinnego<\/li>\n<li>\u2022\u2022 Zatwierdzony przez organizacje certyfikuj\u0105ce naturalne kosmetyki<\/li>\n<\/ul>\n<figure><img decoding=\"async\" src=\"https:\/\/mokosh.pl\/userdata\/public\/upload\/6m-13.jpg\" alt=\"\" data-image=\"87e4b637-71b5-484d-828e-2bce4c919def\" \/><\/figure>","protected":false},"excerpt":{"rendered":"<p>Ten wyj\u0105tkowy balsam zosta\u0142 stworzony, aby piel\u0119gnowa\u0107, nawil\u017ca\u0107 i od\u017cywia\u0107 sk\u00f3r\u0119 cia\u0142a i twarzy. To pierwszy nawil\u017caj\u0105cy balsam MOKOSH, kt\u00f3ry mo\u017ce by\u0107 stosowany na ka\u017cd\u0105 parti\u0119 cia\u0142a. Stworzyli\u015bmy go z my\u015bl\u0105 o wygodzie u\u017cytkowania na co dzie\u0144 i w podr\u00f3\u017cy, nie zapominaj\u0105c o mi\u0142o\u015bnikach wyj\u0105tkowych zapach\u00f3w. Balsam szybko si\u0119 wch\u0142ania, pozostawiaj\u0105c aksamitnie delikatn\u0105 sk\u00f3r\u0119. Unikalne po\u0142\u0105czenie ekstraktu z li\u015bci tytoniu z olejem konopnym wykazuje dzia\u0142anie ochronne eliminuj\u0105ce negatywne skutki dzia\u0142ania wolnych rodnik\u00f3w, a olej z kozieradki bogaty w fitoestrogeny dodatkowo pot\u0119guje ten efekt.Olej z czarnuszki to bogactwo kwas\u00f3w t\u0142uszczowych omega, kt\u00f3re wzmacniaj\u0105 p\u0142aszcz hydrolipidowy sk\u00f3ry. Oleje arganowy, jojoba i z baobabu regeneruj\u0105 sk\u00f3r\u0119 i widocznie poprawiaj\u0105 jej wygl\u0105d i kondycj\u0119. Witamina E spowalnia proces starzenia si\u0119 sk\u00f3ry, koi j\u0105 i chroni. Regularne stosowanie balsamu sprawia, \u017ce sk\u00f3ra z dnia na dzie\u0144 jest coraz g\u0142adsza, elastyczniejsza, lepiej od\u017cywiona i zregenerowana. G\u0142\u0119boki, zio\u0142owo-balsamiczny zapach balsamu, poprawia jego walory u\u017cytkowe, a dodatek olejku eterycznego Paczuli nadaje mu perfumeryjnego charakteru. To zapach, kt\u00f3ry pokochaj\u0105 pewne siebie kobiety oraz ceni\u0105cy wyj\u0105tkowo\u015b\u0107 m\u0119\u017cczy\u017ani.<\/p>\n<p>&nbsp;<\/p>","protected":false},"featured_media":4959,"template":"","meta":{"ocean_post_layout":"","ocean_both_sidebars_style":"","ocean_both_sidebars_content_width":0,"ocean_both_sidebars_sidebars_width":0,"ocean_sidebar":"0","ocean_second_sidebar":"0","ocean_disable_margins":"enable","ocean_add_body_class":"","ocean_shortcode_before_top_bar":"","ocean_shortcode_after_top_bar":"","ocean_shortcode_before_header":"","ocean_shortcode_after_header":"","ocean_has_shortcode":"","ocean_shortcode_after_title":"","ocean_shortcode_before_footer_widgets":"","ocean_shortcode_after_footer_widgets":"","ocean_shortcode_before_footer_bottom":"","ocean_shortcode_after_footer_bottom":"","ocean_display_top_bar":"default","ocean_display_header":"default","ocean_header_style":"","ocean_center_header_left_menu":"0","ocean_custom_header_template":"0","ocean_custom_logo":0,"ocean_custom_retina_logo":0,"ocean_custom_logo_max_width":0,"ocean_custom_logo_tablet_max_width":0,"ocean_custom_logo_mobile_max_width":0,"ocean_custom_logo_max_height":0,"ocean_custom_logo_tablet_max_height":0,"ocean_custom_logo_mobile_max_height":0,"ocean_header_custom_menu":"0","ocean_menu_typo_font_family":"0","ocean_menu_typo_font_subset":"","ocean_menu_typo_font_size":0,"ocean_menu_typo_font_size_tablet":0,"ocean_menu_typo_font_size_mobile":0,"ocean_menu_typo_font_size_unit":"px","ocean_menu_typo_font_weight":"","ocean_menu_typo_font_weight_tablet":"","ocean_menu_typo_font_weight_mobile":"","ocean_menu_typo_transform":"","ocean_menu_typo_transform_tablet":"","ocean_menu_typo_transform_mobile":"","ocean_menu_typo_line_height":0,"ocean_menu_typo_line_height_tablet":0,"ocean_menu_typo_line_height_mobile":0,"ocean_menu_typo_line_height_unit":"","ocean_menu_typo_spacing":0,"ocean_menu_typo_spacing_tablet":0,"ocean_menu_typo_spacing_mobile":0,"ocean_menu_typo_spacing_unit":"","ocean_menu_link_color":"","ocean_menu_link_color_hover":"","ocean_menu_link_color_active":"","ocean_menu_link_background":"","ocean_menu_link_hover_background":"","ocean_menu_link_active_background":"","ocean_menu_social_links_bg":"","ocean_menu_social_hover_links_bg":"","ocean_menu_social_links_color":"","ocean_menu_social_hover_links_color":"","ocean_disable_title":"default","ocean_disable_heading":"default","ocean_post_title":"","ocean_post_subheading":"","ocean_post_title_style":"","ocean_post_title_background_color":"","ocean_post_title_background":0,"ocean_post_title_bg_image_position":"","ocean_post_title_bg_image_attachment":"","ocean_post_title_bg_image_repeat":"","ocean_post_title_bg_image_size":"","ocean_post_title_height":0,"ocean_post_title_bg_overlay":0.5,"ocean_post_title_bg_overlay_color":"","ocean_disable_breadcrumbs":"default","ocean_breadcrumbs_color":"","ocean_breadcrumbs_separator_color":"","ocean_breadcrumbs_links_color":"","ocean_breadcrumbs_links_hover_color":"","ocean_display_footer_widgets":"default","ocean_display_footer_bottom":"default","ocean_custom_footer_template":"0"},"product_brand":[],"product_cat":[53,81],"product_tag":[],"class_list":{"0":"post-4957","1":"product","2":"type-product","3":"status-publish","4":"has-post-thumbnail","6":"product_cat-balsamy-musy-olejki-do-ciala","7":"product_cat-mokosh","9":"entry","10":"has-media","12":"first","13":"outofstock","14":"shipping-taxable","15":"purchasable","16":"product-type-simple","17":"has-product-nav","18":"col","19":"span_1_of_3","20":"owp-content-left","21":"owp-thumbs-layout-horizontal","22":"owp-btn-normal","23":"owp-tabs-layout-horizontal"},"_links":{"self":[{"href":"https:\/\/ecocorner.eu\/en\/wp-json\/wp\/v2\/product\/4957","targetHints":{"allow":["GET"]}}],"collection":[{"href":"https:\/\/ecocorner.eu\/en\/wp-json\/wp\/v2\/product"}],"about":[{"href":"https:\/\/ecocorner.eu\/en\/wp-json\/wp\/v2\/types\/product"}],"version-history":[{"count":1,"href":"https:\/\/ecocorner.eu\/en\/wp-json\/wp\/v2\/product\/4957\/revisions"}],"predecessor-version":[{"id":4960,"href":"https:\/\/ecocorner.eu\/en\/wp-json\/wp\/v2\/product\/4957\/revisions\/4960"}],"wp:featuredmedia":[{"embeddable":true,"href":"https:\/\/ecocorner.eu\/en\/wp-json\/wp\/v2\/media\/4959"}],"wp:attachment":[{"href":"https:\/\/ecocorner.eu\/en\/wp-json\/wp\/v2\/media?parent=4957"}],"wp:term":[{"taxonomy":"product_brand","embeddable":true,"href":"https:\/\/ecocorner.eu\/en\/wp-json\/wp\/v2\/product_brand?post=4957"},{"taxonomy":"product_cat","embeddable":true,"href":"https:\/\/ecocorner.eu\/en\/wp-json\/wp\/v2\/product_cat?post=4957"},{"taxonomy":"product_tag","embeddable":true,"href":"https:\/\/ecocorner.eu\/en\/wp-json\/wp\/v2\/product_tag?post=4957"}],"curies":[{"name":"wp","href":"https:\/\/api.w.org\/{rel}","templated":true}]}}