{"id":4964,"date":"2024-02-14T15:17:49","date_gmt":"2024-02-14T15:17:49","guid":{"rendered":"https:\/\/ecocorner.eu\/?post_type=product&#038;p=4964"},"modified":"2026-02-24T16:07:39","modified_gmt":"2026-02-24T16:07:39","slug":"mokosh-nawilzajacy-balsam-do-ciala-melon-z-ogorkiem-180-ml","status":"publish","type":"product","link":"https:\/\/ecocorner.eu\/en\/product\/mokosh-nawilzajacy-balsam-do-ciala-melon-z-ogorkiem-180-ml\/","title":{"rendered":"MOKOSH    Nawil\u017caj\u0105cy  balsam do cia\u0142a   Melon z og\u00f3rkiem   180 ml"},"content":{"rendered":"<p>Method of application:<\/p>\n<p>Niewielk\u0105 ilo\u015b\u0107 balsamu wmasuj okr\u0119\u017cnymi ruchami w sk\u00f3r\u0119 cia\u0142a. Stosuj 1-2 razy dziennie.<\/p>\n<p>Ingredients (INCI): Aqua, Coco-Caprylate\/ Caprate\u2022\u2022, Macadamia Ternifolia Seed Oil, Glyceryl Stearate\u2022\u2022, Simmondsia Chinensis (Jojoba) Seed Oil, Prunus Amygdalus Dulcis (Sweet Almond) Oil, Isostearyl Iso-stearate\u2022\u2022, Cetearyl Alcohol\u2022\u2022, Glyceryl Stearate Citrate\u2022\u2022, Glycerin\u2022\u2022, Argania Spinosa Kernel Oil, Cucumis Sativus (Cucumber) Seed Oil, Xylitylglucoside\u2022\u2022, Xanthan Gum\u2022\u2022, Anhydroxylitol\u2022\u2022, Xylitol\u2022\u2022, Benzyl Alcohol\u2022\u2022\u2022, Centella Asiatica Root Extract, Glucose\u2022\u2022, Tocopherol, Tetrasodium Glutamate Diacetate\u2022\u2022\u2022, Dehydroacetic Acid\u2022\u2022\u2022, Helianthus Annuus (Sunflower) Seed Oil, Parfum<\/p>\n<p>\u2022\u2022 Surowiec pochodzenia ro\u015blinnego<br \/>\n\u2022\u2022\u2022 Zatwierdzony przez organizacje certyfikuj\u0105ce naturalne kosmetyki<\/p>\n<figure><img decoding=\"async\" src=\"https:\/\/mokosh.pl\/userdata\/public\/upload\/6m-8.jpg\" alt=\"\" data-image=\"34774025-3e09-4da3-82a0-bf8b3a6970d9\" \/><\/figure>","protected":false},"excerpt":{"rendered":"<p>Od\u017cywczo-uj\u0119drniaj\u0105cy balsam stworzony na bazie naturalnych olei i ekstrakt\u00f3w ro\u015blinnych o orze\u017awiaj\u0105cym aromacie melona i og\u00f3rka. Zawiera drogocenny olej arganowy znany ze swoich w\u0142a\u015bciwo\u015bci odm\u0142adzaj\u0105cych, olej jojoba, kt\u00f3ry doskonale odbudowuje p\u0142aszcz hydrolipidowy oraz unikalny olej z og\u00f3rka, kt\u00f3ry ma dzia\u0142anie regeneruj\u0105ce, przeciwzapalne i wyg\u0142adzaj\u0105ce. Balsam zosta\u0142 wzbogacony ekstraktem z w\u0105krotki azjatyckiej, wykazuj\u0105cej silne dzia\u0142anie \u0142agodz\u0105ce, uj\u0119drniaj\u0105ce i nawil\u017caj\u0105ce oraz ksylitolem, kt\u00f3ry utrzymuje odpowiednie st\u0119\u017cenie kwasu hialuronowego w sk\u00f3rze.<\/p>\n<p>Active Ingredients:<\/p>\n<ul>\n<li>Ekstrakt z w\u0105krotki azjatyckiej<\/li>\n<li>Vitamin E<\/li>\n<li>Nawil\u017caj\u0105cy kompleks na bazie ksylitolu AQUAXYL\u2122<\/li>\n<li>Olej z pestek og\u00f3rka<\/li>\n<li>Argan Oil<\/li>\n<li>Jojoba Oil<\/li>\n<li>Sweet Almond Oil<\/li>\n<li>Olej macadamia<\/li>\n<\/ul>","protected":false},"featured_media":4965,"template":"","meta":{"ocean_post_layout":"","ocean_both_sidebars_style":"","ocean_both_sidebars_content_width":0,"ocean_both_sidebars_sidebars_width":0,"ocean_sidebar":"0","ocean_second_sidebar":"0","ocean_disable_margins":"enable","ocean_add_body_class":"","ocean_shortcode_before_top_bar":"","ocean_shortcode_after_top_bar":"","ocean_shortcode_before_header":"","ocean_shortcode_after_header":"","ocean_has_shortcode":"","ocean_shortcode_after_title":"","ocean_shortcode_before_footer_widgets":"","ocean_shortcode_after_footer_widgets":"","ocean_shortcode_before_footer_bottom":"","ocean_shortcode_after_footer_bottom":"","ocean_display_top_bar":"default","ocean_display_header":"default","ocean_header_style":"","ocean_center_header_left_menu":"0","ocean_custom_header_template":"0","ocean_custom_logo":0,"ocean_custom_retina_logo":0,"ocean_custom_logo_max_width":0,"ocean_custom_logo_tablet_max_width":0,"ocean_custom_logo_mobile_max_width":0,"ocean_custom_logo_max_height":0,"ocean_custom_logo_tablet_max_height":0,"ocean_custom_logo_mobile_max_height":0,"ocean_header_custom_menu":"0","ocean_menu_typo_font_family":"0","ocean_menu_typo_font_subset":"","ocean_menu_typo_font_size":0,"ocean_menu_typo_font_size_tablet":0,"ocean_menu_typo_font_size_mobile":0,"ocean_menu_typo_font_size_unit":"px","ocean_menu_typo_font_weight":"","ocean_menu_typo_font_weight_tablet":"","ocean_menu_typo_font_weight_mobile":"","ocean_menu_typo_transform":"","ocean_menu_typo_transform_tablet":"","ocean_menu_typo_transform_mobile":"","ocean_menu_typo_line_height":0,"ocean_menu_typo_line_height_tablet":0,"ocean_menu_typo_line_height_mobile":0,"ocean_menu_typo_line_height_unit":"","ocean_menu_typo_spacing":0,"ocean_menu_typo_spacing_tablet":0,"ocean_menu_typo_spacing_mobile":0,"ocean_menu_typo_spacing_unit":"","ocean_menu_link_color":"","ocean_menu_link_color_hover":"","ocean_menu_link_color_active":"","ocean_menu_link_background":"","ocean_menu_link_hover_background":"","ocean_menu_link_active_background":"","ocean_menu_social_links_bg":"","ocean_menu_social_hover_links_bg":"","ocean_menu_social_links_color":"","ocean_menu_social_hover_links_color":"","ocean_disable_title":"default","ocean_disable_heading":"default","ocean_post_title":"","ocean_post_subheading":"","ocean_post_title_style":"","ocean_post_title_background_color":"","ocean_post_title_background":0,"ocean_post_title_bg_image_position":"","ocean_post_title_bg_image_attachment":"","ocean_post_title_bg_image_repeat":"","ocean_post_title_bg_image_size":"","ocean_post_title_height":0,"ocean_post_title_bg_overlay":0.5,"ocean_post_title_bg_overlay_color":"","ocean_disable_breadcrumbs":"default","ocean_breadcrumbs_color":"","ocean_breadcrumbs_separator_color":"","ocean_breadcrumbs_links_color":"","ocean_breadcrumbs_links_hover_color":"","ocean_display_footer_widgets":"default","ocean_display_footer_bottom":"default","ocean_custom_footer_template":"0"},"product_brand":[],"product_cat":[53,81],"product_tag":[],"class_list":{"0":"post-4964","1":"product","2":"type-product","3":"status-publish","4":"has-post-thumbnail","6":"product_cat-balsamy-musy-olejki-do-ciala","7":"product_cat-mokosh","9":"entry","10":"has-media","12":"first","13":"outofstock","14":"shipping-taxable","15":"purchasable","16":"product-type-simple","17":"has-product-nav","18":"col","19":"span_1_of_3","20":"owp-content-left","21":"owp-thumbs-layout-horizontal","22":"owp-btn-normal","23":"owp-tabs-layout-horizontal","24":"has-no-thumbnails"},"_links":{"self":[{"href":"https:\/\/ecocorner.eu\/en\/wp-json\/wp\/v2\/product\/4964","targetHints":{"allow":["GET"]}}],"collection":[{"href":"https:\/\/ecocorner.eu\/en\/wp-json\/wp\/v2\/product"}],"about":[{"href":"https:\/\/ecocorner.eu\/en\/wp-json\/wp\/v2\/types\/product"}],"version-history":[{"count":1,"href":"https:\/\/ecocorner.eu\/en\/wp-json\/wp\/v2\/product\/4964\/revisions"}],"predecessor-version":[{"id":4966,"href":"https:\/\/ecocorner.eu\/en\/wp-json\/wp\/v2\/product\/4964\/revisions\/4966"}],"wp:featuredmedia":[{"embeddable":true,"href":"https:\/\/ecocorner.eu\/en\/wp-json\/wp\/v2\/media\/4965"}],"wp:attachment":[{"href":"https:\/\/ecocorner.eu\/en\/wp-json\/wp\/v2\/media?parent=4964"}],"wp:term":[{"taxonomy":"product_brand","embeddable":true,"href":"https:\/\/ecocorner.eu\/en\/wp-json\/wp\/v2\/product_brand?post=4964"},{"taxonomy":"product_cat","embeddable":true,"href":"https:\/\/ecocorner.eu\/en\/wp-json\/wp\/v2\/product_cat?post=4964"},{"taxonomy":"product_tag","embeddable":true,"href":"https:\/\/ecocorner.eu\/en\/wp-json\/wp\/v2\/product_tag?post=4964"}],"curies":[{"name":"wp","href":"https:\/\/api.w.org\/{rel}","templated":true}]}}