{"id":4967,"date":"2024-02-14T15:22:40","date_gmt":"2024-02-14T15:22:40","guid":{"rendered":"https:\/\/ecocorner.eu\/?post_type=product&#038;p=4967"},"modified":"2025-09-26T21:22:51","modified_gmt":"2025-09-26T21:22:51","slug":"mokosh-balsam-do-ciala-malina-180-ml","status":"publish","type":"product","link":"https:\/\/ecocorner.eu\/en\/product\/mokosh-balsam-do-ciala-malina-180-ml\/","title":{"rendered":"MOKOSH  Balsam do cia\u0142a    Malina  180 ml"},"content":{"rendered":"<p><b>Rozsmakuj si\u0119 w malinowej linii MOKOSH zawieraj\u0105cej bio olej z pestek malin oraz bogactwo naturalnych ekstrakt\u00f3w i sk\u0142adnik\u00f3w aktywnych.<\/b><\/p>\n<p><strong>LIMITOWANY Balsam do cia\u0142a Malina 180ml<\/strong><\/p>\n<p><strong>Method of application:<\/strong> Niewielk\u0105 ilo\u015b\u0107 balsamu wmasuj okr\u0119\u017cnymi ruchami w cia\u0142o. Stosuj 1-2 razy dziennie.<\/p>\n<p><strong>Ingredients (INCI):<\/strong> Aqua, Coco-Caprylate Caprate, Prunus Amygdalus Dulcis (Sweet Almond) Oil, Cetearyl Alcohol, Glyceryl Stearate Citrate, Glyceryl Stearate, Argania Spinosa Kernel Oil, Triticum Vulgare Germ Oil, Caprylic\/Capric Triglyceride, Rubus Idaeus Seed Oil, Glycerin, Squalane, Parfum, Citrus Aurantium Amara Flower Extract, Simmondsia Chinensis (Jojoba) Seed Oil, Tocopherol, Helianthus Annuus (Sunflower) Seed Oil, Xanthan Gum, Benzyl Alcohol, Dehydroacetic Acid.<\/p>","protected":false},"excerpt":{"rendered":"<p><strong>Od\u017cywczy balsam do cia\u0142a stworzony na bazie naturalnych olei ro\u015blinnych o s\u0142odkim zapachu \u015bwie\u017cych malin. Balsam stanowi bogactwo olei naturalnych. <\/strong><\/p>\n<ul>\n<li><strong>Olej arganowy zwany p\u0142ynnym z\u0142otem Maroka op\u00f3\u017ania procesy starzenia si\u0119 sk\u00f3ry. <\/strong><\/li>\n<li><strong>Skwalan i olej jojoba pozytywnie wp\u0142ywaj\u0105 na utrzymanie r\u00f3wnowagi hydrolipidowej sk\u00f3ry oraz dzia\u0142aj\u0105 ochronnie. <\/strong><\/li>\n<li><strong>Olej z pestek malin i naturalna witamina E wykazuj\u0105 silne dzia\u0142anie antyoksydacyjne, \u0142agodz\u0105 sucho\u015b\u0107 sk\u00f3ry i polepszaj\u0105 jej elastyczno\u015b\u0107. <\/strong><\/li>\n<li><strong>Gliceryna ro\u015blinna nawil\u017ca i wyg\u0142adza sk\u00f3r\u0119. <\/strong><\/li>\n<li><strong>Od\u017cywcze dzia\u0142anie balsamu wspomaga ekstrakt z kwiatu pomara\u0144czy o dzia\u0142aniu wzmacniaj\u0105cym.<\/strong><\/li>\n<\/ul>","protected":false},"featured_media":4968,"template":"","meta":{"ocean_post_layout":"","ocean_both_sidebars_style":"","ocean_both_sidebars_content_width":0,"ocean_both_sidebars_sidebars_width":0,"ocean_sidebar":"0","ocean_second_sidebar":"0","ocean_disable_margins":"enable","ocean_add_body_class":"","ocean_shortcode_before_top_bar":"","ocean_shortcode_after_top_bar":"","ocean_shortcode_before_header":"","ocean_shortcode_after_header":"","ocean_has_shortcode":"","ocean_shortcode_after_title":"","ocean_shortcode_before_footer_widgets":"","ocean_shortcode_after_footer_widgets":"","ocean_shortcode_before_footer_bottom":"","ocean_shortcode_after_footer_bottom":"","ocean_display_top_bar":"default","ocean_display_header":"default","ocean_header_style":"","ocean_center_header_left_menu":"0","ocean_custom_header_template":"0","ocean_custom_logo":0,"ocean_custom_retina_logo":0,"ocean_custom_logo_max_width":0,"ocean_custom_logo_tablet_max_width":0,"ocean_custom_logo_mobile_max_width":0,"ocean_custom_logo_max_height":0,"ocean_custom_logo_tablet_max_height":0,"ocean_custom_logo_mobile_max_height":0,"ocean_header_custom_menu":"0","ocean_menu_typo_font_family":"0","ocean_menu_typo_font_subset":"","ocean_menu_typo_font_size":0,"ocean_menu_typo_font_size_tablet":0,"ocean_menu_typo_font_size_mobile":0,"ocean_menu_typo_font_size_unit":"px","ocean_menu_typo_font_weight":"","ocean_menu_typo_font_weight_tablet":"","ocean_menu_typo_font_weight_mobile":"","ocean_menu_typo_transform":"","ocean_menu_typo_transform_tablet":"","ocean_menu_typo_transform_mobile":"","ocean_menu_typo_line_height":0,"ocean_menu_typo_line_height_tablet":0,"ocean_menu_typo_line_height_mobile":0,"ocean_menu_typo_line_height_unit":"","ocean_menu_typo_spacing":0,"ocean_menu_typo_spacing_tablet":0,"ocean_menu_typo_spacing_mobile":0,"ocean_menu_typo_spacing_unit":"","ocean_menu_link_color":"","ocean_menu_link_color_hover":"","ocean_menu_link_color_active":"","ocean_menu_link_background":"","ocean_menu_link_hover_background":"","ocean_menu_link_active_background":"","ocean_menu_social_links_bg":"","ocean_menu_social_hover_links_bg":"","ocean_menu_social_links_color":"","ocean_menu_social_hover_links_color":"","ocean_disable_title":"default","ocean_disable_heading":"default","ocean_post_title":"","ocean_post_subheading":"","ocean_post_title_style":"","ocean_post_title_background_color":"","ocean_post_title_background":0,"ocean_post_title_bg_image_position":"","ocean_post_title_bg_image_attachment":"","ocean_post_title_bg_image_repeat":"","ocean_post_title_bg_image_size":"","ocean_post_title_height":0,"ocean_post_title_bg_overlay":0.5,"ocean_post_title_bg_overlay_color":"","ocean_disable_breadcrumbs":"default","ocean_breadcrumbs_color":"","ocean_breadcrumbs_separator_color":"","ocean_breadcrumbs_links_color":"","ocean_breadcrumbs_links_hover_color":"","ocean_display_footer_widgets":"default","ocean_display_footer_bottom":"default","ocean_custom_footer_template":"0"},"product_brand":[],"product_cat":[53,81],"product_tag":[],"class_list":{"0":"post-4967","1":"product","2":"type-product","3":"status-publish","4":"has-post-thumbnail","6":"product_cat-balsamy-musy-olejki-do-ciala","7":"product_cat-mokosh","9":"entry","10":"has-media","12":"first","13":"outofstock","14":"shipping-taxable","15":"purchasable","16":"product-type-simple","17":"has-product-nav","18":"col","19":"span_1_of_3","20":"owp-content-left","21":"owp-thumbs-layout-horizontal","22":"owp-btn-normal","23":"owp-tabs-layout-horizontal","24":"has-no-thumbnails"},"_links":{"self":[{"href":"https:\/\/ecocorner.eu\/en\/wp-json\/wp\/v2\/product\/4967","targetHints":{"allow":["GET"]}}],"collection":[{"href":"https:\/\/ecocorner.eu\/en\/wp-json\/wp\/v2\/product"}],"about":[{"href":"https:\/\/ecocorner.eu\/en\/wp-json\/wp\/v2\/types\/product"}],"version-history":[{"count":1,"href":"https:\/\/ecocorner.eu\/en\/wp-json\/wp\/v2\/product\/4967\/revisions"}],"predecessor-version":[{"id":4969,"href":"https:\/\/ecocorner.eu\/en\/wp-json\/wp\/v2\/product\/4967\/revisions\/4969"}],"wp:featuredmedia":[{"embeddable":true,"href":"https:\/\/ecocorner.eu\/en\/wp-json\/wp\/v2\/media\/4968"}],"wp:attachment":[{"href":"https:\/\/ecocorner.eu\/en\/wp-json\/wp\/v2\/media?parent=4967"}],"wp:term":[{"taxonomy":"product_brand","embeddable":true,"href":"https:\/\/ecocorner.eu\/en\/wp-json\/wp\/v2\/product_brand?post=4967"},{"taxonomy":"product_cat","embeddable":true,"href":"https:\/\/ecocorner.eu\/en\/wp-json\/wp\/v2\/product_cat?post=4967"},{"taxonomy":"product_tag","embeddable":true,"href":"https:\/\/ecocorner.eu\/en\/wp-json\/wp\/v2\/product_tag?post=4967"}],"curies":[{"name":"wp","href":"https:\/\/api.w.org\/{rel}","templated":true}]}}