{"id":4982,"date":"2024-02-14T15:34:08","date_gmt":"2024-02-14T15:34:08","guid":{"rendered":"https:\/\/ecocorner.eu\/?post_type=product&#038;p=4982"},"modified":"2025-06-06T14:51:27","modified_gmt":"2025-06-06T14:51:27","slug":"mokosh-maslo-do-ciala-zurawina-120-ml","status":"publish","type":"product","link":"https:\/\/ecocorner.eu\/en\/product\/mokosh-maslo-do-ciala-zurawina-120-ml\/","title":{"rendered":"MOKOSH    Mas\u0142o do cia\u0142a   \u017burawina  120 ml"},"content":{"rendered":"<p class=\"text-justify\"><strong>Application:<\/strong><\/p>\n<ul class=\"text-justify\">\n<li class=\"text-justify\">Piel\u0119gnacja cia\u0142a: Niewielk\u0105 ilo\u015b\u0107 mas\u0142a wmasuj okr\u0119\u017cnymi ruchami w cia\u0142o. Stosuj 1-2 razy dziennie lub cz\u0119\u015bciej, je\u017celi b\u0119dzie taka potrzeba.<\/li>\n<\/ul>\n<p>Mas\u0142o jest kosmetykiem <strong>wega\u0144skim<\/strong>.<br \/>\nMas\u0142o\u00a0nie zawiera sk\u0142adnik\u00f3w z przeciwwskazaniami dla kobiet w ci\u0105\u017cy.<\/p>\n<p>Ingredients (INCI): Butyrospermum Parkii (Shea) Butter, Prunus Amygdalus\u00a0Dulcis (Sweet Almond) Oil, Argania Spinosa Kernel Oil, Vaccinium Macrocarpon\u00a0(Cranberry) Seed Oil, Triticum Vulgare (Wheat) Germ Oil, Jojoba Esters, Simmondsia\u00a0Chinensis (Jojoba) Seed Oil, Parfum, Tocopherol, Helianthus Annuus (Sunflower)\u00a0Seed Oil, Limonene\u2022<\/p>\n<p>\u2022 Sk\u0142adnik kompozycji zapachowej<\/p>\n<figure><img decoding=\"async\" src=\"https:\/\/mokosh.pl\/userdata\/public\/upload\/6m-12.jpg\" data-image=\"5e85c1b9-70ce-4633-9aca-e4a490423ed8\" \/><\/figure>","protected":false},"excerpt":{"rendered":"<p class=\"text-justify\">Bogate w sk\u0142adniki aktywne mas\u0142o do cia\u0142a o s\u0142odkim zapachu \u017curawiny od\u017cywia sk\u00f3r\u0119 i poprawia jej barier\u0119 hydrolipidow\u0105. Kompozycja naturalnego mas\u0142a shea, oleju arganowego, oleju jojoba, oleju z kie\u0142k\u00f3w pszenicy i oleju ze s\u0142odkich migda\u0142\u00f3w d\u0142ugotrwale nawil\u017ca, uelastycznia i regeneruje sk\u00f3r\u0119.\u00a0Obecny w sk\u0142adzie olej \u017curawinowy ma dzia\u0142anie przeciwrodnikowe, regeneruj\u0105ce i wyg\u0142adzaj\u0105ce. Witamina E \u2013 uwa\u017cana za witamin\u0119 m\u0142odo\u015bci \u2013 dzia\u0142a antyoksydacyjnie zapobiegaj\u0105c procesom starzenia si\u0119 sk\u00f3ry.<\/p>\n<p class=\"text-justify\"><strong>Active Ingredients:<\/strong><\/p>\n<ul class=\"text-justify\">\n<li class=\"text-justify\">Shea Butter<\/li>\n<li class=\"text-justify\">Sweet Almond Oil<\/li>\n<li class=\"text-justify\">Olej z pestek \u017curawiny<\/li>\n<li class=\"text-justify\">Argan Oil<\/li>\n<li class=\"text-justify\">Oleju jojoba<\/li>\n<li class=\"text-justify\">Oleju z kie\u0142k\u00f3w pszenicy<\/li>\n<li class=\"text-justify\">Vitamin E<\/li>\n<\/ul>","protected":false},"featured_media":4983,"template":"","meta":{"ocean_post_layout":"","ocean_both_sidebars_style":"","ocean_both_sidebars_content_width":0,"ocean_both_sidebars_sidebars_width":0,"ocean_sidebar":"0","ocean_second_sidebar":"0","ocean_disable_margins":"enable","ocean_add_body_class":"","ocean_shortcode_before_top_bar":"","ocean_shortcode_after_top_bar":"","ocean_shortcode_before_header":"","ocean_shortcode_after_header":"","ocean_has_shortcode":"","ocean_shortcode_after_title":"","ocean_shortcode_before_footer_widgets":"","ocean_shortcode_after_footer_widgets":"","ocean_shortcode_before_footer_bottom":"","ocean_shortcode_after_footer_bottom":"","ocean_display_top_bar":"default","ocean_display_header":"default","ocean_header_style":"","ocean_center_header_left_menu":"0","ocean_custom_header_template":"0","ocean_custom_logo":0,"ocean_custom_retina_logo":0,"ocean_custom_logo_max_width":0,"ocean_custom_logo_tablet_max_width":0,"ocean_custom_logo_mobile_max_width":0,"ocean_custom_logo_max_height":0,"ocean_custom_logo_tablet_max_height":0,"ocean_custom_logo_mobile_max_height":0,"ocean_header_custom_menu":"0","ocean_menu_typo_font_family":"0","ocean_menu_typo_font_subset":"","ocean_menu_typo_font_size":0,"ocean_menu_typo_font_size_tablet":0,"ocean_menu_typo_font_size_mobile":0,"ocean_menu_typo_font_size_unit":"px","ocean_menu_typo_font_weight":"","ocean_menu_typo_font_weight_tablet":"","ocean_menu_typo_font_weight_mobile":"","ocean_menu_typo_transform":"","ocean_menu_typo_transform_tablet":"","ocean_menu_typo_transform_mobile":"","ocean_menu_typo_line_height":0,"ocean_menu_typo_line_height_tablet":0,"ocean_menu_typo_line_height_mobile":0,"ocean_menu_typo_line_height_unit":"","ocean_menu_typo_spacing":0,"ocean_menu_typo_spacing_tablet":0,"ocean_menu_typo_spacing_mobile":0,"ocean_menu_typo_spacing_unit":"","ocean_menu_link_color":"","ocean_menu_link_color_hover":"","ocean_menu_link_color_active":"","ocean_menu_link_background":"","ocean_menu_link_hover_background":"","ocean_menu_link_active_background":"","ocean_menu_social_links_bg":"","ocean_menu_social_hover_links_bg":"","ocean_menu_social_links_color":"","ocean_menu_social_hover_links_color":"","ocean_disable_title":"default","ocean_disable_heading":"default","ocean_post_title":"","ocean_post_subheading":"","ocean_post_title_style":"","ocean_post_title_background_color":"","ocean_post_title_background":0,"ocean_post_title_bg_image_position":"","ocean_post_title_bg_image_attachment":"","ocean_post_title_bg_image_repeat":"","ocean_post_title_bg_image_size":"","ocean_post_title_height":0,"ocean_post_title_bg_overlay":0.5,"ocean_post_title_bg_overlay_color":"","ocean_disable_breadcrumbs":"default","ocean_breadcrumbs_color":"","ocean_breadcrumbs_separator_color":"","ocean_breadcrumbs_links_color":"","ocean_breadcrumbs_links_hover_color":"","ocean_display_footer_widgets":"default","ocean_display_footer_bottom":"default","ocean_custom_footer_template":"0"},"product_brand":[],"product_cat":[53,81],"product_tag":[],"class_list":{"0":"post-4982","1":"product","2":"type-product","3":"status-publish","4":"has-post-thumbnail","6":"product_cat-balsamy-musy-olejki-do-ciala","7":"product_cat-mokosh","9":"entry","10":"has-media","12":"first","13":"outofstock","14":"shipping-taxable","15":"purchasable","16":"product-type-simple","17":"has-product-nav","18":"col","19":"span_1_of_3","20":"owp-content-left","21":"owp-thumbs-layout-horizontal","22":"owp-btn-normal","23":"owp-tabs-layout-horizontal","24":"has-no-thumbnails"},"_links":{"self":[{"href":"https:\/\/ecocorner.eu\/en\/wp-json\/wp\/v2\/product\/4982","targetHints":{"allow":["GET"]}}],"collection":[{"href":"https:\/\/ecocorner.eu\/en\/wp-json\/wp\/v2\/product"}],"about":[{"href":"https:\/\/ecocorner.eu\/en\/wp-json\/wp\/v2\/types\/product"}],"version-history":[{"count":1,"href":"https:\/\/ecocorner.eu\/en\/wp-json\/wp\/v2\/product\/4982\/revisions"}],"predecessor-version":[{"id":4984,"href":"https:\/\/ecocorner.eu\/en\/wp-json\/wp\/v2\/product\/4982\/revisions\/4984"}],"wp:featuredmedia":[{"embeddable":true,"href":"https:\/\/ecocorner.eu\/en\/wp-json\/wp\/v2\/media\/4983"}],"wp:attachment":[{"href":"https:\/\/ecocorner.eu\/en\/wp-json\/wp\/v2\/media?parent=4982"}],"wp:term":[{"taxonomy":"product_brand","embeddable":true,"href":"https:\/\/ecocorner.eu\/en\/wp-json\/wp\/v2\/product_brand?post=4982"},{"taxonomy":"product_cat","embeddable":true,"href":"https:\/\/ecocorner.eu\/en\/wp-json\/wp\/v2\/product_cat?post=4982"},{"taxonomy":"product_tag","embeddable":true,"href":"https:\/\/ecocorner.eu\/en\/wp-json\/wp\/v2\/product_tag?post=4982"}],"curies":[{"name":"wp","href":"https:\/\/api.w.org\/{rel}","templated":true}]}}